{"id":198,"date":"2025-03-13T01:35:47","date_gmt":"2025-03-13T01:35:47","guid":{"rendered":"https:\/\/importadoracristinateran.com\/?page_id=198"},"modified":"2025-05-06T15:47:26","modified_gmt":"2025-05-06T15:47:26","slug":"conocenos","status":"publish","type":"page","link":"https:\/\/importadoracristinateran.com\/?page_id=198","title":{"rendered":"CON\u00d3CENOS"},"content":{"rendered":"\t\t<div data-elementor-type=\"wp-page\" data-elementor-id=\"198\" class=\"elementor elementor-198\">\n\t\t\t\t<div class=\"elementor-element elementor-element-dc6c644 e-con-full e-flex wpr-particle-no wpr-jarallax-no wpr-parallax-no wpr-sticky-section-no e-con e-parent\" data-id=\"dc6c644\" data-element_type=\"container\" data-settings=\"{&quot;background_background&quot;:&quot;classic&quot;}\">\n\t\t\t\t<div class=\"elementor-element elementor-element-002ce89 elementor-widget elementor-widget-heading\" data-id=\"002ce89\" data-element_type=\"widget\" data-widget_type=\"heading.default\">\n\t\t\t\t\t<h2 class=\"elementor-heading-title elementor-size-default\">CON\u00d3CENOS<\/h2>\t\t\t\t<\/div>\n\t\t\t\t<\/div>\n\t\t<div class=\"elementor-element elementor-element-8b04d8d e-con-full e-flex wpr-particle-no wpr-jarallax-no wpr-parallax-no wpr-sticky-section-no e-con e-parent\" data-id=\"8b04d8d\" data-element_type=\"container\" data-settings=\"{&quot;background_background&quot;:&quot;classic&quot;}\">\n\t\t\t\t<div class=\"elementor-element elementor-element-0f74c07 elementor-widget elementor-widget-image\" data-id=\"0f74c07\" data-element_type=\"widget\" data-widget_type=\"image.default\">\n\t\t\t\t\t\t\t\t\t\t\t\t\t\t\t<img fetchpriority=\"high\" decoding=\"async\" width=\"1024\" height=\"320\" src=\"https:\/\/importadoracristinateran.com\/wp-content\/uploads\/2025\/03\/conocenos-1024x320.png\" class=\"attachment-large size-large wp-image-291\" alt=\"\" srcset=\"https:\/\/importadoracristinateran.com\/wp-content\/uploads\/2025\/03\/conocenos-1024x320.png 1024w, https:\/\/importadoracristinateran.com\/wp-content\/uploads\/2025\/03\/conocenos-300x94.png 300w, https:\/\/importadoracristinateran.com\/wp-content\/uploads\/2025\/03\/conocenos-768x240.png 768w, https:\/\/importadoracristinateran.com\/wp-content\/uploads\/2025\/03\/conocenos-1536x480.png 1536w, https:\/\/importadoracristinateran.com\/wp-content\/uploads\/2025\/03\/conocenos-600x188.png 600w, https:\/\/importadoracristinateran.com\/wp-content\/uploads\/2025\/03\/conocenos-64x20.png 64w, https:\/\/importadoracristinateran.com\/wp-content\/uploads\/2025\/03\/conocenos.png 1920w\" sizes=\"(max-width: 1024px) 100vw, 1024px\" \/>\t\t\t\t\t\t\t\t\t\t\t\t\t\t\t<\/div>\n\t\t\t\t<\/div>\n\t\t<div class=\"elementor-element elementor-element-1d01393 e-flex e-con-boxed wpr-particle-no wpr-jarallax-no wpr-parallax-no wpr-sticky-section-no e-con e-parent\" data-id=\"1d01393\" data-element_type=\"container\">\n\t\t\t\t\t<div class=\"e-con-inner\">\n\t\t\t\t<div class=\"elementor-element elementor-element-2ce09df elementor-widget elementor-widget-n-accordion\" data-id=\"2ce09df\" data-element_type=\"widget\" data-settings=\"{&quot;default_state&quot;:&quot;expanded&quot;,&quot;max_items_expended&quot;:&quot;one&quot;,&quot;n_accordion_animation_duration&quot;:{&quot;unit&quot;:&quot;ms&quot;,&quot;size&quot;:400,&quot;sizes&quot;:[]}}\" data-widget_type=\"nested-accordion.default\">\n\t\t\t\t\t\t\t<div class=\"e-n-accordion\" aria-label=\"Accordion. Open links with Enter or Space, close with Escape, and navigate with Arrow Keys\">\n\t\t\t\t\t\t<details id=\"e-n-accordion-item-4700\" class=\"e-n-accordion-item\" open>\n\t\t\t\t<summary class=\"e-n-accordion-item-title\" data-accordion-index=\"1\" tabindex=\"0\" aria-expanded=\"true\" aria-controls=\"e-n-accordion-item-4700\" >\n\t\t\t\t\t<span class='e-n-accordion-item-title-header'><div class=\"e-n-accordion-item-title-text\"> Misi\u00f3n <\/div><\/span>\n\t\t\t\t\t\t\t<span class='e-n-accordion-item-title-icon'>\n\t\t\t<span class='e-opened' ><svg aria-hidden=\"true\" class=\"e-font-icon-svg e-fas-minus\" viewBox=\"0 0 448 512\" xmlns=\"http:\/\/www.w3.org\/2000\/svg\"><path d=\"M416 208H32c-17.67 0-32 14.33-32 32v32c0 17.67 14.33 32 32 32h384c17.67 0 32-14.33 32-32v-32c0-17.67-14.33-32-32-32z\"><\/path><\/svg><\/span>\n\t\t\t<span class='e-closed'><svg aria-hidden=\"true\" class=\"e-font-icon-svg e-fas-plus\" viewBox=\"0 0 448 512\" xmlns=\"http:\/\/www.w3.org\/2000\/svg\"><path d=\"M416 208H272V64c0-17.67-14.33-32-32-32h-32c-17.67 0-32 14.33-32 32v144H32c-17.67 0-32 14.33-32 32v32c0 17.67 14.33 32 32 32h144v144c0 17.67 14.33 32 32 32h32c17.67 0 32-14.33 32-32V304h144c17.67 0 32-14.33 32-32v-32c0-17.67-14.33-32-32-32z\"><\/path><\/svg><\/span>\n\t\t<\/span>\n\n\t\t\t\t\t\t<\/summary>\n\t\t\t\t<div role=\"region\" aria-labelledby=\"e-n-accordion-item-4700\" class=\"elementor-element elementor-element-ee78599 e-con-full e-flex wpr-particle-no wpr-jarallax-no wpr-parallax-no wpr-sticky-section-no e-con e-child\" data-id=\"ee78599\" data-element_type=\"container\">\n\t\t\t\t<div class=\"elementor-element elementor-element-0c41b7f elementor-position-top elementor-widget elementor-widget-image-box\" data-id=\"0c41b7f\" data-element_type=\"widget\" data-widget_type=\"image-box.default\">\n\t\t\t\t\t<div class=\"elementor-image-box-wrapper\"><figure class=\"elementor-image-box-img\"><img decoding=\"async\" width=\"1080\" height=\"1080\" src=\"https:\/\/importadoracristinateran.com\/wp-content\/uploads\/2025\/03\/24.png\" class=\"attachment-full size-full wp-image-241\" alt=\"\" srcset=\"https:\/\/importadoracristinateran.com\/wp-content\/uploads\/2025\/03\/24.png 1080w, https:\/\/importadoracristinateran.com\/wp-content\/uploads\/2025\/03\/24-300x300.png 300w, https:\/\/importadoracristinateran.com\/wp-content\/uploads\/2025\/03\/24-1024x1024.png 1024w, https:\/\/importadoracristinateran.com\/wp-content\/uploads\/2025\/03\/24-150x150.png 150w, https:\/\/importadoracristinateran.com\/wp-content\/uploads\/2025\/03\/24-768x768.png 768w, https:\/\/importadoracristinateran.com\/wp-content\/uploads\/2025\/03\/24-600x600.png 600w, https:\/\/importadoracristinateran.com\/wp-content\/uploads\/2025\/03\/24-100x100.png 100w, https:\/\/importadoracristinateran.com\/wp-content\/uploads\/2025\/03\/24-64x64.png 64w\" sizes=\"(max-width: 1080px) 100vw, 1080px\" \/><\/figure><div class=\"elementor-image-box-content\"><h3 class=\"elementor-image-box-title\">Misi\u00f3n<\/h3><p class=\"elementor-image-box-description\">Somos una empresa distribuidora de los laboratorios m\u00e1s\nreconocidos de productos farmaceuticos de uso veterinario a nivel\nnacional, que cuenta con un equipo altamente calificado que sirve\ncon honestidad, compromiso y pasi\u00f3n en su trabajo para dar a sus\nclientes servicio de alta calidad apoyando al m\u00e9dico veterinario a\nbrindar salud y bienestar a los animales de compania.<\/p><\/div><\/div>\t\t\t\t<\/div>\n\t\t\t\t<\/div>\n\t\t\t\t\t<\/details>\n\t\t\t\t\t\t<details id=\"e-n-accordion-item-4701\" class=\"e-n-accordion-item\" >\n\t\t\t\t<summary class=\"e-n-accordion-item-title\" data-accordion-index=\"2\" tabindex=\"-1\" aria-expanded=\"false\" aria-controls=\"e-n-accordion-item-4701\" >\n\t\t\t\t\t<span class='e-n-accordion-item-title-header'><div class=\"e-n-accordion-item-title-text\"> Visi\u00f3n <\/div><\/span>\n\t\t\t\t\t\t\t<span class='e-n-accordion-item-title-icon'>\n\t\t\t<span class='e-opened' ><svg aria-hidden=\"true\" class=\"e-font-icon-svg e-fas-minus\" viewBox=\"0 0 448 512\" xmlns=\"http:\/\/www.w3.org\/2000\/svg\"><path d=\"M416 208H32c-17.67 0-32 14.33-32 32v32c0 17.67 14.33 32 32 32h384c17.67 0 32-14.33 32-32v-32c0-17.67-14.33-32-32-32z\"><\/path><\/svg><\/span>\n\t\t\t<span class='e-closed'><svg aria-hidden=\"true\" class=\"e-font-icon-svg e-fas-plus\" viewBox=\"0 0 448 512\" xmlns=\"http:\/\/www.w3.org\/2000\/svg\"><path d=\"M416 208H272V64c0-17.67-14.33-32-32-32h-32c-17.67 0-32 14.33-32 32v144H32c-17.67 0-32 14.33-32 32v32c0 17.67 14.33 32 32 32h144v144c0 17.67 14.33 32 32 32h32c17.67 0 32-14.33 32-32V304h144c17.67 0 32-14.33 32-32v-32c0-17.67-14.33-32-32-32z\"><\/path><\/svg><\/span>\n\t\t<\/span>\n\n\t\t\t\t\t\t<\/summary>\n\t\t\t\t<div role=\"region\" aria-labelledby=\"e-n-accordion-item-4701\" class=\"elementor-element elementor-element-fc97107 e-con-full e-flex wpr-particle-no wpr-jarallax-no wpr-parallax-no wpr-sticky-section-no e-con e-child\" data-id=\"fc97107\" data-element_type=\"container\">\n\t\t\t\t<div class=\"elementor-element elementor-element-072b833 elementor-position-top elementor-widget elementor-widget-image-box\" data-id=\"072b833\" data-element_type=\"widget\" data-widget_type=\"image-box.default\">\n\t\t\t\t\t<div class=\"elementor-image-box-wrapper\"><figure class=\"elementor-image-box-img\"><img decoding=\"async\" width=\"1080\" height=\"1080\" src=\"https:\/\/importadoracristinateran.com\/wp-content\/uploads\/2025\/03\/23-1.png\" class=\"attachment-full size-full wp-image-242\" alt=\"\" srcset=\"https:\/\/importadoracristinateran.com\/wp-content\/uploads\/2025\/03\/23-1.png 1080w, https:\/\/importadoracristinateran.com\/wp-content\/uploads\/2025\/03\/23-1-300x300.png 300w, https:\/\/importadoracristinateran.com\/wp-content\/uploads\/2025\/03\/23-1-1024x1024.png 1024w, https:\/\/importadoracristinateran.com\/wp-content\/uploads\/2025\/03\/23-1-150x150.png 150w, https:\/\/importadoracristinateran.com\/wp-content\/uploads\/2025\/03\/23-1-768x768.png 768w, https:\/\/importadoracristinateran.com\/wp-content\/uploads\/2025\/03\/23-1-600x600.png 600w, https:\/\/importadoracristinateran.com\/wp-content\/uploads\/2025\/03\/23-1-100x100.png 100w, https:\/\/importadoracristinateran.com\/wp-content\/uploads\/2025\/03\/23-1-64x64.png 64w\" sizes=\"(max-width: 1080px) 100vw, 1080px\" \/><\/figure><div class=\"elementor-image-box-content\"><h3 class=\"elementor-image-box-title\">Visi\u00f3n<\/h3><p class=\"elementor-image-box-description\">Ser reconocidos en el 2027 como la distribuidora l\u00edder de productos veterinarios a nivel nacional, proyect\u00e1ndonos a importar directamente nuestros productos.<\/p><\/div><\/div>\t\t\t\t<\/div>\n\t\t\t\t<\/div>\n\t\t\t\t\t<\/details>\n\t\t\t\t\t\t<details id=\"e-n-accordion-item-4702\" class=\"e-n-accordion-item\" >\n\t\t\t\t<summary class=\"e-n-accordion-item-title\" data-accordion-index=\"3\" tabindex=\"-1\" aria-expanded=\"false\" aria-controls=\"e-n-accordion-item-4702\" >\n\t\t\t\t\t<span class='e-n-accordion-item-title-header'><div class=\"e-n-accordion-item-title-text\"> Valores <\/div><\/span>\n\t\t\t\t\t\t\t<span class='e-n-accordion-item-title-icon'>\n\t\t\t<span class='e-opened' ><svg aria-hidden=\"true\" class=\"e-font-icon-svg e-fas-minus\" viewBox=\"0 0 448 512\" xmlns=\"http:\/\/www.w3.org\/2000\/svg\"><path d=\"M416 208H32c-17.67 0-32 14.33-32 32v32c0 17.67 14.33 32 32 32h384c17.67 0 32-14.33 32-32v-32c0-17.67-14.33-32-32-32z\"><\/path><\/svg><\/span>\n\t\t\t<span class='e-closed'><svg aria-hidden=\"true\" class=\"e-font-icon-svg e-fas-plus\" viewBox=\"0 0 448 512\" xmlns=\"http:\/\/www.w3.org\/2000\/svg\"><path d=\"M416 208H272V64c0-17.67-14.33-32-32-32h-32c-17.67 0-32 14.33-32 32v144H32c-17.67 0-32 14.33-32 32v32c0 17.67 14.33 32 32 32h144v144c0 17.67 14.33 32 32 32h32c17.67 0 32-14.33 32-32V304h144c17.67 0 32-14.33 32-32v-32c0-17.67-14.33-32-32-32z\"><\/path><\/svg><\/span>\n\t\t<\/span>\n\n\t\t\t\t\t\t<\/summary>\n\t\t\t\t<div role=\"region\" aria-labelledby=\"e-n-accordion-item-4702\" class=\"elementor-element elementor-element-5c4a329 e-con-full e-flex wpr-particle-no wpr-jarallax-no wpr-parallax-no wpr-sticky-section-no e-con e-child\" data-id=\"5c4a329\" data-element_type=\"container\">\n\t\t\t\t<div class=\"elementor-element elementor-element-255f578 elementor-position-top elementor-widget elementor-widget-image-box\" data-id=\"255f578\" data-element_type=\"widget\" data-widget_type=\"image-box.default\">\n\t\t\t\t\t<div class=\"elementor-image-box-wrapper\"><figure class=\"elementor-image-box-img\"><img loading=\"lazy\" decoding=\"async\" width=\"1920\" height=\"600\" src=\"https:\/\/importadoracristinateran.com\/wp-content\/uploads\/2025\/03\/Tienda-4.png\" class=\"attachment-full size-full wp-image-266\" alt=\"\" srcset=\"https:\/\/importadoracristinateran.com\/wp-content\/uploads\/2025\/03\/Tienda-4.png 1920w, https:\/\/importadoracristinateran.com\/wp-content\/uploads\/2025\/03\/Tienda-4-300x94.png 300w, https:\/\/importadoracristinateran.com\/wp-content\/uploads\/2025\/03\/Tienda-4-1024x320.png 1024w, https:\/\/importadoracristinateran.com\/wp-content\/uploads\/2025\/03\/Tienda-4-768x240.png 768w, https:\/\/importadoracristinateran.com\/wp-content\/uploads\/2025\/03\/Tienda-4-1536x480.png 1536w, https:\/\/importadoracristinateran.com\/wp-content\/uploads\/2025\/03\/Tienda-4-600x188.png 600w, https:\/\/importadoracristinateran.com\/wp-content\/uploads\/2025\/03\/Tienda-4-64x20.png 64w\" sizes=\"(max-width: 1920px) 100vw, 1920px\" \/><\/figure><div class=\"elementor-image-box-content\"><h3 class=\"elementor-image-box-title\">Valores<\/h3><\/div><\/div>\t\t\t\t<\/div>\n\t\t\t\t<div class=\"elementor-element elementor-element-3e665fc elementor-widget elementor-widget-text-editor\" data-id=\"3e665fc\" data-element_type=\"widget\" data-widget_type=\"text-editor.default\">\n\t\t\t\t\t\t\t\t\t<p>Pasi\u00f3n<\/p><p>Amor<\/p><p>Servicio al cliente<\/p><p>Honestidad<\/p><p>Trabajo en equipo<\/p><p>Responsabilidad<\/p>\t\t\t\t\t\t\t\t<\/div>\n\t\t\t\t<\/div>\n\t\t\t\t\t<\/details>\n\t\t\t\t\t<\/div>\n\t\t\t\t\t\t<\/div>\n\t\t\t\t\t<\/div>\n\t\t\t\t<\/div>\n\t\t<div class=\"elementor-element elementor-element-885abf4 e-flex e-con-boxed wpr-particle-no wpr-jarallax-no wpr-parallax-no wpr-sticky-section-no e-con e-parent\" data-id=\"885abf4\" data-element_type=\"container\">\n\t\t\t\t\t<div class=\"e-con-inner\">\n\t\t\t\t<div class=\"elementor-element elementor-element-30ebef6 elementor-widget elementor-widget-heading\" data-id=\"30ebef6\" data-element_type=\"widget\" data-widget_type=\"heading.default\">\n\t\t\t\t\t<h2 class=\"elementor-heading-title elementor-size-default\">Breve rese\u00f1a hist\u00f3rica<\/h2>\t\t\t\t<\/div>\n\t\t\t\t\t<\/div>\n\t\t\t\t<\/div>\n\t\t<div class=\"elementor-element elementor-element-f9e3eae e-flex e-con-boxed wpr-particle-no wpr-jarallax-no wpr-parallax-no wpr-sticky-section-no e-con e-parent\" data-id=\"f9e3eae\" data-element_type=\"container\">\n\t\t\t\t\t<div class=\"e-con-inner\">\n\t\t<div class=\"elementor-element elementor-element-1ba4e2b e-con-full e-flex wpr-particle-no wpr-jarallax-no wpr-parallax-no wpr-sticky-section-no e-con e-child\" data-id=\"1ba4e2b\" data-element_type=\"container\">\n\t\t\t\t<div class=\"elementor-element elementor-element-4c556ec elementor-widget__width-initial elementor-widget elementor-widget-image\" data-id=\"4c556ec\" data-element_type=\"widget\" data-widget_type=\"image.default\">\n\t\t\t\t\t\t\t\t\t\t\t\t\t\t\t<img loading=\"lazy\" decoding=\"async\" width=\"1024\" height=\"1024\" src=\"https:\/\/importadoracristinateran.com\/wp-content\/uploads\/2025\/04\/cristina3-1024x1024.png\" class=\"attachment-large size-large wp-image-1040\" alt=\"\" srcset=\"https:\/\/importadoracristinateran.com\/wp-content\/uploads\/2025\/04\/cristina3-1024x1024.png 1024w, https:\/\/importadoracristinateran.com\/wp-content\/uploads\/2025\/04\/cristina3-300x300.png 300w, https:\/\/importadoracristinateran.com\/wp-content\/uploads\/2025\/04\/cristina3-150x150.png 150w, https:\/\/importadoracristinateran.com\/wp-content\/uploads\/2025\/04\/cristina3-768x768.png 768w, https:\/\/importadoracristinateran.com\/wp-content\/uploads\/2025\/04\/cristina3-600x600.png 600w, https:\/\/importadoracristinateran.com\/wp-content\/uploads\/2025\/04\/cristina3-100x100.png 100w, https:\/\/importadoracristinateran.com\/wp-content\/uploads\/2025\/04\/cristina3-64x64.png 64w, https:\/\/importadoracristinateran.com\/wp-content\/uploads\/2025\/04\/cristina3.png 1080w\" sizes=\"(max-width: 1024px) 100vw, 1024px\" \/>\t\t\t\t\t\t\t\t\t\t\t\t\t\t\t<\/div>\n\t\t\t\t<\/div>\n\t\t<div class=\"elementor-element elementor-element-bd17fab e-con-full e-flex wpr-particle-no wpr-jarallax-no wpr-parallax-no wpr-sticky-section-no e-con e-child\" data-id=\"bd17fab\" data-element_type=\"container\">\n\t\t\t\t<div class=\"elementor-element elementor-element-b9a7e86 elementor-invisible elementor-widget elementor-widget-text-editor\" data-id=\"b9a7e86\" data-element_type=\"widget\" data-settings=\"{&quot;_animation&quot;:&quot;fadeInDown&quot;}\" data-widget_type=\"text-editor.default\">\n\t\t\t\t\t\t\t\t\t<p>Hola, soy Cristina Ter\u00e1n , Dra en medicina veterinaria. Hace 24 a\u00f1os , comenc\u00e9 mi trayectoria en Ecuaquimica, donde di mis primeros pasos en ventas. Posteriormente, tuve la oportunidad de unirme al extraordinario equipo de una de las transanacionales m\u00e1s grandes del mundo, Laboratorios Pfizer . All\u00ed trabaj\u00e9 como representante de ventas durante 8 a\u00f1os y luego asum\u00ed el cargo de Gerente Nacional de Animales de Compa\u00f1\u00eda por 2 a\u00f1os . Durante todo este tiempo, descubr\u00ed mi verdadera vocaci\u00f3n y pasi\u00f3n, las ventas. En 2013 , decid\u00ed que era el momento de trabajar por mis sue\u00f1os y form\u00e9 mi propia empresa que se llam\u00f3 Animal Help Company en un inici\u00f3. Hoy en d\u00eda, la conocen como Importadora Cris Ter\u00e1n .<\/p>\t\t\t\t\t\t\t\t<\/div>\n\t\t\t\t<\/div>\n\t\t<div class=\"elementor-element elementor-element-a7e2320 e-con-full e-flex wpr-particle-no wpr-jarallax-no wpr-parallax-no wpr-sticky-section-no e-con e-child\" data-id=\"a7e2320\" data-element_type=\"container\">\n\t\t\t\t<div class=\"elementor-element elementor-element-656c500 elementor-invisible elementor-widget elementor-widget-text-editor\" data-id=\"656c500\" data-element_type=\"widget\" data-settings=\"{&quot;_animation&quot;:&quot;fadeInRight&quot;}\" data-widget_type=\"text-editor.default\">\n\t\t\t\t\t\t\t\t\t<h5><strong>Filosof\u00eda de vida<\/strong><\/h5>\n<p>Mis principios fundamentales son los siguientes:<br>\u2022 El que no vive para servir, no sirve para vivir.<br>\u2022 Cada quien da lo que tiene en su coraz\u00f3n.<br>\u2022 Cuando lo haces con amor, todo sale perfecto.<br>\u2022 Si Dios conmigo, nadie contra m\u00ed.<br>Basada en esta filosof\u00eda, me siento orgullosa de ser quienes somos hoy en d\u00eda.<br>En Importadora Cris Ter\u00e1n , ofrecemos una gama completa de productos veterinarios para su ejercicio profesional, y estamos deseosos de poder servirles.<br>Ustedes, nuestros clientes, son nuestra raz\u00f3n de ser y de existir. Quiero agradecerles por estar aqu\u00ed, por confiar en su humilde servidora, por su aprecio.<br>Un agradecimiento tambi\u00e9n a mi excelente y comprometido equipo de trabajo, que es el pilar fundamental de esta empresa.&nbsp;Para mi equipo y para mi es un verdadero privilegio poder servirles, somos apasionados por lo que hacemos, por lo cual estoy 24\/7 para ustedes.<\/p><p>Gracias por su confianza.&nbsp;<span style=\"font-style: inherit; font-weight: inherit;\">Un fuerte abrazo y muchas&nbsp;bendiciones.<\/span><\/p>\t\t\t\t\t\t\t\t<\/div>\n\t\t\t\t<\/div>\n\t\t\t\t\t<\/div>\n\t\t\t\t<\/div>\n\t\t\t\t<\/div>\n\t\t","protected":false},"excerpt":{"rendered":"<p>CON\u00d3CENOS Misi\u00f3n Misi\u00f3n Somos una empresa distribuidora de los laboratorios m\u00e1s reconocidos de productos farmaceuticos de uso veterinario a nivel nacional, que cuenta con un equipo altamente calificado que sirve con honestidad, compromiso y pasi\u00f3n en su trabajo para dar a sus clientes servicio de alta calidad apoyando al m\u00e9dico veterinario a brindar salud y bienestar a los animales de compania. Visi\u00f3n Visi\u00f3n Ser reconocidos en el 2027 como la distribuidora l\u00edder de productos veterinarios a nivel nacional, proyect\u00e1ndonos a importar directamente nuestros productos. Valores Valores Pasi\u00f3n Amor Servicio al cliente Honestidad Trabajo en equipo Responsabilidad Misi\u00f3n Somos una empresa distribuidora de los laboratorios m\u00e1s reconocidos de productos farmaceuticos de uso veterinario a nivel nacional, que cuenta con un equipo altamente calificado que sirve con honestidad, compromiso y pasi\u00f3n en su trabajo para dar a sus clientes servicio de alta calidad apoyando al m\u00e9dico veterinario a brindar salud y bienestar a los animales de compania. Visi\u00f3n Ser reconocidos en el 2027 como la distribuidora l\u00edder de productos veterinarios a nivel nacional, proyect\u00e1ndonos a importar directamente nuestros productos. Valores Pasi\u00f3n Amor Servicio al cliente Honestidad Trabajo en equipo Responsabilidad Breve rese\u00f1a hist\u00f3rica Hola, soy Cristina Ter\u00e1n , Dra en medicina veterinaria. Hace 24 a\u00f1os , comenc\u00e9 mi trayectoria en Ecuaquimica, donde di mis primeros pasos en ventas. Posteriormente, tuve la oportunidad de unirme al extraordinario equipo de una de las transanacionales m\u00e1s grandes del mundo, Laboratorios Pfizer . All\u00ed trabaj\u00e9 como representante de ventas durante 8 a\u00f1os y luego asum\u00ed el cargo de Gerente Nacional de Animales de Compa\u00f1\u00eda por 2 a\u00f1os . Durante todo este tiempo, descubr\u00ed mi verdadera vocaci\u00f3n y pasi\u00f3n, las ventas. En 2013 , decid\u00ed que era el momento de trabajar por mis sue\u00f1os y form\u00e9 mi propia empresa que se llam\u00f3 Animal Help Company en un inici\u00f3. Hoy en d\u00eda, la conocen como Importadora Cris Ter\u00e1n . Filosof\u00eda de vida Mis principios fundamentales son los siguientes:\u2022 El que no vive para servir, no sirve para vivir.\u2022 Cada quien da lo que tiene en su coraz\u00f3n.\u2022 Cuando lo haces con amor, todo sale perfecto.\u2022 Si Dios conmigo, nadie contra m\u00ed.Basada en esta filosof\u00eda, me siento orgullosa de ser quienes somos hoy en d\u00eda.En Importadora Cris Ter\u00e1n , ofrecemos una gama completa de productos veterinarios para su ejercicio profesional, y estamos deseosos de poder servirles.Ustedes, nuestros clientes, son nuestra raz\u00f3n de ser y de existir. Quiero agradecerles por estar aqu\u00ed, por confiar en su humilde servidora, por su aprecio.Un agradecimiento tambi\u00e9n a mi excelente y comprometido equipo de trabajo, que es el pilar fundamental de esta empresa.&nbsp;Para mi equipo y para mi es un verdadero privilegio poder servirles, somos apasionados por lo que hacemos, por lo cual estoy 24\/7 para ustedes. Gracias por su confianza.&nbsp;Un fuerte abrazo y muchas&nbsp;bendiciones.<\/p>\n","protected":false},"author":1,"featured_media":0,"parent":0,"menu_order":0,"comment_status":"closed","ping_status":"closed","template":"","meta":{"_uag_custom_page_level_css":"","site-sidebar-layout":"no-sidebar","site-content-layout":"","ast-site-content-layout":"full-width-container","site-content-style":"default","site-sidebar-style":"default","ast-global-header-display":"","ast-banner-title-visibility":"","ast-main-header-display":"","ast-hfb-above-header-display":"","ast-hfb-below-header-display":"","ast-hfb-mobile-header-display":"","site-post-title":"disabled","ast-breadcrumbs-content":"","ast-featured-img":"disabled","footer-sml-layout":"","theme-transparent-header-meta":"","adv-header-id-meta":"","stick-header-meta":"","header-above-stick-meta":"","header-main-stick-meta":"","header-below-stick-meta":"","astra-migrate-meta-layouts":"default","ast-page-background-enabled":"default","ast-page-background-meta":{"desktop":{"background-color":"var(--ast-global-color-5)","background-image":"","background-repeat":"repeat","background-position":"center center","background-size":"auto","background-attachment":"scroll","background-type":"","background-media":"","overlay-type":"","overlay-color":"","overlay-opacity":"","overlay-gradient":""},"tablet":{"background-color":"","background-image":"","background-repeat":"repeat","background-position":"center center","background-size":"auto","background-attachment":"scroll","background-type":"","background-media":"","overlay-type":"","overlay-color":"","overlay-opacity":"","overlay-gradient":""},"mobile":{"background-color":"","background-image":"","background-repeat":"repeat","background-position":"center center","background-size":"auto","background-attachment":"scroll","background-type":"","background-media":"","overlay-type":"","overlay-color":"","overlay-opacity":"","overlay-gradient":""}},"ast-content-background-meta":{"desktop":{"background-color":"var(--ast-global-color-4)","background-image":"","background-repeat":"repeat","background-position":"center center","background-size":"auto","background-attachment":"scroll","background-type":"","background-media":"","overlay-type":"","overlay-color":"","overlay-opacity":"","overlay-gradient":""},"tablet":{"background-color":"var(--ast-global-color-4)","background-image":"","background-repeat":"repeat","background-position":"center center","background-size":"auto","background-attachment":"scroll","background-type":"","background-media":"","overlay-type":"","overlay-color":"","overlay-opacity":"","overlay-gradient":""},"mobile":{"background-color":"var(--ast-global-color-4)","background-image":"","background-repeat":"repeat","background-position":"center center","background-size":"auto","background-attachment":"scroll","background-type":"","background-media":"","overlay-type":"","overlay-color":"","overlay-opacity":"","overlay-gradient":""}},"_joinchat":[],"footnotes":""},"class_list":["post-198","page","type-page","status-publish","hentry"],"aioseo_notices":[],"uagb_featured_image_src":{"full":false,"thumbnail":false,"medium":false,"medium_large":false,"large":false,"1536x1536":false,"2048x2048":false,"woocommerce_thumbnail":false,"woocommerce_single":false,"woocommerce_gallery_thumbnail":false,"dgwt-wcas-product-suggestion":false},"uagb_author_info":{"display_name":"mcris.import@gmail.com","author_link":"https:\/\/importadoracristinateran.com\/?author=1"},"uagb_comment_info":0,"uagb_excerpt":"CON\u00d3CENOS Misi\u00f3n Misi\u00f3n Somos una empresa distribuidora de los laboratorios m\u00e1s reconocidos de productos farmaceuticos de uso veterinario a nivel nacional, que cuenta con un equipo altamente calificado que sirve con honestidad, compromiso y pasi\u00f3n en su trabajo para dar a sus clientes servicio de alta calidad apoyando al m\u00e9dico veterinario a brindar salud y&hellip;","_links":{"self":[{"href":"https:\/\/importadoracristinateran.com\/index.php?rest_route=\/wp\/v2\/pages\/198","targetHints":{"allow":["GET"]}}],"collection":[{"href":"https:\/\/importadoracristinateran.com\/index.php?rest_route=\/wp\/v2\/pages"}],"about":[{"href":"https:\/\/importadoracristinateran.com\/index.php?rest_route=\/wp\/v2\/types\/page"}],"author":[{"embeddable":true,"href":"https:\/\/importadoracristinateran.com\/index.php?rest_route=\/wp\/v2\/users\/1"}],"replies":[{"embeddable":true,"href":"https:\/\/importadoracristinateran.com\/index.php?rest_route=%2Fwp%2Fv2%2Fcomments&post=198"}],"version-history":[{"count":77,"href":"https:\/\/importadoracristinateran.com\/index.php?rest_route=\/wp\/v2\/pages\/198\/revisions"}],"predecessor-version":[{"id":1432,"href":"https:\/\/importadoracristinateran.com\/index.php?rest_route=\/wp\/v2\/pages\/198\/revisions\/1432"}],"wp:attachment":[{"href":"https:\/\/importadoracristinateran.com\/index.php?rest_route=%2Fwp%2Fv2%2Fmedia&parent=198"}],"curies":[{"name":"wp","href":"https:\/\/api.w.org\/{rel}","templated":true}]}}