{"id":262,"date":"2025-03-13T21:53:02","date_gmt":"2025-03-13T21:53:02","guid":{"rendered":"https:\/\/importadoracristinateran.com\/?page_id=262"},"modified":"2025-05-06T15:49:37","modified_gmt":"2025-05-06T15:49:37","slug":"asesores-comerciales","status":"publish","type":"page","link":"https:\/\/importadoracristinateran.com\/?page_id=262","title":{"rendered":"ASESORES COMERCIALES"},"content":{"rendered":"\t\t<div data-elementor-type=\"wp-page\" data-elementor-id=\"262\" class=\"elementor elementor-262\">\n\t\t\t\t<div class=\"elementor-element elementor-element-7112791 e-con-full e-flex wpr-particle-no wpr-jarallax-no wpr-parallax-no wpr-sticky-section-no e-con e-parent\" data-id=\"7112791\" data-element_type=\"container\" data-settings=\"{&quot;background_background&quot;:&quot;classic&quot;}\">\n\t\t\t\t<div class=\"elementor-element elementor-element-842015c elementor-widget elementor-widget-heading\" data-id=\"842015c\" data-element_type=\"widget\" data-widget_type=\"heading.default\">\n\t\t\t\t\t<h1 class=\"elementor-heading-title elementor-size-default\">Asesores Comerciales<\/h1>\t\t\t\t<\/div>\n\t\t\t\t<\/div>\n\t\t<div class=\"elementor-element elementor-element-9af1181 e-con-full e-flex wpr-particle-no wpr-jarallax-no wpr-parallax-no wpr-sticky-section-no e-con e-parent\" data-id=\"9af1181\" data-element_type=\"container\">\n\t\t<div class=\"elementor-element elementor-element-0a74de0 e-con-full e-flex wpr-particle-no wpr-jarallax-no wpr-parallax-no wpr-sticky-section-no e-con e-child\" data-id=\"0a74de0\" data-element_type=\"container\">\n\t\t\t\t<div class=\"elementor-element elementor-element-0b53815 elementor-widget elementor-widget-image\" data-id=\"0b53815\" data-element_type=\"widget\" data-widget_type=\"image.default\">\n\t\t\t\t\t\t\t\t\t\t\t\t\t\t\t<img fetchpriority=\"high\" decoding=\"async\" width=\"1024\" height=\"1024\" src=\"https:\/\/importadoracristinateran.com\/wp-content\/uploads\/2025\/03\/27-1024x1024.png\" class=\"attachment-large size-large wp-image-264\" alt=\"\" srcset=\"https:\/\/importadoracristinateran.com\/wp-content\/uploads\/2025\/03\/27-1024x1024.png 1024w, https:\/\/importadoracristinateran.com\/wp-content\/uploads\/2025\/03\/27-300x300.png 300w, https:\/\/importadoracristinateran.com\/wp-content\/uploads\/2025\/03\/27-150x150.png 150w, https:\/\/importadoracristinateran.com\/wp-content\/uploads\/2025\/03\/27-768x768.png 768w, https:\/\/importadoracristinateran.com\/wp-content\/uploads\/2025\/03\/27-600x600.png 600w, https:\/\/importadoracristinateran.com\/wp-content\/uploads\/2025\/03\/27-100x100.png 100w, https:\/\/importadoracristinateran.com\/wp-content\/uploads\/2025\/03\/27-64x64.png 64w, https:\/\/importadoracristinateran.com\/wp-content\/uploads\/2025\/03\/27.png 1080w\" sizes=\"(max-width: 1024px) 100vw, 1024px\" \/>\t\t\t\t\t\t\t\t\t\t\t\t\t\t\t<\/div>\n\t\t\t\t<div class=\"elementor-element elementor-element-5857b51 elementor-widget elementor-widget-heading\" data-id=\"5857b51\" data-element_type=\"widget\" data-widget_type=\"heading.default\">\n\t\t\t\t\t<h2 class=\"elementor-heading-title elementor-size-default\">Dr. Marvyn Cuadrado Sierra<\/h2>\t\t\t\t<\/div>\n\t\t\t\t<div class=\"elementor-element elementor-element-b535f07 elementor-align-center elementor-widget elementor-widget-button\" data-id=\"b535f07\" data-element_type=\"widget\" data-widget_type=\"button.default\">\n\t\t\t\t\t\t\t\t\t\t<a class=\"elementor-button elementor-button-link elementor-size-sm\" href=\"https:\/\/wa.link\/mktlun\" target=\"_blank\">\n\t\t\t\t\t\t<span class=\"elementor-button-content-wrapper\">\n\t\t\t\t\t\t\t\t\t<span class=\"elementor-button-text\">Cont\u00e1ctame<\/span>\n\t\t\t\t\t<\/span>\n\t\t\t\t\t<\/a>\n\t\t\t\t\t\t\t\t<\/div>\n\t\t\t\t<div class=\"elementor-element elementor-element-46d217a elementor-widget elementor-widget-heading\" data-id=\"46d217a\" data-element_type=\"widget\" data-widget_type=\"heading.default\">\n\t\t\t\t\t<h2 class=\"elementor-heading-title elementor-size-default\">Cobertura<\/h2>\t\t\t\t<\/div>\n\t\t\t\t<div class=\"elementor-element elementor-element-df865e5 elementor-widget__width-inherit elementor-widget elementor-widget-google_maps\" data-id=\"df865e5\" data-element_type=\"widget\" data-widget_type=\"google_maps.default\">\n\t\t\t\t\t\t\t<div class=\"elementor-custom-embed\">\n\t\t\t<iframe loading=\"lazy\"\n\t\t\t\t\tsrc=\"https:\/\/maps.google.com\/maps?q=Ambato%2C%20Riobamba%2C%20Bolivar%2C%20Cotopaxi&#038;t=m&#038;z=11&#038;output=embed&#038;iwloc=near\"\n\t\t\t\t\ttitle=\"Ambato, Riobamba, Bolivar, Cotopaxi\"\n\t\t\t\t\taria-label=\"Ambato, Riobamba, Bolivar, Cotopaxi\"\n\t\t\t><\/iframe>\n\t\t<\/div>\n\t\t\t\t\t\t<\/div>\n\t\t\t\t<div class=\"elementor-element elementor-element-b8ee4f2 elementor-widget elementor-widget-text-editor\" data-id=\"b8ee4f2\" data-element_type=\"widget\" data-widget_type=\"text-editor.default\">\n\t\t\t\t\t\t\t\t\t<p>Cobertura: Cotopaxi, Ambato, Tungurahua, Chimborazo, Puyo, Tena y Bol\u00edvar.<\/p>\t\t\t\t\t\t\t\t<\/div>\n\t\t\t\t<\/div>\n\t\t<div class=\"elementor-element elementor-element-c835ecb e-con-full e-flex wpr-particle-no wpr-jarallax-no wpr-parallax-no wpr-sticky-section-no e-con e-child\" data-id=\"c835ecb\" data-element_type=\"container\">\n\t\t\t\t<div class=\"elementor-element elementor-element-2f799f2 elementor-widget elementor-widget-image\" data-id=\"2f799f2\" data-element_type=\"widget\" data-widget_type=\"image.default\">\n\t\t\t\t\t\t\t\t\t\t\t\t\t\t\t<img decoding=\"async\" width=\"1024\" height=\"1024\" src=\"https:\/\/importadoracristinateran.com\/wp-content\/uploads\/2025\/03\/perfilji-1024x1024.png\" class=\"attachment-large size-large wp-image-407\" alt=\"\" srcset=\"https:\/\/importadoracristinateran.com\/wp-content\/uploads\/2025\/03\/perfilji-1024x1024.png 1024w, https:\/\/importadoracristinateran.com\/wp-content\/uploads\/2025\/03\/perfilji-300x300.png 300w, https:\/\/importadoracristinateran.com\/wp-content\/uploads\/2025\/03\/perfilji-150x150.png 150w, https:\/\/importadoracristinateran.com\/wp-content\/uploads\/2025\/03\/perfilji-768x768.png 768w, https:\/\/importadoracristinateran.com\/wp-content\/uploads\/2025\/03\/perfilji-600x600.png 600w, https:\/\/importadoracristinateran.com\/wp-content\/uploads\/2025\/03\/perfilji-100x100.png 100w, https:\/\/importadoracristinateran.com\/wp-content\/uploads\/2025\/03\/perfilji-64x64.png 64w, https:\/\/importadoracristinateran.com\/wp-content\/uploads\/2025\/03\/perfilji.png 1080w\" sizes=\"(max-width: 1024px) 100vw, 1024px\" \/>\t\t\t\t\t\t\t\t\t\t\t\t\t\t\t<\/div>\n\t\t\t\t<div class=\"elementor-element elementor-element-2b7923b elementor-widget elementor-widget-heading\" data-id=\"2b7923b\" data-element_type=\"widget\" data-widget_type=\"heading.default\">\n\t\t\t\t\t<h2 class=\"elementor-heading-title elementor-size-default\">Ing. Mar\u00eda Jos\u00e9 Morales<\/h2>\t\t\t\t<\/div>\n\t\t\t\t<div class=\"elementor-element elementor-element-4878777 elementor-align-center elementor-widget elementor-widget-button\" data-id=\"4878777\" data-element_type=\"widget\" data-widget_type=\"button.default\">\n\t\t\t\t\t\t\t\t\t\t<a class=\"elementor-button elementor-button-link elementor-size-sm\" href=\"https:\/\/wa.link\/6f8eig\" target=\"_blank\">\n\t\t\t\t\t\t<span class=\"elementor-button-content-wrapper\">\n\t\t\t\t\t\t\t\t\t<span class=\"elementor-button-text\">Cont\u00e1ctame<\/span>\n\t\t\t\t\t<\/span>\n\t\t\t\t\t<\/a>\n\t\t\t\t\t\t\t\t<\/div>\n\t\t\t\t<div class=\"elementor-element elementor-element-5eb39ba elementor-widget elementor-widget-heading\" data-id=\"5eb39ba\" data-element_type=\"widget\" data-widget_type=\"heading.default\">\n\t\t\t\t\t<h2 class=\"elementor-heading-title elementor-size-default\">Cobertura<\/h2>\t\t\t\t<\/div>\n\t\t<div class=\"elementor-element elementor-element-07a0bcd e-grid e-con-full wpr-particle-no wpr-jarallax-no wpr-parallax-no wpr-sticky-section-no e-con e-child\" data-id=\"07a0bcd\" data-element_type=\"container\">\n\t\t\t\t<div class=\"elementor-element elementor-element-e265a1a elementor-widget elementor-widget-google_maps\" data-id=\"e265a1a\" data-element_type=\"widget\" data-widget_type=\"google_maps.default\">\n\t\t\t\t\t\t\t<div class=\"elementor-custom-embed\">\n\t\t\t<iframe loading=\"lazy\"\n\t\t\t\t\tsrc=\"https:\/\/maps.google.com\/maps?q=Valles%20de%20los%20Chillos%2C%20Guayllabamba%2C%20valle%20de%20tumbaco%2C%20Puembo&#038;t=m&#038;z=10&#038;output=embed&#038;iwloc=near\"\n\t\t\t\t\ttitle=\"Valles de los Chillos, Guayllabamba, valle de tumbaco, Puembo\"\n\t\t\t\t\taria-label=\"Valles de los Chillos, Guayllabamba, valle de tumbaco, Puembo\"\n\t\t\t><\/iframe>\n\t\t<\/div>\n\t\t\t\t\t\t<\/div>\n\t\t\t\t<div class=\"elementor-element elementor-element-816a64d elementor-widget elementor-widget-google_maps\" data-id=\"816a64d\" data-element_type=\"widget\" data-widget_type=\"google_maps.default\">\n\t\t\t\t\t\t\t<div class=\"elementor-custom-embed\">\n\t\t\t<iframe loading=\"lazy\"\n\t\t\t\t\tsrc=\"https:\/\/maps.google.com\/maps?q=Ibarra&#038;t=m&#038;z=11&#038;output=embed&#038;iwloc=near\"\n\t\t\t\t\ttitle=\"Ibarra\"\n\t\t\t\t\taria-label=\"Ibarra\"\n\t\t\t><\/iframe>\n\t\t<\/div>\n\t\t\t\t\t\t<\/div>\n\t\t\t\t<\/div>\n\t\t\t\t<div class=\"elementor-element elementor-element-e52ec88 elementor-widget elementor-widget-text-editor\" data-id=\"e52ec88\" data-element_type=\"widget\" data-widget_type=\"text-editor.default\">\n\t\t\t\t\t\t\t\t\t<p>Cobertura: Valle de Los Chillos hasta Ibarra; adicional Guayllabamba<\/p>\t\t\t\t\t\t\t\t<\/div>\n\t\t\t\t<\/div>\n\t\t\t\t<\/div>\n\t\t<div class=\"elementor-element elementor-element-ad7ac0d e-flex e-con-boxed wpr-particle-no wpr-jarallax-no wpr-parallax-no wpr-sticky-section-no e-con e-parent\" data-id=\"ad7ac0d\" data-element_type=\"container\">\n\t\t\t\t\t<div class=\"e-con-inner\">\n\t\t<div class=\"elementor-element elementor-element-7d58ec7 e-con-full e-flex wpr-particle-no wpr-jarallax-no wpr-parallax-no wpr-sticky-section-no e-con e-child\" data-id=\"7d58ec7\" data-element_type=\"container\">\n\t\t\t\t<div class=\"elementor-element elementor-element-e006acf elementor-widget elementor-widget-image\" data-id=\"e006acf\" data-element_type=\"widget\" data-widget_type=\"image.default\">\n\t\t\t\t\t\t\t\t\t\t\t\t\t\t\t<img decoding=\"async\" width=\"1024\" height=\"1024\" src=\"https:\/\/importadoracristinateran.com\/wp-content\/uploads\/2025\/03\/asesor3-1024x1024.png\" class=\"attachment-large size-large wp-image-320\" alt=\"\" srcset=\"https:\/\/importadoracristinateran.com\/wp-content\/uploads\/2025\/03\/asesor3-1024x1024.png 1024w, https:\/\/importadoracristinateran.com\/wp-content\/uploads\/2025\/03\/asesor3-300x300.png 300w, https:\/\/importadoracristinateran.com\/wp-content\/uploads\/2025\/03\/asesor3-150x150.png 150w, https:\/\/importadoracristinateran.com\/wp-content\/uploads\/2025\/03\/asesor3-768x768.png 768w, https:\/\/importadoracristinateran.com\/wp-content\/uploads\/2025\/03\/asesor3-600x600.png 600w, https:\/\/importadoracristinateran.com\/wp-content\/uploads\/2025\/03\/asesor3-100x100.png 100w, https:\/\/importadoracristinateran.com\/wp-content\/uploads\/2025\/03\/asesor3-64x64.png 64w, https:\/\/importadoracristinateran.com\/wp-content\/uploads\/2025\/03\/asesor3.png 1080w\" sizes=\"(max-width: 1024px) 100vw, 1024px\" \/>\t\t\t\t\t\t\t\t\t\t\t\t\t\t\t<\/div>\n\t\t\t\t<div class=\"elementor-element elementor-element-bd779cc elementor-widget elementor-widget-heading\" data-id=\"bd779cc\" data-element_type=\"widget\" data-widget_type=\"heading.default\">\n\t\t\t\t\t<h2 class=\"elementor-heading-title elementor-size-default\">Dr. Dario Hern\u00e1ndez<\/h2>\t\t\t\t<\/div>\n\t\t\t\t<div class=\"elementor-element elementor-element-5da2a76 elementor-align-center elementor-widget elementor-widget-button\" data-id=\"5da2a76\" data-element_type=\"widget\" data-widget_type=\"button.default\">\n\t\t\t\t\t\t\t\t\t\t<a class=\"elementor-button elementor-button-link elementor-size-sm\" href=\"https:\/\/wa.link\/a3fbk1\" target=\"_blank\">\n\t\t\t\t\t\t<span class=\"elementor-button-content-wrapper\">\n\t\t\t\t\t\t\t\t\t<span class=\"elementor-button-text\">Cont\u00e1ctame<\/span>\n\t\t\t\t\t<\/span>\n\t\t\t\t\t<\/a>\n\t\t\t\t\t\t\t\t<\/div>\n\t\t\t\t<div class=\"elementor-element elementor-element-313b58a elementor-widget elementor-widget-heading\" data-id=\"313b58a\" data-element_type=\"widget\" data-widget_type=\"heading.default\">\n\t\t\t\t\t<h2 class=\"elementor-heading-title elementor-size-default\">Cobertura<\/h2>\t\t\t\t<\/div>\n\t\t\t\t<div class=\"elementor-element elementor-element-c26ec03 elementor-widget elementor-widget-google_maps\" data-id=\"c26ec03\" data-element_type=\"widget\" data-widget_type=\"google_maps.default\">\n\t\t\t\t\t\t\t<div class=\"elementor-custom-embed\">\n\t\t\t<iframe loading=\"lazy\"\n\t\t\t\t\tsrc=\"https:\/\/maps.google.com\/maps?q=Av.%20Patria%20y%20Carapungo&#038;t=m&#038;z=10&#038;output=embed&#038;iwloc=near\"\n\t\t\t\t\ttitle=\"Av. Patria y Carapungo\"\n\t\t\t\t\taria-label=\"Av. Patria y Carapungo\"\n\t\t\t><\/iframe>\n\t\t<\/div>\n\t\t\t\t\t\t<\/div>\n\t\t\t\t<div class=\"elementor-element elementor-element-35e80b9 elementor-widget elementor-widget-text-editor\" data-id=\"35e80b9\" data-element_type=\"widget\" data-widget_type=\"text-editor.default\">\n\t\t\t\t\t\t\t\t\t<p>Zona norte de Quito desde la&nbsp; Av. Patria hasta Carapungo<\/p>\t\t\t\t\t\t\t\t<\/div>\n\t\t\t\t<\/div>\n\t\t<div class=\"elementor-element elementor-element-54e3910 e-con-full e-flex wpr-particle-no wpr-jarallax-no wpr-parallax-no wpr-sticky-section-no e-con e-child\" data-id=\"54e3910\" data-element_type=\"container\">\n\t\t\t\t<div class=\"elementor-element elementor-element-ea64ab8 elementor-widget elementor-widget-image\" data-id=\"ea64ab8\" data-element_type=\"widget\" data-widget_type=\"image.default\">\n\t\t\t\t\t\t\t\t\t\t\t\t\t\t\t<img loading=\"lazy\" decoding=\"async\" width=\"1024\" height=\"1024\" src=\"https:\/\/importadoracristinateran.com\/wp-content\/uploads\/2025\/03\/gordo-1024x1024.png\" class=\"attachment-large size-large wp-image-327\" alt=\"\" srcset=\"https:\/\/importadoracristinateran.com\/wp-content\/uploads\/2025\/03\/gordo-1024x1024.png 1024w, https:\/\/importadoracristinateran.com\/wp-content\/uploads\/2025\/03\/gordo-300x300.png 300w, https:\/\/importadoracristinateran.com\/wp-content\/uploads\/2025\/03\/gordo-150x150.png 150w, https:\/\/importadoracristinateran.com\/wp-content\/uploads\/2025\/03\/gordo-768x768.png 768w, https:\/\/importadoracristinateran.com\/wp-content\/uploads\/2025\/03\/gordo-600x600.png 600w, https:\/\/importadoracristinateran.com\/wp-content\/uploads\/2025\/03\/gordo-100x100.png 100w, https:\/\/importadoracristinateran.com\/wp-content\/uploads\/2025\/03\/gordo-64x64.png 64w, https:\/\/importadoracristinateran.com\/wp-content\/uploads\/2025\/03\/gordo.png 1080w\" sizes=\"(max-width: 1024px) 100vw, 1024px\" \/>\t\t\t\t\t\t\t\t\t\t\t\t\t\t\t<\/div>\n\t\t\t\t<div class=\"elementor-element elementor-element-7212498 elementor-widget elementor-widget-heading\" data-id=\"7212498\" data-element_type=\"widget\" data-widget_type=\"heading.default\">\n\t\t\t\t\t<h2 class=\"elementor-heading-title elementor-size-default\">Ing. Marco O\u00f1a<\/h2>\t\t\t\t<\/div>\n\t\t\t\t<div class=\"elementor-element elementor-element-a9f2bde elementor-align-center elementor-widget elementor-widget-button\" data-id=\"a9f2bde\" data-element_type=\"widget\" data-widget_type=\"button.default\">\n\t\t\t\t\t\t\t\t\t\t<a class=\"elementor-button elementor-button-link elementor-size-sm\" href=\"https:\/\/wa.link\/kuvd7j\" target=\"_blank\">\n\t\t\t\t\t\t<span class=\"elementor-button-content-wrapper\">\n\t\t\t\t\t\t\t\t\t<span class=\"elementor-button-text\">Cont\u00e1ctame<\/span>\n\t\t\t\t\t<\/span>\n\t\t\t\t\t<\/a>\n\t\t\t\t\t\t\t\t<\/div>\n\t\t\t\t<div class=\"elementor-element elementor-element-06fe172 elementor-widget elementor-widget-heading\" data-id=\"06fe172\" data-element_type=\"widget\" data-widget_type=\"heading.default\">\n\t\t\t\t\t<h2 class=\"elementor-heading-title elementor-size-default\">Cobertura<\/h2>\t\t\t\t<\/div>\n\t\t\t\t<div class=\"elementor-element elementor-element-9dcc1cc elementor-widget elementor-widget-google_maps\" data-id=\"9dcc1cc\" data-element_type=\"widget\" data-widget_type=\"google_maps.default\">\n\t\t\t\t\t\t\t<div class=\"elementor-custom-embed\">\n\t\t\t<iframe loading=\"lazy\"\n\t\t\t\t\tsrc=\"https:\/\/maps.google.com\/maps?q=Avenida%20Patria%2C%20Machachi&#038;t=m&#038;z=10&#038;output=embed&#038;iwloc=near\"\n\t\t\t\t\ttitle=\"Avenida Patria, Machachi\"\n\t\t\t\t\taria-label=\"Avenida Patria, Machachi\"\n\t\t\t><\/iframe>\n\t\t<\/div>\n\t\t\t\t\t\t<\/div>\n\t\t\t\t<div class=\"elementor-element elementor-element-0769490 elementor-widget elementor-widget-text-editor\" data-id=\"0769490\" data-element_type=\"widget\" data-widget_type=\"text-editor.default\">\n\t\t\t\t\t\t\t\t\t<p>Zona sur de Quito desde la Av. Patria hasta Machachi.<\/p>\t\t\t\t\t\t\t\t<\/div>\n\t\t\t\t<\/div>\n\t\t\t\t\t<\/div>\n\t\t\t\t<\/div>\n\t\t\t\t<\/div>\n\t\t","protected":false},"excerpt":{"rendered":"<p>Asesores Comerciales Dr. Marvyn Cuadrado Sierra Cont\u00e1ctame Cobertura Cobertura: Cotopaxi, Ambato, Tungurahua, Chimborazo, Puyo, Tena y Bol\u00edvar. Ing. Mar\u00eda Jos\u00e9 Morales Cont\u00e1ctame Cobertura Cobertura: Valle de Los Chillos hasta Ibarra; adicional Guayllabamba Dr. Dario Hern\u00e1ndez Cont\u00e1ctame Cobertura Zona norte de Quito desde la&nbsp; Av. Patria hasta Carapungo Ing. Marco O\u00f1a Cont\u00e1ctame Cobertura Zona sur de Quito desde la Av. Patria hasta Machachi.<\/p>\n","protected":false},"author":1,"featured_media":0,"parent":0,"menu_order":0,"comment_status":"closed","ping_status":"closed","template":"","meta":{"_uag_custom_page_level_css":"","site-sidebar-layout":"no-sidebar","site-content-layout":"","ast-site-content-layout":"full-width-container","site-content-style":"default","site-sidebar-style":"default","ast-global-header-display":"","ast-banner-title-visibility":"","ast-main-header-display":"","ast-hfb-above-header-display":"","ast-hfb-below-header-display":"","ast-hfb-mobile-header-display":"","site-post-title":"disabled","ast-breadcrumbs-content":"","ast-featured-img":"disabled","footer-sml-layout":"","theme-transparent-header-meta":"","adv-header-id-meta":"","stick-header-meta":"","header-above-stick-meta":"","header-main-stick-meta":"","header-below-stick-meta":"","astra-migrate-meta-layouts":"default","ast-page-background-enabled":"default","ast-page-background-meta":{"desktop":{"background-color":"var(--ast-global-color-5)","background-image":"","background-repeat":"repeat","background-position":"center center","background-size":"auto","background-attachment":"scroll","background-type":"","background-media":"","overlay-type":"","overlay-color":"","overlay-opacity":"","overlay-gradient":""},"tablet":{"background-color":"","background-image":"","background-repeat":"repeat","background-position":"center center","background-size":"auto","background-attachment":"scroll","background-type":"","background-media":"","overlay-type":"","overlay-color":"","overlay-opacity":"","overlay-gradient":""},"mobile":{"background-color":"","background-image":"","background-repeat":"repeat","background-position":"center center","background-size":"auto","background-attachment":"scroll","background-type":"","background-media":"","overlay-type":"","overlay-color":"","overlay-opacity":"","overlay-gradient":""}},"ast-content-background-meta":{"desktop":{"background-color":"var(--ast-global-color-4)","background-image":"","background-repeat":"repeat","background-position":"center center","background-size":"auto","background-attachment":"scroll","background-type":"","background-media":"","overlay-type":"","overlay-color":"","overlay-opacity":"","overlay-gradient":""},"tablet":{"background-color":"var(--ast-global-color-4)","background-image":"","background-repeat":"repeat","background-position":"center center","background-size":"auto","background-attachment":"scroll","background-type":"","background-media":"","overlay-type":"","overlay-color":"","overlay-opacity":"","overlay-gradient":""},"mobile":{"background-color":"var(--ast-global-color-4)","background-image":"","background-repeat":"repeat","background-position":"center center","background-size":"auto","background-attachment":"scroll","background-type":"","background-media":"","overlay-type":"","overlay-color":"","overlay-opacity":"","overlay-gradient":""}},"_joinchat":[],"footnotes":""},"class_list":["post-262","page","type-page","status-publish","hentry"],"aioseo_notices":[],"uagb_featured_image_src":{"full":false,"thumbnail":false,"medium":false,"medium_large":false,"large":false,"1536x1536":false,"2048x2048":false,"woocommerce_thumbnail":false,"woocommerce_single":false,"woocommerce_gallery_thumbnail":false,"dgwt-wcas-product-suggestion":false},"uagb_author_info":{"display_name":"mcris.import@gmail.com","author_link":"https:\/\/importadoracristinateran.com\/?author=1"},"uagb_comment_info":0,"uagb_excerpt":"Asesores Comerciales Dr. Marvyn Cuadrado Sierra Cont\u00e1ctame Cobertura Cobertura: Cotopaxi, Ambato, Tungurahua, Chimborazo, Puyo, Tena y Bol\u00edvar. Ing. Mar\u00eda Jos\u00e9 Morales Cont\u00e1ctame Cobertura Cobertura: Valle de Los Chillos hasta Ibarra; adicional Guayllabamba Dr. Dario Hern\u00e1ndez Cont\u00e1ctame Cobertura Zona norte de Quito desde la&nbsp; Av. Patria hasta Carapungo Ing. Marco O\u00f1a Cont\u00e1ctame Cobertura Zona sur de&hellip;","_links":{"self":[{"href":"https:\/\/importadoracristinateran.com\/index.php?rest_route=\/wp\/v2\/pages\/262","targetHints":{"allow":["GET"]}}],"collection":[{"href":"https:\/\/importadoracristinateran.com\/index.php?rest_route=\/wp\/v2\/pages"}],"about":[{"href":"https:\/\/importadoracristinateran.com\/index.php?rest_route=\/wp\/v2\/types\/page"}],"author":[{"embeddable":true,"href":"https:\/\/importadoracristinateran.com\/index.php?rest_route=\/wp\/v2\/users\/1"}],"replies":[{"embeddable":true,"href":"https:\/\/importadoracristinateran.com\/index.php?rest_route=%2Fwp%2Fv2%2Fcomments&post=262"}],"version-history":[{"count":77,"href":"https:\/\/importadoracristinateran.com\/index.php?rest_route=\/wp\/v2\/pages\/262\/revisions"}],"predecessor-version":[{"id":1435,"href":"https:\/\/importadoracristinateran.com\/index.php?rest_route=\/wp\/v2\/pages\/262\/revisions\/1435"}],"wp:attachment":[{"href":"https:\/\/importadoracristinateran.com\/index.php?rest_route=%2Fwp%2Fv2%2Fmedia&parent=262"}],"curies":[{"name":"wp","href":"https:\/\/api.w.org\/{rel}","templated":true}]}}