{"id":1005,"date":"2025-04-14T20:32:15","date_gmt":"2025-04-14T20:32:15","guid":{"rendered":"https:\/\/importadoracristinateran.com\/?post_type=product&#038;p=1005"},"modified":"2025-05-10T00:09:15","modified_gmt":"2025-05-10T00:09:15","slug":"ciprovet-gotas-5ml","status":"publish","type":"product","link":"https:\/\/importadoracristinateran.com\/?product=ciprovet-gotas-5ml","title":{"rendered":"Ciprovet Gotas 5ml"},"content":{"rendered":"<h4 style=\"box-sizing: border-box; font-family: 'Open Sans', sans-serif; line-height: 1.1; margin-top: 10px; margin-bottom: 10px; font-size: 18px; text-transform: uppercase; font-style: normal;\">Descripsion<\/h4>\n<p style=\"box-sizing: border-box; margin-bottom: 10px; line-height: 1.5em; color: #676767; font-family: 'Open Sans', sans-serif; font-size: 14px; font-style: normal; font-weight: 400;\"><span style=\"box-sizing: border-box; font-weight: bold;\">Ciprovet gotas oft\u00e1micas 5 mL<\/span><\/p>\n<p style=\"box-sizing: border-box; margin-bottom: 10px; line-height: 1.5em; color: #676767; font-family: 'Open Sans', sans-serif; font-size: 14px; font-style: normal; font-weight: 400;\"><span style=\"box-sizing: border-box; font-weight: bold;\">Informaci\u00f3n para el m\u00e9dico veterinario zootecnista<\/span><\/p>\n<p style=\"box-sizing: border-box; margin-bottom: 10px; line-height: 1.5em; color: #676767; font-family: 'Open Sans', sans-serif; font-size: 14px; font-style: normal; font-weight: 400;\"><span style=\"box-sizing: border-box;\">Ciprovet, colirio con antibi\u00f3tico de amplio espectro y margen terap\u00e9utico.<\/span><\/p>\n<h3 style=\"box-sizing: border-box; font-family: 'Open Sans', sans-serif; line-height: 1.1; margin-top: 15px; margin-bottom: 15px; font-size: 22px; text-transform: uppercase; font-style: normal;\">F\u00d3RMULA:<\/h3>\n<table class=\"table\" style=\"box-sizing: border-box; border-collapse: collapse; max-width: 100%; width: 700px; border-right: 1px solid #ffffff; border-bottom: 1px solid #ffffff; border-top-style: solid; border-left-style: solid; border-top-color: #ffffff; border-left-color: #ffffff; border-image: initial; margin-bottom: 20px; color: #676767; font-family: 'Open Sans', sans-serif; font-size: 14px; font-style: normal; font-weight: 400;\">\n<caption style=\"box-sizing: border-box;\">Cada 1 ml de producto contiene:<\/caption>\n<tbody style=\"box-sizing: border-box;\">\n<tr style=\"box-sizing: border-box;\">\n<td style=\"box-sizing: border-box; padding: 8px; text-align: center; border-top: 1px solid #ffffff; border-right-style: solid; border-right-color: #ffffff; line-height: 1.42857; vertical-align: top;\">Condroit\u00edn Sulfato<\/td>\n<td class=\"align-right\" style=\"box-sizing: border-box; padding: 8px; text-align: center; border-top: 1px solid #ffffff; border-right-style: solid; border-right-color: #ffffff; line-height: 1.42857; vertical-align: top;\">200,0 mg<\/td>\n<\/tr>\n<tr style=\"box-sizing: border-box;\">\n<td style=\"box-sizing: border-box; padding: 8px; text-align: center; border-top: 1px solid #ffffff; border-right-style: solid; border-right-color: #ffffff; line-height: 1.42857; vertical-align: top;\">Ciprofloxacina Clorhidrato<\/td>\n<td class=\"align-right\" style=\"box-sizing: border-box; padding: 8px; text-align: center; border-top: 1px solid #ffffff; border-right-style: solid; border-right-color: #ffffff; line-height: 1.42857; vertical-align: top;\">3,0 mg<\/td>\n<\/tr>\n<tr style=\"box-sizing: border-box;\">\n<td style=\"box-sizing: border-box; padding: 8px; text-align: center; border-top: 1px solid #ffffff; border-right-style: solid; border-right-color: #ffffff; line-height: 1.42857; vertical-align: top;\">Excipientes c.s.p.<\/td>\n<td class=\"align-right\" style=\"box-sizing: border-box; padding: 8px; text-align: center; border-top: 1px solid #ffffff; border-right-style: solid; border-right-color: #ffffff; line-height: 1.42857; vertical-align: top;\">1 ml<\/td>\n<\/tr>\n<\/tbody>\n<\/table>\n<p style=\"box-sizing: border-box; margin-bottom: 10px; line-height: 1.5em; color: #676767; font-family: 'Open Sans', sans-serif; font-size: 14px; font-style: normal; font-weight: 400;\"><span style=\"box-sizing: border-box;\">Contiene Ciprofloxacina en una base de Condroit\u00edn Sulfato al 20%. La Ciprofloxacina, pertenece al grupo de las fluoroquinolonas y se destaca por su acci\u00f3n sobre n\u00fameros grupos bacterianos. El Condritin Sulfato estimula y organiza la reparaci\u00f3n corneal, mejora la cicatrizaci\u00f3n y conserva en la superficie su humectaci\u00f3n natural y transparencia. La mayor frecuencia de \u00falceras superficiales y patolog\u00eda oculares en segmento anterior, justifica la elecci\u00f3n de este colirio. Ciprovet logra excelente concentraci\u00f3n y m\u00e1xima permanencia antibi\u00f3tica a dicho nivel, promueve la r\u00e1pida cicatrizaci\u00f3n y evita complicaciones.<\/span><\/p>\n<h3 style=\"box-sizing: border-box; font-family: 'Open Sans', sans-serif; line-height: 1.1; margin-top: 15px; margin-bottom: 15px; font-size: 22px; text-transform: uppercase; font-style: normal;\">INDICACIONES:<\/h3>\n<ul style=\"box-sizing: border-box; margin-bottom: 10px; color: #676767; font-family: 'Open Sans', sans-serif; font-size: 14px; font-style: normal; font-weight: 400;\">\n<li style=\"box-sizing: border-box; padding-top: 4px; padding-bottom: 3px; list-style-position: inside;\">Conjuntivitis bacteriana, d\u00e9ficit de l\u00e1grimas, queratitis seca contaminada y \u00falceras de c\u00f3rnea, provocadas por microorganismos susceptibles, lesiones y\/o infecciones en c\u00e1mara anterior.<\/li>\n<li style=\"box-sizing: border-box; padding-top: 4px; padding-bottom: 3px; list-style-position: inside;\">Est\u00e1 especialmente indicado frente a infecciones causadas por Pseudomona aeruginosa, bacteria responsable de la mayor parte de los procesos ulcerativos de la c\u00f3rnea o de sus complicaciones.<\/li>\n<\/ul>\n<h3 style=\"box-sizing: border-box; font-family: 'Open Sans', sans-serif; line-height: 1.1; margin-top: 15px; margin-bottom: 15px; font-size: 22px; text-transform: uppercase; font-style: normal;\">DOSIS Y V\u00cdAS DE ADMINISTRACI\u00d3N:<\/h3>\n<p style=\"box-sizing: border-box; margin-bottom: 10px; line-height: 1.5em; color: #676767; font-family: 'Open Sans', sans-serif; font-size: 14px; font-style: normal; font-weight: 400;\"><span style=\"box-sizing: border-box;\">Instilar una gota de Ciprovet en el ojo afectado cada 24 hs En caso de \u00falceras de c\u00f3rnea, puede ser utilizado cada 6-8 hs al inicio el tratamiento o de acuerdo al criterio del M\u00e9dico Veterinario.<\/span><\/p>\n<p style=\"box-sizing: border-box; margin-bottom: 10px; line-height: 1.5em; color: #676767; font-family: 'Open Sans', sans-serif; font-size: 14px; font-style: normal; font-weight: 400;\"><span style=\"box-sizing: border-box;\"><span style=\"box-sizing: border-box; font-weight: bold;\">Uso en<\/span>\u00a0: Perros y Gatos.<\/span><\/p>\n","protected":false},"excerpt":{"rendered":"<p><strong>Acci\u00f3n<\/strong>: Ciprovet, colirio con antibi\u00f3tico de amplio espectro y margen terap\u00e9utico, contiene Ciprofloxacina en una base de Condroit\u00edn Sulfato al 20%. La Ciprofloxacina pertenece al grupo de las fluoroquinolonas y se destaca por su acci\u00f3n sobre numerosos grupos bacterianos.<\/p>\n","protected":false},"featured_media":1006,"comment_status":"open","ping_status":"closed","template":"","meta":{"_uag_custom_page_level_css":"","site-sidebar-layout":"default","site-content-layout":"","ast-site-content-layout":"default","site-content-style":"default","site-sidebar-style":"default","ast-global-header-display":"","ast-banner-title-visibility":"","ast-main-header-display":"","ast-hfb-above-header-display":"","ast-hfb-below-header-display":"","ast-hfb-mobile-header-display":"","site-post-title":"","ast-breadcrumbs-content":"","ast-featured-img":"","footer-sml-layout":"","theme-transparent-header-meta":"default","adv-header-id-meta":"","stick-header-meta":"","header-above-stick-meta":"","header-main-stick-meta":"","header-below-stick-meta":"","astra-migrate-meta-layouts":"set","ast-page-background-enabled":"default","ast-page-background-meta":{"desktop":{"background-color":"var(--ast-global-color-5)","background-image":"","background-repeat":"repeat","background-position":"center center","background-size":"auto","background-attachment":"scroll","background-type":"","background-media":"","overlay-type":"","overlay-color":"","overlay-opacity":"","overlay-gradient":""},"tablet":{"background-color":"","background-image":"","background-repeat":"repeat","background-position":"center center","background-size":"auto","background-attachment":"scroll","background-type":"","background-media":"","overlay-type":"","overlay-color":"","overlay-opacity":"","overlay-gradient":""},"mobile":{"background-color":"","background-image":"","background-repeat":"repeat","background-position":"center center","background-size":"auto","background-attachment":"scroll","background-type":"","background-media":"","overlay-type":"","overlay-color":"","overlay-opacity":"","overlay-gradient":""}},"ast-content-background-meta":{"desktop":{"background-color":"var(--ast-global-color-4)","background-image":"","background-repeat":"repeat","background-position":"center center","background-size":"auto","background-attachment":"scroll","background-type":"","background-media":"","overlay-type":"","overlay-color":"","overlay-opacity":"","overlay-gradient":""},"tablet":{"background-color":"var(--ast-global-color-4)","background-image":"","background-repeat":"repeat","background-position":"center center","background-size":"auto","background-attachment":"scroll","background-type":"","background-media":"","overlay-type":"","overlay-color":"","overlay-opacity":"","overlay-gradient":""},"mobile":{"background-color":"var(--ast-global-color-4)","background-image":"","background-repeat":"repeat","background-position":"center center","background-size":"auto","background-attachment":"scroll","background-type":"","background-media":"","overlay-type":"","overlay-color":"","overlay-opacity":"","overlay-gradient":""}},"_joinchat":[]},"product_brand":[],"product_cat":[90],"product_tag":[101],"class_list":{"0":"post-1005","1":"product","2":"type-product","3":"status-publish","4":"has-post-thumbnail","6":"product_cat-lab-labyes","7":"product_tag-gotas","8":"desktop-align-left","9":"tablet-align-left","10":"mobile-align-left","12":"first","13":"instock","14":"shipping-taxable","15":"product-type-external"},"aioseo_notices":[],"uagb_featured_image_src":{"full":["https:\/\/importadoracristinateran.com\/wp-content\/uploads\/2025\/04\/ciprovet.jpg",1080,1080,false],"thumbnail":["https:\/\/importadoracristinateran.com\/wp-content\/uploads\/2025\/04\/ciprovet-150x150.jpg",150,150,true],"medium":["https:\/\/importadoracristinateran.com\/wp-content\/uploads\/2025\/04\/ciprovet-300x300.jpg",300,300,true],"medium_large":["https:\/\/importadoracristinateran.com\/wp-content\/uploads\/2025\/04\/ciprovet-768x768.jpg",768,768,true],"large":["https:\/\/importadoracristinateran.com\/wp-content\/uploads\/2025\/04\/ciprovet-1024x1024.jpg",1024,1024,true],"1536x1536":["https:\/\/importadoracristinateran.com\/wp-content\/uploads\/2025\/04\/ciprovet.jpg",1080,1080,false],"2048x2048":["https:\/\/importadoracristinateran.com\/wp-content\/uploads\/2025\/04\/ciprovet.jpg",1080,1080,false],"woocommerce_thumbnail":["https:\/\/importadoracristinateran.com\/wp-content\/uploads\/2025\/04\/ciprovet-300x300.jpg",300,300,true],"woocommerce_single":["https:\/\/importadoracristinateran.com\/wp-content\/uploads\/2025\/04\/ciprovet-600x600.jpg",600,600,true],"woocommerce_gallery_thumbnail":["https:\/\/importadoracristinateran.com\/wp-content\/uploads\/2025\/04\/ciprovet-100x100.jpg",100,100,true],"dgwt-wcas-product-suggestion":["https:\/\/importadoracristinateran.com\/wp-content\/uploads\/2025\/04\/ciprovet-64x64.jpg",64,64,true]},"uagb_author_info":{"display_name":"mcris.import@gmail.com","author_link":"https:\/\/importadoracristinateran.com\/?author=0"},"uagb_comment_info":0,"uagb_excerpt":"Acci\u00f3n: Ciprovet, colirio con antibi\u00f3tico de amplio espectro y margen terap\u00e9utico, contiene Ciprofloxacina en una base de Condroit\u00edn Sulfato al 20%. La Ciprofloxacina pertenece al grupo de las fluoroquinolonas y se destaca por su acci\u00f3n sobre numerosos grupos bacterianos.","_links":{"self":[{"href":"https:\/\/importadoracristinateran.com\/index.php?rest_route=\/wp\/v2\/product\/1005","targetHints":{"allow":["GET"]}}],"collection":[{"href":"https:\/\/importadoracristinateran.com\/index.php?rest_route=\/wp\/v2\/product"}],"about":[{"href":"https:\/\/importadoracristinateran.com\/index.php?rest_route=\/wp\/v2\/types\/product"}],"replies":[{"embeddable":true,"href":"https:\/\/importadoracristinateran.com\/index.php?rest_route=%2Fwp%2Fv2%2Fcomments&post=1005"}],"wp:featuredmedia":[{"embeddable":true,"href":"https:\/\/importadoracristinateran.com\/index.php?rest_route=\/wp\/v2\/media\/1006"}],"wp:attachment":[{"href":"https:\/\/importadoracristinateran.com\/index.php?rest_route=%2Fwp%2Fv2%2Fmedia&parent=1005"}],"wp:term":[{"taxonomy":"product_brand","embeddable":true,"href":"https:\/\/importadoracristinateran.com\/index.php?rest_route=%2Fwp%2Fv2%2Fproduct_brand&post=1005"},{"taxonomy":"product_cat","embeddable":true,"href":"https:\/\/importadoracristinateran.com\/index.php?rest_route=%2Fwp%2Fv2%2Fproduct_cat&post=1005"},{"taxonomy":"product_tag","embeddable":true,"href":"https:\/\/importadoracristinateran.com\/index.php?rest_route=%2Fwp%2Fv2%2Fproduct_tag&post=1005"}],"curies":[{"name":"wp","href":"https:\/\/api.w.org\/{rel}","templated":true}]}}