{"id":1011,"date":"2025-04-14T20:54:48","date_gmt":"2025-04-14T20:54:48","guid":{"rendered":"https:\/\/importadoracristinateran.com\/?post_type=product&#038;p=1011"},"modified":"2025-05-10T00:08:45","modified_gmt":"2025-05-10T00:08:45","slug":"ocubiotic-gotas-5-ml","status":"publish","type":"product","link":"https:\/\/importadoracristinateran.com\/?product=ocubiotic-gotas-5-ml","title":{"rendered":"Ocubiotic Gotas 5 ml"},"content":{"rendered":"<h3>Indicaciones:<\/h3>\n<ul>\n<li>Procesos infecciosos con el m\u00e1ximo espectro antibacteriano gracias a la acci\u00f3n bactericida y sin\u00e9rgica de sus 3 antibi\u00f3ticos.<\/li>\n<li>La baja concentraci\u00f3n de Benzoca\u00edna es suficiente para otorgar analgesia.<\/li>\n<li>Ideal como primera indicaci\u00f3n, previo a estudios de cultivo y sensibilidad.<\/li>\n<li>Indicado en procesos infecciosos en general, blefaritis, queratitis, conjuntivitis, heridas e irritaciones de conjuntiva y p\u00e1rpados.<\/li>\n<\/ul>\n<h3>Dosis y V\u00edas de administraci\u00f3n:<\/h3>\n<p>Instilar una gota de Ocubiotic en el ojo afectado cada 6 u 8 horas. La duraci\u00f3n del tratamiento es a criterio profesional.<\/p>\n","protected":false},"excerpt":{"rendered":"<p>Ocubiotic colirio con efecto triple antibi\u00f3tico. Se destaca por el gran espectro bactericida de sus antibi\u00f3ticos -Neomicina, Polimixina B y Bacitracina Zn- y la acci\u00f3n sin\u00e9rgica de los mismos. Posee efecto analg\u00e9sico, evita lesiones autoinfligidas por rascado. Su excipiente mantiene la humedad, permite mejor difusi\u00f3n y persistencia de los principios activos sobre la superficie ocular y brinda mayor confort al paciente.<br \/>\nEst\u00e1 indicado para su uso en caninos, felinos y equinos.<\/p>\n","protected":false},"featured_media":1053,"comment_status":"open","ping_status":"closed","template":"","meta":{"_uag_custom_page_level_css":"","site-sidebar-layout":"default","site-content-layout":"","ast-site-content-layout":"default","site-content-style":"default","site-sidebar-style":"default","ast-global-header-display":"","ast-banner-title-visibility":"","ast-main-header-display":"","ast-hfb-above-header-display":"","ast-hfb-below-header-display":"","ast-hfb-mobile-header-display":"","site-post-title":"","ast-breadcrumbs-content":"","ast-featured-img":"","footer-sml-layout":"","theme-transparent-header-meta":"default","adv-header-id-meta":"","stick-header-meta":"","header-above-stick-meta":"","header-main-stick-meta":"","header-below-stick-meta":"","astra-migrate-meta-layouts":"set","ast-page-background-enabled":"default","ast-page-background-meta":{"desktop":{"background-color":"var(--ast-global-color-5)","background-image":"","background-repeat":"repeat","background-position":"center center","background-size":"auto","background-attachment":"scroll","background-type":"","background-media":"","overlay-type":"","overlay-color":"","overlay-opacity":"","overlay-gradient":""},"tablet":{"background-color":"","background-image":"","background-repeat":"repeat","background-position":"center center","background-size":"auto","background-attachment":"scroll","background-type":"","background-media":"","overlay-type":"","overlay-color":"","overlay-opacity":"","overlay-gradient":""},"mobile":{"background-color":"","background-image":"","background-repeat":"repeat","background-position":"center center","background-size":"auto","background-attachment":"scroll","background-type":"","background-media":"","overlay-type":"","overlay-color":"","overlay-opacity":"","overlay-gradient":""}},"ast-content-background-meta":{"desktop":{"background-color":"var(--ast-global-color-4)","background-image":"","background-repeat":"repeat","background-position":"center center","background-size":"auto","background-attachment":"scroll","background-type":"","background-media":"","overlay-type":"","overlay-color":"","overlay-opacity":"","overlay-gradient":""},"tablet":{"background-color":"var(--ast-global-color-4)","background-image":"","background-repeat":"repeat","background-position":"center center","background-size":"auto","background-attachment":"scroll","background-type":"","background-media":"","overlay-type":"","overlay-color":"","overlay-opacity":"","overlay-gradient":""},"mobile":{"background-color":"var(--ast-global-color-4)","background-image":"","background-repeat":"repeat","background-position":"center center","background-size":"auto","background-attachment":"scroll","background-type":"","background-media":"","overlay-type":"","overlay-color":"","overlay-opacity":"","overlay-gradient":""}},"_joinchat":[]},"product_brand":[],"product_cat":[90],"product_tag":[101],"class_list":{"0":"post-1011","1":"product","2":"type-product","3":"status-publish","4":"has-post-thumbnail","6":"product_cat-lab-labyes","7":"product_tag-gotas","8":"desktop-align-left","9":"tablet-align-left","10":"mobile-align-left","12":"first","13":"instock","14":"shipping-taxable","15":"product-type-external"},"aioseo_notices":[],"uagb_featured_image_src":{"full":["https:\/\/importadoracristinateran.com\/wp-content\/uploads\/2025\/04\/ocubiotic_grande.png",1080,1080,false],"thumbnail":["https:\/\/importadoracristinateran.com\/wp-content\/uploads\/2025\/04\/ocubiotic_grande-150x150.png",150,150,true],"medium":["https:\/\/importadoracristinateran.com\/wp-content\/uploads\/2025\/04\/ocubiotic_grande-300x300.png",300,300,true],"medium_large":["https:\/\/importadoracristinateran.com\/wp-content\/uploads\/2025\/04\/ocubiotic_grande-768x768.png",768,768,true],"large":["https:\/\/importadoracristinateran.com\/wp-content\/uploads\/2025\/04\/ocubiotic_grande-1024x1024.png",1024,1024,true],"1536x1536":["https:\/\/importadoracristinateran.com\/wp-content\/uploads\/2025\/04\/ocubiotic_grande.png",1080,1080,false],"2048x2048":["https:\/\/importadoracristinateran.com\/wp-content\/uploads\/2025\/04\/ocubiotic_grande.png",1080,1080,false],"woocommerce_thumbnail":["https:\/\/importadoracristinateran.com\/wp-content\/uploads\/2025\/04\/ocubiotic_grande-300x300.png",300,300,true],"woocommerce_single":["https:\/\/importadoracristinateran.com\/wp-content\/uploads\/2025\/04\/ocubiotic_grande-600x600.png",600,600,true],"woocommerce_gallery_thumbnail":["https:\/\/importadoracristinateran.com\/wp-content\/uploads\/2025\/04\/ocubiotic_grande-100x100.png",100,100,true],"dgwt-wcas-product-suggestion":["https:\/\/importadoracristinateran.com\/wp-content\/uploads\/2025\/04\/ocubiotic_grande-64x64.png",64,64,true]},"uagb_author_info":{"display_name":"mcris.import@gmail.com","author_link":"https:\/\/importadoracristinateran.com\/?author=0"},"uagb_comment_info":0,"uagb_excerpt":"Ocubiotic colirio con efecto triple antibi\u00f3tico. Se destaca por el gran espectro bactericida de sus antibi\u00f3ticos -Neomicina, Polimixina B y Bacitracina Zn- y la acci\u00f3n sin\u00e9rgica de los mismos. Posee efecto analg\u00e9sico, evita lesiones autoinfligidas por rascado. Su excipiente mantiene la humedad, permite mejor difusi\u00f3n y persistencia de los principios activos sobre la superficie ocular&hellip;","_links":{"self":[{"href":"https:\/\/importadoracristinateran.com\/index.php?rest_route=\/wp\/v2\/product\/1011","targetHints":{"allow":["GET"]}}],"collection":[{"href":"https:\/\/importadoracristinateran.com\/index.php?rest_route=\/wp\/v2\/product"}],"about":[{"href":"https:\/\/importadoracristinateran.com\/index.php?rest_route=\/wp\/v2\/types\/product"}],"replies":[{"embeddable":true,"href":"https:\/\/importadoracristinateran.com\/index.php?rest_route=%2Fwp%2Fv2%2Fcomments&post=1011"}],"wp:featuredmedia":[{"embeddable":true,"href":"https:\/\/importadoracristinateran.com\/index.php?rest_route=\/wp\/v2\/media\/1053"}],"wp:attachment":[{"href":"https:\/\/importadoracristinateran.com\/index.php?rest_route=%2Fwp%2Fv2%2Fmedia&parent=1011"}],"wp:term":[{"taxonomy":"product_brand","embeddable":true,"href":"https:\/\/importadoracristinateran.com\/index.php?rest_route=%2Fwp%2Fv2%2Fproduct_brand&post=1011"},{"taxonomy":"product_cat","embeddable":true,"href":"https:\/\/importadoracristinateran.com\/index.php?rest_route=%2Fwp%2Fv2%2Fproduct_cat&post=1011"},{"taxonomy":"product_tag","embeddable":true,"href":"https:\/\/importadoracristinateran.com\/index.php?rest_route=%2Fwp%2Fv2%2Fproduct_tag&post=1011"}],"curies":[{"name":"wp","href":"https:\/\/api.w.org\/{rel}","templated":true}]}}