{"id":1013,"date":"2025-04-14T21:01:08","date_gmt":"2025-04-14T21:01:08","guid":{"rendered":"https:\/\/importadoracristinateran.com\/?post_type=product&#038;p=1013"},"modified":"2025-04-14T21:11:23","modified_gmt":"2025-04-14T21:11:23","slug":"trihepat","status":"publish","type":"product","link":"https:\/\/importadoracristinateran.com\/?product=trihepat","title":{"rendered":"Trihepat"},"content":{"rendered":"<p>DESCRIPCI\u00d3N.<\/p>\n<p style=\"box-sizing: border-box; margin-bottom: 10px; line-height: 1.8; font-family: Montserrat; font-size: 14px; font-style: normal; font-weight: 300 !important; color: #383838 !important;\"><span style=\"box-sizing: border-box; font-weight: bold;\">Acci\u00f3n<\/span>: Trihepat, protector y regenerador de la c\u00e9lula hep\u00e1tica, con acciones coler\u00e9ticas y colagogas. Reactiva y potencia las funciones hepatobiliares. De origen 100% natural. Sin contraindicaciones ni efectos adversos.<\/p>\n<p style=\"box-sizing: border-box; margin-bottom: 10px; line-height: 1.8; font-family: Montserrat; font-size: 14px; font-style: normal; font-weight: 300 !important; color: #383838 !important;\"><span style=\"box-sizing: border-box; font-weight: bold;\">Indicaciones:<\/span><\/p>\n<ul style=\"box-sizing: border-box; margin-bottom: 10px; color: #666666; font-family: Montserrat; font-size: 14px; font-style: normal; font-weight: 400;\">\n<li style=\"box-sizing: border-box;\">Hepatopat\u00edas agudas y cr\u00f3nicas de diversos or\u00edgenes, como apoyo a la terap\u00e9utica espec\u00edfica.<\/li>\n<li style=\"box-sizing: border-box;\">Como profilaxis frente a terapias con diversos medicamentos (antiepil\u00e9pticos, antimic\u00f3ticos, antibi\u00f3ticos, corticoides, etc.) o patolog\u00edas varias (hipotiroidismo, S\u00edndrome de Cushing, carcinog\u00e9nesis, etc) que conducen a la degeneraci\u00f3n grasa, con posterior cirrosis del par\u00e9nquima hep\u00e1tico.<\/li>\n<li style=\"box-sizing: border-box;\">Intoxicaciones accidentales.<\/li>\n<li style=\"box-sizing: border-box;\">H\u00edgado graso de etiolog\u00eda desconocida. \u203a En estados infecciosos y disfunciones gastrointestinales de variado origen.<\/li>\n<li style=\"box-sizing: border-box;\">En el paciente vomitador cr\u00f3nico.<\/li>\n<li style=\"box-sizing: border-box;\">Frente a la presencia de barro biliar y\/o colecistitis.<\/li>\n<li style=\"box-sizing: border-box;\">En alteraciones bioqu\u00edmicas del hepatograma.<\/li>\n<\/ul>\n<p style=\"box-sizing: border-box; margin-bottom: 10px; line-height: 1.8; font-family: Montserrat; font-size: 14px; font-style: normal; font-weight: 300 !important; color: #383838 !important;\"><span style=\"box-sizing: border-box; font-weight: bold;\">Administraci\u00f3n:<\/span>V\u00eda oral. Dosis terap\u00e9utica: 4 ml cada 15 Kg de peso, 3 veces por d\u00eda. El tratamiento se prolonga mientras dure la agresi\u00f3n del hepatocito o se restablezca la funci\u00f3n. Se puede utilizar como par\u00e1metro el descenso de las enzimas hep\u00e1ticas. En ausencia de s\u00edntomas cl\u00ednicos, se puede administrar una dosis preventiva: 4 ml cada 15 kg, 1 vez por d\u00eda.<\/p>\n<p style=\"box-sizing: border-box; margin-bottom: 10px; line-height: 1.8; font-family: Montserrat; font-size: 14px; font-style: normal; font-weight: 300 !important; color: #383838 !important;\"><span style=\"box-sizing: border-box; font-weight: bold;\">Presentaci\u00f3n:<\/span><\/p>\n<p style=\"box-sizing: border-box; margin-bottom: 10px; line-height: 1.8; font-family: Montserrat; font-size: 14px; font-style: normal; font-weight: 300 !important; color: #383838 !important;\">Frasco conteniendo 100 ml.<\/p>\n","protected":false},"excerpt":{"rendered":"<h2 style=\"box-sizing: border-box; font-weight: 500; line-height: 1.1; color: #75b239; margin-top: 20px; margin-bottom: 10px; font-size: 18px; text-transform: uppercase; font-style: normal; font-family: Montserrat, serif !important;\">Descripci\u00f3n<\/h2>\n<p style=\"box-sizing: border-box; margin-bottom: 10px; line-height: 1.8; font-family: Montserrat; font-size: 14px; font-style: normal; font-weight: 300 !important; color: #383838 !important;\"><span style=\"box-sizing: border-box; font-weight: bold;\">Acci\u00f3n<\/span>: Trihepat, protector y regenerador de la c\u00e9lula hep\u00e1tica, con acciones coler\u00e9ticas y colagogas. Reactiva y potencia las funciones hepatobiliares. De origen 100% natural. Sin contraindicaciones ni efectos adversos.<\/p>\n","protected":false},"featured_media":1014,"comment_status":"open","ping_status":"closed","template":"","meta":{"_uag_custom_page_level_css":"","site-sidebar-layout":"default","site-content-layout":"","ast-site-content-layout":"default","site-content-style":"default","site-sidebar-style":"default","ast-global-header-display":"","ast-banner-title-visibility":"","ast-main-header-display":"","ast-hfb-above-header-display":"","ast-hfb-below-header-display":"","ast-hfb-mobile-header-display":"","site-post-title":"","ast-breadcrumbs-content":"","ast-featured-img":"","footer-sml-layout":"","theme-transparent-header-meta":"default","adv-header-id-meta":"","stick-header-meta":"","header-above-stick-meta":"","header-main-stick-meta":"","header-below-stick-meta":"","astra-migrate-meta-layouts":"set","ast-page-background-enabled":"default","ast-page-background-meta":{"desktop":{"background-color":"var(--ast-global-color-5)","background-image":"","background-repeat":"repeat","background-position":"center center","background-size":"auto","background-attachment":"scroll","background-type":"","background-media":"","overlay-type":"","overlay-color":"","overlay-opacity":"","overlay-gradient":""},"tablet":{"background-color":"","background-image":"","background-repeat":"repeat","background-position":"center center","background-size":"auto","background-attachment":"scroll","background-type":"","background-media":"","overlay-type":"","overlay-color":"","overlay-opacity":"","overlay-gradient":""},"mobile":{"background-color":"","background-image":"","background-repeat":"repeat","background-position":"center center","background-size":"auto","background-attachment":"scroll","background-type":"","background-media":"","overlay-type":"","overlay-color":"","overlay-opacity":"","overlay-gradient":""}},"ast-content-background-meta":{"desktop":{"background-color":"var(--ast-global-color-4)","background-image":"","background-repeat":"repeat","background-position":"center center","background-size":"auto","background-attachment":"scroll","background-type":"","background-media":"","overlay-type":"","overlay-color":"","overlay-opacity":"","overlay-gradient":""},"tablet":{"background-color":"var(--ast-global-color-4)","background-image":"","background-repeat":"repeat","background-position":"center center","background-size":"auto","background-attachment":"scroll","background-type":"","background-media":"","overlay-type":"","overlay-color":"","overlay-opacity":"","overlay-gradient":""},"mobile":{"background-color":"var(--ast-global-color-4)","background-image":"","background-repeat":"repeat","background-position":"center center","background-size":"auto","background-attachment":"scroll","background-type":"","background-media":"","overlay-type":"","overlay-color":"","overlay-opacity":"","overlay-gradient":""}},"_joinchat":[]},"product_brand":[],"product_cat":[90],"product_tag":[],"class_list":{"0":"post-1013","1":"product","2":"type-product","3":"status-publish","4":"has-post-thumbnail","6":"product_cat-lab-labyes","7":"desktop-align-left","8":"tablet-align-left","9":"mobile-align-left","11":"first","12":"instock","13":"shipping-taxable","14":"product-type-external"},"aioseo_notices":[],"uagb_featured_image_src":{"full":["https:\/\/importadoracristinateran.com\/wp-content\/uploads\/2025\/04\/trihepat.jpg",600,600,false],"thumbnail":["https:\/\/importadoracristinateran.com\/wp-content\/uploads\/2025\/04\/trihepat-150x150.jpg",150,150,true],"medium":["https:\/\/importadoracristinateran.com\/wp-content\/uploads\/2025\/04\/trihepat-300x300.jpg",300,300,true],"medium_large":["https:\/\/importadoracristinateran.com\/wp-content\/uploads\/2025\/04\/trihepat.jpg",600,600,false],"large":["https:\/\/importadoracristinateran.com\/wp-content\/uploads\/2025\/04\/trihepat.jpg",600,600,false],"1536x1536":["https:\/\/importadoracristinateran.com\/wp-content\/uploads\/2025\/04\/trihepat.jpg",600,600,false],"2048x2048":["https:\/\/importadoracristinateran.com\/wp-content\/uploads\/2025\/04\/trihepat.jpg",600,600,false],"woocommerce_thumbnail":["https:\/\/importadoracristinateran.com\/wp-content\/uploads\/2025\/04\/trihepat-300x300.jpg",300,300,true],"woocommerce_single":["https:\/\/importadoracristinateran.com\/wp-content\/uploads\/2025\/04\/trihepat.jpg",600,600,false],"woocommerce_gallery_thumbnail":["https:\/\/importadoracristinateran.com\/wp-content\/uploads\/2025\/04\/trihepat-100x100.jpg",100,100,true],"dgwt-wcas-product-suggestion":["https:\/\/importadoracristinateran.com\/wp-content\/uploads\/2025\/04\/trihepat-64x64.jpg",64,64,true]},"uagb_author_info":{"display_name":"mcris.import@gmail.com","author_link":"https:\/\/importadoracristinateran.com\/?author=0"},"uagb_comment_info":0,"uagb_excerpt":"Descripci\u00f3n Acci\u00f3n: Trihepat, protector y regenerador de la c\u00e9lula hep\u00e1tica, con acciones coler\u00e9ticas y colagogas. Reactiva y potencia las funciones hepatobiliares. De origen 100% natural. Sin contraindicaciones ni efectos adversos.","_links":{"self":[{"href":"https:\/\/importadoracristinateran.com\/index.php?rest_route=\/wp\/v2\/product\/1013","targetHints":{"allow":["GET"]}}],"collection":[{"href":"https:\/\/importadoracristinateran.com\/index.php?rest_route=\/wp\/v2\/product"}],"about":[{"href":"https:\/\/importadoracristinateran.com\/index.php?rest_route=\/wp\/v2\/types\/product"}],"replies":[{"embeddable":true,"href":"https:\/\/importadoracristinateran.com\/index.php?rest_route=%2Fwp%2Fv2%2Fcomments&post=1013"}],"wp:featuredmedia":[{"embeddable":true,"href":"https:\/\/importadoracristinateran.com\/index.php?rest_route=\/wp\/v2\/media\/1014"}],"wp:attachment":[{"href":"https:\/\/importadoracristinateran.com\/index.php?rest_route=%2Fwp%2Fv2%2Fmedia&parent=1013"}],"wp:term":[{"taxonomy":"product_brand","embeddable":true,"href":"https:\/\/importadoracristinateran.com\/index.php?rest_route=%2Fwp%2Fv2%2Fproduct_brand&post=1013"},{"taxonomy":"product_cat","embeddable":true,"href":"https:\/\/importadoracristinateran.com\/index.php?rest_route=%2Fwp%2Fv2%2Fproduct_cat&post=1013"},{"taxonomy":"product_tag","embeddable":true,"href":"https:\/\/importadoracristinateran.com\/index.php?rest_route=%2Fwp%2Fv2%2Fproduct_tag&post=1013"}],"curies":[{"name":"wp","href":"https:\/\/api.w.org\/{rel}","templated":true}]}}