{"id":1059,"date":"2025-04-15T00:00:17","date_gmt":"2025-04-15T00:00:17","guid":{"rendered":"https:\/\/importadoracristinateran.com\/?post_type=product&#038;p=1059"},"modified":"2025-05-09T23:21:04","modified_gmt":"2025-05-09T23:21:04","slug":"immunity-potenciador-de-inmunidad","status":"publish","type":"product","link":"https:\/\/importadoracristinateran.com\/?product=immunity-potenciador-de-inmunidad","title":{"rendered":"Immunity-Potenciador de Inmunidad"},"content":{"rendered":"<h2>Descripci\u00f3n<\/h2>\n<p><strong>POTENCIADOR DE LA INMUNIDAD<\/strong><br \/>\nIngredientes Naturales que favorecen la recuperaci\u00f3n durante la convalecencia, situaciones de estr\u00e9s e infecciones.<\/p>\n<p><strong>PODER ANTIOXIDANTE<\/strong><br \/>\nSinergia Antioxidante, Altos niveles de Vitaminas A, C y E.<\/p>\n<p><strong>APOYO A LA SALUD CEREBRAL<\/strong><br \/>\nAceite de Coco org\u00e1nico, fuente de \u00c1cidos Grasos de Cadena Media (AGCM).<\/p>\n<p><strong>Contenido nutricional:<\/strong><br \/>\nProte\u00edna (m\u00edn.)\u00a0 \u00a0 \u00a0 \u00a0 \u00a0 \u00a0 \u00a0 28 %<br \/>\nGrasa (m\u00edn.)\u00a0 \u00a0 \u00a0 \u00a0 \u00a0 \u00a0 \u00a0 \u00a0 \u00a0 \u00a0 \u00a0 3%<br \/>\nFibra (m\u00e1x.)\u00a0 \u00a0 \u00a0 \u00a0 \u00a0 \u00a0 \u00a0 \u00a0 \u00a0 \u00a0 \u00a0 4%<br \/>\nHumedad (m\u00e1x.)\u00a0 \u00a0 \u00a0 \u00a0 \u00a0 \u00a0 \u00a08%<br \/>\nCeniza (m\u00e1x.)\u00a0 \u00a0 \u00a0 \u00a0 \u00a0 \u00a0 \u00a0 \u00a0 \u00a0 \u00a016%<\/p>\n<p><strong>Ingredientes:<\/strong><br \/>\nMaltodextrina, Hidrolizado Proteico de Pollo, Fosfato monoc\u00e1lcico , Cloruro de colina, Extracto de Reishi , Carbonato de calcio, Vitamina E, Aceite de Coco org\u00e1nico, Beta glucanos, Levadura de cerveza, Vitamina C, Extracto de Cynara , Fosfato monopot\u00e1sico , Beta\u00edna , Aceite vegetal, Lecitina de Soya, \u00c1cido m\u00e1lico, Zinc, Hierro, L lisina, Selenito s\u00f3dico, DL metionina, Manganeso, Equin\u00e1cea, Niacina, Pantotenato de calcio, Aceite de Or\u00e9gano org\u00e1nico, Cobre, \u00c1cido s\u00f3rbico, Inositol, Extracto de Romero org\u00e1nico, Benzoato de sodio, Vitamina B2, Vitamina A, Vitamina B12, Vitamina K3, Biotina, Vitamina B6, Vitamina D3, Vitamina B1, \u00c1cido f\u00f3lico, Yoduro de potasio.<\/p>\n<p><strong>Equin\u00e1cea<\/strong><\/p>\n<ul>\n<li>Planta herb\u00e1cea perenne Estimula la formaci\u00f3n de gl\u00f3bulos blancos (linfocitos y macr\u00f3fagos)<\/li>\n<li>Aumenta la proliferaci\u00f3n de citocinas.<\/li>\n<\/ul>\n<p><strong>Extracto de Cynara \u2013 Cynara scolymus<\/strong><\/p>\n<ul>\n<li>Planta herb\u00e1cea<\/li>\n<li>Antiinflamatorio<\/li>\n<li>Antioxidante<\/li>\n<li>Coadyuvante para el tratamiento de enfermedades que cursen con inflamaci\u00f3n<\/li>\n<li>Efecto diur\u00e9tico<\/li>\n<li>Utilizada en el tratamiento de la anemia<\/li>\n<li>Relacionado con la salud del h\u00edgado.<\/li>\n<\/ul>\n<p><strong>Aceite de Coco<\/strong><\/p>\n<ul>\n<li>\u00c1cidos Grasos de Cadena Media (AGCM)<\/li>\n<li>Promueven la agudeza mental Enlentecen el deterioro cognitivo.<\/li>\n<\/ul>\n<p><strong>Beta glucanos<\/strong><\/p>\n<ul>\n<li>Carbohidratos no digeribles que no se hidrolizan en el tracto gastrointestinal y bloquean la adherencia de bacterias pat\u00f3genas, evitando la colonizaci\u00f3n del intestino de bacterias potencialmente da\u00f1inas y de toxinas que producen bajas en las defensas.<\/li>\n<\/ul>\n<p><strong>Vitamina A + Vitamina C + Vitamina E<\/strong><\/p>\n<ul>\n<li>Sinergia Antioxidante<\/li>\n<li>Neutralizan a los radicales libres, impidiendo que deterioren la membrana y n\u00facleo de c\u00e9lulas sanas, en casos de inflamaci\u00f3n, estimulaci\u00f3n del sistema inmunitario, exposici\u00f3n a toxinas, etc.<\/li>\n<\/ul>\n<p><strong>Extracto de (Reishi Ganoderma lucidum)<\/strong><\/p>\n<ul>\n<li>Hongo Propiedades anticancer\u00edgenas, antitumorales y antiv\u00edricas<\/li>\n<li>Aumenta la eficacia de las c\u00e9lulas inmunitarias T en su lucha contra las c\u00e9lulas cancer\u00edgenas<\/li>\n<li>Antioxidante.<\/li>\n<\/ul>\n<p><strong>\u00c1cido m\u00e1lico<\/strong><\/p>\n<ul>\n<li>\u00c1cido<\/li>\n<li>Implicaci\u00f3n en el ciclo de Krebs, aumentando la resistencia y retrasando la fatiga<\/li>\n<li>Antiinflamatorio<\/li>\n<li>Efectos cardioprotectores.<\/li>\n<\/ul>\n","protected":false},"excerpt":{"rendered":"<ul>\n<li>Favorecen a la recuperaci\u00f3n durante la convalecencia de infecciones<\/li>\n<li>Vitaminas A, C y E<\/li>\n<li>Aceite de coco org\u00e1nico que ayuda a enlentecer el deterioro cognitivo en mascotas de edades avanzadas.<\/li>\n<\/ul>\n","protected":false},"featured_media":1060,"comment_status":"open","ping_status":"closed","template":"","meta":{"_uag_custom_page_level_css":"","site-sidebar-layout":"default","site-content-layout":"","ast-site-content-layout":"default","site-content-style":"default","site-sidebar-style":"default","ast-global-header-display":"","ast-banner-title-visibility":"","ast-main-header-display":"","ast-hfb-above-header-display":"","ast-hfb-below-header-display":"","ast-hfb-mobile-header-display":"","site-post-title":"","ast-breadcrumbs-content":"","ast-featured-img":"","footer-sml-layout":"","theme-transparent-header-meta":"default","adv-header-id-meta":"","stick-header-meta":"","header-above-stick-meta":"","header-main-stick-meta":"","header-below-stick-meta":"","astra-migrate-meta-layouts":"set","ast-page-background-enabled":"default","ast-page-background-meta":{"desktop":{"background-color":"var(--ast-global-color-5)","background-image":"","background-repeat":"repeat","background-position":"center center","background-size":"auto","background-attachment":"scroll","background-type":"","background-media":"","overlay-type":"","overlay-color":"","overlay-opacity":"","overlay-gradient":""},"tablet":{"background-color":"","background-image":"","background-repeat":"repeat","background-position":"center center","background-size":"auto","background-attachment":"scroll","background-type":"","background-media":"","overlay-type":"","overlay-color":"","overlay-opacity":"","overlay-gradient":""},"mobile":{"background-color":"","background-image":"","background-repeat":"repeat","background-position":"center center","background-size":"auto","background-attachment":"scroll","background-type":"","background-media":"","overlay-type":"","overlay-color":"","overlay-opacity":"","overlay-gradient":""}},"ast-content-background-meta":{"desktop":{"background-color":"var(--ast-global-color-4)","background-image":"","background-repeat":"repeat","background-position":"center center","background-size":"auto","background-attachment":"scroll","background-type":"","background-media":"","overlay-type":"","overlay-color":"","overlay-opacity":"","overlay-gradient":""},"tablet":{"background-color":"var(--ast-global-color-4)","background-image":"","background-repeat":"repeat","background-position":"center center","background-size":"auto","background-attachment":"scroll","background-type":"","background-media":"","overlay-type":"","overlay-color":"","overlay-opacity":"","overlay-gradient":""},"mobile":{"background-color":"var(--ast-global-color-4)","background-image":"","background-repeat":"repeat","background-position":"center center","background-size":"auto","background-attachment":"scroll","background-type":"","background-media":"","overlay-type":"","overlay-color":"","overlay-opacity":"","overlay-gradient":""}},"_joinchat":[]},"product_brand":[],"product_cat":[96],"product_tag":[],"class_list":{"0":"post-1059","1":"product","2":"type-product","3":"status-publish","4":"has-post-thumbnail","6":"product_cat-labnova","7":"desktop-align-left","8":"tablet-align-left","9":"mobile-align-left","11":"first","12":"instock","13":"shipping-taxable","14":"product-type-external"},"aioseo_notices":[],"uagb_featured_image_src":{"full":["https:\/\/importadoracristinateran.com\/wp-content\/uploads\/2025\/04\/novainmunity.png",1080,1080,false],"thumbnail":["https:\/\/importadoracristinateran.com\/wp-content\/uploads\/2025\/04\/novainmunity-150x150.png",150,150,true],"medium":["https:\/\/importadoracristinateran.com\/wp-content\/uploads\/2025\/04\/novainmunity-300x300.png",300,300,true],"medium_large":["https:\/\/importadoracristinateran.com\/wp-content\/uploads\/2025\/04\/novainmunity-768x768.png",768,768,true],"large":["https:\/\/importadoracristinateran.com\/wp-content\/uploads\/2025\/04\/novainmunity-1024x1024.png",1024,1024,true],"1536x1536":["https:\/\/importadoracristinateran.com\/wp-content\/uploads\/2025\/04\/novainmunity.png",1080,1080,false],"2048x2048":["https:\/\/importadoracristinateran.com\/wp-content\/uploads\/2025\/04\/novainmunity.png",1080,1080,false],"woocommerce_thumbnail":["https:\/\/importadoracristinateran.com\/wp-content\/uploads\/2025\/04\/novainmunity-300x300.png",300,300,true],"woocommerce_single":["https:\/\/importadoracristinateran.com\/wp-content\/uploads\/2025\/04\/novainmunity-600x600.png",600,600,true],"woocommerce_gallery_thumbnail":["https:\/\/importadoracristinateran.com\/wp-content\/uploads\/2025\/04\/novainmunity-100x100.png",100,100,true],"dgwt-wcas-product-suggestion":["https:\/\/importadoracristinateran.com\/wp-content\/uploads\/2025\/04\/novainmunity-64x64.png",64,64,true]},"uagb_author_info":{"display_name":"mcris.import@gmail.com","author_link":"https:\/\/importadoracristinateran.com\/?author=0"},"uagb_comment_info":0,"uagb_excerpt":"Favorecen a la recuperaci\u00f3n durante la convalecencia de infecciones Vitaminas A, C y E Aceite de coco org\u00e1nico que ayuda a enlentecer el deterioro cognitivo en mascotas de edades avanzadas.","_links":{"self":[{"href":"https:\/\/importadoracristinateran.com\/index.php?rest_route=\/wp\/v2\/product\/1059","targetHints":{"allow":["GET"]}}],"collection":[{"href":"https:\/\/importadoracristinateran.com\/index.php?rest_route=\/wp\/v2\/product"}],"about":[{"href":"https:\/\/importadoracristinateran.com\/index.php?rest_route=\/wp\/v2\/types\/product"}],"replies":[{"embeddable":true,"href":"https:\/\/importadoracristinateran.com\/index.php?rest_route=%2Fwp%2Fv2%2Fcomments&post=1059"}],"wp:featuredmedia":[{"embeddable":true,"href":"https:\/\/importadoracristinateran.com\/index.php?rest_route=\/wp\/v2\/media\/1060"}],"wp:attachment":[{"href":"https:\/\/importadoracristinateran.com\/index.php?rest_route=%2Fwp%2Fv2%2Fmedia&parent=1059"}],"wp:term":[{"taxonomy":"product_brand","embeddable":true,"href":"https:\/\/importadoracristinateran.com\/index.php?rest_route=%2Fwp%2Fv2%2Fproduct_brand&post=1059"},{"taxonomy":"product_cat","embeddable":true,"href":"https:\/\/importadoracristinateran.com\/index.php?rest_route=%2Fwp%2Fv2%2Fproduct_cat&post=1059"},{"taxonomy":"product_tag","embeddable":true,"href":"https:\/\/importadoracristinateran.com\/index.php?rest_route=%2Fwp%2Fv2%2Fproduct_tag&post=1059"}],"curies":[{"name":"wp","href":"https:\/\/api.w.org\/{rel}","templated":true}]}}