{"id":1063,"date":"2025-04-15T00:14:29","date_gmt":"2025-04-15T00:14:29","guid":{"rendered":"https:\/\/importadoracristinateran.com\/?post_type=product&#038;p=1063"},"modified":"2025-05-09T23:20:30","modified_gmt":"2025-05-09T23:20:30","slug":"gi-flora-equilibrio-intestinal","status":"publish","type":"product","link":"https:\/\/importadoracristinateran.com\/?product=gi-flora-equilibrio-intestinal","title":{"rendered":"Gif Flora-Equilibrio Intestinal"},"content":{"rendered":"<h2>Descripci\u00f3n<\/h2>\n<p><strong>EQUILIBRIO INTESTINAL<\/strong><\/p>\n<p>Acci\u00f3n Simbi\u00f3tica de Prebi\u00f3ticos y Probi\u00f3ticos , para colaborar al control de la diarrea y promover un Microbioma intestinal saludable.<\/p>\n<p><strong>PROBI\u00d3TICOS ACTIVOS VIVOS<\/strong><\/p>\n<p>Contiene Enterococcus faecium , Bacillus subtilis , y Lactobacillus acidophilus.<\/p>\n<p><strong>POTENCIADOR DEL APETITO<\/strong><\/p>\n<p>Potenciador de la palatabilidad para situaciones que generan disminuci\u00f3n del apetito.<\/p>\n<p><strong>Contenido nutricional:<\/strong><br \/>\nProte\u00edna (m\u00edn.)\u00a0 \u00a0 \u00a0 \u00a0 28%<br \/>\nGrasa (m\u00edn.)\u00a0 \u00a0 \u00a0 \u00a0 \u00a0 \u00a0 \u00a0 \u00a02%<br \/>\nFibra (m\u00e1x.)\u00a0 \u00a0 \u00a0 \u00a0 \u00a0 \u00a0 \u00a0 \u00a05%<br \/>\nHumedad (m\u00e1x.)\u00a0 \u00a0 \u00a0 9%<br \/>\nCeniza (m\u00e1x.)\u00a0 \u00a0 \u00a0 \u00a0 \u00a0 17%<\/p>\n<p><strong>Ingredientes:<\/strong><br \/>\nHidrolizado Proteico de Pollo, Beta\u00edna , Almid\u00f3n de Ma\u00edz, Sorbitol, Monoestearato de glicerilo , Alfa amilasa, Lipasa, Proteasa, Concentrado de Prote\u00edna de papa, Levadura de cerveza seca, Vitamina C, Inulina, Cloruro de Colina, Inositol, Maltodextrina, \u00c1cido m\u00e1lico, Papa\u00edna, Yucca Schidigera , Bacillus subtilis , Pepsina, Enterococcus faecium , Lactobacillus acidophilus, Aspergillus oryzae , Aspergillus niger , \u00c1cido s\u00f3rbico, Extracto de Romero org\u00e1nico, Benzoato de sodio, Coenzima Q10.<\/p>\n<p><strong>Inulina (Ra\u00edz de achicoria, Cichorium intybus var . sativum)<\/strong><\/p>\n<ul>\n<li>Planta herb\u00e1cea perenne<\/li>\n<li>Fructano de acci\u00f3n<\/li>\n<li>Prebi\u00f3tica<\/li>\n<li>Mejora el equilibrio del Microbioma<\/li>\n<li>Aumenta la absorci\u00f3n de calcio.<\/li>\n<\/ul>\n<p><strong>Yucca schidigera<\/strong><\/p>\n<ul>\n<li>Planta<\/li>\n<li>Efecto de \u201cdepuraci\u00f3n\u201d en las membranas mucosas del tracto gastrointestinal<\/li>\n<li>Ayuda en la asimilaci\u00f3n y absorci\u00f3n de nutrientes<\/li>\n<li>Reduce las concentraciones de amon\u00edaco y olor en las heces y la orina<\/li>\n<li>Propiedades antiinflamatorias, antibacterianas y antiprotozoarias<\/li>\n<\/ul>\n<p><strong>Enterococcus<\/strong>\u00a0<strong>faecium, Bacillus subtilis, Lactobacillus acidophilus<\/strong><\/p>\n<ul>\n<li>Bacteriasprobi\u00f3ticas<\/li>\n<li>Promueven el mecanismo de exclusi\u00f3n competitiva, combatiendo el sobrecrecimiento de microorganismos pat\u00f3genos causantes de diarreas<\/li>\n<li>Acci\u00f3n estimulante inmunitaria<\/li>\n<li>Disminuyen la diarrea asociada a amoxicilina y \u00e1cido clavul\u00e1nico<\/li>\n<\/ul>\n<p><strong>Aspergillusoryzae , Aspergillus niger<\/strong><\/p>\n<ul>\n<li>Hongos que al entrar en contacto con az\u00facares, segregan una enzima que permite a\u00f1adir las mol\u00e9culas de fructosa complementarias para formar FOS (Fructooligosac\u00e1ridos), que son fibras fermentables por las bacterias del colon, liberando \u00e1cidos grasos vol\u00e1tiles.<\/li>\n<\/ul>\n<p><strong>Papa\u00edna, Lipasa, Pepsina, Beta\u00edna , Proteasa, Alfa amilasa<\/strong><\/p>\n<ul>\n<li>Enzimas digestivas<\/li>\n<\/ul>\n<p><strong>Coenzima Q10 (ubiquinona)<\/strong><\/p>\n<ul>\n<li>Compuesto end\u00f3geno similar a las vitaminas<\/li>\n<li>Potente Antioxidante<\/li>\n<li>Coadyuvante en el tratamiento de la insuficiencia card\u00edaca congestiva<\/li>\n<\/ul>\n","protected":false},"excerpt":{"rendered":"<ul>\n<li>Probi\u00f3ticos y Prebi\u00f3ticos<\/li>\n<li>Potenciador del Apetito<\/li>\n<li>Promueve un intestino saludabe<\/li>\n<\/ul>\n","protected":false},"featured_media":1064,"comment_status":"open","ping_status":"closed","template":"","meta":{"_uag_custom_page_level_css":"","site-sidebar-layout":"default","site-content-layout":"","ast-site-content-layout":"default","site-content-style":"default","site-sidebar-style":"default","ast-global-header-display":"","ast-banner-title-visibility":"","ast-main-header-display":"","ast-hfb-above-header-display":"","ast-hfb-below-header-display":"","ast-hfb-mobile-header-display":"","site-post-title":"","ast-breadcrumbs-content":"","ast-featured-img":"","footer-sml-layout":"","theme-transparent-header-meta":"default","adv-header-id-meta":"","stick-header-meta":"","header-above-stick-meta":"","header-main-stick-meta":"","header-below-stick-meta":"","astra-migrate-meta-layouts":"set","ast-page-background-enabled":"default","ast-page-background-meta":{"desktop":{"background-color":"var(--ast-global-color-5)","background-image":"","background-repeat":"repeat","background-position":"center center","background-size":"auto","background-attachment":"scroll","background-type":"","background-media":"","overlay-type":"","overlay-color":"","overlay-opacity":"","overlay-gradient":""},"tablet":{"background-color":"","background-image":"","background-repeat":"repeat","background-position":"center center","background-size":"auto","background-attachment":"scroll","background-type":"","background-media":"","overlay-type":"","overlay-color":"","overlay-opacity":"","overlay-gradient":""},"mobile":{"background-color":"","background-image":"","background-repeat":"repeat","background-position":"center center","background-size":"auto","background-attachment":"scroll","background-type":"","background-media":"","overlay-type":"","overlay-color":"","overlay-opacity":"","overlay-gradient":""}},"ast-content-background-meta":{"desktop":{"background-color":"var(--ast-global-color-4)","background-image":"","background-repeat":"repeat","background-position":"center center","background-size":"auto","background-attachment":"scroll","background-type":"","background-media":"","overlay-type":"","overlay-color":"","overlay-opacity":"","overlay-gradient":""},"tablet":{"background-color":"var(--ast-global-color-4)","background-image":"","background-repeat":"repeat","background-position":"center center","background-size":"auto","background-attachment":"scroll","background-type":"","background-media":"","overlay-type":"","overlay-color":"","overlay-opacity":"","overlay-gradient":""},"mobile":{"background-color":"var(--ast-global-color-4)","background-image":"","background-repeat":"repeat","background-position":"center center","background-size":"auto","background-attachment":"scroll","background-type":"","background-media":"","overlay-type":"","overlay-color":"","overlay-opacity":"","overlay-gradient":""}},"_joinchat":[]},"product_brand":[],"product_cat":[96],"product_tag":[],"class_list":{"0":"post-1063","1":"product","2":"type-product","3":"status-publish","4":"has-post-thumbnail","6":"product_cat-labnova","7":"desktop-align-left","8":"tablet-align-left","9":"mobile-align-left","11":"first","12":"instock","13":"featured","14":"shipping-taxable","15":"product-type-external"},"aioseo_notices":[],"uagb_featured_image_src":{"full":["https:\/\/importadoracristinateran.com\/wp-content\/uploads\/2025\/04\/novagiflorainstentinal.png",1080,1080,false],"thumbnail":["https:\/\/importadoracristinateran.com\/wp-content\/uploads\/2025\/04\/novagiflorainstentinal-150x150.png",150,150,true],"medium":["https:\/\/importadoracristinateran.com\/wp-content\/uploads\/2025\/04\/novagiflorainstentinal-300x300.png",300,300,true],"medium_large":["https:\/\/importadoracristinateran.com\/wp-content\/uploads\/2025\/04\/novagiflorainstentinal-768x768.png",768,768,true],"large":["https:\/\/importadoracristinateran.com\/wp-content\/uploads\/2025\/04\/novagiflorainstentinal-1024x1024.png",1024,1024,true],"1536x1536":["https:\/\/importadoracristinateran.com\/wp-content\/uploads\/2025\/04\/novagiflorainstentinal.png",1080,1080,false],"2048x2048":["https:\/\/importadoracristinateran.com\/wp-content\/uploads\/2025\/04\/novagiflorainstentinal.png",1080,1080,false],"woocommerce_thumbnail":["https:\/\/importadoracristinateran.com\/wp-content\/uploads\/2025\/04\/novagiflorainstentinal-300x300.png",300,300,true],"woocommerce_single":["https:\/\/importadoracristinateran.com\/wp-content\/uploads\/2025\/04\/novagiflorainstentinal-600x600.png",600,600,true],"woocommerce_gallery_thumbnail":["https:\/\/importadoracristinateran.com\/wp-content\/uploads\/2025\/04\/novagiflorainstentinal-100x100.png",100,100,true],"dgwt-wcas-product-suggestion":["https:\/\/importadoracristinateran.com\/wp-content\/uploads\/2025\/04\/novagiflorainstentinal-64x64.png",64,64,true]},"uagb_author_info":{"display_name":"mcris.import@gmail.com","author_link":"https:\/\/importadoracristinateran.com\/?author=0"},"uagb_comment_info":0,"uagb_excerpt":"Probi\u00f3ticos y Prebi\u00f3ticos Potenciador del Apetito Promueve un intestino saludabe","_links":{"self":[{"href":"https:\/\/importadoracristinateran.com\/index.php?rest_route=\/wp\/v2\/product\/1063","targetHints":{"allow":["GET"]}}],"collection":[{"href":"https:\/\/importadoracristinateran.com\/index.php?rest_route=\/wp\/v2\/product"}],"about":[{"href":"https:\/\/importadoracristinateran.com\/index.php?rest_route=\/wp\/v2\/types\/product"}],"replies":[{"embeddable":true,"href":"https:\/\/importadoracristinateran.com\/index.php?rest_route=%2Fwp%2Fv2%2Fcomments&post=1063"}],"wp:featuredmedia":[{"embeddable":true,"href":"https:\/\/importadoracristinateran.com\/index.php?rest_route=\/wp\/v2\/media\/1064"}],"wp:attachment":[{"href":"https:\/\/importadoracristinateran.com\/index.php?rest_route=%2Fwp%2Fv2%2Fmedia&parent=1063"}],"wp:term":[{"taxonomy":"product_brand","embeddable":true,"href":"https:\/\/importadoracristinateran.com\/index.php?rest_route=%2Fwp%2Fv2%2Fproduct_brand&post=1063"},{"taxonomy":"product_cat","embeddable":true,"href":"https:\/\/importadoracristinateran.com\/index.php?rest_route=%2Fwp%2Fv2%2Fproduct_cat&post=1063"},{"taxonomy":"product_tag","embeddable":true,"href":"https:\/\/importadoracristinateran.com\/index.php?rest_route=%2Fwp%2Fv2%2Fproduct_tag&post=1063"}],"curies":[{"name":"wp","href":"https:\/\/api.w.org\/{rel}","templated":true}]}}