{"id":1066,"date":"2025-04-15T00:23:52","date_gmt":"2025-04-15T00:23:52","guid":{"rendered":"https:\/\/importadoracristinateran.com\/?post_type=product&#038;p=1066"},"modified":"2025-05-09T23:19:41","modified_gmt":"2025-05-09T23:19:41","slug":"gi-flora-cat","status":"publish","type":"product","link":"https:\/\/importadoracristinateran.com\/?product=gi-flora-cat","title":{"rendered":"Gi Flora Cat"},"content":{"rendered":"<h2>Descripci\u00f3n<\/h2>\n<p>PREBIOTICS &amp; PROBIOTICS FELINE SUPPLEMENT for cats of all ages \u00b7<\/p>\n<p>Acci\u00f3n Simbi\u00f3tica de Prebi\u00f3ticos y Probi\u00f3ticos, para colaborar al control de la diarrea y promover un Microbioma intestinal saludable.<\/p>\n<p>Contiene PROBI\u00d3TICOS ACTIVOS VIVOS MICROENCAPSULADOS como:<\/p>\n<p>Enterococcus faecium, Bacillus subtilis, Lactobacillus acidophilus y Lactobacillus rhamnosus.<\/p>\n<p>Adem\u00e1s contiene la FIBRA PREBI\u00d3TICA \u2013 PSYLLIUM que estimula el crecimiento de bacterias espec\u00edficas incluyendo especies de Lactobacillus y Bifidobacterium.<\/p>\n<p>&nbsp;<\/p>\n<p><strong>CAJA DE 30 SOBRES<\/strong><\/p>\n","protected":false},"excerpt":{"rendered":"<h2>Descripci\u00f3n<\/h2>\n<p>PREBIOTICS &amp; PROBIOTICS FELINE SUPPLEMENT for cats of all ages \u00b7<\/p>\n<p>Acci\u00f3n Simbi\u00f3tica de Prebi\u00f3ticos y Probi\u00f3ticos, para colaborar al control de la diarrea y promover un Microbioma intestinal saludable.<\/p>\n<p>Contiene PROBI\u00d3TICOS ACTIVOS VIVOS MICROENCAPSULADOS como:<\/p>\n<p>Enterococcus faecium, Bacillus subtilis, Lactobacillus acidophilus y Lactobacillus rhamnosus.<\/p>\n<p>Adem\u00e1s contiene la FIBRA PREBI\u00d3TICA \u2013 PSYLLIUM que estimula el crecimiento de bacterias espec\u00edficas incluyendo especies de Lactobacillus y Bifidobacterium.<\/p>\n<p>&nbsp;<\/p>\n<p><strong>CAJA DE 30 SOBRES<\/strong><\/p>\n","protected":false},"featured_media":1067,"comment_status":"open","ping_status":"closed","template":"","meta":{"_uag_custom_page_level_css":"","site-sidebar-layout":"default","site-content-layout":"","ast-site-content-layout":"default","site-content-style":"default","site-sidebar-style":"default","ast-global-header-display":"","ast-banner-title-visibility":"","ast-main-header-display":"","ast-hfb-above-header-display":"","ast-hfb-below-header-display":"","ast-hfb-mobile-header-display":"","site-post-title":"","ast-breadcrumbs-content":"","ast-featured-img":"","footer-sml-layout":"","theme-transparent-header-meta":"default","adv-header-id-meta":"","stick-header-meta":"","header-above-stick-meta":"","header-main-stick-meta":"","header-below-stick-meta":"","astra-migrate-meta-layouts":"set","ast-page-background-enabled":"default","ast-page-background-meta":{"desktop":{"background-color":"var(--ast-global-color-5)","background-image":"","background-repeat":"repeat","background-position":"center center","background-size":"auto","background-attachment":"scroll","background-type":"","background-media":"","overlay-type":"","overlay-color":"","overlay-opacity":"","overlay-gradient":""},"tablet":{"background-color":"","background-image":"","background-repeat":"repeat","background-position":"center center","background-size":"auto","background-attachment":"scroll","background-type":"","background-media":"","overlay-type":"","overlay-color":"","overlay-opacity":"","overlay-gradient":""},"mobile":{"background-color":"","background-image":"","background-repeat":"repeat","background-position":"center center","background-size":"auto","background-attachment":"scroll","background-type":"","background-media":"","overlay-type":"","overlay-color":"","overlay-opacity":"","overlay-gradient":""}},"ast-content-background-meta":{"desktop":{"background-color":"var(--ast-global-color-4)","background-image":"","background-repeat":"repeat","background-position":"center center","background-size":"auto","background-attachment":"scroll","background-type":"","background-media":"","overlay-type":"","overlay-color":"","overlay-opacity":"","overlay-gradient":""},"tablet":{"background-color":"var(--ast-global-color-4)","background-image":"","background-repeat":"repeat","background-position":"center center","background-size":"auto","background-attachment":"scroll","background-type":"","background-media":"","overlay-type":"","overlay-color":"","overlay-opacity":"","overlay-gradient":""},"mobile":{"background-color":"var(--ast-global-color-4)","background-image":"","background-repeat":"repeat","background-position":"center center","background-size":"auto","background-attachment":"scroll","background-type":"","background-media":"","overlay-type":"","overlay-color":"","overlay-opacity":"","overlay-gradient":""}},"_joinchat":[]},"product_brand":[],"product_cat":[96],"product_tag":[],"class_list":{"0":"post-1066","1":"product","2":"type-product","3":"status-publish","4":"has-post-thumbnail","6":"product_cat-labnova","7":"desktop-align-left","8":"tablet-align-left","9":"mobile-align-left","11":"first","12":"instock","13":"shipping-taxable","14":"product-type-external"},"aioseo_notices":[],"uagb_featured_image_src":{"full":["https:\/\/importadoracristinateran.com\/wp-content\/uploads\/2025\/04\/novagifloracat.png",1080,1080,false],"thumbnail":["https:\/\/importadoracristinateran.com\/wp-content\/uploads\/2025\/04\/novagifloracat-150x150.png",150,150,true],"medium":["https:\/\/importadoracristinateran.com\/wp-content\/uploads\/2025\/04\/novagifloracat-300x300.png",300,300,true],"medium_large":["https:\/\/importadoracristinateran.com\/wp-content\/uploads\/2025\/04\/novagifloracat-768x768.png",768,768,true],"large":["https:\/\/importadoracristinateran.com\/wp-content\/uploads\/2025\/04\/novagifloracat-1024x1024.png",1024,1024,true],"1536x1536":["https:\/\/importadoracristinateran.com\/wp-content\/uploads\/2025\/04\/novagifloracat.png",1080,1080,false],"2048x2048":["https:\/\/importadoracristinateran.com\/wp-content\/uploads\/2025\/04\/novagifloracat.png",1080,1080,false],"woocommerce_thumbnail":["https:\/\/importadoracristinateran.com\/wp-content\/uploads\/2025\/04\/novagifloracat-300x300.png",300,300,true],"woocommerce_single":["https:\/\/importadoracristinateran.com\/wp-content\/uploads\/2025\/04\/novagifloracat-600x600.png",600,600,true],"woocommerce_gallery_thumbnail":["https:\/\/importadoracristinateran.com\/wp-content\/uploads\/2025\/04\/novagifloracat-100x100.png",100,100,true],"dgwt-wcas-product-suggestion":["https:\/\/importadoracristinateran.com\/wp-content\/uploads\/2025\/04\/novagifloracat-64x64.png",64,64,true]},"uagb_author_info":{"display_name":"mcris.import@gmail.com","author_link":"https:\/\/importadoracristinateran.com\/?author=0"},"uagb_comment_info":0,"uagb_excerpt":"Descripci\u00f3n PREBIOTICS &amp; PROBIOTICS FELINE SUPPLEMENT for cats of all ages \u00b7 Acci\u00f3n Simbi\u00f3tica de Prebi\u00f3ticos y Probi\u00f3ticos, para colaborar al control de la diarrea y promover un Microbioma intestinal saludable. Contiene PROBI\u00d3TICOS ACTIVOS VIVOS MICROENCAPSULADOS como: Enterococcus faecium, Bacillus subtilis, Lactobacillus acidophilus y Lactobacillus rhamnosus. Adem\u00e1s contiene la FIBRA PREBI\u00d3TICA \u2013 PSYLLIUM que estimula&hellip;","_links":{"self":[{"href":"https:\/\/importadoracristinateran.com\/index.php?rest_route=\/wp\/v2\/product\/1066","targetHints":{"allow":["GET"]}}],"collection":[{"href":"https:\/\/importadoracristinateran.com\/index.php?rest_route=\/wp\/v2\/product"}],"about":[{"href":"https:\/\/importadoracristinateran.com\/index.php?rest_route=\/wp\/v2\/types\/product"}],"replies":[{"embeddable":true,"href":"https:\/\/importadoracristinateran.com\/index.php?rest_route=%2Fwp%2Fv2%2Fcomments&post=1066"}],"wp:featuredmedia":[{"embeddable":true,"href":"https:\/\/importadoracristinateran.com\/index.php?rest_route=\/wp\/v2\/media\/1067"}],"wp:attachment":[{"href":"https:\/\/importadoracristinateran.com\/index.php?rest_route=%2Fwp%2Fv2%2Fmedia&parent=1066"}],"wp:term":[{"taxonomy":"product_brand","embeddable":true,"href":"https:\/\/importadoracristinateran.com\/index.php?rest_route=%2Fwp%2Fv2%2Fproduct_brand&post=1066"},{"taxonomy":"product_cat","embeddable":true,"href":"https:\/\/importadoracristinateran.com\/index.php?rest_route=%2Fwp%2Fv2%2Fproduct_cat&post=1066"},{"taxonomy":"product_tag","embeddable":true,"href":"https:\/\/importadoracristinateran.com\/index.php?rest_route=%2Fwp%2Fv2%2Fproduct_tag&post=1066"}],"curies":[{"name":"wp","href":"https:\/\/api.w.org\/{rel}","templated":true}]}}