{"id":1071,"date":"2025-04-15T00:38:49","date_gmt":"2025-04-15T00:38:49","guid":{"rendered":"https:\/\/importadoracristinateran.com\/?post_type=product&#038;p=1071"},"modified":"2025-05-09T23:18:50","modified_gmt":"2025-05-09T23:18:50","slug":"recov-nova","status":"publish","type":"product","link":"https:\/\/importadoracristinateran.com\/?product=recov-nova","title":{"rendered":"Recov \u2013 Nova"},"content":{"rendered":"<h2>Descripci\u00f3n<\/h2>\n<p><b>RECOV<\/b>\u00a0producto desarrollado para brindar una alta energ\u00eda a perros y gatos formulado en base de amino\u00e1cidos esenciales, vitaminas, minerales y oligoelementos.<\/p>\n<p><b>RECOV<\/b>\u00a0es indicado para nuestros animales cuando presentan convalecencia postoperatoria, p\u00e9rdida de apetito, estados carenciales, desarrollo de animales j\u00f3venes, per\u00edodos de esfuerzos prolongados, estr\u00e9s y\/o entrenamiento, recuperaci\u00f3n de enfermedades debilitantes (diarreas), trastornos de la nutrici\u00f3n (como hiporexia), hembras gestantes o en lactaci\u00f3n, neonatolog\u00eda (para evitar estados de hipoglucemia del reci\u00e9n nacido).<\/p>\n<ul>\n<li><b>ALTA ENERG\u00cdA<\/b><\/li>\n<li><b>AMINO\u00c1CIDOS<\/b><\/li>\n<li><b>VITAMINAS \u2013 MINERALES -OLIGOELEMENTOS<\/b><\/li>\n<\/ul>\n<p><b>Ingredientes:\u00a0<\/b>Jarabe de Ma\u00edz, Aceite de Girasol, Treonina, Tript\u00f3fano, Isoleucina, Valina, Arginina, Ciste\u00edna, Taurina, L-Lisina, Metionina, Vitamina B3, Zinc Org\u00e1nico, Sulfato de Magnesio, Sulfato de Manganeso, Calcio Org\u00e1nico, Hierro Org\u00e1nico, F\u00f3sforo Org\u00e1nico, \u00c1cido F\u00f3lico, Yoduro de Potasio, Sorbato de Potasio, Vitamina A, Vitamina D3, Vitamina E, Vitamina B12, Vitamina B1, Vitamina B6, Vitamina B3, Biotina, Colina.<\/p>\n<p><b>DOSIS<\/b><\/p>\n<p><img decoding=\"async\" class=\"emoji\" role=\"img\" draggable=\"false\" src=\"https:\/\/s.w.org\/images\/core\/emoji\/15.0.3\/svg\/25aa.svg\" alt=\"\u25aa\" \/>\u00a0Administre a gatos y perros desde los dos meses de edad (o a criterio del M\u00e9dico Veterinario, seg\u00fan el caso), por v\u00eda oral, a raz\u00f3n de 1 a 2 cucharadas (una cucharada = 5 ml) por cada 5 Kg. de peso del animal, por d\u00eda. En caso de anorexia, como fuente principal de energ\u00eda, administrar por v\u00eda oral, de 2 a 4 cucharadas por cada 5 Kg. de peso del animal, por d\u00eda.<\/p>\n<p><b>PRECAUCI\u00d3N Y MANEJO<\/b><\/p>\n<p><img decoding=\"async\" class=\"emoji\" role=\"img\" draggable=\"false\" src=\"https:\/\/s.w.org\/images\/core\/emoji\/15.0.3\/svg\/25aa.svg\" alt=\"\u25aa\" \/>\u00a0Producto de uso veterinario.<\/p>\n<p><img decoding=\"async\" class=\"emoji\" role=\"img\" draggable=\"false\" src=\"https:\/\/s.w.org\/images\/core\/emoji\/15.0.3\/svg\/25aa.svg\" alt=\"\u25aa\" \/>\u00a0Mantener en lugar fresco y seco, alejado de la luz solar.<\/p>\n<p><img decoding=\"async\" class=\"emoji\" role=\"img\" draggable=\"false\" src=\"https:\/\/s.w.org\/images\/core\/emoji\/15.0.3\/svg\/25aa.svg\" alt=\"\u25aa\" \/>\u00a0Una vez abierto el sobre, usar en su totalidad, no almacenarlo.<\/p>\n<p><img decoding=\"async\" class=\"emoji\" role=\"img\" draggable=\"false\" src=\"https:\/\/s.w.org\/images\/core\/emoji\/15.0.3\/svg\/25aa.svg\" alt=\"\u25aa\" \/>\u00a0Mantener fuera del alcance de los ni\u00f1os.<\/p>\n<p><b>PRESENTACI\u00d3N:\u00a0<\/b>Tubo 100 g (3.53 Oz)<\/p>\n<p><b>VIDA \u00daTIL:\u00a0<\/b>12 meses.<\/p>\n","protected":false},"excerpt":{"rendered":"<p><b>RECOV<\/b>\u00a0producto desarrollado para brindar una alta energ\u00eda a perros y gatos formulado en base de amino\u00e1cidos esenciales, vitaminas, minerales y oligoelementos.<\/p>\n<ul>\n<li><b>ALTA ENERG\u00cdA<\/b><\/li>\n<li><b>AMINO\u00c1CIDOS<\/b><\/li>\n<li><b>VITAMINAS \u2013 MINERALES -OLIGOELEMENTOS<\/b><\/li>\n<\/ul>\n<p><b>PRESENTACI\u00d3N:\u00a0<\/b>Tubo 100 g (3.53 Oz)<\/p>\n<p><b>VIDA \u00daTIL:\u00a0<\/b>12 meses.<\/p>\n","protected":false},"featured_media":1072,"comment_status":"open","ping_status":"closed","template":"","meta":{"_uag_custom_page_level_css":"","site-sidebar-layout":"default","site-content-layout":"","ast-site-content-layout":"default","site-content-style":"default","site-sidebar-style":"default","ast-global-header-display":"","ast-banner-title-visibility":"","ast-main-header-display":"","ast-hfb-above-header-display":"","ast-hfb-below-header-display":"","ast-hfb-mobile-header-display":"","site-post-title":"","ast-breadcrumbs-content":"","ast-featured-img":"","footer-sml-layout":"","theme-transparent-header-meta":"default","adv-header-id-meta":"","stick-header-meta":"","header-above-stick-meta":"","header-main-stick-meta":"","header-below-stick-meta":"","astra-migrate-meta-layouts":"set","ast-page-background-enabled":"default","ast-page-background-meta":{"desktop":{"background-color":"var(--ast-global-color-5)","background-image":"","background-repeat":"repeat","background-position":"center center","background-size":"auto","background-attachment":"scroll","background-type":"","background-media":"","overlay-type":"","overlay-color":"","overlay-opacity":"","overlay-gradient":""},"tablet":{"background-color":"","background-image":"","background-repeat":"repeat","background-position":"center center","background-size":"auto","background-attachment":"scroll","background-type":"","background-media":"","overlay-type":"","overlay-color":"","overlay-opacity":"","overlay-gradient":""},"mobile":{"background-color":"","background-image":"","background-repeat":"repeat","background-position":"center center","background-size":"auto","background-attachment":"scroll","background-type":"","background-media":"","overlay-type":"","overlay-color":"","overlay-opacity":"","overlay-gradient":""}},"ast-content-background-meta":{"desktop":{"background-color":"var(--ast-global-color-4)","background-image":"","background-repeat":"repeat","background-position":"center center","background-size":"auto","background-attachment":"scroll","background-type":"","background-media":"","overlay-type":"","overlay-color":"","overlay-opacity":"","overlay-gradient":""},"tablet":{"background-color":"var(--ast-global-color-4)","background-image":"","background-repeat":"repeat","background-position":"center center","background-size":"auto","background-attachment":"scroll","background-type":"","background-media":"","overlay-type":"","overlay-color":"","overlay-opacity":"","overlay-gradient":""},"mobile":{"background-color":"var(--ast-global-color-4)","background-image":"","background-repeat":"repeat","background-position":"center center","background-size":"auto","background-attachment":"scroll","background-type":"","background-media":"","overlay-type":"","overlay-color":"","overlay-opacity":"","overlay-gradient":""}},"_joinchat":[]},"product_brand":[],"product_cat":[96],"product_tag":[],"class_list":{"0":"post-1071","1":"product","2":"type-product","3":"status-publish","4":"has-post-thumbnail","6":"product_cat-labnova","7":"desktop-align-left","8":"tablet-align-left","9":"mobile-align-left","11":"first","12":"instock","13":"shipping-taxable","14":"product-type-external"},"aioseo_notices":[],"uagb_featured_image_src":{"full":["https:\/\/importadoracristinateran.com\/wp-content\/uploads\/2025\/04\/nova7.png",1080,1080,false],"thumbnail":["https:\/\/importadoracristinateran.com\/wp-content\/uploads\/2025\/04\/nova7-150x150.png",150,150,true],"medium":["https:\/\/importadoracristinateran.com\/wp-content\/uploads\/2025\/04\/nova7-300x300.png",300,300,true],"medium_large":["https:\/\/importadoracristinateran.com\/wp-content\/uploads\/2025\/04\/nova7-768x768.png",768,768,true],"large":["https:\/\/importadoracristinateran.com\/wp-content\/uploads\/2025\/04\/nova7-1024x1024.png",1024,1024,true],"1536x1536":["https:\/\/importadoracristinateran.com\/wp-content\/uploads\/2025\/04\/nova7.png",1080,1080,false],"2048x2048":["https:\/\/importadoracristinateran.com\/wp-content\/uploads\/2025\/04\/nova7.png",1080,1080,false],"woocommerce_thumbnail":["https:\/\/importadoracristinateran.com\/wp-content\/uploads\/2025\/04\/nova7-300x300.png",300,300,true],"woocommerce_single":["https:\/\/importadoracristinateran.com\/wp-content\/uploads\/2025\/04\/nova7-600x600.png",600,600,true],"woocommerce_gallery_thumbnail":["https:\/\/importadoracristinateran.com\/wp-content\/uploads\/2025\/04\/nova7-100x100.png",100,100,true],"dgwt-wcas-product-suggestion":["https:\/\/importadoracristinateran.com\/wp-content\/uploads\/2025\/04\/nova7-64x64.png",64,64,true]},"uagb_author_info":{"display_name":"mcris.import@gmail.com","author_link":"https:\/\/importadoracristinateran.com\/?author=0"},"uagb_comment_info":0,"uagb_excerpt":"RECOV\u00a0producto desarrollado para brindar una alta energ\u00eda a perros y gatos formulado en base de amino\u00e1cidos esenciales, vitaminas, minerales y oligoelementos. ALTA ENERG\u00cdA AMINO\u00c1CIDOS VITAMINAS \u2013 MINERALES -OLIGOELEMENTOS PRESENTACI\u00d3N:\u00a0Tubo 100 g (3.53 Oz) VIDA \u00daTIL:\u00a012 meses.","_links":{"self":[{"href":"https:\/\/importadoracristinateran.com\/index.php?rest_route=\/wp\/v2\/product\/1071","targetHints":{"allow":["GET"]}}],"collection":[{"href":"https:\/\/importadoracristinateran.com\/index.php?rest_route=\/wp\/v2\/product"}],"about":[{"href":"https:\/\/importadoracristinateran.com\/index.php?rest_route=\/wp\/v2\/types\/product"}],"replies":[{"embeddable":true,"href":"https:\/\/importadoracristinateran.com\/index.php?rest_route=%2Fwp%2Fv2%2Fcomments&post=1071"}],"wp:featuredmedia":[{"embeddable":true,"href":"https:\/\/importadoracristinateran.com\/index.php?rest_route=\/wp\/v2\/media\/1072"}],"wp:attachment":[{"href":"https:\/\/importadoracristinateran.com\/index.php?rest_route=%2Fwp%2Fv2%2Fmedia&parent=1071"}],"wp:term":[{"taxonomy":"product_brand","embeddable":true,"href":"https:\/\/importadoracristinateran.com\/index.php?rest_route=%2Fwp%2Fv2%2Fproduct_brand&post=1071"},{"taxonomy":"product_cat","embeddable":true,"href":"https:\/\/importadoracristinateran.com\/index.php?rest_route=%2Fwp%2Fv2%2Fproduct_cat&post=1071"},{"taxonomy":"product_tag","embeddable":true,"href":"https:\/\/importadoracristinateran.com\/index.php?rest_route=%2Fwp%2Fv2%2Fproduct_tag&post=1071"}],"curies":[{"name":"wp","href":"https:\/\/api.w.org\/{rel}","templated":true}]}}