{"id":1073,"date":"2025-04-15T00:45:00","date_gmt":"2025-04-15T00:45:00","guid":{"rendered":"https:\/\/importadoracristinateran.com\/?post_type=product&#038;p=1073"},"modified":"2025-05-09T23:18:34","modified_gmt":"2025-05-09T23:18:34","slug":"calm-hairball-nova","status":"publish","type":"product","link":"https:\/\/importadoracristinateran.com\/?product=calm-hairball-nova","title":{"rendered":"Calm &#038; Hairball \u2013 Nova"},"content":{"rendered":"<h2>Descripci\u00f3n<\/h2>\n<p><b>CALM &amp; HAIRBALL\u00a0<\/b>modula los niveles de serotonina debido al probi\u00f3tico Bifidobacterium longum en sinergia con la Alfa Casozepina y el Tript\u00f3fano, los cuales permiten modular los niveles de serotonina, ayudando a reducir el estr\u00e9s y la ansiedad.<\/p>\n<p>&nbsp;<\/p>\n<p><b>CALM &amp; HAIRBALL\u00a0<\/b>ayuda a mantener un comportamiento tranquilo. Promueve estados emocionales positivos (jugar, buscar contacto social). Brinda soporte ante situaciones estresantes (cambios de rutina, visitantes desconocidos, sonidos novedosos, mudanzas).<\/p>\n<p>Entre sus ingredientes podemos encontrar el Psyllium que facilita el tr\u00e1nsito del pelo a trav\u00e9s del intestino, reduciendo la incidencia de regurgitaci\u00f3n y v\u00f3mito de bolas de pelo. Ayuda en el manejo de la constipaci\u00f3n felina.<\/p>\n<p><b>MODULACI\u00d3N DE<\/b><b>\u00a0LOS NIVELES DE SEROTONINA<\/b><\/p>\n<p>El probi\u00f3tico Bifidobacterium longum en sinergia con la Alfa Casozepina y el Tript\u00f3fano, modulan los niveles de serotonina, ayudando a reducir el estr\u00e9s y la ansiedad.<\/p>\n<p><b>MANEJO DEL ESTR\u00c9S Y BIENESTAR GENERAL<\/b><\/p>\n<p>Ayuda a mantener un comportamiento tranquilo. Promueve estados emocionales positivos (jugar, buscar contacto social). Brinda soporte ante situaciones estresantes (cambios de rutina, visitantes desconocidos, sonidos novedosos, mudanzas).<\/p>\n<p><b>CONTROL DE BOLAS DE PELO<\/b><\/p>\n<p>El Psyllium facilita el tr\u00e1nsito del pelo a trav\u00e9s del intestino, reduciendo la incidencia de regurgitaci\u00f3n y v\u00f3mito de bolas de pelo. Ayuda en el manejo de la constipaci\u00f3n felina.<\/p>\n<p><strong>Alfa casozepina<\/strong><\/p>\n<p>P\u00e9ptido bioactivo con propiedades ansiol\u00edticas, que se obtiene a partir de la leche, mediante hidr\u00f3lisis tr\u00edptica. Posee afinidad selectiva por el sitio de uni\u00f3n de las benzodiazepinas en los receptores GABA de tipo A del cerebro, y potencia la actividad del GABA.<\/p>\n<p><strong>Bifidobacterium longum<\/strong><\/p>\n<p>Probi\u00f3tico que ejerce efectos de sobre la expresi\u00f3n del \u00e1cido ribonucleico mensajero (ARNm) y la prote\u00edna del transportador de serotonina (SERT), y puede regular positivamente los niveles de prote\u00edna y ARNm de SERT en las c\u00e9lulas epiteliales intestinales.<\/p>\n<p><strong>L-tript\u00f3fano<\/strong><\/p>\n<p>Amino\u00e1cido esencial \u2013 Precursor de la serotonina y melatonina \u2013 Efecto calmante y estabilizador sobre el comportamiento \u2013 Regulador del Ritmo Circadiano.<\/p>\n<p><strong>Melatonina<\/strong><\/p>\n<p>Hormona \u2013 Regula el Ritmo Circadiano \u2013 Ayuda a restaurar los ciclos naturales del sue\u00f1o \u2013 Efectos calmantes.<\/p>\n<p><strong>L-teanina<\/strong><\/p>\n<p>Amino\u00e1cido \u2013 Aumenta liberaci\u00f3n de GABA que regula a la serotonina \u2013 Inhibe la uni\u00f3n del neurotransmisor excitador (\u00e1cido L-glut\u00e1mico) en los receptores del glutamato \u2013 Facilita la generaci\u00f3n de ondas alfa en el cerebro, que est\u00e1n asociadas con estados de relajaci\u00f3n.<\/p>\n<p><strong>Psyllium<\/strong><\/p>\n<p>Derivado de la plantago ovata, el fruto resultante tiene semillas con una c\u00e1scara interna, conocida popularmente como psyllium plantago. Ayuda al manejo de los efectos del estre\u00f1imiento y a regular un tr\u00e1nsito f\u00e1cil.<\/p>\n<p><b>Ingredientes<\/b><b>:\u00a0<\/b>Glicerina, Aceite de Girasol Org\u00e1nico, Aceite Mineral,\u00a0<b>Psyllium<\/b>, Hidrolizado Proteico de Pollo, Vitamina E, Taurina, Sorbato de Potasio, Benzoato de Sodio,\u00a0<b>Manzanilla Org\u00e1nica<\/b>,\u00a0<b>Melatonina<\/b>,\u00a0<b>L-<\/b><b>theanina<\/b>,\u00a0<b>Extracto de Pasiflora Org\u00e1nica<\/b>,\u00a0<b>Panax<\/b><b>\u00a0Ginseng<\/b>,\u00a0<b>Extracto de Valeriana Org\u00e1nica<\/b>,\u00a0<b>Alfa\u00a0<\/b><b>Casozepina<\/b>, Treonina,\u00a0<b>Tript\u00f3fano<\/b>, Isoleucina, Valina, Arginina, Ciste\u00edna,\u00a0<b>Bifidobacterium\u00a0<\/b><b>longum<\/b>.<\/p>\n","protected":false},"excerpt":{"rendered":"<p><b>CALM &amp; HAIRBALL\u00a0<\/b>modula los niveles de serotonina debido al probi\u00f3tico Bifidobacterium longum en sinergia con la Alfa Casozepina y el Tript\u00f3fano, los cuales permiten modular los niveles de serotonina, ayudando a reducir el estr\u00e9s y la ansiedad.<\/p>\n<p><b>MODULACI\u00d3N DE<\/b><b>\u00a0LOS NIVELES DE SEROTONINA<\/b><\/p>\n<p><b>MANEJO DEL ESTR\u00c9S Y BIENESTAR GENERAL<\/b><\/p>\n<p><b>CONTROL DE BOLAS DE PELO<\/b><\/p>\n<p>Tubo 100g<\/p>\n","protected":false},"featured_media":1074,"comment_status":"open","ping_status":"closed","template":"","meta":{"_uag_custom_page_level_css":"","site-sidebar-layout":"default","site-content-layout":"","ast-site-content-layout":"default","site-content-style":"default","site-sidebar-style":"default","ast-global-header-display":"","ast-banner-title-visibility":"","ast-main-header-display":"","ast-hfb-above-header-display":"","ast-hfb-below-header-display":"","ast-hfb-mobile-header-display":"","site-post-title":"","ast-breadcrumbs-content":"","ast-featured-img":"","footer-sml-layout":"","theme-transparent-header-meta":"default","adv-header-id-meta":"","stick-header-meta":"","header-above-stick-meta":"","header-main-stick-meta":"","header-below-stick-meta":"","astra-migrate-meta-layouts":"set","ast-page-background-enabled":"default","ast-page-background-meta":{"desktop":{"background-color":"var(--ast-global-color-5)","background-image":"","background-repeat":"repeat","background-position":"center center","background-size":"auto","background-attachment":"scroll","background-type":"","background-media":"","overlay-type":"","overlay-color":"","overlay-opacity":"","overlay-gradient":""},"tablet":{"background-color":"","background-image":"","background-repeat":"repeat","background-position":"center center","background-size":"auto","background-attachment":"scroll","background-type":"","background-media":"","overlay-type":"","overlay-color":"","overlay-opacity":"","overlay-gradient":""},"mobile":{"background-color":"","background-image":"","background-repeat":"repeat","background-position":"center center","background-size":"auto","background-attachment":"scroll","background-type":"","background-media":"","overlay-type":"","overlay-color":"","overlay-opacity":"","overlay-gradient":""}},"ast-content-background-meta":{"desktop":{"background-color":"var(--ast-global-color-4)","background-image":"","background-repeat":"repeat","background-position":"center center","background-size":"auto","background-attachment":"scroll","background-type":"","background-media":"","overlay-type":"","overlay-color":"","overlay-opacity":"","overlay-gradient":""},"tablet":{"background-color":"var(--ast-global-color-4)","background-image":"","background-repeat":"repeat","background-position":"center center","background-size":"auto","background-attachment":"scroll","background-type":"","background-media":"","overlay-type":"","overlay-color":"","overlay-opacity":"","overlay-gradient":""},"mobile":{"background-color":"var(--ast-global-color-4)","background-image":"","background-repeat":"repeat","background-position":"center center","background-size":"auto","background-attachment":"scroll","background-type":"","background-media":"","overlay-type":"","overlay-color":"","overlay-opacity":"","overlay-gradient":""}},"_joinchat":[]},"product_brand":[],"product_cat":[96],"product_tag":[],"class_list":{"0":"post-1073","1":"product","2":"type-product","3":"status-publish","4":"has-post-thumbnail","6":"product_cat-labnova","7":"desktop-align-left","8":"tablet-align-left","9":"mobile-align-left","11":"first","12":"instock","13":"shipping-taxable","14":"product-type-external"},"aioseo_notices":[],"uagb_featured_image_src":{"full":["https:\/\/importadoracristinateran.com\/wp-content\/uploads\/2025\/04\/nova8.jpg",1080,1080,false],"thumbnail":["https:\/\/importadoracristinateran.com\/wp-content\/uploads\/2025\/04\/nova8-150x150.jpg",150,150,true],"medium":["https:\/\/importadoracristinateran.com\/wp-content\/uploads\/2025\/04\/nova8-300x300.jpg",300,300,true],"medium_large":["https:\/\/importadoracristinateran.com\/wp-content\/uploads\/2025\/04\/nova8-768x768.jpg",768,768,true],"large":["https:\/\/importadoracristinateran.com\/wp-content\/uploads\/2025\/04\/nova8-1024x1024.jpg",1024,1024,true],"1536x1536":["https:\/\/importadoracristinateran.com\/wp-content\/uploads\/2025\/04\/nova8.jpg",1080,1080,false],"2048x2048":["https:\/\/importadoracristinateran.com\/wp-content\/uploads\/2025\/04\/nova8.jpg",1080,1080,false],"woocommerce_thumbnail":["https:\/\/importadoracristinateran.com\/wp-content\/uploads\/2025\/04\/nova8-300x300.jpg",300,300,true],"woocommerce_single":["https:\/\/importadoracristinateran.com\/wp-content\/uploads\/2025\/04\/nova8-600x600.jpg",600,600,true],"woocommerce_gallery_thumbnail":["https:\/\/importadoracristinateran.com\/wp-content\/uploads\/2025\/04\/nova8-100x100.jpg",100,100,true],"dgwt-wcas-product-suggestion":["https:\/\/importadoracristinateran.com\/wp-content\/uploads\/2025\/04\/nova8-64x64.jpg",64,64,true]},"uagb_author_info":{"display_name":"mcris.import@gmail.com","author_link":"https:\/\/importadoracristinateran.com\/?author=0"},"uagb_comment_info":0,"uagb_excerpt":"CALM &amp; HAIRBALL\u00a0modula los niveles de serotonina debido al probi\u00f3tico Bifidobacterium longum en sinergia con la Alfa Casozepina y el Tript\u00f3fano, los cuales permiten modular los niveles de serotonina, ayudando a reducir el estr\u00e9s y la ansiedad. MODULACI\u00d3N DE\u00a0LOS NIVELES DE SEROTONINA MANEJO DEL ESTR\u00c9S Y BIENESTAR GENERAL CONTROL DE BOLAS DE PELO Tubo 100g","_links":{"self":[{"href":"https:\/\/importadoracristinateran.com\/index.php?rest_route=\/wp\/v2\/product\/1073","targetHints":{"allow":["GET"]}}],"collection":[{"href":"https:\/\/importadoracristinateran.com\/index.php?rest_route=\/wp\/v2\/product"}],"about":[{"href":"https:\/\/importadoracristinateran.com\/index.php?rest_route=\/wp\/v2\/types\/product"}],"replies":[{"embeddable":true,"href":"https:\/\/importadoracristinateran.com\/index.php?rest_route=%2Fwp%2Fv2%2Fcomments&post=1073"}],"wp:featuredmedia":[{"embeddable":true,"href":"https:\/\/importadoracristinateran.com\/index.php?rest_route=\/wp\/v2\/media\/1074"}],"wp:attachment":[{"href":"https:\/\/importadoracristinateran.com\/index.php?rest_route=%2Fwp%2Fv2%2Fmedia&parent=1073"}],"wp:term":[{"taxonomy":"product_brand","embeddable":true,"href":"https:\/\/importadoracristinateran.com\/index.php?rest_route=%2Fwp%2Fv2%2Fproduct_brand&post=1073"},{"taxonomy":"product_cat","embeddable":true,"href":"https:\/\/importadoracristinateran.com\/index.php?rest_route=%2Fwp%2Fv2%2Fproduct_cat&post=1073"},{"taxonomy":"product_tag","embeddable":true,"href":"https:\/\/importadoracristinateran.com\/index.php?rest_route=%2Fwp%2Fv2%2Fproduct_tag&post=1073"}],"curies":[{"name":"wp","href":"https:\/\/api.w.org\/{rel}","templated":true}]}}