{"id":1079,"date":"2025-04-15T01:10:49","date_gmt":"2025-04-15T01:10:49","guid":{"rendered":"https:\/\/importadoracristinateran.com\/?post_type=product&#038;p=1079"},"modified":"2025-04-15T01:11:41","modified_gmt":"2025-04-15T01:11:41","slug":"aminolab-forte","status":"publish","type":"product","link":"https:\/\/importadoracristinateran.com\/?product=aminolab-forte","title":{"rendered":"Aminolab Forte"},"content":{"rendered":"<p>Tratamiento de deshidrataci\u00f3n por procesos diarr\u00e9icos, p\u00e9rdida de sangre,quemaduras, v\u00f3mitos, etc. Igualmente en los casos de desnutrici\u00f3n con retardo en el crecimiento y una disminuci\u00f3n de la producci\u00f3n animal, animales sometidos o por someter a grandes esfuerzos f\u00edsicos (deportes, trabajo, carga). Dosis Aplicable para rehidrataci\u00f3n: V\u00eda Endovenosa, Subcut\u00e1nea,Intraperitoneal u oral. Animales Adultos: 1mL, Animales j\u00f3venes: 2 mL por kilo de peso vivo.Para Ceba y Engorde de Ganado:Via Intramuscular o Subcutanea, 10 ml por animal despu\u00e9s del periodo de destete. Para la terminacion del novillo una dosis de 10 ml a los 90 d\u00edas, 60 d\u00edas y 30 d\u00edas antes del sacrificio.<\/p>\n","protected":false},"excerpt":{"rendered":"<p>Ideal para:<\/p>\n<ul>\n<li>Animales bajos de peso<\/li>\n<li>Animales d\u00e9biles<\/li>\n<li>Rehidratante y reconstituyente<\/li>\n<\/ul>\n","protected":false},"featured_media":1080,"comment_status":"open","ping_status":"closed","template":"","meta":{"_uag_custom_page_level_css":"","site-sidebar-layout":"default","site-content-layout":"","ast-site-content-layout":"default","site-content-style":"default","site-sidebar-style":"default","ast-global-header-display":"","ast-banner-title-visibility":"","ast-main-header-display":"","ast-hfb-above-header-display":"","ast-hfb-below-header-display":"","ast-hfb-mobile-header-display":"","site-post-title":"","ast-breadcrumbs-content":"","ast-featured-img":"","footer-sml-layout":"","theme-transparent-header-meta":"default","adv-header-id-meta":"","stick-header-meta":"","header-above-stick-meta":"","header-main-stick-meta":"","header-below-stick-meta":"","astra-migrate-meta-layouts":"set","ast-page-background-enabled":"default","ast-page-background-meta":{"desktop":{"background-color":"var(--ast-global-color-5)","background-image":"","background-repeat":"repeat","background-position":"center center","background-size":"auto","background-attachment":"scroll","background-type":"","background-media":"","overlay-type":"","overlay-color":"","overlay-opacity":"","overlay-gradient":""},"tablet":{"background-color":"","background-image":"","background-repeat":"repeat","background-position":"center center","background-size":"auto","background-attachment":"scroll","background-type":"","background-media":"","overlay-type":"","overlay-color":"","overlay-opacity":"","overlay-gradient":""},"mobile":{"background-color":"","background-image":"","background-repeat":"repeat","background-position":"center center","background-size":"auto","background-attachment":"scroll","background-type":"","background-media":"","overlay-type":"","overlay-color":"","overlay-opacity":"","overlay-gradient":""}},"ast-content-background-meta":{"desktop":{"background-color":"var(--ast-global-color-4)","background-image":"","background-repeat":"repeat","background-position":"center center","background-size":"auto","background-attachment":"scroll","background-type":"","background-media":"","overlay-type":"","overlay-color":"","overlay-opacity":"","overlay-gradient":""},"tablet":{"background-color":"var(--ast-global-color-4)","background-image":"","background-repeat":"repeat","background-position":"center center","background-size":"auto","background-attachment":"scroll","background-type":"","background-media":"","overlay-type":"","overlay-color":"","overlay-opacity":"","overlay-gradient":""},"mobile":{"background-color":"var(--ast-global-color-4)","background-image":"","background-repeat":"repeat","background-position":"center center","background-size":"auto","background-attachment":"scroll","background-type":"","background-media":"","overlay-type":"","overlay-color":"","overlay-opacity":"","overlay-gradient":""}},"_joinchat":[]},"product_brand":[],"product_cat":[91],"product_tag":[],"class_list":{"0":"post-1079","1":"product","2":"type-product","3":"status-publish","4":"has-post-thumbnail","6":"product_cat-labfarcovet","7":"desktop-align-left","8":"tablet-align-left","9":"mobile-align-left","11":"first","12":"instock","13":"shipping-taxable","14":"product-type-external"},"aioseo_notices":[],"uagb_featured_image_src":{"full":["https:\/\/importadoracristinateran.com\/wp-content\/uploads\/2025\/04\/aminolab.png",1080,1080,false],"thumbnail":["https:\/\/importadoracristinateran.com\/wp-content\/uploads\/2025\/04\/aminolab-150x150.png",150,150,true],"medium":["https:\/\/importadoracristinateran.com\/wp-content\/uploads\/2025\/04\/aminolab-300x300.png",300,300,true],"medium_large":["https:\/\/importadoracristinateran.com\/wp-content\/uploads\/2025\/04\/aminolab-768x768.png",768,768,true],"large":["https:\/\/importadoracristinateran.com\/wp-content\/uploads\/2025\/04\/aminolab-1024x1024.png",1024,1024,true],"1536x1536":["https:\/\/importadoracristinateran.com\/wp-content\/uploads\/2025\/04\/aminolab.png",1080,1080,false],"2048x2048":["https:\/\/importadoracristinateran.com\/wp-content\/uploads\/2025\/04\/aminolab.png",1080,1080,false],"woocommerce_thumbnail":["https:\/\/importadoracristinateran.com\/wp-content\/uploads\/2025\/04\/aminolab-300x300.png",300,300,true],"woocommerce_single":["https:\/\/importadoracristinateran.com\/wp-content\/uploads\/2025\/04\/aminolab-600x600.png",600,600,true],"woocommerce_gallery_thumbnail":["https:\/\/importadoracristinateran.com\/wp-content\/uploads\/2025\/04\/aminolab-100x100.png",100,100,true],"dgwt-wcas-product-suggestion":["https:\/\/importadoracristinateran.com\/wp-content\/uploads\/2025\/04\/aminolab-64x64.png",64,64,true]},"uagb_author_info":{"display_name":"mcris.import@gmail.com","author_link":"https:\/\/importadoracristinateran.com\/?author=0"},"uagb_comment_info":0,"uagb_excerpt":"Ideal para: Animales bajos de peso Animales d\u00e9biles Rehidratante y reconstituyente","_links":{"self":[{"href":"https:\/\/importadoracristinateran.com\/index.php?rest_route=\/wp\/v2\/product\/1079","targetHints":{"allow":["GET"]}}],"collection":[{"href":"https:\/\/importadoracristinateran.com\/index.php?rest_route=\/wp\/v2\/product"}],"about":[{"href":"https:\/\/importadoracristinateran.com\/index.php?rest_route=\/wp\/v2\/types\/product"}],"replies":[{"embeddable":true,"href":"https:\/\/importadoracristinateran.com\/index.php?rest_route=%2Fwp%2Fv2%2Fcomments&post=1079"}],"wp:featuredmedia":[{"embeddable":true,"href":"https:\/\/importadoracristinateran.com\/index.php?rest_route=\/wp\/v2\/media\/1080"}],"wp:attachment":[{"href":"https:\/\/importadoracristinateran.com\/index.php?rest_route=%2Fwp%2Fv2%2Fmedia&parent=1079"}],"wp:term":[{"taxonomy":"product_brand","embeddable":true,"href":"https:\/\/importadoracristinateran.com\/index.php?rest_route=%2Fwp%2Fv2%2Fproduct_brand&post=1079"},{"taxonomy":"product_cat","embeddable":true,"href":"https:\/\/importadoracristinateran.com\/index.php?rest_route=%2Fwp%2Fv2%2Fproduct_cat&post=1079"},{"taxonomy":"product_tag","embeddable":true,"href":"https:\/\/importadoracristinateran.com\/index.php?rest_route=%2Fwp%2Fv2%2Fproduct_tag&post=1079"}],"curies":[{"name":"wp","href":"https:\/\/api.w.org\/{rel}","templated":true}]}}