{"id":1406,"date":"2025-04-29T21:07:02","date_gmt":"2025-04-29T21:07:02","guid":{"rendered":"https:\/\/importadoracristinateran.com\/?post_type=product&#038;p=1406"},"modified":"2025-04-29T21:07:50","modified_gmt":"2025-04-29T21:07:50","slug":"bravecto-pipeta-para-gatos","status":"publish","type":"product","link":"https:\/\/importadoracristinateran.com\/?product=bravecto-pipeta-para-gatos","title":{"rendered":"Bravecto\u00ae pipeta para gatos"},"content":{"rendered":"<div class=\"mah-grid-columns-container alignwide\">\n<div class=\"mah-grid-columns-inner\">\n<div class=\"mah-grid-column mah-grid-column--s-12 mah-grid-column--m-6 mah-grid-column--sl-6 mah-grid-column--l-6\">\n<p id=\"h-bravecto-es-un-comprimido-masticable-para-perros-que-protege-contra-pulgas-garrapatas-y-sarnas-durante-12-semanas\" class=\"wp-block-heading has-text-align-left has-primary-color has-text-color\">Bravecto\u00ae es una pipeta para gatos que protege contra pulgas, garrapatas y sarnas durante 12 semanas.<\/p>\n<\/div>\n<div class=\"mah-grid-column mah-grid-column--s-12 mah-grid-column--m-6 mah-grid-column--sl-6 mah-grid-column--l-6\">\n<p>Se puede aplicar como parte del tratamiento para el control de la dermatitis al\u00e9rgica por picaduras de pulgas (DAPP).<br \/>\nEfectivo contra las infestaciones por el \u00e1caro de la oreja.<\/p>\n<p><img fetchpriority=\"high\" decoding=\"async\" class=\"\" src=\"https:\/\/ar.bravecto.com\/wp-content\/uploads\/sites\/518\/2024\/06\/Tabla-gatos_Tabla-de-pesos.jpg\" width=\"350\" height=\"350\" \/><\/p>\n<p>Para gatos de m\u00e1s de 12,5 kg de peso, utiliz\u00e1 una combinaci\u00f3n de dos pipetas que se ajuste lo m\u00e1s posible al peso del animal.<\/p>\n<\/div>\n<\/div>\n<\/div>\n","protected":false},"excerpt":{"rendered":"<p>Para gatos de m\u00e1s de 12,5 kg de peso, utiliz\u00e1 una combinaci\u00f3n de dos pipetas que se ajuste lo m\u00e1s posible al peso del animal.<\/p>\n<ul>\n<li>Gracias a su sistema \u00abTwist &amp; Use\u00bb, ofrece una aplicaci\u00f3n r\u00e1pida y sin complicaciones.<\/li>\n<li>A diferencia de otras pipetas, el principio activo no queda en la piel, sino que es absorbido por v\u00eda transdermal por lo que su efecto no se va con los ba\u00f1os y dura m\u00e1s!<\/li>\n<\/ul>\n","protected":false},"featured_media":1407,"comment_status":"open","ping_status":"closed","template":"","meta":{"_uag_custom_page_level_css":"","site-sidebar-layout":"default","site-content-layout":"","ast-site-content-layout":"default","site-content-style":"default","site-sidebar-style":"default","ast-global-header-display":"","ast-banner-title-visibility":"","ast-main-header-display":"","ast-hfb-above-header-display":"","ast-hfb-below-header-display":"","ast-hfb-mobile-header-display":"","site-post-title":"","ast-breadcrumbs-content":"","ast-featured-img":"","footer-sml-layout":"","theme-transparent-header-meta":"default","adv-header-id-meta":"","stick-header-meta":"","header-above-stick-meta":"","header-main-stick-meta":"","header-below-stick-meta":"","astra-migrate-meta-layouts":"set","ast-page-background-enabled":"default","ast-page-background-meta":{"desktop":{"background-color":"var(--ast-global-color-5)","background-image":"","background-repeat":"repeat","background-position":"center center","background-size":"auto","background-attachment":"scroll","background-type":"","background-media":"","overlay-type":"","overlay-color":"","overlay-opacity":"","overlay-gradient":""},"tablet":{"background-color":"","background-image":"","background-repeat":"repeat","background-position":"center center","background-size":"auto","background-attachment":"scroll","background-type":"","background-media":"","overlay-type":"","overlay-color":"","overlay-opacity":"","overlay-gradient":""},"mobile":{"background-color":"","background-image":"","background-repeat":"repeat","background-position":"center center","background-size":"auto","background-attachment":"scroll","background-type":"","background-media":"","overlay-type":"","overlay-color":"","overlay-opacity":"","overlay-gradient":""}},"ast-content-background-meta":{"desktop":{"background-color":"var(--ast-global-color-4)","background-image":"","background-repeat":"repeat","background-position":"center center","background-size":"auto","background-attachment":"scroll","background-type":"","background-media":"","overlay-type":"","overlay-color":"","overlay-opacity":"","overlay-gradient":""},"tablet":{"background-color":"var(--ast-global-color-4)","background-image":"","background-repeat":"repeat","background-position":"center center","background-size":"auto","background-attachment":"scroll","background-type":"","background-media":"","overlay-type":"","overlay-color":"","overlay-opacity":"","overlay-gradient":""},"mobile":{"background-color":"var(--ast-global-color-4)","background-image":"","background-repeat":"repeat","background-position":"center center","background-size":"auto","background-attachment":"scroll","background-type":"","background-media":"","overlay-type":"","overlay-color":"","overlay-opacity":"","overlay-gradient":""}},"_joinchat":[]},"product_brand":[],"product_cat":[29],"product_tag":[],"class_list":{"0":"post-1406","1":"product","2":"type-product","3":"status-publish","4":"has-post-thumbnail","6":"product_cat-msdsaludanimal","7":"desktop-align-left","8":"tablet-align-left","9":"mobile-align-left","11":"first","12":"instock","13":"shipping-taxable","14":"product-type-external"},"aioseo_notices":[],"uagb_featured_image_src":{"full":["https:\/\/importadoracristinateran.com\/wp-content\/uploads\/2025\/04\/Bravecto-Plus-Pipeta-Antiparasitario-Interno-y-Externo-Para-Gato-300x300-1.jpg",300,300,false],"thumbnail":["https:\/\/importadoracristinateran.com\/wp-content\/uploads\/2025\/04\/Bravecto-Plus-Pipeta-Antiparasitario-Interno-y-Externo-Para-Gato-300x300-1-150x150.jpg",150,150,true],"medium":["https:\/\/importadoracristinateran.com\/wp-content\/uploads\/2025\/04\/Bravecto-Plus-Pipeta-Antiparasitario-Interno-y-Externo-Para-Gato-300x300-1.jpg",300,300,false],"medium_large":["https:\/\/importadoracristinateran.com\/wp-content\/uploads\/2025\/04\/Bravecto-Plus-Pipeta-Antiparasitario-Interno-y-Externo-Para-Gato-300x300-1.jpg",300,300,false],"large":["https:\/\/importadoracristinateran.com\/wp-content\/uploads\/2025\/04\/Bravecto-Plus-Pipeta-Antiparasitario-Interno-y-Externo-Para-Gato-300x300-1.jpg",300,300,false],"1536x1536":["https:\/\/importadoracristinateran.com\/wp-content\/uploads\/2025\/04\/Bravecto-Plus-Pipeta-Antiparasitario-Interno-y-Externo-Para-Gato-300x300-1.jpg",300,300,false],"2048x2048":["https:\/\/importadoracristinateran.com\/wp-content\/uploads\/2025\/04\/Bravecto-Plus-Pipeta-Antiparasitario-Interno-y-Externo-Para-Gato-300x300-1.jpg",300,300,false],"woocommerce_thumbnail":["https:\/\/importadoracristinateran.com\/wp-content\/uploads\/2025\/04\/Bravecto-Plus-Pipeta-Antiparasitario-Interno-y-Externo-Para-Gato-300x300-1.jpg",300,300,false],"woocommerce_single":["https:\/\/importadoracristinateran.com\/wp-content\/uploads\/2025\/04\/Bravecto-Plus-Pipeta-Antiparasitario-Interno-y-Externo-Para-Gato-300x300-1.jpg",300,300,false],"woocommerce_gallery_thumbnail":["https:\/\/importadoracristinateran.com\/wp-content\/uploads\/2025\/04\/Bravecto-Plus-Pipeta-Antiparasitario-Interno-y-Externo-Para-Gato-300x300-1-100x100.jpg",100,100,true],"dgwt-wcas-product-suggestion":["https:\/\/importadoracristinateran.com\/wp-content\/uploads\/2025\/04\/Bravecto-Plus-Pipeta-Antiparasitario-Interno-y-Externo-Para-Gato-300x300-1-64x64.jpg",64,64,true]},"uagb_author_info":{"display_name":"mcris.import@gmail.com","author_link":"https:\/\/importadoracristinateran.com\/?author=0"},"uagb_comment_info":0,"uagb_excerpt":"Para gatos de m\u00e1s de 12,5 kg de peso, utiliz\u00e1 una combinaci\u00f3n de dos pipetas que se ajuste lo m\u00e1s posible al peso del animal. Gracias a su sistema \u00abTwist &amp; Use\u00bb, ofrece una aplicaci\u00f3n r\u00e1pida y sin complicaciones. A diferencia de otras pipetas, el principio activo no queda en la piel, sino que es&hellip;","_links":{"self":[{"href":"https:\/\/importadoracristinateran.com\/index.php?rest_route=\/wp\/v2\/product\/1406","targetHints":{"allow":["GET"]}}],"collection":[{"href":"https:\/\/importadoracristinateran.com\/index.php?rest_route=\/wp\/v2\/product"}],"about":[{"href":"https:\/\/importadoracristinateran.com\/index.php?rest_route=\/wp\/v2\/types\/product"}],"replies":[{"embeddable":true,"href":"https:\/\/importadoracristinateran.com\/index.php?rest_route=%2Fwp%2Fv2%2Fcomments&post=1406"}],"wp:featuredmedia":[{"embeddable":true,"href":"https:\/\/importadoracristinateran.com\/index.php?rest_route=\/wp\/v2\/media\/1407"}],"wp:attachment":[{"href":"https:\/\/importadoracristinateran.com\/index.php?rest_route=%2Fwp%2Fv2%2Fmedia&parent=1406"}],"wp:term":[{"taxonomy":"product_brand","embeddable":true,"href":"https:\/\/importadoracristinateran.com\/index.php?rest_route=%2Fwp%2Fv2%2Fproduct_brand&post=1406"},{"taxonomy":"product_cat","embeddable":true,"href":"https:\/\/importadoracristinateran.com\/index.php?rest_route=%2Fwp%2Fv2%2Fproduct_cat&post=1406"},{"taxonomy":"product_tag","embeddable":true,"href":"https:\/\/importadoracristinateran.com\/index.php?rest_route=%2Fwp%2Fv2%2Fproduct_tag&post=1406"}],"curies":[{"name":"wp","href":"https:\/\/api.w.org\/{rel}","templated":true}]}}