{"id":1436,"date":"2025-05-06T16:02:15","date_gmt":"2025-05-06T16:02:15","guid":{"rendered":"https:\/\/importadoracristinateran.com\/?post_type=product&#038;p=1436"},"modified":"2025-05-06T16:10:11","modified_gmt":"2025-05-06T16:10:11","slug":"crema-fitovete","status":"publish","type":"product","link":"https:\/\/importadoracristinateran.com\/?product=crema-fitovete","title":{"rendered":"Crema Fitovete"},"content":{"rendered":"<div class=\"elementor-element elementor-element-853c620 elementor-widget elementor-widget-heading\" data-id=\"853c620\" data-element_type=\"widget\" data-widget_type=\"heading.default\">\n<div class=\"elementor-widget-container\">\n<p class=\"elementor-heading-title elementor-size-default\"><strong><span class=\"titu-banner-rojo\">\u00bfC\u00f3<\/span><span class=\"titu-banner-verde\">mo<\/span>\u00a0usar?<\/strong><\/p>\n<\/div>\n<\/div>\n<div class=\"elementor-element elementor-element-2992976 elementor-widget elementor-widget-heading\" data-id=\"2992976\" data-element_type=\"widget\" data-widget_type=\"heading.default\">\n<div class=\"elementor-widget-container\">\n<p class=\"elementor-heading-title elementor-size-default\">Aplicar una cantidad suficiente de crema sobre la zona afectada, cubriendo la totalidad de la lesi\u00f3n, una o dos veces al d\u00eda o seg\u00fan criterio del m\u00e9dico veterinario.<\/p>\n<\/div>\n<\/div>\n<div class=\"elementor-element elementor-element-41515dd elementor-widget elementor-widget-text-editor\" data-id=\"41515dd\" data-element_type=\"widget\" data-widget_type=\"text-editor.default\">\n<div class=\"elementor-widget-container\">\n<p><b>\u00bfD\u00f3nde usar fitovete\u00ae?<\/b><\/p>\n<\/div>\n<\/div>\n<div class=\"elementor-element elementor-element-bd2325a elementor-widget elementor-widget-text-editor\" data-id=\"bd2325a\" data-element_type=\"widget\" data-widget_type=\"text-editor.default\">\n<div class=\"elementor-widget-container\">\n<ul>\n<li aria-level=\"1\">Lesiones en la nariz<\/li>\n<li aria-level=\"1\">Otitis externa<\/li>\n<li aria-level=\"1\">Lesiones en los pies<\/li>\n<li aria-level=\"1\">Quemaduras<\/li>\n<li aria-level=\"1\">Dermatitis por lamido acral<\/li>\n<li aria-level=\"1\">Lesiones por intertrigo<\/li>\n<\/ul>\n<\/div>\n<\/div>\n<div class=\"elementor-element elementor-element-9f105ec elementor-widget elementor-widget-text-editor\" data-id=\"9f105ec\" data-element_type=\"widget\" data-widget_type=\"text-editor.default\">\n<div class=\"elementor-widget-container\">\n<p><b>Caracter\u00edsticas<\/b><\/p>\n<\/div>\n<\/div>\n<div class=\"elementor-element elementor-element-693ff69 elementor-widget elementor-widget-text-editor\" data-id=\"693ff69\" data-element_type=\"widget\" data-widget_type=\"text-editor.default\">\n<div class=\"elementor-widget-container\">\n<ul>\n<li aria-level=\"1\">Crema de origen natural, acci\u00f3n cicatrizante.<\/li>\n<li aria-level=\"1\">Antiinflamatoria, antioxidante, antis\u00e9ptica.<\/li>\n<li aria-level=\"1\">Segura para cachorros, hembras gestantes o lactantes.<\/li>\n<li aria-level=\"1\">Segura para cualquier tipo de herida.<\/li>\n<li aria-level=\"1\">Puede usarse en cualquier zona de las mucosas como zona genital externa o alrededor de los ojos.<\/li>\n<li aria-level=\"1\">Consigue un resultado est\u00e9tico de la cicatriz.<\/li>\n<\/ul>\n<\/div>\n<\/div>\n","protected":false},"excerpt":{"rendered":"<p>Fitovete\u00ae Crema es un producto t\u00f3pico utilizado en veterinaria, acelera la curaci\u00f3n de heridas de animales como quemaduras, raspaduras, cortes, mordeduras y hot spot. Ayuda a la recuperaci\u00f3n de la piel da\u00f1ada.<\/p>\n<p>USO EN: Caninos, felinos, bovinos, equinos, ovinos, porcinos, caprinos.<\/p>\n<p><span class=\"elementor-icon-box-title\">Presentaci\u00f3n<\/span><\/p>\n<p class=\"elementor-icon-box-description\">Tubo por 15gr, 32gr y 60gr<\/p>\n","protected":false},"featured_media":1437,"comment_status":"open","ping_status":"closed","template":"","meta":{"_uag_custom_page_level_css":"","site-sidebar-layout":"default","site-content-layout":"","ast-site-content-layout":"default","site-content-style":"default","site-sidebar-style":"default","ast-global-header-display":"","ast-banner-title-visibility":"","ast-main-header-display":"","ast-hfb-above-header-display":"","ast-hfb-below-header-display":"","ast-hfb-mobile-header-display":"","site-post-title":"","ast-breadcrumbs-content":"","ast-featured-img":"","footer-sml-layout":"","theme-transparent-header-meta":"default","adv-header-id-meta":"","stick-header-meta":"","header-above-stick-meta":"","header-main-stick-meta":"","header-below-stick-meta":"","astra-migrate-meta-layouts":"set","ast-page-background-enabled":"default","ast-page-background-meta":{"desktop":{"background-color":"var(--ast-global-color-5)","background-image":"","background-repeat":"repeat","background-position":"center center","background-size":"auto","background-attachment":"scroll","background-type":"","background-media":"","overlay-type":"","overlay-color":"","overlay-opacity":"","overlay-gradient":""},"tablet":{"background-color":"","background-image":"","background-repeat":"repeat","background-position":"center center","background-size":"auto","background-attachment":"scroll","background-type":"","background-media":"","overlay-type":"","overlay-color":"","overlay-opacity":"","overlay-gradient":""},"mobile":{"background-color":"","background-image":"","background-repeat":"repeat","background-position":"center center","background-size":"auto","background-attachment":"scroll","background-type":"","background-media":"","overlay-type":"","overlay-color":"","overlay-opacity":"","overlay-gradient":""}},"ast-content-background-meta":{"desktop":{"background-color":"var(--ast-global-color-4)","background-image":"","background-repeat":"repeat","background-position":"center center","background-size":"auto","background-attachment":"scroll","background-type":"","background-media":"","overlay-type":"","overlay-color":"","overlay-opacity":"","overlay-gradient":""},"tablet":{"background-color":"var(--ast-global-color-4)","background-image":"","background-repeat":"repeat","background-position":"center center","background-size":"auto","background-attachment":"scroll","background-type":"","background-media":"","overlay-type":"","overlay-color":"","overlay-opacity":"","overlay-gradient":""},"mobile":{"background-color":"var(--ast-global-color-4)","background-image":"","background-repeat":"repeat","background-position":"center center","background-size":"auto","background-attachment":"scroll","background-type":"","background-media":"","overlay-type":"","overlay-color":"","overlay-opacity":"","overlay-gradient":""}},"_joinchat":[]},"product_brand":[],"product_cat":[94],"product_tag":[],"class_list":{"0":"post-1436","1":"product","2":"type-product","3":"status-publish","4":"has-post-thumbnail","6":"product_cat-labneoterica","7":"desktop-align-left","8":"tablet-align-left","9":"mobile-align-left","11":"first","12":"instock","13":"shipping-taxable","14":"product-type-external"},"aioseo_notices":[],"uagb_featured_image_src":{"full":["https:\/\/importadoracristinateran.com\/wp-content\/uploads\/2025\/05\/Fitovete.jpg",1000,1000,false],"thumbnail":["https:\/\/importadoracristinateran.com\/wp-content\/uploads\/2025\/05\/Fitovete-150x150.jpg",150,150,true],"medium":["https:\/\/importadoracristinateran.com\/wp-content\/uploads\/2025\/05\/Fitovete-300x300.jpg",300,300,true],"medium_large":["https:\/\/importadoracristinateran.com\/wp-content\/uploads\/2025\/05\/Fitovete-768x768.jpg",768,768,true],"large":["https:\/\/importadoracristinateran.com\/wp-content\/uploads\/2025\/05\/Fitovete.jpg",1000,1000,false],"1536x1536":["https:\/\/importadoracristinateran.com\/wp-content\/uploads\/2025\/05\/Fitovete.jpg",1000,1000,false],"2048x2048":["https:\/\/importadoracristinateran.com\/wp-content\/uploads\/2025\/05\/Fitovete.jpg",1000,1000,false],"woocommerce_thumbnail":["https:\/\/importadoracristinateran.com\/wp-content\/uploads\/2025\/05\/Fitovete-300x300.jpg",300,300,true],"woocommerce_single":["https:\/\/importadoracristinateran.com\/wp-content\/uploads\/2025\/05\/Fitovete-600x600.jpg",600,600,true],"woocommerce_gallery_thumbnail":["https:\/\/importadoracristinateran.com\/wp-content\/uploads\/2025\/05\/Fitovete-100x100.jpg",100,100,true],"dgwt-wcas-product-suggestion":["https:\/\/importadoracristinateran.com\/wp-content\/uploads\/2025\/05\/Fitovete-64x64.jpg",64,64,true]},"uagb_author_info":{"display_name":"mcris.import@gmail.com","author_link":"https:\/\/importadoracristinateran.com\/?author=0"},"uagb_comment_info":0,"uagb_excerpt":"Fitovete\u00ae Crema es un producto t\u00f3pico utilizado en veterinaria, acelera la curaci\u00f3n de heridas de animales como quemaduras, raspaduras, cortes, mordeduras y hot spot. Ayuda a la recuperaci\u00f3n de la piel da\u00f1ada. USO EN: Caninos, felinos, bovinos, equinos, ovinos, porcinos, caprinos. Presentaci\u00f3n Tubo por 15gr, 32gr y 60gr","_links":{"self":[{"href":"https:\/\/importadoracristinateran.com\/index.php?rest_route=\/wp\/v2\/product\/1436","targetHints":{"allow":["GET"]}}],"collection":[{"href":"https:\/\/importadoracristinateran.com\/index.php?rest_route=\/wp\/v2\/product"}],"about":[{"href":"https:\/\/importadoracristinateran.com\/index.php?rest_route=\/wp\/v2\/types\/product"}],"replies":[{"embeddable":true,"href":"https:\/\/importadoracristinateran.com\/index.php?rest_route=%2Fwp%2Fv2%2Fcomments&post=1436"}],"wp:featuredmedia":[{"embeddable":true,"href":"https:\/\/importadoracristinateran.com\/index.php?rest_route=\/wp\/v2\/media\/1437"}],"wp:attachment":[{"href":"https:\/\/importadoracristinateran.com\/index.php?rest_route=%2Fwp%2Fv2%2Fmedia&parent=1436"}],"wp:term":[{"taxonomy":"product_brand","embeddable":true,"href":"https:\/\/importadoracristinateran.com\/index.php?rest_route=%2Fwp%2Fv2%2Fproduct_brand&post=1436"},{"taxonomy":"product_cat","embeddable":true,"href":"https:\/\/importadoracristinateran.com\/index.php?rest_route=%2Fwp%2Fv2%2Fproduct_cat&post=1436"},{"taxonomy":"product_tag","embeddable":true,"href":"https:\/\/importadoracristinateran.com\/index.php?rest_route=%2Fwp%2Fv2%2Fproduct_tag&post=1436"}],"curies":[{"name":"wp","href":"https:\/\/api.w.org\/{rel}","templated":true}]}}