{"id":1522,"date":"2025-08-18T16:27:54","date_gmt":"2025-08-18T16:27:54","guid":{"rendered":"https:\/\/importadoracristinateran.com\/?post_type=product&#038;p=1522"},"modified":"2025-08-18T16:27:55","modified_gmt":"2025-08-18T16:27:55","slug":"prednicare-5","status":"publish","type":"product","link":"https:\/\/importadoracristinateran.com\/?product=prednicare-5","title":{"rendered":"Prednicare 5"},"content":{"rendered":"<p>En Perros y gatos para el control sintom\u00e1tico de la inflamaci\u00f3n en patolog\u00edas de origen no infeccioso y en afecciones al\u00e9rgicas. Como coadyuvante en la terapia antineopl\u00e1sica.<\/p>\n<p><em><strong>PRESENTACION<\/strong><\/em><\/p>\n<ul>\n<li>Caja por 10 tabletas<\/li>\n<\/ul>\n<p><strong>Cada tableta, contiene:<\/strong><\/p>\n<ul>\n<li>Prednisolona base 5 mg Excipientes c.s.p. 1 tableta<\/li>\n<\/ul>\n<p><strong>DOSIS Y V\u00cdA DE ADMINISTRACI\u00d3N:<\/strong><br \/>\nPara el control sintom\u00e1tico de la alergia e inflamaci\u00f3n: 0.5 \u2013 1mg\/kg\/d\u00eda v\u00eda oral.<\/p>\n<p>Como coadyuvante en trastornos autoinmunes 2-4 mg\/kg v\u00eda oral.<\/p>\n<p>Como parte de un protocolo antineopl\u00e1sico en neoplasias para las cuales se indica la prednisolona: desde 0.1mg\/kg hasta 2 mg\/kg de prednisolona, dependiendo del protocolo y tipo de neoplasia.<\/p>\n<p>Como terapia de reemplazo glucocorticoide en hipoadrenocorticismo canino 0.1 \u2013 0.3 mg\/kg\/d\u00eda v\u00eda oral; la dosis de glucocorticoide administrada debe disminuir hasta lograr la dosis m\u00ednima efectiva, e incrementar durante los periodos en los cuales el animal sea sometido a situaciones estresantes, como enfermedades, cirug\u00edas o viajes. Durante el inicio del tratamiento se deben monitorear los electrolitos cada semana hasta que el paciente se encuentre estable, y luego de esto, cada 3 a 4 meses. La dosis, frecuencia de administraci\u00f3n y duraci\u00f3n del tratamiento depender\u00e1 del padecimiento, respuesta del paciente, as\u00ed como del criterio del M\u00e9dico Veterinario.<\/p>\n","protected":false},"excerpt":{"rendered":"<p>Cada tableta, contiene: Prednisolona base 5 mg Excipientes c.s.p. 1 tableta<\/p>\n<p>En Perros y gatos para el control sintom\u00e1tico de la inflamaci\u00f3n en patolog\u00edas de origen no infeccioso y en afecciones al\u00e9rgicas.<\/p>\n<p>Como coadyuvante en la terapia antineopl\u00e1sica.<\/p>\n","protected":false},"featured_media":1510,"comment_status":"open","ping_status":"closed","template":"","meta":{"_uag_custom_page_level_css":"","site-sidebar-layout":"default","site-content-layout":"","ast-site-content-layout":"default","site-content-style":"default","site-sidebar-style":"default","ast-global-header-display":"","ast-banner-title-visibility":"","ast-main-header-display":"","ast-hfb-above-header-display":"","ast-hfb-below-header-display":"","ast-hfb-mobile-header-display":"","site-post-title":"","ast-breadcrumbs-content":"","ast-featured-img":"","footer-sml-layout":"","theme-transparent-header-meta":"default","adv-header-id-meta":"","stick-header-meta":"","header-above-stick-meta":"","header-main-stick-meta":"","header-below-stick-meta":"","astra-migrate-meta-layouts":"set","ast-page-background-enabled":"default","ast-page-background-meta":{"desktop":{"background-color":"var(--ast-global-color-5)","background-image":"","background-repeat":"repeat","background-position":"center center","background-size":"auto","background-attachment":"scroll","background-type":"","background-media":"","overlay-type":"","overlay-color":"","overlay-opacity":"","overlay-gradient":""},"tablet":{"background-color":"","background-image":"","background-repeat":"repeat","background-position":"center center","background-size":"auto","background-attachment":"scroll","background-type":"","background-media":"","overlay-type":"","overlay-color":"","overlay-opacity":"","overlay-gradient":""},"mobile":{"background-color":"","background-image":"","background-repeat":"repeat","background-position":"center center","background-size":"auto","background-attachment":"scroll","background-type":"","background-media":"","overlay-type":"","overlay-color":"","overlay-opacity":"","overlay-gradient":""}},"ast-content-background-meta":{"desktop":{"background-color":"var(--ast-global-color-4)","background-image":"","background-repeat":"repeat","background-position":"center center","background-size":"auto","background-attachment":"scroll","background-type":"","background-media":"","overlay-type":"","overlay-color":"","overlay-opacity":"","overlay-gradient":""},"tablet":{"background-color":"var(--ast-global-color-4)","background-image":"","background-repeat":"repeat","background-position":"center center","background-size":"auto","background-attachment":"scroll","background-type":"","background-media":"","overlay-type":"","overlay-color":"","overlay-opacity":"","overlay-gradient":""},"mobile":{"background-color":"var(--ast-global-color-4)","background-image":"","background-repeat":"repeat","background-position":"center center","background-size":"auto","background-attachment":"scroll","background-type":"","background-media":"","overlay-type":"","overlay-color":"","overlay-opacity":"","overlay-gradient":""}},"_joinchat":[]},"product_brand":[],"product_cat":[57],"product_tag":[],"class_list":{"0":"post-1522","1":"product","2":"type-product","3":"status-publish","4":"has-post-thumbnail","6":"product_cat-labkyrovet","7":"desktop-align-left","8":"tablet-align-left","9":"mobile-align-left","11":"first","12":"instock","13":"shipping-taxable","14":"product-type-external"},"aioseo_notices":[],"uagb_featured_image_src":{"full":["https:\/\/importadoracristinateran.com\/wp-content\/uploads\/2025\/08\/PREDNICARE-5.png",1304,604,false],"thumbnail":["https:\/\/importadoracristinateran.com\/wp-content\/uploads\/2025\/08\/PREDNICARE-5-150x150.png",150,150,true],"medium":["https:\/\/importadoracristinateran.com\/wp-content\/uploads\/2025\/08\/PREDNICARE-5-300x139.png",300,139,true],"medium_large":["https:\/\/importadoracristinateran.com\/wp-content\/uploads\/2025\/08\/PREDNICARE-5-768x356.png",768,356,true],"large":["https:\/\/importadoracristinateran.com\/wp-content\/uploads\/2025\/08\/PREDNICARE-5-1024x474.png",1024,474,true],"1536x1536":["https:\/\/importadoracristinateran.com\/wp-content\/uploads\/2025\/08\/PREDNICARE-5.png",1304,604,false],"2048x2048":["https:\/\/importadoracristinateran.com\/wp-content\/uploads\/2025\/08\/PREDNICARE-5.png",1304,604,false],"woocommerce_thumbnail":["https:\/\/importadoracristinateran.com\/wp-content\/uploads\/2025\/08\/PREDNICARE-5-300x300.png",300,300,true],"woocommerce_single":["https:\/\/importadoracristinateran.com\/wp-content\/uploads\/2025\/08\/PREDNICARE-5-600x278.png",600,278,true],"woocommerce_gallery_thumbnail":["https:\/\/importadoracristinateran.com\/wp-content\/uploads\/2025\/08\/PREDNICARE-5-100x100.png",100,100,true],"dgwt-wcas-product-suggestion":["https:\/\/importadoracristinateran.com\/wp-content\/uploads\/2025\/08\/PREDNICARE-5-64x30.png",64,30,true]},"uagb_author_info":{"display_name":"mcris.import@gmail.com","author_link":"https:\/\/importadoracristinateran.com\/?author=0"},"uagb_comment_info":0,"uagb_excerpt":"Cada tableta, contiene: Prednisolona base 5 mg Excipientes c.s.p. 1 tableta En Perros y gatos para el control sintom\u00e1tico de la inflamaci\u00f3n en patolog\u00edas de origen no infeccioso y en afecciones al\u00e9rgicas. Como coadyuvante en la terapia antineopl\u00e1sica.","_links":{"self":[{"href":"https:\/\/importadoracristinateran.com\/index.php?rest_route=\/wp\/v2\/product\/1522","targetHints":{"allow":["GET"]}}],"collection":[{"href":"https:\/\/importadoracristinateran.com\/index.php?rest_route=\/wp\/v2\/product"}],"about":[{"href":"https:\/\/importadoracristinateran.com\/index.php?rest_route=\/wp\/v2\/types\/product"}],"replies":[{"embeddable":true,"href":"https:\/\/importadoracristinateran.com\/index.php?rest_route=%2Fwp%2Fv2%2Fcomments&post=1522"}],"wp:featuredmedia":[{"embeddable":true,"href":"https:\/\/importadoracristinateran.com\/index.php?rest_route=\/wp\/v2\/media\/1510"}],"wp:attachment":[{"href":"https:\/\/importadoracristinateran.com\/index.php?rest_route=%2Fwp%2Fv2%2Fmedia&parent=1522"}],"wp:term":[{"taxonomy":"product_brand","embeddable":true,"href":"https:\/\/importadoracristinateran.com\/index.php?rest_route=%2Fwp%2Fv2%2Fproduct_brand&post=1522"},{"taxonomy":"product_cat","embeddable":true,"href":"https:\/\/importadoracristinateran.com\/index.php?rest_route=%2Fwp%2Fv2%2Fproduct_cat&post=1522"},{"taxonomy":"product_tag","embeddable":true,"href":"https:\/\/importadoracristinateran.com\/index.php?rest_route=%2Fwp%2Fv2%2Fproduct_tag&post=1522"}],"curies":[{"name":"wp","href":"https:\/\/api.w.org\/{rel}","templated":true}]}}