{"id":1529,"date":"2025-08-26T20:29:57","date_gmt":"2025-08-26T20:29:57","guid":{"rendered":"https:\/\/importadoracristinateran.com\/?post_type=product&#038;p=1529"},"modified":"2025-08-26T20:29:57","modified_gmt":"2025-08-26T20:29:57","slug":"nobivac-puppy-dp","status":"publish","type":"product","link":"https:\/\/importadoracristinateran.com\/?product=nobivac-puppy-dp","title":{"rendered":"Nobivac Puppy DP"},"content":{"rendered":"<p><strong>Vacuna viva Distemper Canino y Parvovirus Canino<\/strong><br \/>\nPolvo liofilizado<\/p>\n<p><strong>Composici\u00f3n:<\/strong><br \/>\nCada dosis reconstituida contiene:<br \/>\nVirus Distemper Canino, cepa Onderstepoort \u2265105.0 TCID50<br \/>\nParvovirus Canino, cepa 154 \u2265107.0 TCID50<br \/>\nExcipientes c.s.p. 1 dosis<\/p>\n<p><strong>Indicaciones de uso:<\/strong><br \/>\nComo ayuda en la prevenci\u00f3n de la Parvovirosis Canina y Distemper Canino, en perros a partir de las 6<br \/>\nsemanas de edad.<\/p>\n<p><strong>Especies de destino:<\/strong><br \/>\nPerros.<\/p>\n<p><strong>Dosis y administraci\u00f3n:<\/strong><br \/>\nEl contenido de un frasco de vacuna reconstituida deber\u00e1 inyectarse por v\u00eda subcut\u00e1nea.<br \/>\nReconstituir inmediatamente antes de usar con la adici\u00f3n del contenido de un frasco (1,0 mL) de Nobivac Diluyente.<\/p>\n<p>Nobivac Puppy DP est\u00e1 indicada para el uso en animales con niveles elevados de anticuerpos maternos<br \/>\ncontra el Virus Distemper Canino y Parvovirus Canino. La edad m\u00e1s temprana a que estos niveles no<br \/>\ninterfieren con la vacunaci\u00f3n es de 6 semanas en la mayor\u00eda de los animales.<br \/>\nPara asegurar la protecci\u00f3n de cachorros individuales que no responden a esta edad por niveles muy<br \/>\nelevados de anticuerpos maternos y proporcionar protecci\u00f3n contra hepatitis (AVC1), infecciones por AVC2<br \/>\ny Parainfluenza, se aconseja revacunar con Nobivac DHPPi, Reg. SAG N\u00ba 20-B.<\/p>\n","protected":false},"excerpt":{"rendered":"<p><strong>Vacuna viva Distemper Canino y Parvovirus Canino<\/strong><br \/>\nPolvo liofilizado<\/p>\n<p><strong>Composici\u00f3n:<\/strong><br \/>\nCada dosis reconstituida contiene:<br \/>\nVirus Distemper Canino, cepa Onderstepoort \u2265105.0 TCID50<br \/>\nParvovirus Canino, cepa 154 \u2265107.0 TCID50<br \/>\nExcipientes c.s.p. 1 dosis<\/p>\n<p><strong>Indicaciones de uso:<\/strong><br \/>\nComo ayuda en la prevenci\u00f3n de la Parvovirosis Canina y Distemper Canino, en perros a partir de las 6<br \/>\nsemanas de edad.<\/p>\n<p><strong>Especies de destino:<\/strong><br \/>\nPerros.<\/p>\n<p><strong>Dosis y administraci\u00f3n:<\/strong><br \/>\nEl contenido de un frasco de vacuna reconstituida deber\u00e1 inyectarse por v\u00eda subcut\u00e1nea.<br \/>\nReconstituir inmediatamente antes de usar con la adici\u00f3n del contenido de un frasco (1,0 mL) de Nobivac Diluyente.<\/p>\n","protected":false},"featured_media":1530,"comment_status":"open","ping_status":"closed","template":"","meta":{"_uag_custom_page_level_css":"","site-sidebar-layout":"default","site-content-layout":"","ast-site-content-layout":"default","site-content-style":"default","site-sidebar-style":"default","ast-global-header-display":"","ast-banner-title-visibility":"","ast-main-header-display":"","ast-hfb-above-header-display":"","ast-hfb-below-header-display":"","ast-hfb-mobile-header-display":"","site-post-title":"","ast-breadcrumbs-content":"","ast-featured-img":"","footer-sml-layout":"","theme-transparent-header-meta":"default","adv-header-id-meta":"","stick-header-meta":"","header-above-stick-meta":"","header-main-stick-meta":"","header-below-stick-meta":"","astra-migrate-meta-layouts":"set","ast-page-background-enabled":"default","ast-page-background-meta":{"desktop":{"background-color":"var(--ast-global-color-5)","background-image":"","background-repeat":"repeat","background-position":"center center","background-size":"auto","background-attachment":"scroll","background-type":"","background-media":"","overlay-type":"","overlay-color":"","overlay-opacity":"","overlay-gradient":""},"tablet":{"background-color":"","background-image":"","background-repeat":"repeat","background-position":"center center","background-size":"auto","background-attachment":"scroll","background-type":"","background-media":"","overlay-type":"","overlay-color":"","overlay-opacity":"","overlay-gradient":""},"mobile":{"background-color":"","background-image":"","background-repeat":"repeat","background-position":"center center","background-size":"auto","background-attachment":"scroll","background-type":"","background-media":"","overlay-type":"","overlay-color":"","overlay-opacity":"","overlay-gradient":""}},"ast-content-background-meta":{"desktop":{"background-color":"var(--ast-global-color-4)","background-image":"","background-repeat":"repeat","background-position":"center center","background-size":"auto","background-attachment":"scroll","background-type":"","background-media":"","overlay-type":"","overlay-color":"","overlay-opacity":"","overlay-gradient":""},"tablet":{"background-color":"var(--ast-global-color-4)","background-image":"","background-repeat":"repeat","background-position":"center center","background-size":"auto","background-attachment":"scroll","background-type":"","background-media":"","overlay-type":"","overlay-color":"","overlay-opacity":"","overlay-gradient":""},"mobile":{"background-color":"var(--ast-global-color-4)","background-image":"","background-repeat":"repeat","background-position":"center center","background-size":"auto","background-attachment":"scroll","background-type":"","background-media":"","overlay-type":"","overlay-color":"","overlay-opacity":"","overlay-gradient":""}},"_joinchat":[]},"product_brand":[],"product_cat":[29],"product_tag":[],"class_list":{"0":"post-1529","1":"product","2":"type-product","3":"status-publish","4":"has-post-thumbnail","6":"product_cat-msdsaludanimal","7":"desktop-align-left","8":"tablet-align-left","9":"mobile-align-left","11":"first","12":"instock","13":"shipping-taxable","14":"product-type-external"},"aioseo_notices":[],"uagb_featured_image_src":{"full":["https:\/\/importadoracristinateran.com\/wp-content\/uploads\/2025\/08\/Nobivac-Puppy-DP.webp",819,567,false],"thumbnail":["https:\/\/importadoracristinateran.com\/wp-content\/uploads\/2025\/08\/Nobivac-Puppy-DP-150x150.webp",150,150,true],"medium":["https:\/\/importadoracristinateran.com\/wp-content\/uploads\/2025\/08\/Nobivac-Puppy-DP-300x208.webp",300,208,true],"medium_large":["https:\/\/importadoracristinateran.com\/wp-content\/uploads\/2025\/08\/Nobivac-Puppy-DP-768x532.webp",768,532,true],"large":["https:\/\/importadoracristinateran.com\/wp-content\/uploads\/2025\/08\/Nobivac-Puppy-DP.webp",819,567,false],"1536x1536":["https:\/\/importadoracristinateran.com\/wp-content\/uploads\/2025\/08\/Nobivac-Puppy-DP.webp",819,567,false],"2048x2048":["https:\/\/importadoracristinateran.com\/wp-content\/uploads\/2025\/08\/Nobivac-Puppy-DP.webp",819,567,false],"woocommerce_thumbnail":["https:\/\/importadoracristinateran.com\/wp-content\/uploads\/2025\/08\/Nobivac-Puppy-DP-300x300.webp",300,300,true],"woocommerce_single":["https:\/\/importadoracristinateran.com\/wp-content\/uploads\/2025\/08\/Nobivac-Puppy-DP-600x415.webp",600,415,true],"woocommerce_gallery_thumbnail":["https:\/\/importadoracristinateran.com\/wp-content\/uploads\/2025\/08\/Nobivac-Puppy-DP-100x100.webp",100,100,true],"dgwt-wcas-product-suggestion":["https:\/\/importadoracristinateran.com\/wp-content\/uploads\/2025\/08\/Nobivac-Puppy-DP-64x44.webp",64,44,true]},"uagb_author_info":{"display_name":"mcris.import@gmail.com","author_link":"https:\/\/importadoracristinateran.com\/?author=0"},"uagb_comment_info":0,"uagb_excerpt":"Vacuna viva Distemper Canino y Parvovirus Canino Polvo liofilizado Composici\u00f3n: Cada dosis reconstituida contiene: Virus Distemper Canino, cepa Onderstepoort \u2265105.0 TCID50 Parvovirus Canino, cepa 154 \u2265107.0 TCID50 Excipientes c.s.p. 1 dosis Indicaciones de uso: Como ayuda en la prevenci\u00f3n de la Parvovirosis Canina y Distemper Canino, en perros a partir de las 6 semanas de&hellip;","_links":{"self":[{"href":"https:\/\/importadoracristinateran.com\/index.php?rest_route=\/wp\/v2\/product\/1529","targetHints":{"allow":["GET"]}}],"collection":[{"href":"https:\/\/importadoracristinateran.com\/index.php?rest_route=\/wp\/v2\/product"}],"about":[{"href":"https:\/\/importadoracristinateran.com\/index.php?rest_route=\/wp\/v2\/types\/product"}],"replies":[{"embeddable":true,"href":"https:\/\/importadoracristinateran.com\/index.php?rest_route=%2Fwp%2Fv2%2Fcomments&post=1529"}],"wp:featuredmedia":[{"embeddable":true,"href":"https:\/\/importadoracristinateran.com\/index.php?rest_route=\/wp\/v2\/media\/1530"}],"wp:attachment":[{"href":"https:\/\/importadoracristinateran.com\/index.php?rest_route=%2Fwp%2Fv2%2Fmedia&parent=1529"}],"wp:term":[{"taxonomy":"product_brand","embeddable":true,"href":"https:\/\/importadoracristinateran.com\/index.php?rest_route=%2Fwp%2Fv2%2Fproduct_brand&post=1529"},{"taxonomy":"product_cat","embeddable":true,"href":"https:\/\/importadoracristinateran.com\/index.php?rest_route=%2Fwp%2Fv2%2Fproduct_cat&post=1529"},{"taxonomy":"product_tag","embeddable":true,"href":"https:\/\/importadoracristinateran.com\/index.php?rest_route=%2Fwp%2Fv2%2Fproduct_tag&post=1529"}],"curies":[{"name":"wp","href":"https:\/\/api.w.org\/{rel}","templated":true}]}}