{"id":1533,"date":"2025-08-26T21:49:34","date_gmt":"2025-08-26T21:49:34","guid":{"rendered":"https:\/\/importadoracristinateran.com\/?post_type=product&#038;p=1533"},"modified":"2025-08-26T21:51:47","modified_gmt":"2025-08-26T21:51:47","slug":"tolcox","status":"publish","type":"product","link":"https:\/\/importadoracristinateran.com\/?product=tolcox","title":{"rendered":"Tolcox"},"content":{"rendered":"","protected":false},"excerpt":{"rendered":"<p>Toltrazuril 5%<br \/>\nCoccidicida sabor a fresa<\/p>\n<p>En perros y gatos para el tratamiento y control de Isospora sp<\/p>\n<p>En terneros y lechones para el tratamiento de coccidiosis ocasionada por Eimeria bovis, Eimerria zuernii, E, alabamensis, e Isospora suis.<\/p>\n<h5 class=\"et_pb_toggle_title\">Composici\u00f3n<\/h5>\n<div class=\"et_pb_toggle_content clearfix\">\n<p>Cada mL de la suspensi\u00f3n contiene 50mg de Toltrazuril<\/p>\n<h5 class=\"et_pb_toggle_title\">Dosis<\/h5>\n<div class=\"et_pb_toggle_content clearfix\">\n<p>Administrar v\u00eda oral en lechones en el d\u00eda 3-5 d\u00eda de vida 1mL\/2.5Kg.<\/p>\n<p>En terneros administrar una dosis \u00fanica de 3mL\/10Kg.<\/p>\n<p>En perros y gatos 0.5 \u2013 1 mL por cada 2.5 kg de peso<\/p>\n<p>&nbsp;<\/p>\n<\/div>\n<\/div>\n","protected":false},"featured_media":1512,"comment_status":"open","ping_status":"closed","template":"","meta":{"_uag_custom_page_level_css":"","site-sidebar-layout":"default","site-content-layout":"","ast-site-content-layout":"default","site-content-style":"default","site-sidebar-style":"default","ast-global-header-display":"","ast-banner-title-visibility":"","ast-main-header-display":"","ast-hfb-above-header-display":"","ast-hfb-below-header-display":"","ast-hfb-mobile-header-display":"","site-post-title":"","ast-breadcrumbs-content":"","ast-featured-img":"","footer-sml-layout":"","theme-transparent-header-meta":"default","adv-header-id-meta":"","stick-header-meta":"","header-above-stick-meta":"","header-main-stick-meta":"","header-below-stick-meta":"","astra-migrate-meta-layouts":"set","ast-page-background-enabled":"default","ast-page-background-meta":{"desktop":{"background-color":"var(--ast-global-color-5)","background-image":"","background-repeat":"repeat","background-position":"center center","background-size":"auto","background-attachment":"scroll","background-type":"","background-media":"","overlay-type":"","overlay-color":"","overlay-opacity":"","overlay-gradient":""},"tablet":{"background-color":"","background-image":"","background-repeat":"repeat","background-position":"center center","background-size":"auto","background-attachment":"scroll","background-type":"","background-media":"","overlay-type":"","overlay-color":"","overlay-opacity":"","overlay-gradient":""},"mobile":{"background-color":"","background-image":"","background-repeat":"repeat","background-position":"center center","background-size":"auto","background-attachment":"scroll","background-type":"","background-media":"","overlay-type":"","overlay-color":"","overlay-opacity":"","overlay-gradient":""}},"ast-content-background-meta":{"desktop":{"background-color":"var(--ast-global-color-4)","background-image":"","background-repeat":"repeat","background-position":"center center","background-size":"auto","background-attachment":"scroll","background-type":"","background-media":"","overlay-type":"","overlay-color":"","overlay-opacity":"","overlay-gradient":""},"tablet":{"background-color":"var(--ast-global-color-4)","background-image":"","background-repeat":"repeat","background-position":"center center","background-size":"auto","background-attachment":"scroll","background-type":"","background-media":"","overlay-type":"","overlay-color":"","overlay-opacity":"","overlay-gradient":""},"mobile":{"background-color":"var(--ast-global-color-4)","background-image":"","background-repeat":"repeat","background-position":"center center","background-size":"auto","background-attachment":"scroll","background-type":"","background-media":"","overlay-type":"","overlay-color":"","overlay-opacity":"","overlay-gradient":""}},"_joinchat":[]},"product_brand":[],"product_cat":[57],"product_tag":[],"class_list":{"0":"post-1533","1":"product","2":"type-product","3":"status-publish","4":"has-post-thumbnail","6":"product_cat-labkyrovet","7":"desktop-align-left","8":"tablet-align-left","9":"mobile-align-left","11":"first","12":"instock","13":"shipping-taxable","14":"product-type-external"},"aioseo_notices":[],"uagb_featured_image_src":{"full":["https:\/\/importadoracristinateran.com\/wp-content\/uploads\/2025\/08\/tolcox-oral1.jpg",424,424,false],"thumbnail":["https:\/\/importadoracristinateran.com\/wp-content\/uploads\/2025\/08\/tolcox-oral1-150x150.jpg",150,150,true],"medium":["https:\/\/importadoracristinateran.com\/wp-content\/uploads\/2025\/08\/tolcox-oral1-300x300.jpg",300,300,true],"medium_large":["https:\/\/importadoracristinateran.com\/wp-content\/uploads\/2025\/08\/tolcox-oral1.jpg",424,424,false],"large":["https:\/\/importadoracristinateran.com\/wp-content\/uploads\/2025\/08\/tolcox-oral1.jpg",424,424,false],"1536x1536":["https:\/\/importadoracristinateran.com\/wp-content\/uploads\/2025\/08\/tolcox-oral1.jpg",424,424,false],"2048x2048":["https:\/\/importadoracristinateran.com\/wp-content\/uploads\/2025\/08\/tolcox-oral1.jpg",424,424,false],"woocommerce_thumbnail":["https:\/\/importadoracristinateran.com\/wp-content\/uploads\/2025\/08\/tolcox-oral1-300x300.jpg",300,300,true],"woocommerce_single":["https:\/\/importadoracristinateran.com\/wp-content\/uploads\/2025\/08\/tolcox-oral1.jpg",424,424,false],"woocommerce_gallery_thumbnail":["https:\/\/importadoracristinateran.com\/wp-content\/uploads\/2025\/08\/tolcox-oral1-100x100.jpg",100,100,true],"dgwt-wcas-product-suggestion":["https:\/\/importadoracristinateran.com\/wp-content\/uploads\/2025\/08\/tolcox-oral1-64x64.jpg",64,64,true]},"uagb_author_info":{"display_name":"mcris.import@gmail.com","author_link":"https:\/\/importadoracristinateran.com\/?author=0"},"uagb_comment_info":0,"uagb_excerpt":"Toltrazuril 5% Coccidicida sabor a fresa En perros y gatos para el tratamiento y control de Isospora sp En terneros y lechones para el tratamiento de coccidiosis ocasionada por Eimeria bovis, Eimerria zuernii, E, alabamensis, e Isospora suis. Composici\u00f3n Cada mL de la suspensi\u00f3n contiene 50mg de Toltrazuril Dosis Administrar v\u00eda oral en lechones en&hellip;","_links":{"self":[{"href":"https:\/\/importadoracristinateran.com\/index.php?rest_route=\/wp\/v2\/product\/1533","targetHints":{"allow":["GET"]}}],"collection":[{"href":"https:\/\/importadoracristinateran.com\/index.php?rest_route=\/wp\/v2\/product"}],"about":[{"href":"https:\/\/importadoracristinateran.com\/index.php?rest_route=\/wp\/v2\/types\/product"}],"replies":[{"embeddable":true,"href":"https:\/\/importadoracristinateran.com\/index.php?rest_route=%2Fwp%2Fv2%2Fcomments&post=1533"}],"wp:featuredmedia":[{"embeddable":true,"href":"https:\/\/importadoracristinateran.com\/index.php?rest_route=\/wp\/v2\/media\/1512"}],"wp:attachment":[{"href":"https:\/\/importadoracristinateran.com\/index.php?rest_route=%2Fwp%2Fv2%2Fmedia&parent=1533"}],"wp:term":[{"taxonomy":"product_brand","embeddable":true,"href":"https:\/\/importadoracristinateran.com\/index.php?rest_route=%2Fwp%2Fv2%2Fproduct_brand&post=1533"},{"taxonomy":"product_cat","embeddable":true,"href":"https:\/\/importadoracristinateran.com\/index.php?rest_route=%2Fwp%2Fv2%2Fproduct_cat&post=1533"},{"taxonomy":"product_tag","embeddable":true,"href":"https:\/\/importadoracristinateran.com\/index.php?rest_route=%2Fwp%2Fv2%2Fproduct_tag&post=1533"}],"curies":[{"name":"wp","href":"https:\/\/api.w.org\/{rel}","templated":true}]}}