{"id":1534,"date":"2025-08-26T22:10:28","date_gmt":"2025-08-26T22:10:28","guid":{"rendered":"https:\/\/importadoracristinateran.com\/?post_type=product&#038;p=1534"},"modified":"2025-08-26T22:10:28","modified_gmt":"2025-08-26T22:10:28","slug":"fripets-otico-limpiador","status":"publish","type":"product","link":"https:\/\/importadoracristinateran.com\/?product=fripets-otico-limpiador","title":{"rendered":"Fripets \u00d3tico Limpiador"},"content":{"rendered":"","protected":false},"excerpt":{"rendered":"<p>Es una soluci\u00f3n para limpieza de o\u00eddos de perros y gatos.<\/p>\n<p>Est\u00e1 indicado para la higiene rutinaria del pabell\u00f3n auricular y conducto auditivo externo de perros y gatos.<\/p>\n<p>En casos de otitis, puede ser utilizado para la remoci\u00f3n del cerumen y oleosidad antes del uso del producto otol\u00f3gico terap\u00e9utico.<\/p>\n<p>Cada 100 mL contiene:<\/p>\n<p>Dimetilsulf\u00f3xido 5,5g<\/p>\n<p>\u00c1cido salic\u00edlico 2,0g<\/p>\n<p>\u00c1cido b\u00f3rico 2,5g<\/p>\n<p>Borato de sodio 0,4g<\/p>\n<p>Veh\u00edculo c.s.p. 100,0 mL<\/p>\n<p>&nbsp;<\/p>\n","protected":false},"featured_media":1535,"comment_status":"open","ping_status":"closed","template":"","meta":{"_uag_custom_page_level_css":"","site-sidebar-layout":"default","site-content-layout":"","ast-site-content-layout":"default","site-content-style":"default","site-sidebar-style":"default","ast-global-header-display":"","ast-banner-title-visibility":"","ast-main-header-display":"","ast-hfb-above-header-display":"","ast-hfb-below-header-display":"","ast-hfb-mobile-header-display":"","site-post-title":"","ast-breadcrumbs-content":"","ast-featured-img":"","footer-sml-layout":"","theme-transparent-header-meta":"default","adv-header-id-meta":"","stick-header-meta":"","header-above-stick-meta":"","header-main-stick-meta":"","header-below-stick-meta":"","astra-migrate-meta-layouts":"set","ast-page-background-enabled":"default","ast-page-background-meta":{"desktop":{"background-color":"var(--ast-global-color-5)","background-image":"","background-repeat":"repeat","background-position":"center center","background-size":"auto","background-attachment":"scroll","background-type":"","background-media":"","overlay-type":"","overlay-color":"","overlay-opacity":"","overlay-gradient":""},"tablet":{"background-color":"","background-image":"","background-repeat":"repeat","background-position":"center center","background-size":"auto","background-attachment":"scroll","background-type":"","background-media":"","overlay-type":"","overlay-color":"","overlay-opacity":"","overlay-gradient":""},"mobile":{"background-color":"","background-image":"","background-repeat":"repeat","background-position":"center center","background-size":"auto","background-attachment":"scroll","background-type":"","background-media":"","overlay-type":"","overlay-color":"","overlay-opacity":"","overlay-gradient":""}},"ast-content-background-meta":{"desktop":{"background-color":"var(--ast-global-color-4)","background-image":"","background-repeat":"repeat","background-position":"center center","background-size":"auto","background-attachment":"scroll","background-type":"","background-media":"","overlay-type":"","overlay-color":"","overlay-opacity":"","overlay-gradient":""},"tablet":{"background-color":"var(--ast-global-color-4)","background-image":"","background-repeat":"repeat","background-position":"center center","background-size":"auto","background-attachment":"scroll","background-type":"","background-media":"","overlay-type":"","overlay-color":"","overlay-opacity":"","overlay-gradient":""},"mobile":{"background-color":"var(--ast-global-color-4)","background-image":"","background-repeat":"repeat","background-position":"center center","background-size":"auto","background-attachment":"scroll","background-type":"","background-media":"","overlay-type":"","overlay-color":"","overlay-opacity":"","overlay-gradient":""}},"_joinchat":[]},"product_brand":[],"product_cat":[38],"product_tag":[],"class_list":{"0":"post-1534","1":"product","2":"type-product","3":"status-publish","4":"has-post-thumbnail","6":"product_cat-labmontana","7":"desktop-align-left","8":"tablet-align-left","9":"mobile-align-left","11":"first","12":"instock","13":"shipping-taxable","14":"product-type-external"},"aioseo_notices":[],"uagb_featured_image_src":{"full":["https:\/\/importadoracristinateran.com\/wp-content\/uploads\/2025\/08\/FRIPETS-OTICO-LIMPIADOR.jpg",1000,1000,false],"thumbnail":["https:\/\/importadoracristinateran.com\/wp-content\/uploads\/2025\/08\/FRIPETS-OTICO-LIMPIADOR-150x150.jpg",150,150,true],"medium":["https:\/\/importadoracristinateran.com\/wp-content\/uploads\/2025\/08\/FRIPETS-OTICO-LIMPIADOR-300x300.jpg",300,300,true],"medium_large":["https:\/\/importadoracristinateran.com\/wp-content\/uploads\/2025\/08\/FRIPETS-OTICO-LIMPIADOR-768x768.jpg",768,768,true],"large":["https:\/\/importadoracristinateran.com\/wp-content\/uploads\/2025\/08\/FRIPETS-OTICO-LIMPIADOR.jpg",1000,1000,false],"1536x1536":["https:\/\/importadoracristinateran.com\/wp-content\/uploads\/2025\/08\/FRIPETS-OTICO-LIMPIADOR.jpg",1000,1000,false],"2048x2048":["https:\/\/importadoracristinateran.com\/wp-content\/uploads\/2025\/08\/FRIPETS-OTICO-LIMPIADOR.jpg",1000,1000,false],"woocommerce_thumbnail":["https:\/\/importadoracristinateran.com\/wp-content\/uploads\/2025\/08\/FRIPETS-OTICO-LIMPIADOR-300x300.jpg",300,300,true],"woocommerce_single":["https:\/\/importadoracristinateran.com\/wp-content\/uploads\/2025\/08\/FRIPETS-OTICO-LIMPIADOR-600x600.jpg",600,600,true],"woocommerce_gallery_thumbnail":["https:\/\/importadoracristinateran.com\/wp-content\/uploads\/2025\/08\/FRIPETS-OTICO-LIMPIADOR-100x100.jpg",100,100,true],"dgwt-wcas-product-suggestion":["https:\/\/importadoracristinateran.com\/wp-content\/uploads\/2025\/08\/FRIPETS-OTICO-LIMPIADOR-64x64.jpg",64,64,true]},"uagb_author_info":{"display_name":"mcris.import@gmail.com","author_link":"https:\/\/importadoracristinateran.com\/?author=0"},"uagb_comment_info":0,"uagb_excerpt":"Es una soluci\u00f3n para limpieza de o\u00eddos de perros y gatos. Est\u00e1 indicado para la higiene rutinaria del pabell\u00f3n auricular y conducto auditivo externo de perros y gatos. En casos de otitis, puede ser utilizado para la remoci\u00f3n del cerumen y oleosidad antes del uso del producto otol\u00f3gico terap\u00e9utico. Cada 100 mL contiene: Dimetilsulf\u00f3xido 5,5g&hellip;","_links":{"self":[{"href":"https:\/\/importadoracristinateran.com\/index.php?rest_route=\/wp\/v2\/product\/1534","targetHints":{"allow":["GET"]}}],"collection":[{"href":"https:\/\/importadoracristinateran.com\/index.php?rest_route=\/wp\/v2\/product"}],"about":[{"href":"https:\/\/importadoracristinateran.com\/index.php?rest_route=\/wp\/v2\/types\/product"}],"replies":[{"embeddable":true,"href":"https:\/\/importadoracristinateran.com\/index.php?rest_route=%2Fwp%2Fv2%2Fcomments&post=1534"}],"wp:featuredmedia":[{"embeddable":true,"href":"https:\/\/importadoracristinateran.com\/index.php?rest_route=\/wp\/v2\/media\/1535"}],"wp:attachment":[{"href":"https:\/\/importadoracristinateran.com\/index.php?rest_route=%2Fwp%2Fv2%2Fmedia&parent=1534"}],"wp:term":[{"taxonomy":"product_brand","embeddable":true,"href":"https:\/\/importadoracristinateran.com\/index.php?rest_route=%2Fwp%2Fv2%2Fproduct_brand&post=1534"},{"taxonomy":"product_cat","embeddable":true,"href":"https:\/\/importadoracristinateran.com\/index.php?rest_route=%2Fwp%2Fv2%2Fproduct_cat&post=1534"},{"taxonomy":"product_tag","embeddable":true,"href":"https:\/\/importadoracristinateran.com\/index.php?rest_route=%2Fwp%2Fv2%2Fproduct_tag&post=1534"}],"curies":[{"name":"wp","href":"https:\/\/api.w.org\/{rel}","templated":true}]}}