{"id":1604,"date":"2025-10-29T19:44:06","date_gmt":"2025-10-29T19:44:06","guid":{"rendered":"https:\/\/importadoracristinateran.com\/?post_type=product&#038;p=1604"},"modified":"2025-10-29T19:44:06","modified_gmt":"2025-10-29T19:44:06","slug":"liv-52-jarabe","status":"publish","type":"product","link":"https:\/\/importadoracristinateran.com\/?product=liv-52-jarabe","title":{"rendered":"LIV. 52 JARABE"},"content":{"rendered":"","protected":false},"excerpt":{"rendered":"<h6>Jarabe<\/h6>\n<h6>Cada 10 ml contiene extractos de:<\/h6>\n<table class=\"table\" style=\"height: 262px;\" border=\"0\" width=\"1557\" cellspacing=\"0\" cellpadding=\"0\">\n<tbody>\n<tr>\n<td><em>Capparis spinosa<\/em><\/p>\n<p><em>Cichorium intybus<\/em><\/p>\n<p><em>Solanum nigrum<\/em><\/p>\n<p><em>Terminalia arjuna<\/em><\/p>\n<p><em>Cassia occidentalis<\/em><\/p>\n<p><em>Tamarix gallica<\/em><\/p>\n<p><em>Achillea millefolium<\/em><\/td>\n<td>68 mg<\/p>\n<p>68 mg<\/p>\n<p>32 mg<\/p>\n<p>32 mg<\/p>\n<p>16 mg<\/p>\n<p>16 mg<\/p>\n<p>16 mg<\/td>\n<\/tr>\n<\/tbody>\n<\/table>\n<div class=\"field-label\">\n<div class=\"label-above\">Indicaciones Terapeuticas<\/div>\n<\/div>\n<div class=\"field-items\">\n<div class=\"field-item\">\n<ul>\n<li>Da\u00f1o y disfunci\u00f3n hep\u00e1tica.<\/li>\n<li>Enfermedades hep\u00e1ticas en general (signos cl\u00ednicos: ictericia y ascitis). Ej: h\u00edgado graso y cirrosis.<\/li>\n<li>Coadyuvante en el manejo de la hepatitis viral de felinos y caninos, infecciones debidas a distemper y parvovirus.<\/li>\n<li>Terapia de soporte durante el post-operatorio.<\/li>\n<li>Convalecencia debida a una enfermedad debilitante.<\/li>\n<li>Anorexia o inapetencia.<\/li>\n<li>Toxicidad asociada al uso de medicamentos, pesticidas y otros qu\u00edmicos.<\/li>\n<li>Terapia de soporte en el tratamiento con antibi\u00f3ticos y antiparasitarios.<\/li>\n<li>Promotor de crecimiento y estimulante del metabolismo.<\/li>\n<\/ul>\n<\/div>\n<\/div>\n","protected":false},"featured_media":1566,"comment_status":"open","ping_status":"closed","template":"","meta":{"_uag_custom_page_level_css":"","site-sidebar-layout":"default","site-content-layout":"","ast-site-content-layout":"default","site-content-style":"default","site-sidebar-style":"default","ast-global-header-display":"","ast-banner-title-visibility":"","ast-main-header-display":"","ast-hfb-above-header-display":"","ast-hfb-below-header-display":"","ast-hfb-mobile-header-display":"","site-post-title":"","ast-breadcrumbs-content":"","ast-featured-img":"","footer-sml-layout":"","theme-transparent-header-meta":"default","adv-header-id-meta":"","stick-header-meta":"","header-above-stick-meta":"","header-main-stick-meta":"","header-below-stick-meta":"","astra-migrate-meta-layouts":"set","ast-page-background-enabled":"default","ast-page-background-meta":{"desktop":{"background-color":"var(--ast-global-color-5)","background-image":"","background-repeat":"repeat","background-position":"center center","background-size":"auto","background-attachment":"scroll","background-type":"","background-media":"","overlay-type":"","overlay-color":"","overlay-opacity":"","overlay-gradient":""},"tablet":{"background-color":"","background-image":"","background-repeat":"repeat","background-position":"center center","background-size":"auto","background-attachment":"scroll","background-type":"","background-media":"","overlay-type":"","overlay-color":"","overlay-opacity":"","overlay-gradient":""},"mobile":{"background-color":"","background-image":"","background-repeat":"repeat","background-position":"center center","background-size":"auto","background-attachment":"scroll","background-type":"","background-media":"","overlay-type":"","overlay-color":"","overlay-opacity":"","overlay-gradient":""}},"ast-content-background-meta":{"desktop":{"background-color":"var(--ast-global-color-4)","background-image":"","background-repeat":"repeat","background-position":"center center","background-size":"auto","background-attachment":"scroll","background-type":"","background-media":"","overlay-type":"","overlay-color":"","overlay-opacity":"","overlay-gradient":""},"tablet":{"background-color":"var(--ast-global-color-4)","background-image":"","background-repeat":"repeat","background-position":"center center","background-size":"auto","background-attachment":"scroll","background-type":"","background-media":"","overlay-type":"","overlay-color":"","overlay-opacity":"","overlay-gradient":""},"mobile":{"background-color":"var(--ast-global-color-4)","background-image":"","background-repeat":"repeat","background-position":"center center","background-size":"auto","background-attachment":"scroll","background-type":"","background-media":"","overlay-type":"","overlay-color":"","overlay-opacity":"","overlay-gradient":""}},"_joinchat":[]},"product_brand":[],"product_cat":[38],"product_tag":[],"class_list":{"0":"post-1604","1":"product","2":"type-product","3":"status-publish","4":"has-post-thumbnail","6":"product_cat-labmontana","7":"desktop-align-left","8":"tablet-align-left","9":"mobile-align-left","11":"first","12":"instock","13":"shipping-taxable","14":"product-type-external"},"aioseo_notices":[],"uagb_featured_image_src":{"full":["https:\/\/importadoracristinateran.com\/wp-content\/uploads\/2025\/10\/liv-52.jpg",500,500,false],"thumbnail":["https:\/\/importadoracristinateran.com\/wp-content\/uploads\/2025\/10\/liv-52-150x150.jpg",150,150,true],"medium":["https:\/\/importadoracristinateran.com\/wp-content\/uploads\/2025\/10\/liv-52-300x300.jpg",300,300,true],"medium_large":["https:\/\/importadoracristinateran.com\/wp-content\/uploads\/2025\/10\/liv-52.jpg",500,500,false],"large":["https:\/\/importadoracristinateran.com\/wp-content\/uploads\/2025\/10\/liv-52.jpg",500,500,false],"1536x1536":["https:\/\/importadoracristinateran.com\/wp-content\/uploads\/2025\/10\/liv-52.jpg",500,500,false],"2048x2048":["https:\/\/importadoracristinateran.com\/wp-content\/uploads\/2025\/10\/liv-52.jpg",500,500,false],"woocommerce_thumbnail":["https:\/\/importadoracristinateran.com\/wp-content\/uploads\/2025\/10\/liv-52-300x300.jpg",300,300,true],"woocommerce_single":["https:\/\/importadoracristinateran.com\/wp-content\/uploads\/2025\/10\/liv-52.jpg",500,500,false],"woocommerce_gallery_thumbnail":["https:\/\/importadoracristinateran.com\/wp-content\/uploads\/2025\/10\/liv-52-100x100.jpg",100,100,true],"dgwt-wcas-product-suggestion":["https:\/\/importadoracristinateran.com\/wp-content\/uploads\/2025\/10\/liv-52-64x64.jpg",64,64,true]},"uagb_author_info":{"display_name":"mcris.import@gmail.com","author_link":"https:\/\/importadoracristinateran.com\/?author=0"},"uagb_comment_info":0,"uagb_excerpt":"Jarabe Cada 10 ml contiene extractos de: Capparis spinosa Cichorium intybus Solanum nigrum Terminalia arjuna Cassia occidentalis Tamarix gallica Achillea millefolium 68 mg 68 mg 32 mg 32 mg 16 mg 16 mg 16 mg Indicaciones Terapeuticas Da\u00f1o y disfunci\u00f3n hep\u00e1tica. Enfermedades hep\u00e1ticas en general (signos cl\u00ednicos: ictericia y ascitis). Ej: h\u00edgado graso y cirrosis.&hellip;","_links":{"self":[{"href":"https:\/\/importadoracristinateran.com\/index.php?rest_route=\/wp\/v2\/product\/1604","targetHints":{"allow":["GET"]}}],"collection":[{"href":"https:\/\/importadoracristinateran.com\/index.php?rest_route=\/wp\/v2\/product"}],"about":[{"href":"https:\/\/importadoracristinateran.com\/index.php?rest_route=\/wp\/v2\/types\/product"}],"replies":[{"embeddable":true,"href":"https:\/\/importadoracristinateran.com\/index.php?rest_route=%2Fwp%2Fv2%2Fcomments&post=1604"}],"wp:featuredmedia":[{"embeddable":true,"href":"https:\/\/importadoracristinateran.com\/index.php?rest_route=\/wp\/v2\/media\/1566"}],"wp:attachment":[{"href":"https:\/\/importadoracristinateran.com\/index.php?rest_route=%2Fwp%2Fv2%2Fmedia&parent=1604"}],"wp:term":[{"taxonomy":"product_brand","embeddable":true,"href":"https:\/\/importadoracristinateran.com\/index.php?rest_route=%2Fwp%2Fv2%2Fproduct_brand&post=1604"},{"taxonomy":"product_cat","embeddable":true,"href":"https:\/\/importadoracristinateran.com\/index.php?rest_route=%2Fwp%2Fv2%2Fproduct_cat&post=1604"},{"taxonomy":"product_tag","embeddable":true,"href":"https:\/\/importadoracristinateran.com\/index.php?rest_route=%2Fwp%2Fv2%2Fproduct_tag&post=1604"}],"curies":[{"name":"wp","href":"https:\/\/api.w.org\/{rel}","templated":true}]}}