{"id":1605,"date":"2025-10-29T19:45:54","date_gmt":"2025-10-29T19:45:54","guid":{"rendered":"https:\/\/importadoracristinateran.com\/?post_type=product&#038;p=1605"},"modified":"2025-10-29T19:45:54","modified_gmt":"2025-10-29T19:45:54","slug":"liv-52-tabletas","status":"publish","type":"product","link":"https:\/\/importadoracristinateran.com\/?product=liv-52-tabletas","title":{"rendered":"LIV. 52 TABLETAS"},"content":{"rendered":"","protected":false},"excerpt":{"rendered":"<h6>Tabletas<\/h6>\n<h6>Cada tableta contiene polvos de:<\/h6>\n<table class=\"table\" border=\"0\" cellspacing=\"0\" cellpadding=\"0\">\n<tbody>\n<tr>\n<td><em>Capparis spinosa<\/em><\/p>\n<p><em>Cichorium intybus<\/em><\/p>\n<p><em>Mandura bhasma<\/em><\/p>\n<p><em>Solanum nigrum<\/em><\/p>\n<p><em>Terminalia arjuna<\/em><\/p>\n<p><em>Cassia occidentalis<\/em><\/p>\n<p><em>Tamarix gallica<\/em><\/p>\n<p><em>Achillea millefolium<\/em><\/td>\n<td>68 mg<\/p>\n<p>65 mg<\/p>\n<p>33 mg<\/p>\n<p>32 mg<\/p>\n<p>32 mg<\/p>\n<p>16 mg<\/p>\n<p>16 mg<\/p>\n<p>16 mg<\/td>\n<\/tr>\n<\/tbody>\n<\/table>\n<ul>\n<li>Hepatoprotectora: protege al h\u00edgado de toxinas, medicamentos y qu\u00edmicos.<\/li>\n<\/ul>\n<ul>\n<li>Promueve la actividad metab\u00f3lica y de s\u00edntesis del h\u00edgado (promueve la s\u00edntesis de prote\u00ednas).<\/li>\n<li>Acelera la regeneraci\u00f3n hep\u00e1tica ya que restaura el tejido y funci\u00f3n del h\u00edgado da\u00f1ado.<\/li>\n<li>Incrementa la actividad secretora del h\u00edgado, promoviendo una adecuada digesti\u00f3n y absorci\u00f3n de nutrientes.<\/li>\n<li>Promueve y estimula el apetito.<\/li>\n<\/ul>\n<ul>\n<li>Induce un adecuado crecimiento y ganancia de peso, al mejorar la digesti\u00f3n y absorci\u00f3n de nutrientes.<\/li>\n<\/ul>\n","protected":false},"featured_media":1567,"comment_status":"open","ping_status":"closed","template":"","meta":{"_uag_custom_page_level_css":"","site-sidebar-layout":"default","site-content-layout":"","ast-site-content-layout":"default","site-content-style":"default","site-sidebar-style":"default","ast-global-header-display":"","ast-banner-title-visibility":"","ast-main-header-display":"","ast-hfb-above-header-display":"","ast-hfb-below-header-display":"","ast-hfb-mobile-header-display":"","site-post-title":"","ast-breadcrumbs-content":"","ast-featured-img":"","footer-sml-layout":"","theme-transparent-header-meta":"default","adv-header-id-meta":"","stick-header-meta":"","header-above-stick-meta":"","header-main-stick-meta":"","header-below-stick-meta":"","astra-migrate-meta-layouts":"set","ast-page-background-enabled":"default","ast-page-background-meta":{"desktop":{"background-color":"var(--ast-global-color-5)","background-image":"","background-repeat":"repeat","background-position":"center center","background-size":"auto","background-attachment":"scroll","background-type":"","background-media":"","overlay-type":"","overlay-color":"","overlay-opacity":"","overlay-gradient":""},"tablet":{"background-color":"","background-image":"","background-repeat":"repeat","background-position":"center center","background-size":"auto","background-attachment":"scroll","background-type":"","background-media":"","overlay-type":"","overlay-color":"","overlay-opacity":"","overlay-gradient":""},"mobile":{"background-color":"","background-image":"","background-repeat":"repeat","background-position":"center center","background-size":"auto","background-attachment":"scroll","background-type":"","background-media":"","overlay-type":"","overlay-color":"","overlay-opacity":"","overlay-gradient":""}},"ast-content-background-meta":{"desktop":{"background-color":"var(--ast-global-color-4)","background-image":"","background-repeat":"repeat","background-position":"center center","background-size":"auto","background-attachment":"scroll","background-type":"","background-media":"","overlay-type":"","overlay-color":"","overlay-opacity":"","overlay-gradient":""},"tablet":{"background-color":"var(--ast-global-color-4)","background-image":"","background-repeat":"repeat","background-position":"center center","background-size":"auto","background-attachment":"scroll","background-type":"","background-media":"","overlay-type":"","overlay-color":"","overlay-opacity":"","overlay-gradient":""},"mobile":{"background-color":"var(--ast-global-color-4)","background-image":"","background-repeat":"repeat","background-position":"center center","background-size":"auto","background-attachment":"scroll","background-type":"","background-media":"","overlay-type":"","overlay-color":"","overlay-opacity":"","overlay-gradient":""}},"_joinchat":[]},"product_brand":[],"product_cat":[38],"product_tag":[],"class_list":{"0":"post-1605","1":"product","2":"type-product","3":"status-publish","4":"has-post-thumbnail","6":"product_cat-labmontana","7":"desktop-align-left","8":"tablet-align-left","9":"mobile-align-left","11":"first","12":"instock","13":"shipping-taxable","14":"product-type-external"},"aioseo_notices":[],"uagb_featured_image_src":{"full":["https:\/\/importadoracristinateran.com\/wp-content\/uploads\/2025\/10\/liv52_0.jpg",800,800,false],"thumbnail":["https:\/\/importadoracristinateran.com\/wp-content\/uploads\/2025\/10\/liv52_0-150x150.jpg",150,150,true],"medium":["https:\/\/importadoracristinateran.com\/wp-content\/uploads\/2025\/10\/liv52_0-300x300.jpg",300,300,true],"medium_large":["https:\/\/importadoracristinateran.com\/wp-content\/uploads\/2025\/10\/liv52_0-768x768.jpg",768,768,true],"large":["https:\/\/importadoracristinateran.com\/wp-content\/uploads\/2025\/10\/liv52_0.jpg",800,800,false],"1536x1536":["https:\/\/importadoracristinateran.com\/wp-content\/uploads\/2025\/10\/liv52_0.jpg",800,800,false],"2048x2048":["https:\/\/importadoracristinateran.com\/wp-content\/uploads\/2025\/10\/liv52_0.jpg",800,800,false],"woocommerce_thumbnail":["https:\/\/importadoracristinateran.com\/wp-content\/uploads\/2025\/10\/liv52_0-300x300.jpg",300,300,true],"woocommerce_single":["https:\/\/importadoracristinateran.com\/wp-content\/uploads\/2025\/10\/liv52_0-600x600.jpg",600,600,true],"woocommerce_gallery_thumbnail":["https:\/\/importadoracristinateran.com\/wp-content\/uploads\/2025\/10\/liv52_0-100x100.jpg",100,100,true],"dgwt-wcas-product-suggestion":["https:\/\/importadoracristinateran.com\/wp-content\/uploads\/2025\/10\/liv52_0-64x64.jpg",64,64,true]},"uagb_author_info":{"display_name":"mcris.import@gmail.com","author_link":"https:\/\/importadoracristinateran.com\/?author=0"},"uagb_comment_info":0,"uagb_excerpt":"Tabletas Cada tableta contiene polvos de: Capparis spinosa Cichorium intybus Mandura bhasma Solanum nigrum Terminalia arjuna Cassia occidentalis Tamarix gallica Achillea millefolium 68 mg 65 mg 33 mg 32 mg 32 mg 16 mg 16 mg 16 mg Hepatoprotectora: protege al h\u00edgado de toxinas, medicamentos y qu\u00edmicos. Promueve la actividad metab\u00f3lica y de s\u00edntesis del&hellip;","_links":{"self":[{"href":"https:\/\/importadoracristinateran.com\/index.php?rest_route=\/wp\/v2\/product\/1605","targetHints":{"allow":["GET"]}}],"collection":[{"href":"https:\/\/importadoracristinateran.com\/index.php?rest_route=\/wp\/v2\/product"}],"about":[{"href":"https:\/\/importadoracristinateran.com\/index.php?rest_route=\/wp\/v2\/types\/product"}],"replies":[{"embeddable":true,"href":"https:\/\/importadoracristinateran.com\/index.php?rest_route=%2Fwp%2Fv2%2Fcomments&post=1605"}],"wp:featuredmedia":[{"embeddable":true,"href":"https:\/\/importadoracristinateran.com\/index.php?rest_route=\/wp\/v2\/media\/1567"}],"wp:attachment":[{"href":"https:\/\/importadoracristinateran.com\/index.php?rest_route=%2Fwp%2Fv2%2Fmedia&parent=1605"}],"wp:term":[{"taxonomy":"product_brand","embeddable":true,"href":"https:\/\/importadoracristinateran.com\/index.php?rest_route=%2Fwp%2Fv2%2Fproduct_brand&post=1605"},{"taxonomy":"product_cat","embeddable":true,"href":"https:\/\/importadoracristinateran.com\/index.php?rest_route=%2Fwp%2Fv2%2Fproduct_cat&post=1605"},{"taxonomy":"product_tag","embeddable":true,"href":"https:\/\/importadoracristinateran.com\/index.php?rest_route=%2Fwp%2Fv2%2Fproduct_tag&post=1605"}],"curies":[{"name":"wp","href":"https:\/\/api.w.org\/{rel}","templated":true}]}}