{"id":1606,"date":"2025-10-29T19:48:06","date_gmt":"2025-10-29T19:48:06","guid":{"rendered":"https:\/\/importadoracristinateran.com\/?post_type=product&#038;p=1606"},"modified":"2025-10-29T19:48:06","modified_gmt":"2025-10-29T19:48:06","slug":"nefrotec","status":"publish","type":"product","link":"https:\/\/importadoracristinateran.com\/?product=nefrotec","title":{"rendered":"NEFROTEC"},"content":{"rendered":"","protected":false},"excerpt":{"rendered":"<h6>Cada tableta contiende:<\/h6>\n<h6>Extractos de:<\/h6>\n<table class=\"table\" border=\"0\" cellspacing=\"0\" cellpadding=\"0\">\n<tbody>\n<tr>\n<td><em>Parmelia perlata<\/em><\/p>\n<p><em>Saxifraga ligulata<\/em><\/p>\n<p><em>Rubia cordifolia<\/em><\/p>\n<p><em>Cyperus scariosus<\/em><\/p>\n<p><em>Achyranthes aspera<\/em><\/p>\n<p><em>Onosma bracteatum<\/em><\/p>\n<p><em>Vernonia cinerea<\/em><\/td>\n<td>65 mg<\/p>\n<p>49 mg<\/p>\n<p>16 mg<\/p>\n<p>16 mg<\/p>\n<p>16 mg<\/p>\n<p>16 mg<\/p>\n<p>16 mg<\/td>\n<\/tr>\n<\/tbody>\n<\/table>\n<ul>\n<li>Previene la recurrencia de c\u00e1lculos urinarios. Act\u00faa a nivel de mucina (mucoprote\u00edna que le confiere solidez a los c\u00e1lculos urinarios).<\/li>\n<li>Inhibe la precipitaci\u00f3n de bifosfato de calcio y cristales de oxalato previniendo la supersaturaci\u00f3n de la orina.<\/li>\n<li>Ejerce efecto diur\u00e9tico sin alterar el balance de electrolitos, incrementa el flujo de orina y reduce el edema.<\/li>\n<li>Antis\u00e9ptico: protege el tracto urinario de los pat\u00f3genos comunes.<\/li>\n<\/ul>\n","protected":false},"featured_media":1568,"comment_status":"open","ping_status":"closed","template":"","meta":{"_uag_custom_page_level_css":"","site-sidebar-layout":"default","site-content-layout":"","ast-site-content-layout":"default","site-content-style":"default","site-sidebar-style":"default","ast-global-header-display":"","ast-banner-title-visibility":"","ast-main-header-display":"","ast-hfb-above-header-display":"","ast-hfb-below-header-display":"","ast-hfb-mobile-header-display":"","site-post-title":"","ast-breadcrumbs-content":"","ast-featured-img":"","footer-sml-layout":"","theme-transparent-header-meta":"default","adv-header-id-meta":"","stick-header-meta":"","header-above-stick-meta":"","header-main-stick-meta":"","header-below-stick-meta":"","astra-migrate-meta-layouts":"set","ast-page-background-enabled":"default","ast-page-background-meta":{"desktop":{"background-color":"var(--ast-global-color-5)","background-image":"","background-repeat":"repeat","background-position":"center center","background-size":"auto","background-attachment":"scroll","background-type":"","background-media":"","overlay-type":"","overlay-color":"","overlay-opacity":"","overlay-gradient":""},"tablet":{"background-color":"","background-image":"","background-repeat":"repeat","background-position":"center center","background-size":"auto","background-attachment":"scroll","background-type":"","background-media":"","overlay-type":"","overlay-color":"","overlay-opacity":"","overlay-gradient":""},"mobile":{"background-color":"","background-image":"","background-repeat":"repeat","background-position":"center center","background-size":"auto","background-attachment":"scroll","background-type":"","background-media":"","overlay-type":"","overlay-color":"","overlay-opacity":"","overlay-gradient":""}},"ast-content-background-meta":{"desktop":{"background-color":"var(--ast-global-color-4)","background-image":"","background-repeat":"repeat","background-position":"center center","background-size":"auto","background-attachment":"scroll","background-type":"","background-media":"","overlay-type":"","overlay-color":"","overlay-opacity":"","overlay-gradient":""},"tablet":{"background-color":"var(--ast-global-color-4)","background-image":"","background-repeat":"repeat","background-position":"center center","background-size":"auto","background-attachment":"scroll","background-type":"","background-media":"","overlay-type":"","overlay-color":"","overlay-opacity":"","overlay-gradient":""},"mobile":{"background-color":"var(--ast-global-color-4)","background-image":"","background-repeat":"repeat","background-position":"center center","background-size":"auto","background-attachment":"scroll","background-type":"","background-media":"","overlay-type":"","overlay-color":"","overlay-opacity":"","overlay-gradient":""}},"_joinchat":[]},"product_brand":[],"product_cat":[38],"product_tag":[],"class_list":{"0":"post-1606","1":"product","2":"type-product","3":"status-publish","4":"has-post-thumbnail","6":"product_cat-labmontana","7":"desktop-align-left","8":"tablet-align-left","9":"mobile-align-left","11":"first","12":"instock","13":"shipping-taxable","14":"product-type-external"},"aioseo_notices":[],"uagb_featured_image_src":{"full":["https:\/\/importadoracristinateran.com\/wp-content\/uploads\/2025\/10\/nefrotec.webp",1000,1000,false],"thumbnail":["https:\/\/importadoracristinateran.com\/wp-content\/uploads\/2025\/10\/nefrotec-150x150.webp",150,150,true],"medium":["https:\/\/importadoracristinateran.com\/wp-content\/uploads\/2025\/10\/nefrotec-300x300.webp",300,300,true],"medium_large":["https:\/\/importadoracristinateran.com\/wp-content\/uploads\/2025\/10\/nefrotec-768x768.webp",768,768,true],"large":["https:\/\/importadoracristinateran.com\/wp-content\/uploads\/2025\/10\/nefrotec.webp",1000,1000,false],"1536x1536":["https:\/\/importadoracristinateran.com\/wp-content\/uploads\/2025\/10\/nefrotec.webp",1000,1000,false],"2048x2048":["https:\/\/importadoracristinateran.com\/wp-content\/uploads\/2025\/10\/nefrotec.webp",1000,1000,false],"woocommerce_thumbnail":["https:\/\/importadoracristinateran.com\/wp-content\/uploads\/2025\/10\/nefrotec-300x300.webp",300,300,true],"woocommerce_single":["https:\/\/importadoracristinateran.com\/wp-content\/uploads\/2025\/10\/nefrotec-600x600.webp",600,600,true],"woocommerce_gallery_thumbnail":["https:\/\/importadoracristinateran.com\/wp-content\/uploads\/2025\/10\/nefrotec-100x100.webp",100,100,true],"dgwt-wcas-product-suggestion":["https:\/\/importadoracristinateran.com\/wp-content\/uploads\/2025\/10\/nefrotec-64x64.webp",64,64,true]},"uagb_author_info":{"display_name":"mcris.import@gmail.com","author_link":"https:\/\/importadoracristinateran.com\/?author=0"},"uagb_comment_info":0,"uagb_excerpt":"Cada tableta contiende: Extractos de: Parmelia perlata Saxifraga ligulata Rubia cordifolia Cyperus scariosus Achyranthes aspera Onosma bracteatum Vernonia cinerea 65 mg 49 mg 16 mg 16 mg 16 mg 16 mg 16 mg Previene la recurrencia de c\u00e1lculos urinarios. Act\u00faa a nivel de mucina (mucoprote\u00edna que le confiere solidez a los c\u00e1lculos urinarios). Inhibe la&hellip;","_links":{"self":[{"href":"https:\/\/importadoracristinateran.com\/index.php?rest_route=\/wp\/v2\/product\/1606","targetHints":{"allow":["GET"]}}],"collection":[{"href":"https:\/\/importadoracristinateran.com\/index.php?rest_route=\/wp\/v2\/product"}],"about":[{"href":"https:\/\/importadoracristinateran.com\/index.php?rest_route=\/wp\/v2\/types\/product"}],"replies":[{"embeddable":true,"href":"https:\/\/importadoracristinateran.com\/index.php?rest_route=%2Fwp%2Fv2%2Fcomments&post=1606"}],"wp:featuredmedia":[{"embeddable":true,"href":"https:\/\/importadoracristinateran.com\/index.php?rest_route=\/wp\/v2\/media\/1568"}],"wp:attachment":[{"href":"https:\/\/importadoracristinateran.com\/index.php?rest_route=%2Fwp%2Fv2%2Fmedia&parent=1606"}],"wp:term":[{"taxonomy":"product_brand","embeddable":true,"href":"https:\/\/importadoracristinateran.com\/index.php?rest_route=%2Fwp%2Fv2%2Fproduct_brand&post=1606"},{"taxonomy":"product_cat","embeddable":true,"href":"https:\/\/importadoracristinateran.com\/index.php?rest_route=%2Fwp%2Fv2%2Fproduct_cat&post=1606"},{"taxonomy":"product_tag","embeddable":true,"href":"https:\/\/importadoracristinateran.com\/index.php?rest_route=%2Fwp%2Fv2%2Fproduct_tag&post=1606"}],"curies":[{"name":"wp","href":"https:\/\/api.w.org\/{rel}","templated":true}]}}