{"id":1607,"date":"2025-10-29T19:59:46","date_gmt":"2025-10-29T19:59:46","guid":{"rendered":"https:\/\/importadoracristinateran.com\/?post_type=product&#038;p=1607"},"modified":"2025-10-29T19:59:59","modified_gmt":"2025-10-29T19:59:59","slug":"paracanis","status":"publish","type":"product","link":"https:\/\/importadoracristinateran.com\/?product=paracanis","title":{"rendered":"PARACANIS"},"content":{"rendered":"","protected":false},"excerpt":{"rendered":"<h5 class=\"et_pb_toggle_title\">Composici\u00f3n<\/h5>\n<div class=\"et_pb_toggle_content clearfix\">\n<p>Cada mL contiene:<\/p>\n<p>Praziquantel 25 mg<br \/>\nEmbonato de Pirantel 72.5 mg<br \/>\nExcipientes c.s.p.<\/p>\n<p><strong>Presentaci\u00f3n<\/strong><\/p>\n<p>2ml<\/p>\n<p>5ml<\/p>\n<p>10ml<\/p>\n<p>El Praziquantel, es un compuesto de excelente actividad contra todo tipo de tenias y de amplio margen de seguridad en las especies para las cuales est\u00e1 indicado.<\/p>\n<p>El Praziquantel se absorbe en forma r\u00e1pida y completa, los niveles m\u00e1ximos se presentan en los perros a las 2 horas; se distribuye a todos los \u00f3rganos e inclusive sobrepasa la barrera hematoencef\u00e1lica.<\/p>\n<p>Esta excelente distribuci\u00f3n le permite una gran actividad contra los estados larvarios y adultos del par\u00e1sito en diferentes sitios del organismo. Su principal sitio de metabolismo es el h\u00edgado.<\/p>\n<p>Embonato de Pirantel ejerce su actividad principalmente contra los vermes redondos, tales como el Ancylostoma spp. y los Ascaris spp. Tambi\u00e9n posee amplio margen de seguridad.<\/p>\n<p>La asociaci\u00f3n de estos dos antihelm\u00ednticos, da origen a un amplio espectro contra las parasitosis intestinales m\u00e1s comunes de los perros y gatos.<\/p>\n<\/div>\n","protected":false},"featured_media":1569,"comment_status":"open","ping_status":"closed","template":"","meta":{"_uag_custom_page_level_css":"","site-sidebar-layout":"default","site-content-layout":"","ast-site-content-layout":"default","site-content-style":"default","site-sidebar-style":"default","ast-global-header-display":"","ast-banner-title-visibility":"","ast-main-header-display":"","ast-hfb-above-header-display":"","ast-hfb-below-header-display":"","ast-hfb-mobile-header-display":"","site-post-title":"","ast-breadcrumbs-content":"","ast-featured-img":"","footer-sml-layout":"","theme-transparent-header-meta":"default","adv-header-id-meta":"","stick-header-meta":"","header-above-stick-meta":"","header-main-stick-meta":"","header-below-stick-meta":"","astra-migrate-meta-layouts":"set","ast-page-background-enabled":"default","ast-page-background-meta":{"desktop":{"background-color":"var(--ast-global-color-5)","background-image":"","background-repeat":"repeat","background-position":"center center","background-size":"auto","background-attachment":"scroll","background-type":"","background-media":"","overlay-type":"","overlay-color":"","overlay-opacity":"","overlay-gradient":""},"tablet":{"background-color":"","background-image":"","background-repeat":"repeat","background-position":"center center","background-size":"auto","background-attachment":"scroll","background-type":"","background-media":"","overlay-type":"","overlay-color":"","overlay-opacity":"","overlay-gradient":""},"mobile":{"background-color":"","background-image":"","background-repeat":"repeat","background-position":"center center","background-size":"auto","background-attachment":"scroll","background-type":"","background-media":"","overlay-type":"","overlay-color":"","overlay-opacity":"","overlay-gradient":""}},"ast-content-background-meta":{"desktop":{"background-color":"var(--ast-global-color-4)","background-image":"","background-repeat":"repeat","background-position":"center center","background-size":"auto","background-attachment":"scroll","background-type":"","background-media":"","overlay-type":"","overlay-color":"","overlay-opacity":"","overlay-gradient":""},"tablet":{"background-color":"var(--ast-global-color-4)","background-image":"","background-repeat":"repeat","background-position":"center center","background-size":"auto","background-attachment":"scroll","background-type":"","background-media":"","overlay-type":"","overlay-color":"","overlay-opacity":"","overlay-gradient":""},"mobile":{"background-color":"var(--ast-global-color-4)","background-image":"","background-repeat":"repeat","background-position":"center center","background-size":"auto","background-attachment":"scroll","background-type":"","background-media":"","overlay-type":"","overlay-color":"","overlay-opacity":"","overlay-gradient":""}},"_joinchat":[]},"product_brand":[],"product_cat":[57],"product_tag":[],"class_list":{"0":"post-1607","1":"product","2":"type-product","3":"status-publish","4":"has-post-thumbnail","6":"product_cat-labkyrovet","7":"desktop-align-left","8":"tablet-align-left","9":"mobile-align-left","11":"first","12":"instock","13":"shipping-taxable","14":"product-type-external"},"aioseo_notices":[],"uagb_featured_image_src":{"full":["https:\/\/importadoracristinateran.com\/wp-content\/uploads\/2025\/10\/PARACANIS-10ml.webp",673,673,false],"thumbnail":["https:\/\/importadoracristinateran.com\/wp-content\/uploads\/2025\/10\/PARACANIS-10ml-150x150.webp",150,150,true],"medium":["https:\/\/importadoracristinateran.com\/wp-content\/uploads\/2025\/10\/PARACANIS-10ml-300x300.webp",300,300,true],"medium_large":["https:\/\/importadoracristinateran.com\/wp-content\/uploads\/2025\/10\/PARACANIS-10ml.webp",673,673,false],"large":["https:\/\/importadoracristinateran.com\/wp-content\/uploads\/2025\/10\/PARACANIS-10ml.webp",673,673,false],"1536x1536":["https:\/\/importadoracristinateran.com\/wp-content\/uploads\/2025\/10\/PARACANIS-10ml.webp",673,673,false],"2048x2048":["https:\/\/importadoracristinateran.com\/wp-content\/uploads\/2025\/10\/PARACANIS-10ml.webp",673,673,false],"woocommerce_thumbnail":["https:\/\/importadoracristinateran.com\/wp-content\/uploads\/2025\/10\/PARACANIS-10ml-300x300.webp",300,300,true],"woocommerce_single":["https:\/\/importadoracristinateran.com\/wp-content\/uploads\/2025\/10\/PARACANIS-10ml-600x600.webp",600,600,true],"woocommerce_gallery_thumbnail":["https:\/\/importadoracristinateran.com\/wp-content\/uploads\/2025\/10\/PARACANIS-10ml-100x100.webp",100,100,true],"dgwt-wcas-product-suggestion":["https:\/\/importadoracristinateran.com\/wp-content\/uploads\/2025\/10\/PARACANIS-10ml-64x64.webp",64,64,true]},"uagb_author_info":{"display_name":"mcris.import@gmail.com","author_link":"https:\/\/importadoracristinateran.com\/?author=0"},"uagb_comment_info":0,"uagb_excerpt":"Composici\u00f3n Cada mL contiene: Praziquantel 25 mg Embonato de Pirantel 72.5 mg Excipientes c.s.p. Presentaci\u00f3n 2ml 5ml 10ml El Praziquantel, es un compuesto de excelente actividad contra todo tipo de tenias y de amplio margen de seguridad en las especies para las cuales est\u00e1 indicado. El Praziquantel se absorbe en forma r\u00e1pida y completa, los&hellip;","_links":{"self":[{"href":"https:\/\/importadoracristinateran.com\/index.php?rest_route=\/wp\/v2\/product\/1607","targetHints":{"allow":["GET"]}}],"collection":[{"href":"https:\/\/importadoracristinateran.com\/index.php?rest_route=\/wp\/v2\/product"}],"about":[{"href":"https:\/\/importadoracristinateran.com\/index.php?rest_route=\/wp\/v2\/types\/product"}],"replies":[{"embeddable":true,"href":"https:\/\/importadoracristinateran.com\/index.php?rest_route=%2Fwp%2Fv2%2Fcomments&post=1607"}],"wp:featuredmedia":[{"embeddable":true,"href":"https:\/\/importadoracristinateran.com\/index.php?rest_route=\/wp\/v2\/media\/1569"}],"wp:attachment":[{"href":"https:\/\/importadoracristinateran.com\/index.php?rest_route=%2Fwp%2Fv2%2Fmedia&parent=1607"}],"wp:term":[{"taxonomy":"product_brand","embeddable":true,"href":"https:\/\/importadoracristinateran.com\/index.php?rest_route=%2Fwp%2Fv2%2Fproduct_brand&post=1607"},{"taxonomy":"product_cat","embeddable":true,"href":"https:\/\/importadoracristinateran.com\/index.php?rest_route=%2Fwp%2Fv2%2Fproduct_cat&post=1607"},{"taxonomy":"product_tag","embeddable":true,"href":"https:\/\/importadoracristinateran.com\/index.php?rest_route=%2Fwp%2Fv2%2Fproduct_tag&post=1607"}],"curies":[{"name":"wp","href":"https:\/\/api.w.org\/{rel}","templated":true}]}}