{"id":1608,"date":"2025-10-29T20:04:49","date_gmt":"2025-10-29T20:04:49","guid":{"rendered":"https:\/\/importadoracristinateran.com\/?post_type=product&#038;p=1608"},"modified":"2025-10-29T20:04:49","modified_gmt":"2025-10-29T20:04:49","slug":"scavon-vet-spray","status":"publish","type":"product","link":"https:\/\/importadoracristinateran.com\/?product=scavon-vet-spray","title":{"rendered":"SCAVON VET SPRAY"},"content":{"rendered":"","protected":false},"excerpt":{"rendered":"<h6>Cada ml de la soluci\u00f3n del spray contiene:<\/h6>\n<table class=\"table\" border=\"0\" cellspacing=\"0\" cellpadding=\"0\">\n<tbody>\n<tr>\n<td><em>Eucalyptus globulus<\/em><\/p>\n<p><em>Azadirachta indica<\/em><\/p>\n<p><em>Andropogon citratus<\/em><\/p>\n<p><em>Cedrus deodora<\/em><\/p>\n<p><em>Curcuma longa<\/em><\/td>\n<td>60 mg<\/p>\n<p>50 mg<\/p>\n<p>40 mg<\/p>\n<p>28 mg<\/p>\n<p>2 mg<\/td>\n<\/tr>\n<\/tbody>\n<\/table>\n<ul>\n<li>Heridas de variada etiolog\u00eda: traum\u00e1ticas y postoperatorias.<\/li>\n<li>Pioderma.<\/li>\n<li>Dermatomicosis (ti\u00f1a y candidiasis).<\/li>\n<li>Miasis (gusanera).<\/li>\n<li>Sarna.<\/li>\n<li>Dermatitis.<\/li>\n<li>Quemaduras.<\/li>\n<li>Prurito (picaz\u00f3n).<\/li>\n<li>Eczema h\u00famedo\/seco.<\/li>\n<li>Lesiones por estomatitis vesicular, lesiones podales y f\u00edstulas<\/li>\n<\/ul>\n","protected":false},"featured_media":1571,"comment_status":"open","ping_status":"closed","template":"","meta":{"_uag_custom_page_level_css":"","site-sidebar-layout":"default","site-content-layout":"","ast-site-content-layout":"default","site-content-style":"default","site-sidebar-style":"default","ast-global-header-display":"","ast-banner-title-visibility":"","ast-main-header-display":"","ast-hfb-above-header-display":"","ast-hfb-below-header-display":"","ast-hfb-mobile-header-display":"","site-post-title":"","ast-breadcrumbs-content":"","ast-featured-img":"","footer-sml-layout":"","theme-transparent-header-meta":"default","adv-header-id-meta":"","stick-header-meta":"","header-above-stick-meta":"","header-main-stick-meta":"","header-below-stick-meta":"","astra-migrate-meta-layouts":"set","ast-page-background-enabled":"default","ast-page-background-meta":{"desktop":{"background-color":"var(--ast-global-color-5)","background-image":"","background-repeat":"repeat","background-position":"center center","background-size":"auto","background-attachment":"scroll","background-type":"","background-media":"","overlay-type":"","overlay-color":"","overlay-opacity":"","overlay-gradient":""},"tablet":{"background-color":"","background-image":"","background-repeat":"repeat","background-position":"center center","background-size":"auto","background-attachment":"scroll","background-type":"","background-media":"","overlay-type":"","overlay-color":"","overlay-opacity":"","overlay-gradient":""},"mobile":{"background-color":"","background-image":"","background-repeat":"repeat","background-position":"center center","background-size":"auto","background-attachment":"scroll","background-type":"","background-media":"","overlay-type":"","overlay-color":"","overlay-opacity":"","overlay-gradient":""}},"ast-content-background-meta":{"desktop":{"background-color":"var(--ast-global-color-4)","background-image":"","background-repeat":"repeat","background-position":"center center","background-size":"auto","background-attachment":"scroll","background-type":"","background-media":"","overlay-type":"","overlay-color":"","overlay-opacity":"","overlay-gradient":""},"tablet":{"background-color":"var(--ast-global-color-4)","background-image":"","background-repeat":"repeat","background-position":"center center","background-size":"auto","background-attachment":"scroll","background-type":"","background-media":"","overlay-type":"","overlay-color":"","overlay-opacity":"","overlay-gradient":""},"mobile":{"background-color":"var(--ast-global-color-4)","background-image":"","background-repeat":"repeat","background-position":"center center","background-size":"auto","background-attachment":"scroll","background-type":"","background-media":"","overlay-type":"","overlay-color":"","overlay-opacity":"","overlay-gradient":""}},"_joinchat":[]},"product_brand":[],"product_cat":[38],"product_tag":[],"class_list":{"0":"post-1608","1":"product","2":"type-product","3":"status-publish","4":"has-post-thumbnail","6":"product_cat-labmontana","7":"desktop-align-left","8":"tablet-align-left","9":"mobile-align-left","11":"first","12":"instock","13":"shipping-taxable","14":"product-type-external"},"aioseo_notices":[],"uagb_featured_image_src":{"full":["https:\/\/importadoracristinateran.com\/wp-content\/uploads\/2025\/10\/scavon-vet-spray.webp",500,500,false],"thumbnail":["https:\/\/importadoracristinateran.com\/wp-content\/uploads\/2025\/10\/scavon-vet-spray-150x150.webp",150,150,true],"medium":["https:\/\/importadoracristinateran.com\/wp-content\/uploads\/2025\/10\/scavon-vet-spray-300x300.webp",300,300,true],"medium_large":["https:\/\/importadoracristinateran.com\/wp-content\/uploads\/2025\/10\/scavon-vet-spray.webp",500,500,false],"large":["https:\/\/importadoracristinateran.com\/wp-content\/uploads\/2025\/10\/scavon-vet-spray.webp",500,500,false],"1536x1536":["https:\/\/importadoracristinateran.com\/wp-content\/uploads\/2025\/10\/scavon-vet-spray.webp",500,500,false],"2048x2048":["https:\/\/importadoracristinateran.com\/wp-content\/uploads\/2025\/10\/scavon-vet-spray.webp",500,500,false],"woocommerce_thumbnail":["https:\/\/importadoracristinateran.com\/wp-content\/uploads\/2025\/10\/scavon-vet-spray-300x300.webp",300,300,true],"woocommerce_single":["https:\/\/importadoracristinateran.com\/wp-content\/uploads\/2025\/10\/scavon-vet-spray.webp",500,500,false],"woocommerce_gallery_thumbnail":["https:\/\/importadoracristinateran.com\/wp-content\/uploads\/2025\/10\/scavon-vet-spray-100x100.webp",100,100,true],"dgwt-wcas-product-suggestion":["https:\/\/importadoracristinateran.com\/wp-content\/uploads\/2025\/10\/scavon-vet-spray-64x64.webp",64,64,true]},"uagb_author_info":{"display_name":"mcris.import@gmail.com","author_link":"https:\/\/importadoracristinateran.com\/?author=0"},"uagb_comment_info":0,"uagb_excerpt":"Cada ml de la soluci\u00f3n del spray contiene: Eucalyptus globulus Azadirachta indica Andropogon citratus Cedrus deodora Curcuma longa 60 mg 50 mg 40 mg 28 mg 2 mg Heridas de variada etiolog\u00eda: traum\u00e1ticas y postoperatorias. Pioderma. Dermatomicosis (ti\u00f1a y candidiasis). Miasis (gusanera). Sarna. Dermatitis. Quemaduras. Prurito (picaz\u00f3n). Eczema h\u00famedo\/seco. Lesiones por estomatitis vesicular, lesiones podales&hellip;","_links":{"self":[{"href":"https:\/\/importadoracristinateran.com\/index.php?rest_route=\/wp\/v2\/product\/1608","targetHints":{"allow":["GET"]}}],"collection":[{"href":"https:\/\/importadoracristinateran.com\/index.php?rest_route=\/wp\/v2\/product"}],"about":[{"href":"https:\/\/importadoracristinateran.com\/index.php?rest_route=\/wp\/v2\/types\/product"}],"replies":[{"embeddable":true,"href":"https:\/\/importadoracristinateran.com\/index.php?rest_route=%2Fwp%2Fv2%2Fcomments&post=1608"}],"wp:featuredmedia":[{"embeddable":true,"href":"https:\/\/importadoracristinateran.com\/index.php?rest_route=\/wp\/v2\/media\/1571"}],"wp:attachment":[{"href":"https:\/\/importadoracristinateran.com\/index.php?rest_route=%2Fwp%2Fv2%2Fmedia&parent=1608"}],"wp:term":[{"taxonomy":"product_brand","embeddable":true,"href":"https:\/\/importadoracristinateran.com\/index.php?rest_route=%2Fwp%2Fv2%2Fproduct_brand&post=1608"},{"taxonomy":"product_cat","embeddable":true,"href":"https:\/\/importadoracristinateran.com\/index.php?rest_route=%2Fwp%2Fv2%2Fproduct_cat&post=1608"},{"taxonomy":"product_tag","embeddable":true,"href":"https:\/\/importadoracristinateran.com\/index.php?rest_route=%2Fwp%2Fv2%2Fproduct_tag&post=1608"}],"curies":[{"name":"wp","href":"https:\/\/api.w.org\/{rel}","templated":true}]}}