{"id":1610,"date":"2025-10-29T20:37:24","date_gmt":"2025-10-29T20:37:24","guid":{"rendered":"https:\/\/importadoracristinateran.com\/?post_type=product&#038;p=1610"},"modified":"2025-10-29T20:37:24","modified_gmt":"2025-10-29T20:37:24","slug":"sponge-clean-500-ml","status":"publish","type":"product","link":"https:\/\/importadoracristinateran.com\/?product=sponge-clean-500-ml","title":{"rendered":"Sponge Clean 500 ML"},"content":{"rendered":"","protected":false},"excerpt":{"rendered":"<p>Cada 100ml contiene:<\/p>\n<p>\u00c1cido hipocloroso 22mg<\/p>\n<p>Agua desionizada c.s.p 100mL<\/p>\n<p>\u00c1cidoHipocloroso<br \/>\n&#8211; Producto<br \/>\nantis\u00e9ptico,<br \/>\n&#8211; cicatrizante,<br \/>\n&#8211; antibiopel\u00edcula,<br \/>\n&#8211; antihemorr\u00e1gico,<br \/>\n&#8211; analg\u00e9sico,<br \/>\n&#8211; antiinflamatorio,<br \/>\n&#8211; no t\u00f3xico,<br \/>\n&#8211; no irrita la piel,<br \/>\n&#8211; no arde,<br \/>\n&#8211; no mancha<\/p>\n","protected":false},"featured_media":1573,"comment_status":"open","ping_status":"closed","template":"","meta":{"_uag_custom_page_level_css":"","site-sidebar-layout":"default","site-content-layout":"","ast-site-content-layout":"default","site-content-style":"default","site-sidebar-style":"default","ast-global-header-display":"","ast-banner-title-visibility":"","ast-main-header-display":"","ast-hfb-above-header-display":"","ast-hfb-below-header-display":"","ast-hfb-mobile-header-display":"","site-post-title":"","ast-breadcrumbs-content":"","ast-featured-img":"","footer-sml-layout":"","theme-transparent-header-meta":"default","adv-header-id-meta":"","stick-header-meta":"","header-above-stick-meta":"","header-main-stick-meta":"","header-below-stick-meta":"","astra-migrate-meta-layouts":"set","ast-page-background-enabled":"default","ast-page-background-meta":{"desktop":{"background-color":"var(--ast-global-color-5)","background-image":"","background-repeat":"repeat","background-position":"center center","background-size":"auto","background-attachment":"scroll","background-type":"","background-media":"","overlay-type":"","overlay-color":"","overlay-opacity":"","overlay-gradient":""},"tablet":{"background-color":"","background-image":"","background-repeat":"repeat","background-position":"center center","background-size":"auto","background-attachment":"scroll","background-type":"","background-media":"","overlay-type":"","overlay-color":"","overlay-opacity":"","overlay-gradient":""},"mobile":{"background-color":"","background-image":"","background-repeat":"repeat","background-position":"center center","background-size":"auto","background-attachment":"scroll","background-type":"","background-media":"","overlay-type":"","overlay-color":"","overlay-opacity":"","overlay-gradient":""}},"ast-content-background-meta":{"desktop":{"background-color":"var(--ast-global-color-4)","background-image":"","background-repeat":"repeat","background-position":"center center","background-size":"auto","background-attachment":"scroll","background-type":"","background-media":"","overlay-type":"","overlay-color":"","overlay-opacity":"","overlay-gradient":""},"tablet":{"background-color":"var(--ast-global-color-4)","background-image":"","background-repeat":"repeat","background-position":"center center","background-size":"auto","background-attachment":"scroll","background-type":"","background-media":"","overlay-type":"","overlay-color":"","overlay-opacity":"","overlay-gradient":""},"mobile":{"background-color":"var(--ast-global-color-4)","background-image":"","background-repeat":"repeat","background-position":"center center","background-size":"auto","background-attachment":"scroll","background-type":"","background-media":"","overlay-type":"","overlay-color":"","overlay-opacity":"","overlay-gradient":""}},"_joinchat":[]},"product_brand":[],"product_cat":[105],"product_tag":[],"class_list":{"0":"post-1610","1":"product","2":"type-product","3":"status-publish","4":"has-post-thumbnail","6":"product_cat-lab-marclab","7":"desktop-align-left","8":"tablet-align-left","9":"mobile-align-left","11":"first","12":"instock","13":"shipping-taxable","14":"product-type-external"},"aioseo_notices":[],"uagb_featured_image_src":{"full":["https:\/\/importadoracristinateran.com\/wp-content\/uploads\/2025\/10\/sponge-heridas.png",351,710,false],"thumbnail":["https:\/\/importadoracristinateran.com\/wp-content\/uploads\/2025\/10\/sponge-heridas-150x150.png",150,150,true],"medium":["https:\/\/importadoracristinateran.com\/wp-content\/uploads\/2025\/10\/sponge-heridas-148x300.png",148,300,true],"medium_large":["https:\/\/importadoracristinateran.com\/wp-content\/uploads\/2025\/10\/sponge-heridas.png",351,710,false],"large":["https:\/\/importadoracristinateran.com\/wp-content\/uploads\/2025\/10\/sponge-heridas.png",351,710,false],"1536x1536":["https:\/\/importadoracristinateran.com\/wp-content\/uploads\/2025\/10\/sponge-heridas.png",351,710,false],"2048x2048":["https:\/\/importadoracristinateran.com\/wp-content\/uploads\/2025\/10\/sponge-heridas.png",351,710,false],"woocommerce_thumbnail":["https:\/\/importadoracristinateran.com\/wp-content\/uploads\/2025\/10\/sponge-heridas-300x300.png",300,300,true],"woocommerce_single":["https:\/\/importadoracristinateran.com\/wp-content\/uploads\/2025\/10\/sponge-heridas.png",351,710,false],"woocommerce_gallery_thumbnail":["https:\/\/importadoracristinateran.com\/wp-content\/uploads\/2025\/10\/sponge-heridas-100x100.png",100,100,true],"dgwt-wcas-product-suggestion":["https:\/\/importadoracristinateran.com\/wp-content\/uploads\/2025\/10\/sponge-heridas-64x129.png",64,129,true]},"uagb_author_info":{"display_name":"mcris.import@gmail.com","author_link":"https:\/\/importadoracristinateran.com\/?author=0"},"uagb_comment_info":0,"uagb_excerpt":"Cada 100ml contiene: \u00c1cido hipocloroso 22mg Agua desionizada c.s.p 100mL \u00c1cidoHipocloroso - Producto antis\u00e9ptico, - cicatrizante, - antibiopel\u00edcula, - antihemorr\u00e1gico, - analg\u00e9sico, - antiinflamatorio, - no t\u00f3xico, - no irrita la piel, - no arde, - no mancha","_links":{"self":[{"href":"https:\/\/importadoracristinateran.com\/index.php?rest_route=\/wp\/v2\/product\/1610","targetHints":{"allow":["GET"]}}],"collection":[{"href":"https:\/\/importadoracristinateran.com\/index.php?rest_route=\/wp\/v2\/product"}],"about":[{"href":"https:\/\/importadoracristinateran.com\/index.php?rest_route=\/wp\/v2\/types\/product"}],"replies":[{"embeddable":true,"href":"https:\/\/importadoracristinateran.com\/index.php?rest_route=%2Fwp%2Fv2%2Fcomments&post=1610"}],"wp:featuredmedia":[{"embeddable":true,"href":"https:\/\/importadoracristinateran.com\/index.php?rest_route=\/wp\/v2\/media\/1573"}],"wp:attachment":[{"href":"https:\/\/importadoracristinateran.com\/index.php?rest_route=%2Fwp%2Fv2%2Fmedia&parent=1610"}],"wp:term":[{"taxonomy":"product_brand","embeddable":true,"href":"https:\/\/importadoracristinateran.com\/index.php?rest_route=%2Fwp%2Fv2%2Fproduct_brand&post=1610"},{"taxonomy":"product_cat","embeddable":true,"href":"https:\/\/importadoracristinateran.com\/index.php?rest_route=%2Fwp%2Fv2%2Fproduct_cat&post=1610"},{"taxonomy":"product_tag","embeddable":true,"href":"https:\/\/importadoracristinateran.com\/index.php?rest_route=%2Fwp%2Fv2%2Fproduct_tag&post=1610"}],"curies":[{"name":"wp","href":"https:\/\/api.w.org\/{rel}","templated":true}]}}