{"id":1611,"date":"2025-10-29T20:50:26","date_gmt":"2025-10-29T20:50:26","guid":{"rendered":"https:\/\/importadoracristinateran.com\/?post_type=product&#038;p=1611"},"modified":"2025-10-29T20:50:26","modified_gmt":"2025-10-29T20:50:26","slug":"sponge-oftalmico","status":"publish","type":"product","link":"https:\/\/importadoracristinateran.com\/?product=sponge-oftalmico","title":{"rendered":"Sponge Oft\u00e1lmico"},"content":{"rendered":"","protected":false},"excerpt":{"rendered":"<p><strong>Composici\u00f3n<\/strong><\/p>\n<p>Acido hiplocoroso de grado m\u00e9dico 10mg<\/p>\n<p>Colirio antis\u00e9ptico a base de \u00e1cido hipocloroso de grado m\u00e9dico , dise\u00f1ado para desinfectar, aliviar y proteger los ojos del caballo. Su f\u00f3rmula avanzada elimina bacterias, hongos y virus sin causar irritaci\u00f3n, ayudando a tratar y prevenir infecciones, conjuntivitis y alergias oculares. Seguro, hipoalerg\u00e9nico y de uso diario, ideal para caballos expuestos a polvo, viento y agentes irritantes.<\/p>\n","protected":false},"featured_media":1574,"comment_status":"open","ping_status":"closed","template":"","meta":{"_uag_custom_page_level_css":"","site-sidebar-layout":"default","site-content-layout":"","ast-site-content-layout":"default","site-content-style":"default","site-sidebar-style":"default","ast-global-header-display":"","ast-banner-title-visibility":"","ast-main-header-display":"","ast-hfb-above-header-display":"","ast-hfb-below-header-display":"","ast-hfb-mobile-header-display":"","site-post-title":"","ast-breadcrumbs-content":"","ast-featured-img":"","footer-sml-layout":"","theme-transparent-header-meta":"default","adv-header-id-meta":"","stick-header-meta":"","header-above-stick-meta":"","header-main-stick-meta":"","header-below-stick-meta":"","astra-migrate-meta-layouts":"set","ast-page-background-enabled":"default","ast-page-background-meta":{"desktop":{"background-color":"var(--ast-global-color-5)","background-image":"","background-repeat":"repeat","background-position":"center center","background-size":"auto","background-attachment":"scroll","background-type":"","background-media":"","overlay-type":"","overlay-color":"","overlay-opacity":"","overlay-gradient":""},"tablet":{"background-color":"","background-image":"","background-repeat":"repeat","background-position":"center center","background-size":"auto","background-attachment":"scroll","background-type":"","background-media":"","overlay-type":"","overlay-color":"","overlay-opacity":"","overlay-gradient":""},"mobile":{"background-color":"","background-image":"","background-repeat":"repeat","background-position":"center center","background-size":"auto","background-attachment":"scroll","background-type":"","background-media":"","overlay-type":"","overlay-color":"","overlay-opacity":"","overlay-gradient":""}},"ast-content-background-meta":{"desktop":{"background-color":"var(--ast-global-color-4)","background-image":"","background-repeat":"repeat","background-position":"center center","background-size":"auto","background-attachment":"scroll","background-type":"","background-media":"","overlay-type":"","overlay-color":"","overlay-opacity":"","overlay-gradient":""},"tablet":{"background-color":"var(--ast-global-color-4)","background-image":"","background-repeat":"repeat","background-position":"center center","background-size":"auto","background-attachment":"scroll","background-type":"","background-media":"","overlay-type":"","overlay-color":"","overlay-opacity":"","overlay-gradient":""},"mobile":{"background-color":"var(--ast-global-color-4)","background-image":"","background-repeat":"repeat","background-position":"center center","background-size":"auto","background-attachment":"scroll","background-type":"","background-media":"","overlay-type":"","overlay-color":"","overlay-opacity":"","overlay-gradient":""}},"_joinchat":[]},"product_brand":[],"product_cat":[105],"product_tag":[],"class_list":{"0":"post-1611","1":"product","2":"type-product","3":"status-publish","4":"has-post-thumbnail","6":"product_cat-lab-marclab","7":"desktop-align-left","8":"tablet-align-left","9":"mobile-align-left","11":"first","12":"instock","13":"shipping-taxable","14":"product-type-external"},"aioseo_notices":[],"uagb_featured_image_src":{"full":["https:\/\/importadoracristinateran.com\/wp-content\/uploads\/2025\/10\/sponge-oftalmico.png",700,869,false],"thumbnail":["https:\/\/importadoracristinateran.com\/wp-content\/uploads\/2025\/10\/sponge-oftalmico-150x150.png",150,150,true],"medium":["https:\/\/importadoracristinateran.com\/wp-content\/uploads\/2025\/10\/sponge-oftalmico-242x300.png",242,300,true],"medium_large":["https:\/\/importadoracristinateran.com\/wp-content\/uploads\/2025\/10\/sponge-oftalmico.png",700,869,false],"large":["https:\/\/importadoracristinateran.com\/wp-content\/uploads\/2025\/10\/sponge-oftalmico.png",700,869,false],"1536x1536":["https:\/\/importadoracristinateran.com\/wp-content\/uploads\/2025\/10\/sponge-oftalmico.png",700,869,false],"2048x2048":["https:\/\/importadoracristinateran.com\/wp-content\/uploads\/2025\/10\/sponge-oftalmico.png",700,869,false],"woocommerce_thumbnail":["https:\/\/importadoracristinateran.com\/wp-content\/uploads\/2025\/10\/sponge-oftalmico-300x300.png",300,300,true],"woocommerce_single":["https:\/\/importadoracristinateran.com\/wp-content\/uploads\/2025\/10\/sponge-oftalmico-600x745.png",600,745,true],"woocommerce_gallery_thumbnail":["https:\/\/importadoracristinateran.com\/wp-content\/uploads\/2025\/10\/sponge-oftalmico-100x100.png",100,100,true],"dgwt-wcas-product-suggestion":["https:\/\/importadoracristinateran.com\/wp-content\/uploads\/2025\/10\/sponge-oftalmico-64x79.png",64,79,true]},"uagb_author_info":{"display_name":"mcris.import@gmail.com","author_link":"https:\/\/importadoracristinateran.com\/?author=0"},"uagb_comment_info":0,"uagb_excerpt":"Composici\u00f3n Acido hiplocoroso de grado m\u00e9dico 10mg Colirio antis\u00e9ptico a base de \u00e1cido hipocloroso de grado m\u00e9dico , dise\u00f1ado para desinfectar, aliviar y proteger los ojos del caballo. Su f\u00f3rmula avanzada elimina bacterias, hongos y virus sin causar irritaci\u00f3n, ayudando a tratar y prevenir infecciones, conjuntivitis y alergias oculares. Seguro, hipoalerg\u00e9nico y de uso diario,&hellip;","_links":{"self":[{"href":"https:\/\/importadoracristinateran.com\/index.php?rest_route=\/wp\/v2\/product\/1611","targetHints":{"allow":["GET"]}}],"collection":[{"href":"https:\/\/importadoracristinateran.com\/index.php?rest_route=\/wp\/v2\/product"}],"about":[{"href":"https:\/\/importadoracristinateran.com\/index.php?rest_route=\/wp\/v2\/types\/product"}],"replies":[{"embeddable":true,"href":"https:\/\/importadoracristinateran.com\/index.php?rest_route=%2Fwp%2Fv2%2Fcomments&post=1611"}],"wp:featuredmedia":[{"embeddable":true,"href":"https:\/\/importadoracristinateran.com\/index.php?rest_route=\/wp\/v2\/media\/1574"}],"wp:attachment":[{"href":"https:\/\/importadoracristinateran.com\/index.php?rest_route=%2Fwp%2Fv2%2Fmedia&parent=1611"}],"wp:term":[{"taxonomy":"product_brand","embeddable":true,"href":"https:\/\/importadoracristinateran.com\/index.php?rest_route=%2Fwp%2Fv2%2Fproduct_brand&post=1611"},{"taxonomy":"product_cat","embeddable":true,"href":"https:\/\/importadoracristinateran.com\/index.php?rest_route=%2Fwp%2Fv2%2Fproduct_cat&post=1611"},{"taxonomy":"product_tag","embeddable":true,"href":"https:\/\/importadoracristinateran.com\/index.php?rest_route=%2Fwp%2Fv2%2Fproduct_tag&post=1611"}],"curies":[{"name":"wp","href":"https:\/\/api.w.org\/{rel}","templated":true}]}}