{"id":184,"date":"2025-03-11T19:52:15","date_gmt":"2025-03-11T19:52:15","guid":{"rendered":"https:\/\/importadoracristinateran.com\/?post_type=product&#038;p=184"},"modified":"2025-03-25T04:02:38","modified_gmt":"2025-03-25T04:02:38","slug":"184","status":"publish","type":"product","link":"https:\/\/importadoracristinateran.com\/?product=184","title":{"rendered":"HIPRADOG 7"},"content":{"rendered":"<h5><strong>Descripci\u00f3n<\/strong><\/h5>\n<p><em><strong>Indicaciones:<\/strong><\/em><br \/>\nPerros: Prevenci\u00f3n de Parvovirosis, Moquillo, Hepatitis, Laringotraque\u00edtis, Traqueobronquitis y Leptospirosis.<br \/>\n<em><strong>Contraindicaciones:<\/strong><\/em><br \/>\n&#8211; No usar la vacuna en animales con posibles par\u00e1sitos intestinales, en estado de estr\u00e9s o que est\u00e9n incubando una enfermedad infectocontagiosa.<br \/>\n&#8211; Como no se ha demostrado la inocuidad de esta vacuna en hembras gestantes, no se aconseja su utilizaci\u00f3n en estos animales.<br \/>\n<em><strong>Efectos secundarios:<\/strong><\/em><br \/>\n&#8211; Pueden producirse reacciones aisladas de hipersensibilidad en animales vacunados, en cuyo caso debe administrarse el tratamiento sintom\u00e1tico adecuado.<br \/>\n<em><strong>V\u00eda de administraci\u00f3n:<\/strong><\/em><br \/>\nSubcut\u00e1nea.<br \/>\n<em><strong>Posolog\u00eda:<\/strong><\/em><br \/>\nPerros: 1 ml\/perro, independientemente de su peso, edad, sexo y raza.<br \/>\n&#8211; Trasvasar, mediante una jeringa, la fracci\u00f3n l\u00edquida al frasco que contiene la fracci\u00f3n liofilizada, asegurando una completa reconstituci\u00f3n de la vacuna, antes de proceder a su administraci\u00f3n.<br \/>\n&#8211; Es aconsejable administrar la primera vacuna a las 8 semanas y revacunar a las 12 semanas.<br \/>\n&#8211; Se recomienda una dosis de recuerdo anual.<br \/>\n<em><strong>Precauciones especiales:<\/strong><\/em><br \/>\n&#8211; Usar la vacuna inmediatamente despu\u00e9s de ser reconstituida.<br \/>\n&#8211; Guardar entre +2 y +8 \u00baC, al abrigo de la luz. No congelar.<br \/>\n<em><strong>Presentaci\u00f3n:<\/strong><\/em><br \/>\nEnvase 10 ds (fracci\u00f3n liofilizada + fracci\u00f3n l\u00edquida).<\/p>\n<p>&nbsp;<\/p>\n","protected":false},"excerpt":{"rendered":"<p>Vacuna viva frente a la parvovirosis, moquillo, hepatitis, laringotraque\u00edtis y traqueobronquitis, en liofilizado inyectable, y vacuna inactivada, leptospirosis canina, en suspensi\u00f3n inyectable.<\/p>\n","protected":false},"featured_media":185,"comment_status":"open","ping_status":"closed","template":"","meta":{"_uag_custom_page_level_css":"","site-sidebar-layout":"default","site-content-layout":"","ast-site-content-layout":"default","site-content-style":"default","site-sidebar-style":"default","ast-global-header-display":"","ast-banner-title-visibility":"","ast-main-header-display":"","ast-hfb-above-header-display":"","ast-hfb-below-header-display":"","ast-hfb-mobile-header-display":"","site-post-title":"","ast-breadcrumbs-content":"","ast-featured-img":"","footer-sml-layout":"","theme-transparent-header-meta":"default","adv-header-id-meta":"","stick-header-meta":"","header-above-stick-meta":"","header-main-stick-meta":"","header-below-stick-meta":"","astra-migrate-meta-layouts":"set","ast-page-background-enabled":"default","ast-page-background-meta":{"desktop":{"background-color":"var(--ast-global-color-5)","background-image":"","background-repeat":"repeat","background-position":"center center","background-size":"auto","background-attachment":"scroll","background-type":"","background-media":"","overlay-type":"","overlay-color":"","overlay-opacity":"","overlay-gradient":""},"tablet":{"background-color":"","background-image":"","background-repeat":"repeat","background-position":"center center","background-size":"auto","background-attachment":"scroll","background-type":"","background-media":"","overlay-type":"","overlay-color":"","overlay-opacity":"","overlay-gradient":""},"mobile":{"background-color":"","background-image":"","background-repeat":"repeat","background-position":"center center","background-size":"auto","background-attachment":"scroll","background-type":"","background-media":"","overlay-type":"","overlay-color":"","overlay-opacity":"","overlay-gradient":""}},"ast-content-background-meta":{"desktop":{"background-color":"var(--ast-global-color-4)","background-image":"","background-repeat":"repeat","background-position":"center center","background-size":"auto","background-attachment":"scroll","background-type":"","background-media":"","overlay-type":"","overlay-color":"","overlay-opacity":"","overlay-gradient":""},"tablet":{"background-color":"var(--ast-global-color-4)","background-image":"","background-repeat":"repeat","background-position":"center center","background-size":"auto","background-attachment":"scroll","background-type":"","background-media":"","overlay-type":"","overlay-color":"","overlay-opacity":"","overlay-gradient":""},"mobile":{"background-color":"var(--ast-global-color-4)","background-image":"","background-repeat":"repeat","background-position":"center center","background-size":"auto","background-attachment":"scroll","background-type":"","background-media":"","overlay-type":"","overlay-color":"","overlay-opacity":"","overlay-gradient":""}},"_joinchat":[]},"product_brand":[],"product_cat":[26,27],"product_tag":[28],"class_list":{"0":"post-184","1":"product","2":"type-product","3":"status-publish","4":"has-post-thumbnail","6":"product_cat-lab-hipra","7":"product_cat-vacunas","8":"product_tag-vacunas","9":"desktop-align-left","10":"tablet-align-left","11":"mobile-align-left","13":"first","14":"instock","15":"shipping-taxable","16":"product-type-external"},"aioseo_notices":[],"uagb_featured_image_src":{"full":["https:\/\/importadoracristinateran.com\/wp-content\/uploads\/2025\/03\/packaging-hipradog-7.jpg",768,768,false],"thumbnail":["https:\/\/importadoracristinateran.com\/wp-content\/uploads\/2025\/03\/packaging-hipradog-7-150x150.jpg",150,150,true],"medium":["https:\/\/importadoracristinateran.com\/wp-content\/uploads\/2025\/03\/packaging-hipradog-7-300x300.jpg",300,300,true],"medium_large":["https:\/\/importadoracristinateran.com\/wp-content\/uploads\/2025\/03\/packaging-hipradog-7.jpg",768,768,false],"large":["https:\/\/importadoracristinateran.com\/wp-content\/uploads\/2025\/03\/packaging-hipradog-7.jpg",768,768,false],"1536x1536":["https:\/\/importadoracristinateran.com\/wp-content\/uploads\/2025\/03\/packaging-hipradog-7.jpg",768,768,false],"2048x2048":["https:\/\/importadoracristinateran.com\/wp-content\/uploads\/2025\/03\/packaging-hipradog-7.jpg",768,768,false],"woocommerce_thumbnail":["https:\/\/importadoracristinateran.com\/wp-content\/uploads\/2025\/03\/packaging-hipradog-7-300x300.jpg",300,300,true],"woocommerce_single":["https:\/\/importadoracristinateran.com\/wp-content\/uploads\/2025\/03\/packaging-hipradog-7-600x600.jpg",600,600,true],"woocommerce_gallery_thumbnail":["https:\/\/importadoracristinateran.com\/wp-content\/uploads\/2025\/03\/packaging-hipradog-7-100x100.jpg",100,100,true],"dgwt-wcas-product-suggestion":["https:\/\/importadoracristinateran.com\/wp-content\/uploads\/2025\/03\/packaging-hipradog-7-64x64.jpg",64,64,true]},"uagb_author_info":{"display_name":"mcris.import@gmail.com","author_link":"https:\/\/importadoracristinateran.com\/?author=0"},"uagb_comment_info":0,"uagb_excerpt":"Vacuna viva frente a la parvovirosis, moquillo, hepatitis, laringotraque\u00edtis y traqueobronquitis, en liofilizado inyectable, y vacuna inactivada, leptospirosis canina, en suspensi\u00f3n inyectable.","_links":{"self":[{"href":"https:\/\/importadoracristinateran.com\/index.php?rest_route=\/wp\/v2\/product\/184","targetHints":{"allow":["GET"]}}],"collection":[{"href":"https:\/\/importadoracristinateran.com\/index.php?rest_route=\/wp\/v2\/product"}],"about":[{"href":"https:\/\/importadoracristinateran.com\/index.php?rest_route=\/wp\/v2\/types\/product"}],"replies":[{"embeddable":true,"href":"https:\/\/importadoracristinateran.com\/index.php?rest_route=%2Fwp%2Fv2%2Fcomments&post=184"}],"wp:featuredmedia":[{"embeddable":true,"href":"https:\/\/importadoracristinateran.com\/index.php?rest_route=\/wp\/v2\/media\/185"}],"wp:attachment":[{"href":"https:\/\/importadoracristinateran.com\/index.php?rest_route=%2Fwp%2Fv2%2Fmedia&parent=184"}],"wp:term":[{"taxonomy":"product_brand","embeddable":true,"href":"https:\/\/importadoracristinateran.com\/index.php?rest_route=%2Fwp%2Fv2%2Fproduct_brand&post=184"},{"taxonomy":"product_cat","embeddable":true,"href":"https:\/\/importadoracristinateran.com\/index.php?rest_route=%2Fwp%2Fv2%2Fproduct_cat&post=184"},{"taxonomy":"product_tag","embeddable":true,"href":"https:\/\/importadoracristinateran.com\/index.php?rest_route=%2Fwp%2Fv2%2Fproduct_tag&post=184"}],"curies":[{"name":"wp","href":"https:\/\/api.w.org\/{rel}","templated":true}]}}