{"id":258,"date":"2025-03-13T16:04:25","date_gmt":"2025-03-13T16:04:25","guid":{"rendered":"https:\/\/importadoracristinateran.com\/?post_type=product&#038;p=258"},"modified":"2025-08-26T20:02:05","modified_gmt":"2025-08-26T20:02:05","slug":"nobivac-dappvl2","status":"publish","type":"product","link":"https:\/\/importadoracristinateran.com\/?product=nobivac-dappvl2","title":{"rendered":"Nobivac DAPPvL2"},"content":{"rendered":"<h6 class=\"wp-block-heading\"><em><mark class=\"has-inline-color\">Indicaciones de uso:<\/mark><\/em><\/h6>\n<p>Como ayuda en la prevenci\u00f3n de enfermedades causadas por el virus Distemper Canino, Adenovirus Canino Tipo 1 (Hepatitis), Adenovirus Canino Tipo 2 (Enfermedad respiratoria), virus de la Parainfluenza Canina, Parvovirus Canino, Coronavirus Canino y Leptospirosis causada por\u00a0<em>Leptospira canicola\u00a0<\/em>e\u00a0<em>icterohaemorrhagiae<\/em>.<\/p>\n<p><em><strong>Especies de destino:<\/strong><\/em>Perros.<br \/>\n<em><strong>Posolog\u00eda, edad o peso, condici\u00f3n fisiol\u00f3gica, v\u00eda de administraci\u00f3n y modo de empleo:<\/strong><\/em><br \/>\nAgite el frasco de Nobivac\u00a0 Cv y transfiera su contenido al frasco de Nobivac\u00ae DAPPvL, as\u00e9pticamente.\u00a0 Mezcle \u00a0suavemente \u00a0hasta \u00a0que \u00a0se \u00a0reconstituya. \u00a0Inmediatamente \u00a0despu\u00e9s de \u00a0rehidratar, \u00a0use todo \u00a0el contenido.<\/p>\n<p>Inyecte una dosis (1 ml) subcut\u00e1neamente o intramuscularmente. La dosis inicial puede administrarse a las 6 semanas de edad o m\u00e1s. Repetir la dosis a intervalos de 2 a 4 semanas hasta que el perro tenga 12 semanas de edad. Se requieren como m\u00ednimo 2 dosis para una inmunizaci\u00f3n primaria. Se recomiendan revacunaciones anuales con una dosis.<br \/>\n<em><strong>Contraindicaciones:<\/strong><\/em><br \/>\nNo vacunar hembras pre\u00f1adas.<br \/>\nNo vacunar perros menores de 6 semanas de edad.<br \/>\n<em><strong>Advertencias y precauciones especiales de uso:<\/strong><\/em><br \/>\nAg\u00edtese bien antes de usar.<br \/>\nUsar material nuevo, no esterilizado qu\u00edmicamente. Solo se deben vacunar perros sanos no parasitados. La edad a la cual los anticuerpos maternos para Parvovirus Canino no interfieren mayormente con el desarrollo de la actividad inmune var\u00eda de acuerdo con los t\u00edtulos en la perra y cantidad de anticuerpos calostrales absorbidos por los cachorros.<\/p>\n<p>Mantener fuera del alcance de los ni\u00f1os.<br \/>\n<em><strong>Interacciones con otros productos farmac\u00e9uticos:<\/strong><\/em><br \/>\nNo existe informaci\u00f3n disponible respecto de la seguridad y eficacia para el uso concomitante con otros productos farmac\u00e9uticos, por lo cual no se recomienda administrar otros productos 14 d\u00edas previos y posteriores a la inmunizaci\u00f3n.<\/p>\n<p><em><strong>Efectos no deseados o reacciones adversas:<\/strong><\/em><br \/>\nEl uso de un producto biol\u00f3gico puede producir reacciones anafil\u00e1cticas y\/u otras de hipersensibilidad mediadas por procesos inflamatorios inmunes.<\/p>\n<p><strong>Ant\u00eddoto:<\/strong>\u00a0Los siguientes productos pueden ser aplicados, dependiendo de la naturaleza y severidad de la reacci\u00f3n: epinefrina, corticoides y antihistam\u00ednicos.<br \/>\n<em><strong>Per\u00edodo de resguardo:<\/strong> <\/em>No aplica.<br \/>\n<em><strong>Precauciones especiales para el operador:<\/strong><\/em><br \/>\nEn caso de ingesti\u00f3n o inyecci\u00f3n accidental del producto, buscar atenci\u00f3n m\u00e9dica.<br \/>\n<em><strong>Condiciones de almacenamiento:<\/strong><\/em><br \/>\nAlmacenar refrigerado entre 2\u00b0C y 7\u00b0C. No congelar.<\/p>\n","protected":false},"excerpt":{"rendered":"<h3>Compisici\u00f3n<\/h3>\n<p>Cada dosis de 1 ml de vacuna reconstituida contiene:<\/p>\n<figure class=\"wp-block-image size-large\"><img fetchpriority=\"high\" decoding=\"async\" class=\"wp-image-2012\" src=\"https:\/\/www.msd-salud-animal.cl\/wp-content\/uploads\/sites\/45\/2021\/06\/Tablas-Salud-Ani-2021-06-02T141738.811.png\" sizes=\"(max-width: 638px) 100vw, 638px\" srcset=\"https:\/\/www.msd-salud-animal.cl\/wp-content\/uploads\/sites\/45\/2021\/06\/Tablas-Salud-Ani-2021-06-02T141738.811.png 638w, https:\/\/www.msd-salud-animal.cl\/wp-content\/uploads\/sites\/45\/2021\/06\/Tablas-Salud-Ani-2021-06-02T141738.811.png?resize=300,127 300w\" alt=\"\" width=\"638\" height=\"271\" \/><\/figure>\n<p>Preservantes: Gentamicina y Timerosal<br \/>\n<em><strong>Presentaci\u00f3n:<\/strong><\/em><br \/>\nEstuche conteniendo 1 frasco con fracci\u00f3n liofilizada y 1 frasco de fracci\u00f3n liquida, equivalente a 1 dosis. Incluye inserto. Estuches conteniendo 25 frascos de fracci\u00f3n liofilizada y 25 frascos de diluyente est\u00e9ril, equivalente a 25 dosis. Incluye inserto.<\/p>\n<h6 class=\"wp-block-heading\"><em><mark class=\"has-inline-color\">Indicaciones de uso:<\/mark><\/em><\/h6>\n<p>Como ayuda en la prevenci\u00f3n de enfermedades causadas por el virus Distemper Canino, Adenovirus Canino Tipo 1 (Hepatitis), Adenovirus Canino Tipo 2 (Enfermedad respiratoria), virus de la Parainfluenza Canina, Parvovirus Canino, Coronavirus Canino y Leptospirosis causada por\u00a0<em>Leptospira canicola\u00a0<\/em>e\u00a0<em>icterohaemorrhagiae<\/em>.<\/p>\n<p><em><strong>Especies de destino:<\/strong><\/em>Perros.<br \/>\n<em><strong>Posolog\u00eda, edad o peso, condici\u00f3n fisiol\u00f3gica, v\u00eda de administraci\u00f3n y modo de empleo:<\/strong><\/em><br \/>\nAgite\u00a0el frasco de Nobivac\u00ae\u00a0\u00a0Cv\u00a0y transfiera su contenido al frasco de Nobivac\u00ae DAPPvL, as\u00e9pticamente.\u00a0 Mezcle \u00a0suavemente \u00a0hasta \u00a0que \u00a0se \u00a0reconstituya. \u00a0Inmediatamente \u00a0despu\u00e9s de \u00a0rehidratar, \u00a0use todo \u00a0el contenido.<\/p>\n<p>Inyecte una dosis (1 ml) subcut\u00e1neamente o intramuscularmente. La dosis inicial puede administrarse a las 6 semanas de edad o m\u00e1s. Repetir la dosis a intervalos de 2 a 4 semanas hasta que el perro tenga 12 semanas de edad. Se requieren como m\u00ednimo 2 dosis para una inmunizaci\u00f3n primaria. Se recomiendan revacunaciones anuales con una dosis.<br \/>\n<em><strong>Contraindicaciones:<\/strong><\/em><br \/>\nNo vacunar hembras pre\u00f1adas.<br \/>\nNo vacunar perros menores de 6 semanas de edad.<br \/>\n<em><strong>Advertencias y precauciones especiales de uso:<\/strong><\/em><br \/>\nAg\u00edtese bien antes de usar.<br \/>\nUsar material nuevo, no esterilizado qu\u00edmicamente. Solo se deben vacunar perros sanos no parasitados. La edad a la cual los anticuerpos maternos para Parvovirus Canino no interfieren mayormente con el desarrollo de la actividad inmune var\u00eda de acuerdo con los t\u00edtulos en la perra y cantidad de anticuerpos calostrales absorbidos por los cachorros.<\/p>\n<p>Mantener fuera del alcance de los ni\u00f1os.<br \/>\n<em><strong>Interacciones con otros productos farmac\u00e9uticos:<\/strong><\/em><br \/>\nNo existe informaci\u00f3n disponible respecto de la seguridad y eficacia para el uso concomitante con otros productos farmac\u00e9uticos, por lo cual no se recomienda administrar otros productos 14 d\u00edas previos y posteriores a la inmunizaci\u00f3n.<\/p>\n<figure class=\"wp-block-image size-large\"><\/figure>\n","protected":false},"featured_media":1528,"comment_status":"open","ping_status":"closed","template":"","meta":{"_uag_custom_page_level_css":"","site-sidebar-layout":"default","site-content-layout":"","ast-site-content-layout":"default","site-content-style":"default","site-sidebar-style":"default","ast-global-header-display":"","ast-banner-title-visibility":"","ast-main-header-display":"","ast-hfb-above-header-display":"","ast-hfb-below-header-display":"","ast-hfb-mobile-header-display":"","site-post-title":"","ast-breadcrumbs-content":"","ast-featured-img":"","footer-sml-layout":"","theme-transparent-header-meta":"default","adv-header-id-meta":"","stick-header-meta":"","header-above-stick-meta":"","header-main-stick-meta":"","header-below-stick-meta":"","astra-migrate-meta-layouts":"set","ast-page-background-enabled":"default","ast-page-background-meta":{"desktop":{"background-color":"var(--ast-global-color-5)","background-image":"","background-repeat":"repeat","background-position":"center center","background-size":"auto","background-attachment":"scroll","background-type":"","background-media":"","overlay-type":"","overlay-color":"","overlay-opacity":"","overlay-gradient":""},"tablet":{"background-color":"","background-image":"","background-repeat":"repeat","background-position":"center center","background-size":"auto","background-attachment":"scroll","background-type":"","background-media":"","overlay-type":"","overlay-color":"","overlay-opacity":"","overlay-gradient":""},"mobile":{"background-color":"","background-image":"","background-repeat":"repeat","background-position":"center center","background-size":"auto","background-attachment":"scroll","background-type":"","background-media":"","overlay-type":"","overlay-color":"","overlay-opacity":"","overlay-gradient":""}},"ast-content-background-meta":{"desktop":{"background-color":"var(--ast-global-color-4)","background-image":"","background-repeat":"repeat","background-position":"center center","background-size":"auto","background-attachment":"scroll","background-type":"","background-media":"","overlay-type":"","overlay-color":"","overlay-opacity":"","overlay-gradient":""},"tablet":{"background-color":"var(--ast-global-color-4)","background-image":"","background-repeat":"repeat","background-position":"center center","background-size":"auto","background-attachment":"scroll","background-type":"","background-media":"","overlay-type":"","overlay-color":"","overlay-opacity":"","overlay-gradient":""},"mobile":{"background-color":"var(--ast-global-color-4)","background-image":"","background-repeat":"repeat","background-position":"center center","background-size":"auto","background-attachment":"scroll","background-type":"","background-media":"","overlay-type":"","overlay-color":"","overlay-opacity":"","overlay-gradient":""}},"_joinchat":[]},"product_brand":[],"product_cat":[29],"product_tag":[],"class_list":{"0":"post-258","1":"product","2":"type-product","3":"status-publish","4":"has-post-thumbnail","6":"product_cat-msdsaludanimal","7":"desktop-align-left","8":"tablet-align-left","9":"mobile-align-left","11":"first","12":"instock","13":"shipping-taxable","14":"product-type-external"},"aioseo_notices":[],"uagb_featured_image_src":{"full":["https:\/\/importadoracristinateran.com\/wp-content\/uploads\/2025\/03\/Nobivac-DAPPvL2-e1756238610434.webp",394,317,false],"thumbnail":["https:\/\/importadoracristinateran.com\/wp-content\/uploads\/2025\/03\/Nobivac-DAPPvL2-150x150.webp",150,150,true],"medium":["https:\/\/importadoracristinateran.com\/wp-content\/uploads\/2025\/03\/Nobivac-DAPPvL2-300x242.webp",300,242,true],"medium_large":["https:\/\/importadoracristinateran.com\/wp-content\/uploads\/2025\/03\/Nobivac-DAPPvL2-e1756238610434.webp",394,317,false],"large":["https:\/\/importadoracristinateran.com\/wp-content\/uploads\/2025\/03\/Nobivac-DAPPvL2-e1756238610434.webp",394,317,false],"1536x1536":["https:\/\/importadoracristinateran.com\/wp-content\/uploads\/2025\/03\/Nobivac-DAPPvL2-e1756238610434.webp",394,317,false],"2048x2048":["https:\/\/importadoracristinateran.com\/wp-content\/uploads\/2025\/03\/Nobivac-DAPPvL2-e1756238610434.webp",394,317,false],"woocommerce_thumbnail":["https:\/\/importadoracristinateran.com\/wp-content\/uploads\/2025\/03\/Nobivac-DAPPvL2-300x300.webp",300,300,true],"woocommerce_single":["https:\/\/importadoracristinateran.com\/wp-content\/uploads\/2025\/03\/Nobivac-DAPPvL2-e1756238610434.webp",394,317,false],"woocommerce_gallery_thumbnail":["https:\/\/importadoracristinateran.com\/wp-content\/uploads\/2025\/03\/Nobivac-DAPPvL2-100x100.webp",100,100,true],"dgwt-wcas-product-suggestion":["https:\/\/importadoracristinateran.com\/wp-content\/uploads\/2025\/03\/Nobivac-DAPPvL2-64x52.webp",64,52,true]},"uagb_author_info":{"display_name":"mcris.import@gmail.com","author_link":"https:\/\/importadoracristinateran.com\/?author=0"},"uagb_comment_info":0,"uagb_excerpt":"Compisici\u00f3n Cada dosis de 1 ml de vacuna reconstituida contiene: Preservantes: Gentamicina y Timerosal Presentaci\u00f3n: Estuche conteniendo 1 frasco con fracci\u00f3n liofilizada y 1 frasco de fracci\u00f3n liquida, equivalente a 1 dosis. Incluye inserto. Estuches conteniendo 25 frascos de fracci\u00f3n liofilizada y 25 frascos de diluyente est\u00e9ril, equivalente a 25 dosis. Incluye inserto. Indicaciones de&hellip;","_links":{"self":[{"href":"https:\/\/importadoracristinateran.com\/index.php?rest_route=\/wp\/v2\/product\/258","targetHints":{"allow":["GET"]}}],"collection":[{"href":"https:\/\/importadoracristinateran.com\/index.php?rest_route=\/wp\/v2\/product"}],"about":[{"href":"https:\/\/importadoracristinateran.com\/index.php?rest_route=\/wp\/v2\/types\/product"}],"replies":[{"embeddable":true,"href":"https:\/\/importadoracristinateran.com\/index.php?rest_route=%2Fwp%2Fv2%2Fcomments&post=258"}],"wp:featuredmedia":[{"embeddable":true,"href":"https:\/\/importadoracristinateran.com\/index.php?rest_route=\/wp\/v2\/media\/1528"}],"wp:attachment":[{"href":"https:\/\/importadoracristinateran.com\/index.php?rest_route=%2Fwp%2Fv2%2Fmedia&parent=258"}],"wp:term":[{"taxonomy":"product_brand","embeddable":true,"href":"https:\/\/importadoracristinateran.com\/index.php?rest_route=%2Fwp%2Fv2%2Fproduct_brand&post=258"},{"taxonomy":"product_cat","embeddable":true,"href":"https:\/\/importadoracristinateran.com\/index.php?rest_route=%2Fwp%2Fv2%2Fproduct_cat&post=258"},{"taxonomy":"product_tag","embeddable":true,"href":"https:\/\/importadoracristinateran.com\/index.php?rest_route=%2Fwp%2Fv2%2Fproduct_tag&post=258"}],"curies":[{"name":"wp","href":"https:\/\/api.w.org\/{rel}","templated":true}]}}