{"id":338,"date":"2025-03-15T00:01:21","date_gmt":"2025-03-15T00:01:21","guid":{"rendered":"https:\/\/importadoracristinateran.com\/?post_type=product&#038;p=338"},"modified":"2025-03-25T04:01:31","modified_gmt":"2025-03-25T04:01:31","slug":"nobivac-intra-trac-oral-bb","status":"publish","type":"product","link":"https:\/\/importadoracristinateran.com\/?product=nobivac-intra-trac-oral-bb","title":{"rendered":"Nobivac Intra-Trac Oral Bb"},"content":{"rendered":"<h3 class=\"wp-block-heading\"><mark class=\"has-inline-color\">Composici\u00f3n:<\/mark><\/h3>\n<p>Cada dosis contiene:<\/p>\n<figure class=\"wp-block-image size-large\"><img decoding=\"async\" class=\"wp-image-1693\" src=\"https:\/\/www.msd-salud-animal.cl\/wp-content\/uploads\/sites\/45\/2021\/05\/Tablas-Salud-Ani-2021-05-20T144424.301.png\" sizes=\"(max-width: 419px) 100vw, 419px\" srcset=\"https:\/\/www.msd-salud-animal.cl\/wp-content\/uploads\/sites\/45\/2021\/05\/Tablas-Salud-Ani-2021-05-20T144424.301.png 419w, https:\/\/www.msd-salud-animal.cl\/wp-content\/uploads\/sites\/45\/2021\/05\/Tablas-Salud-Ani-2021-05-20T144424.301.png?resize=300,49 300w\" alt=\"\" width=\"419\" height=\"68\" \/><\/figure>\n<p><strong>Diluyente:<\/strong>\u00a0Agua para inyectables.<\/p>\n<h3 class=\"wp-block-heading\"><mark class=\"has-inline-color\">Indicaciones de uso:<\/mark><\/h3>\n<p>Inmunizaci\u00f3n activa, como ayuda en la prevenci\u00f3n de la Traqueobronquitis Infecciosa Canina o Tos de las Perreras.<\/p>\n<p>Se recomienda la revacunaci\u00f3n anual con una dosis.<\/p>\n<h3 class=\"wp-block-heading\"><mark class=\"has-inline-color\">Especies de destino:<\/mark><\/h3>\n<p>Perros.<\/p>\n<h3 class=\"wp-block-heading\"><mark class=\"has-inline-color\">Posolog\u00eda, edad o peso, condici\u00f3n fisiol\u00f3gica, v\u00eda de administraci\u00f3n y modo de empleo:<\/mark><\/h3>\n<p><strong>Dosis:<\/strong><\/p>\n<p>1 mL<\/p>\n<p><strong>Frecuencia, intervalo y duraci\u00f3n del tratamiento:<\/strong><\/p>\n<p>Se recomienda revacunaci\u00f3n anual con 1 dosis.<\/p>\n<p><strong>Edad o peso:<\/strong><\/p>\n<p>A partir de las 7 semanas de edad.<\/p>\n<p><strong>Condici\u00f3n fisiol\u00f3gica:<\/strong><\/p>\n<p>Animales sanos y desparasitados.<\/p>\n<p><strong>V\u00eda de administraci\u00f3n:<\/strong><\/p>\n<p>Oral<\/p>\n<p><strong>Modo de empleo:<\/strong><\/p>\n<p>Reconstituir as\u00e9pticamente la vacuna deshidratada con el diluyente proporcionado.<\/p>\n<p>Agitar bien antes del uso.<\/p>\n<p>Retirar la aguja y administrar en la cavidad bucal.<\/p>\n<p>Utilizar agujas nuevas, no esterilizadas qu\u00edmicamente.<\/p>\n<h3 class=\"wp-block-heading\"><mark class=\"has-inline-color\">Contraindicaciones:<\/mark><\/h3>\n<p>No se han descrito.<\/p>\n<h3 class=\"wp-block-heading\"><mark class=\"has-inline-color\">Advertencias y precauciones especiales de uso:<\/mark><\/h3>\n<p>Mantener fuera del alcance de los ni\u00f1os.<\/p>\n<h3 class=\"wp-block-heading\"><mark class=\"has-inline-color\">Interacciones con otros productos farmac\u00e9uticos:<\/mark><\/h3>\n<p>No existe informaci\u00f3n disponible respecto a la seguridad y eficacia para el uso concomitante con otros productos farmac\u00e9uticos, por lo cual no se recomienda administrar otros productos 14 d\u00edas previos y posteriores a la inmunizaci\u00f3n.<\/p>\n<h3 class=\"wp-block-heading\"><mark class=\"has-inline-color\">Efectos no deseados o reacciones adversas:<\/mark><\/h3>\n<p>El uso de esta vacuna puede producir ocasionalmente anafilaxis y\/u otras reacciones inflamatorias de hipersensibilidad inmunomediadas.<\/p>\n<p><strong>Ant\u00eddoto:<\/strong>\u00a0\u00a0Epinefrina, \u00a0corticoesteroides \u00a0y \u00a0antihistam\u00ednicos, \u00a0pueden \u00a0estar \u00a0indicados \u00a0dependiendo \u00a0de \u00a0la naturaleza y severidad de la reacci\u00f3n.<\/p>\n<h3 class=\"wp-block-heading\"><mark class=\"has-inline-color\">Per\u00edodo de resguardo:<\/mark><\/h3>\n<p>No aplica.<\/p>\n<h3 class=\"wp-block-heading\"><mark class=\"has-inline-color\">Precauciones especiales para el operador:<\/mark><\/h3>\n<p>Se recomienda incinerar frascos vac\u00edos y toda la vacuna sobrante, as\u00ed como los utensilios utilizados.<\/p>\n<h3 class=\"wp-block-heading\"><mark class=\"has-inline-color\">Condiciones de almacenamiento:<\/mark><\/h3>\n<p>Mantener refrigerado: Entre 2 y 8\u00b0C. No congelar.<\/p>\n<p><strong>Diluyente:<\/strong>\u00a0Puede ser almacenado a temperatura ambiente (15-25\u00b0C).<\/p>\n<h3 class=\"wp-block-heading\"><mark class=\"has-inline-color\">Presentaci\u00f3n:<\/mark><\/h3>\n<p>Estuche conteniendo 25 frascos de vacuna y 25 frascos de diluyente.<\/p>\n<h3 class=\"wp-block-heading\"><mark class=\"has-inline-color\">Fabricado por:<\/mark><\/h3>\n<p>Intervet Inc.<\/p>\n<p>21401 West Center Road Elkhorn, Nebraska 68022, USA<\/p>\n","protected":false},"excerpt":{"rendered":"<p>Vacuna para administraci\u00f3n oral, contiene cultivo vivo avirulento de Bordetella bronchiseptica. La vacuna se presenta en forma liofilizada junto con diluente est\u00e9ril. Bordetella bronchiseptica, cepa B-C2. Para la vacunaci\u00f3n de cachorros y perros adultos sanos como ayuda en la prevenci\u00f3n de la traqueobronquitis infecciosa canina (\u201ctos de las perreras\u201d) caudada por Bordetella bronchiseptica.<\/p>\n","protected":false},"featured_media":339,"comment_status":"open","ping_status":"closed","template":"","meta":{"_uag_custom_page_level_css":"","site-sidebar-layout":"default","site-content-layout":"","ast-site-content-layout":"default","site-content-style":"default","site-sidebar-style":"default","ast-global-header-display":"","ast-banner-title-visibility":"","ast-main-header-display":"","ast-hfb-above-header-display":"","ast-hfb-below-header-display":"","ast-hfb-mobile-header-display":"","site-post-title":"","ast-breadcrumbs-content":"","ast-featured-img":"","footer-sml-layout":"","theme-transparent-header-meta":"default","adv-header-id-meta":"","stick-header-meta":"","header-above-stick-meta":"","header-main-stick-meta":"","header-below-stick-meta":"","astra-migrate-meta-layouts":"set","ast-page-background-enabled":"default","ast-page-background-meta":{"desktop":{"background-color":"var(--ast-global-color-5)","background-image":"","background-repeat":"repeat","background-position":"center center","background-size":"auto","background-attachment":"scroll","background-type":"","background-media":"","overlay-type":"","overlay-color":"","overlay-opacity":"","overlay-gradient":""},"tablet":{"background-color":"","background-image":"","background-repeat":"repeat","background-position":"center center","background-size":"auto","background-attachment":"scroll","background-type":"","background-media":"","overlay-type":"","overlay-color":"","overlay-opacity":"","overlay-gradient":""},"mobile":{"background-color":"","background-image":"","background-repeat":"repeat","background-position":"center center","background-size":"auto","background-attachment":"scroll","background-type":"","background-media":"","overlay-type":"","overlay-color":"","overlay-opacity":"","overlay-gradient":""}},"ast-content-background-meta":{"desktop":{"background-color":"var(--ast-global-color-4)","background-image":"","background-repeat":"repeat","background-position":"center center","background-size":"auto","background-attachment":"scroll","background-type":"","background-media":"","overlay-type":"","overlay-color":"","overlay-opacity":"","overlay-gradient":""},"tablet":{"background-color":"var(--ast-global-color-4)","background-image":"","background-repeat":"repeat","background-position":"center center","background-size":"auto","background-attachment":"scroll","background-type":"","background-media":"","overlay-type":"","overlay-color":"","overlay-opacity":"","overlay-gradient":""},"mobile":{"background-color":"var(--ast-global-color-4)","background-image":"","background-repeat":"repeat","background-position":"center center","background-size":"auto","background-attachment":"scroll","background-type":"","background-media":"","overlay-type":"","overlay-color":"","overlay-opacity":"","overlay-gradient":""}},"_joinchat":[]},"product_brand":[],"product_cat":[27,29],"product_tag":[],"class_list":{"0":"post-338","1":"product","2":"type-product","3":"status-publish","4":"has-post-thumbnail","6":"product_cat-vacunas","7":"product_cat-msdsaludanimal","8":"desktop-align-left","9":"tablet-align-left","10":"mobile-align-left","12":"first","13":"instock","14":"shipping-taxable","15":"product-type-external"},"aioseo_notices":[],"uagb_featured_image_src":{"full":["https:\/\/importadoracristinateran.com\/wp-content\/uploads\/2025\/03\/msdsaludproductovacunas.png",1080,1080,false],"thumbnail":["https:\/\/importadoracristinateran.com\/wp-content\/uploads\/2025\/03\/msdsaludproductovacunas-150x150.png",150,150,true],"medium":["https:\/\/importadoracristinateran.com\/wp-content\/uploads\/2025\/03\/msdsaludproductovacunas-300x300.png",300,300,true],"medium_large":["https:\/\/importadoracristinateran.com\/wp-content\/uploads\/2025\/03\/msdsaludproductovacunas-768x768.png",768,768,true],"large":["https:\/\/importadoracristinateran.com\/wp-content\/uploads\/2025\/03\/msdsaludproductovacunas-1024x1024.png",1024,1024,true],"1536x1536":["https:\/\/importadoracristinateran.com\/wp-content\/uploads\/2025\/03\/msdsaludproductovacunas.png",1080,1080,false],"2048x2048":["https:\/\/importadoracristinateran.com\/wp-content\/uploads\/2025\/03\/msdsaludproductovacunas.png",1080,1080,false],"woocommerce_thumbnail":["https:\/\/importadoracristinateran.com\/wp-content\/uploads\/2025\/03\/msdsaludproductovacunas-300x300.png",300,300,true],"woocommerce_single":["https:\/\/importadoracristinateran.com\/wp-content\/uploads\/2025\/03\/msdsaludproductovacunas-600x600.png",600,600,true],"woocommerce_gallery_thumbnail":["https:\/\/importadoracristinateran.com\/wp-content\/uploads\/2025\/03\/msdsaludproductovacunas-100x100.png",100,100,true],"dgwt-wcas-product-suggestion":["https:\/\/importadoracristinateran.com\/wp-content\/uploads\/2025\/03\/msdsaludproductovacunas-64x64.png",64,64,true]},"uagb_author_info":{"display_name":"mcris.import@gmail.com","author_link":"https:\/\/importadoracristinateran.com\/?author=0"},"uagb_comment_info":0,"uagb_excerpt":"Vacuna para administraci\u00f3n oral, contiene cultivo vivo avirulento de Bordetella bronchiseptica. La vacuna se presenta en forma liofilizada junto con diluente est\u00e9ril. Bordetella bronchiseptica, cepa B-C2. Para la vacunaci\u00f3n de cachorros y perros adultos sanos como ayuda en la prevenci\u00f3n de la traqueobronquitis infecciosa canina (\u201ctos de las perreras\u201d) caudada por Bordetella bronchiseptica.","_links":{"self":[{"href":"https:\/\/importadoracristinateran.com\/index.php?rest_route=\/wp\/v2\/product\/338","targetHints":{"allow":["GET"]}}],"collection":[{"href":"https:\/\/importadoracristinateran.com\/index.php?rest_route=\/wp\/v2\/product"}],"about":[{"href":"https:\/\/importadoracristinateran.com\/index.php?rest_route=\/wp\/v2\/types\/product"}],"replies":[{"embeddable":true,"href":"https:\/\/importadoracristinateran.com\/index.php?rest_route=%2Fwp%2Fv2%2Fcomments&post=338"}],"wp:featuredmedia":[{"embeddable":true,"href":"https:\/\/importadoracristinateran.com\/index.php?rest_route=\/wp\/v2\/media\/339"}],"wp:attachment":[{"href":"https:\/\/importadoracristinateran.com\/index.php?rest_route=%2Fwp%2Fv2%2Fmedia&parent=338"}],"wp:term":[{"taxonomy":"product_brand","embeddable":true,"href":"https:\/\/importadoracristinateran.com\/index.php?rest_route=%2Fwp%2Fv2%2Fproduct_brand&post=338"},{"taxonomy":"product_cat","embeddable":true,"href":"https:\/\/importadoracristinateran.com\/index.php?rest_route=%2Fwp%2Fv2%2Fproduct_cat&post=338"},{"taxonomy":"product_tag","embeddable":true,"href":"https:\/\/importadoracristinateran.com\/index.php?rest_route=%2Fwp%2Fv2%2Fproduct_tag&post=338"}],"curies":[{"name":"wp","href":"https:\/\/api.w.org\/{rel}","templated":true}]}}