{"id":349,"date":"2025-03-15T00:33:38","date_gmt":"2025-03-15T00:33:38","guid":{"rendered":"https:\/\/importadoracristinateran.com\/?post_type=product&#038;p=349"},"modified":"2025-05-09T23:33:17","modified_gmt":"2025-05-09T23:33:17","slug":"eto-modex","status":"publish","type":"product","link":"https:\/\/importadoracristinateran.com\/?product=eto-modex","title":{"rendered":"Eto Modex 10 a 25KG"},"content":{"rendered":"<h6>Composici\u00f3n<\/h6>\n<p>Afoxolaner&#8230;&#8230;&#8230;&#8230;&#8230;&#8230;&#8230;&#8230;&#8230;&#8230;&#8230;&#8230;&#8230; 68 mg<br \/>\nExp.qs&#8230;&#8230;&#8230;&#8230;&#8230;&#8230;&#8230;&#8230;&#8230;&#8230;&#8230;&#8230;&#8230;&#8230;&#8230;. 1 tableta<br \/>\nAfoxolaner&#8230;&#8230;&#8230;&#8230;&#8230;&#8230;&#8230;&#8230;&#8230;&#8230;&#8230;&#8230;&#8230; 28,3 mg<br \/>\nExp.qs&#8230;&#8230;&#8230;&#8230;&#8230;&#8230;&#8230;&#8230;&#8230;&#8230;&#8230;&#8230;&#8230;&#8230;&#8230;. 1 tableta<\/p>\n<p><strong>Dosis:<\/strong><br \/>\nOral directamente o mezclado con alimentos, una vez al mes<br \/>\nPara el tratamiento de la dermatitis causada por Demodex canis: utilizar ETO Modex una vez al mes hasta que 2 pruebas cut\u00e1neas consecutivas sean negativas para Demodex canis, con un mes de diferencia.<br \/>\nPara el tratamiento de la dermatitis causada por Sarcoptes scabiei: utilizar ETO Modex una vez al mes durante 2 meses consecutivos. ETO Modex se puede utilizar mensualmente seg\u00fan el criterio cl\u00ednico y los resultados de las pruebas cut\u00e1neas.<br \/>\nMata pulgas, garrapatas y piojos.<br \/>\n<strong>Precauciones:<\/strong><br \/>\nNo utilizar en cachorros menores de 8 semanas de edad y 2 kg (5 lbs).<br \/>\nUsar con precauci\u00f3n en perros con antecedentes de convulsiones o trastornos neurol\u00f3gicos.<br \/>\nMantener fuera del alcance de los ni\u00f1os.<br \/>\n<strong>Almacenamiento: <\/strong>Almacenar a temperatura ambiente<br \/>\n<strong>Presentaci\u00f3n:<\/strong><br \/>\nCaja de 1 comprimido<br \/>\nCaja de 6 comprimidos<br \/>\n<strong>Destino Especie:<\/strong>Perros<\/p>\n","protected":false},"excerpt":{"rendered":"<p>Para el tratamiento y prevenci\u00f3n de pulgas (Ctenocephalides felis), garrapatas adultas (Dermacentor variabilis, Ixodes scapularis, Amblyomma americanum) y piojos (Linognathus<br \/>\nsetosus, Trichodectes canis).<br \/>\nPara el tratamiento de la dermatitis causada por Demodex canis, Sarcoptes scabiei.<br \/>\nETO Modex est\u00e1 indicado para la reducci\u00f3n de las infecciones por Borrelia burgdorferi matando la garrapata adulta (Ixodes scapularis) que son los vectores.<\/p>\n","protected":false},"featured_media":350,"comment_status":"open","ping_status":"closed","template":"","meta":{"_uag_custom_page_level_css":"","site-sidebar-layout":"default","site-content-layout":"","ast-site-content-layout":"default","site-content-style":"default","site-sidebar-style":"default","ast-global-header-display":"","ast-banner-title-visibility":"","ast-main-header-display":"","ast-hfb-above-header-display":"","ast-hfb-below-header-display":"","ast-hfb-mobile-header-display":"","site-post-title":"","ast-breadcrumbs-content":"","ast-featured-img":"","footer-sml-layout":"","theme-transparent-header-meta":"default","adv-header-id-meta":"","stick-header-meta":"","header-above-stick-meta":"","header-main-stick-meta":"","header-below-stick-meta":"","astra-migrate-meta-layouts":"set","ast-page-background-enabled":"default","ast-page-background-meta":{"desktop":{"background-color":"var(--ast-global-color-5)","background-image":"","background-repeat":"repeat","background-position":"center center","background-size":"auto","background-attachment":"scroll","background-type":"","background-media":"","overlay-type":"","overlay-color":"","overlay-opacity":"","overlay-gradient":""},"tablet":{"background-color":"","background-image":"","background-repeat":"repeat","background-position":"center center","background-size":"auto","background-attachment":"scroll","background-type":"","background-media":"","overlay-type":"","overlay-color":"","overlay-opacity":"","overlay-gradient":""},"mobile":{"background-color":"","background-image":"","background-repeat":"repeat","background-position":"center center","background-size":"auto","background-attachment":"scroll","background-type":"","background-media":"","overlay-type":"","overlay-color":"","overlay-opacity":"","overlay-gradient":""}},"ast-content-background-meta":{"desktop":{"background-color":"var(--ast-global-color-4)","background-image":"","background-repeat":"repeat","background-position":"center center","background-size":"auto","background-attachment":"scroll","background-type":"","background-media":"","overlay-type":"","overlay-color":"","overlay-opacity":"","overlay-gradient":""},"tablet":{"background-color":"var(--ast-global-color-4)","background-image":"","background-repeat":"repeat","background-position":"center center","background-size":"auto","background-attachment":"scroll","background-type":"","background-media":"","overlay-type":"","overlay-color":"","overlay-opacity":"","overlay-gradient":""},"mobile":{"background-color":"var(--ast-global-color-4)","background-image":"","background-repeat":"repeat","background-position":"center center","background-size":"auto","background-attachment":"scroll","background-type":"","background-media":"","overlay-type":"","overlay-color":"","overlay-opacity":"","overlay-gradient":""}},"_joinchat":[]},"product_brand":[],"product_cat":[34],"product_tag":[35],"class_list":{"0":"post-349","1":"product","2":"type-product","3":"status-publish","4":"has-post-thumbnail","6":"product_cat-lab-vemedin","7":"product_tag-laboratorios-vemedin","8":"desktop-align-left","9":"tablet-align-left","10":"mobile-align-left","12":"first","13":"instock","14":"shipping-taxable","15":"product-type-external"},"aioseo_notices":[],"uagb_featured_image_src":{"full":["https:\/\/importadoracristinateran.com\/wp-content\/uploads\/2025\/03\/etomodex.jpg",940,952,false],"thumbnail":["https:\/\/importadoracristinateran.com\/wp-content\/uploads\/2025\/03\/etomodex-150x150.jpg",150,150,true],"medium":["https:\/\/importadoracristinateran.com\/wp-content\/uploads\/2025\/03\/etomodex-296x300.jpg",296,300,true],"medium_large":["https:\/\/importadoracristinateran.com\/wp-content\/uploads\/2025\/03\/etomodex-768x778.jpg",768,778,true],"large":["https:\/\/importadoracristinateran.com\/wp-content\/uploads\/2025\/03\/etomodex.jpg",940,952,false],"1536x1536":["https:\/\/importadoracristinateran.com\/wp-content\/uploads\/2025\/03\/etomodex.jpg",940,952,false],"2048x2048":["https:\/\/importadoracristinateran.com\/wp-content\/uploads\/2025\/03\/etomodex.jpg",940,952,false],"woocommerce_thumbnail":["https:\/\/importadoracristinateran.com\/wp-content\/uploads\/2025\/03\/etomodex-300x300.jpg",300,300,true],"woocommerce_single":["https:\/\/importadoracristinateran.com\/wp-content\/uploads\/2025\/03\/etomodex-600x608.jpg",600,608,true],"woocommerce_gallery_thumbnail":["https:\/\/importadoracristinateran.com\/wp-content\/uploads\/2025\/03\/etomodex-100x100.jpg",100,100,true],"dgwt-wcas-product-suggestion":["https:\/\/importadoracristinateran.com\/wp-content\/uploads\/2025\/03\/etomodex-64x65.jpg",64,65,true]},"uagb_author_info":{"display_name":"mcris.import@gmail.com","author_link":"https:\/\/importadoracristinateran.com\/?author=0"},"uagb_comment_info":0,"uagb_excerpt":"Para el tratamiento y prevenci\u00f3n de pulgas (Ctenocephalides felis), garrapatas adultas (Dermacentor variabilis, Ixodes scapularis, Amblyomma americanum) y piojos (Linognathus setosus, Trichodectes canis). Para el tratamiento de la dermatitis causada por Demodex canis, Sarcoptes scabiei. ETO Modex est\u00e1 indicado para la reducci\u00f3n de las infecciones por Borrelia burgdorferi matando la garrapata adulta (Ixodes scapularis) que&hellip;","_links":{"self":[{"href":"https:\/\/importadoracristinateran.com\/index.php?rest_route=\/wp\/v2\/product\/349","targetHints":{"allow":["GET"]}}],"collection":[{"href":"https:\/\/importadoracristinateran.com\/index.php?rest_route=\/wp\/v2\/product"}],"about":[{"href":"https:\/\/importadoracristinateran.com\/index.php?rest_route=\/wp\/v2\/types\/product"}],"replies":[{"embeddable":true,"href":"https:\/\/importadoracristinateran.com\/index.php?rest_route=%2Fwp%2Fv2%2Fcomments&post=349"}],"wp:featuredmedia":[{"embeddable":true,"href":"https:\/\/importadoracristinateran.com\/index.php?rest_route=\/wp\/v2\/media\/350"}],"wp:attachment":[{"href":"https:\/\/importadoracristinateran.com\/index.php?rest_route=%2Fwp%2Fv2%2Fmedia&parent=349"}],"wp:term":[{"taxonomy":"product_brand","embeddable":true,"href":"https:\/\/importadoracristinateran.com\/index.php?rest_route=%2Fwp%2Fv2%2Fproduct_brand&post=349"},{"taxonomy":"product_cat","embeddable":true,"href":"https:\/\/importadoracristinateran.com\/index.php?rest_route=%2Fwp%2Fv2%2Fproduct_cat&post=349"},{"taxonomy":"product_tag","embeddable":true,"href":"https:\/\/importadoracristinateran.com\/index.php?rest_route=%2Fwp%2Fv2%2Fproduct_tag&post=349"}],"curies":[{"name":"wp","href":"https:\/\/api.w.org\/{rel}","templated":true}]}}