{"id":379,"date":"2025-03-18T20:53:51","date_gmt":"2025-03-18T20:53:51","guid":{"rendered":"https:\/\/importadoracristinateran.com\/?post_type=product&#038;p=379"},"modified":"2025-03-18T20:54:47","modified_gmt":"2025-03-18T20:54:47","slug":"aprax-suspension-%c2%b7-frasco-x-20-ml-lab-richmond","status":"publish","type":"product","link":"https:\/\/importadoracristinateran.com\/?product=aprax-suspension-%c2%b7-frasco-x-20-ml-lab-richmond","title":{"rendered":"Aprax Suspensi\u00f3n \u00b7 Frasco x 20 ml (Lab. Richmond)"},"content":{"rendered":"<h6><strong>Descripcion del producto<\/strong><\/h6>\n<p style=\"font-weight: 400;\"><strong>Aprax<\/strong>\u00a0es un antiparasitario interno de amplio espectro, indicado para el control de las parasitosis gastrointestinales en caninos y felinos, causadas por nematodos y cestodes.<\/p>\n<p style=\"font-weight: 400;\"><strong>&#8211; Nematodes:<\/strong>\u00a0Toxocara canis y catis, Toxascaris leonina, Ancylostoma caninum, Ancylostoma tubaeforme, Uncinaria stenocephala; Trichuris vulpis.<\/p>\n<p style=\"font-weight: 400;\"><strong>&#8211; Cestodes:<\/strong>\u00a0Taenia sp, Dipylidium caninum.<\/p>\n<p style=\"font-weight: 400;\">Las pruebas de eficacia realizadas con Aprax en caninos y felinos demuestran un poder de acci\u00f3n sobre los gusanos chatos y redondos mayor al 98%.<\/p>\n<p style=\"font-weight: 400;\"><span style=\"font-weight: 600;\">Composici\u00f3n<\/span><\/p>\n<p style=\"font-weight: 400;\">Fenbendazol 5 g;\u00a0Praziquantel\u00a0 0,5 g;\u00a0Pirantel (como Pamoato)*\u00a0 0,5 g;\u00a0Excipientes C.S.P. \u00a0100,00 ml.<\/p>\n<p style=\"font-weight: 400;\">*Equivale a 1,44 g de Pamoato de Pirantel.<\/p>\n<p style=\"font-weight: 400;\"><strong>Dosificaci\u00f3n orientativa<\/strong><\/p>\n<p style=\"font-weight: 400;\">Suspensi\u00f3n saborizada solo para uso oral. Agitar el envase antes de utilizar.<\/p>\n<p style=\"font-weight: 400;\">Perros y Gatos:\u00a01mL \/ Kg \/ d\u00eda. Equivalen a:<\/p>\n<p style=\"font-weight: 400;\">&#8211; Fenbendazol\u00a0 \u00a0 50 mg\/kg\/d\u00eda<\/p>\n<p style=\"font-weight: 400;\">&#8211; Praziquantel\u00a0 \u00a0 \u00a05 mg\/kg\/d\u00eda<\/p>\n<p style=\"font-weight: 400;\">&#8211; Pirantel\u00a0\u00a0\u00a0\u00a0\u00a0 \u00a0 \u00a0\u00a0 \u00a05 mg\/kg\/d\u00eda<\/p>\n<p style=\"font-weight: 400;\">Administrar la dosis total calculada del producto en una sola dosis.<\/p>\n<p style=\"font-weight: 400;\">En caso de infestaciones severas, la dosis total calculada para el animal, podr\u00e1 ser administrada durante tres d\u00edas seguidos.<\/p>\n<p style=\"font-weight: 400;\">Este mismo esquema de dosificaci\u00f3n se deber\u00e1 repetir nuevamente a los 15-21 d\u00edas del primer tratamiento.<\/p>\n<p style=\"font-weight: 400;\">Se puede implementar tambi\u00e9n un plan de desparasitaci\u00f3n sistem\u00e1tico preventivo cada 60-90 d\u00edas.<br \/>\nEl intervalo entre dosis podr\u00e1 ser modificado por el Veterinario actuante seg\u00fan el caso en particular.<\/p>\n<p style=\"font-weight: 400;\">Aprax\u00a0se puede utilizar en hembras pre\u00f1adas a partir del d\u00eda 40 de pre\u00f1ez, en cachorros desde los 30 d\u00edas de vida y en gatitos desde las 6 semanas.<\/p>\n<p style=\"font-weight: 400;\"><strong>Interacci\u00f3n con otras drogas<\/strong><\/p>\n<p style=\"font-weight: 400;\">No administrar el producto junto con Morantel, Levamisol, Organofosforados, Dietilcarbamicina ni Piperazina.<\/p>\n<p style=\"font-weight: 400;\"><strong>Contraindicaciones y advertencias<\/strong><\/p>\n<p style=\"font-weight: 400;\">Puede ocurrir anorexia, v\u00f3mitos, letargia y diarrea en perros. Sin embargo la incidencia de estos efectos es menor al 5 %. Pueden ocurrir reacciones de hipersensibilidad secundarias a la liberaci\u00f3n de los ant\u00edgenos por la muerte de los par\u00e1sitos. En gatos los efectos adversos (salivaci\u00f3n, v\u00f3mitos y diarrea) son muy raros, menores al 2 %.<\/p>\n","protected":false},"excerpt":{"rendered":"<p>Producto zooter\u00e1pico de venta exclusiva en veterinaria. No se encuentra disponible la venta online de acuerdo a normativa vigente de SENASA.<\/p>\n","protected":false},"featured_media":380,"comment_status":"open","ping_status":"closed","template":"","meta":{"_uag_custom_page_level_css":"","site-sidebar-layout":"default","site-content-layout":"","ast-site-content-layout":"default","site-content-style":"default","site-sidebar-style":"default","ast-global-header-display":"","ast-banner-title-visibility":"","ast-main-header-display":"","ast-hfb-above-header-display":"","ast-hfb-below-header-display":"","ast-hfb-mobile-header-display":"","site-post-title":"","ast-breadcrumbs-content":"","ast-featured-img":"","footer-sml-layout":"","theme-transparent-header-meta":"default","adv-header-id-meta":"","stick-header-meta":"","header-above-stick-meta":"","header-main-stick-meta":"","header-below-stick-meta":"","astra-migrate-meta-layouts":"set","ast-page-background-enabled":"default","ast-page-background-meta":{"desktop":{"background-color":"var(--ast-global-color-5)","background-image":"","background-repeat":"repeat","background-position":"center center","background-size":"auto","background-attachment":"scroll","background-type":"","background-media":"","overlay-type":"","overlay-color":"","overlay-opacity":"","overlay-gradient":""},"tablet":{"background-color":"","background-image":"","background-repeat":"repeat","background-position":"center center","background-size":"auto","background-attachment":"scroll","background-type":"","background-media":"","overlay-type":"","overlay-color":"","overlay-opacity":"","overlay-gradient":""},"mobile":{"background-color":"","background-image":"","background-repeat":"repeat","background-position":"center center","background-size":"auto","background-attachment":"scroll","background-type":"","background-media":"","overlay-type":"","overlay-color":"","overlay-opacity":"","overlay-gradient":""}},"ast-content-background-meta":{"desktop":{"background-color":"var(--ast-global-color-4)","background-image":"","background-repeat":"repeat","background-position":"center center","background-size":"auto","background-attachment":"scroll","background-type":"","background-media":"","overlay-type":"","overlay-color":"","overlay-opacity":"","overlay-gradient":""},"tablet":{"background-color":"var(--ast-global-color-4)","background-image":"","background-repeat":"repeat","background-position":"center center","background-size":"auto","background-attachment":"scroll","background-type":"","background-media":"","overlay-type":"","overlay-color":"","overlay-opacity":"","overlay-gradient":""},"mobile":{"background-color":"var(--ast-global-color-4)","background-image":"","background-repeat":"repeat","background-position":"center center","background-size":"auto","background-attachment":"scroll","background-type":"","background-media":"","overlay-type":"","overlay-color":"","overlay-opacity":"","overlay-gradient":""}},"_joinchat":[]},"product_brand":[],"product_cat":[36],"product_tag":[],"class_list":{"0":"post-379","1":"product","2":"type-product","3":"status-publish","4":"has-post-thumbnail","6":"product_cat-labrichmond","7":"desktop-align-left","8":"tablet-align-left","9":"mobile-align-left","11":"first","12":"instock","13":"shipping-taxable","14":"product-type-external"},"aioseo_notices":[],"uagb_featured_image_src":{"full":["https:\/\/importadoracristinateran.com\/wp-content\/uploads\/2025\/03\/apraxuspension.jpg",1011,838,false],"thumbnail":["https:\/\/importadoracristinateran.com\/wp-content\/uploads\/2025\/03\/apraxuspension-150x150.jpg",150,150,true],"medium":["https:\/\/importadoracristinateran.com\/wp-content\/uploads\/2025\/03\/apraxuspension-300x249.jpg",300,249,true],"medium_large":["https:\/\/importadoracristinateran.com\/wp-content\/uploads\/2025\/03\/apraxuspension-768x637.jpg",768,637,true],"large":["https:\/\/importadoracristinateran.com\/wp-content\/uploads\/2025\/03\/apraxuspension.jpg",1011,838,false],"1536x1536":["https:\/\/importadoracristinateran.com\/wp-content\/uploads\/2025\/03\/apraxuspension.jpg",1011,838,false],"2048x2048":["https:\/\/importadoracristinateran.com\/wp-content\/uploads\/2025\/03\/apraxuspension.jpg",1011,838,false],"woocommerce_thumbnail":["https:\/\/importadoracristinateran.com\/wp-content\/uploads\/2025\/03\/apraxuspension-300x300.jpg",300,300,true],"woocommerce_single":["https:\/\/importadoracristinateran.com\/wp-content\/uploads\/2025\/03\/apraxuspension-600x497.jpg",600,497,true],"woocommerce_gallery_thumbnail":["https:\/\/importadoracristinateran.com\/wp-content\/uploads\/2025\/03\/apraxuspension-100x100.jpg",100,100,true],"dgwt-wcas-product-suggestion":["https:\/\/importadoracristinateran.com\/wp-content\/uploads\/2025\/03\/apraxuspension-64x53.jpg",64,53,true]},"uagb_author_info":{"display_name":"mcris.import@gmail.com","author_link":"https:\/\/importadoracristinateran.com\/?author=0"},"uagb_comment_info":0,"uagb_excerpt":"Producto zooter\u00e1pico de venta exclusiva en veterinaria. No se encuentra disponible la venta online de acuerdo a normativa vigente de SENASA.","_links":{"self":[{"href":"https:\/\/importadoracristinateran.com\/index.php?rest_route=\/wp\/v2\/product\/379","targetHints":{"allow":["GET"]}}],"collection":[{"href":"https:\/\/importadoracristinateran.com\/index.php?rest_route=\/wp\/v2\/product"}],"about":[{"href":"https:\/\/importadoracristinateran.com\/index.php?rest_route=\/wp\/v2\/types\/product"}],"replies":[{"embeddable":true,"href":"https:\/\/importadoracristinateran.com\/index.php?rest_route=%2Fwp%2Fv2%2Fcomments&post=379"}],"wp:featuredmedia":[{"embeddable":true,"href":"https:\/\/importadoracristinateran.com\/index.php?rest_route=\/wp\/v2\/media\/380"}],"wp:attachment":[{"href":"https:\/\/importadoracristinateran.com\/index.php?rest_route=%2Fwp%2Fv2%2Fmedia&parent=379"}],"wp:term":[{"taxonomy":"product_brand","embeddable":true,"href":"https:\/\/importadoracristinateran.com\/index.php?rest_route=%2Fwp%2Fv2%2Fproduct_brand&post=379"},{"taxonomy":"product_cat","embeddable":true,"href":"https:\/\/importadoracristinateran.com\/index.php?rest_route=%2Fwp%2Fv2%2Fproduct_cat&post=379"},{"taxonomy":"product_tag","embeddable":true,"href":"https:\/\/importadoracristinateran.com\/index.php?rest_route=%2Fwp%2Fv2%2Fproduct_tag&post=379"}],"curies":[{"name":"wp","href":"https:\/\/api.w.org\/{rel}","templated":true}]}}