{"id":383,"date":"2025-03-18T21:09:04","date_gmt":"2025-03-18T21:09:04","guid":{"rendered":"https:\/\/importadoracristinateran.com\/?post_type=product&#038;p=383"},"modified":"2025-03-19T02:08:46","modified_gmt":"2025-03-19T02:08:46","slug":"aprax-razas-grandes","status":"publish","type":"product","link":"https:\/\/importadoracristinateran.com\/?product=aprax-razas-grandes","title":{"rendered":"Aprax Razas Grandes"},"content":{"rendered":"<p><strong>Nombre del producto<\/strong>: Aprax Comprimidos Razas Grandes<\/p>\n<p><b>Composici\u00f3n: <\/b>Fenbendazol 1000 mg; Praziquantel 100 mg; Pirantel (como Pamoato)* 100 mg; Excipientes c.s.p. 1600 mg. *Equivale a 288,24 mg de Pamoato de Pirantel<\/p>\n<p><strong>Accion:<\/strong>\u00a0Antiparasitario Interno<\/p>\n<p><strong>Presentaci\u00f3n: <\/strong>\u00a0Caja por 4 Comprimidos y Caja por 60 Comprimidos.<\/p>\n<p><strong>Indicaciones de uso: <\/strong>APRAX es un antiparasitario interno de amplio espectro, indicado para el control de las parasitosis gastrointestinales en perros, causadas por nematodes y cestodes.<\/p>\n<p><strong>Uso en:<\/strong>\u00a0Perros<\/p>\n<p><strong>Dosificaci\u00f3n:<\/strong>\u00a01 comprimido cada 20 kg de peso por d\u00eda v\u00eda oral<\/p>\n<p><strong>Interacci\u00f3n con otras: <\/strong>No administrar el producto junto con Morantel, Levamisol, Organofosforados, Dietilcarbamicina ni Piperazina.<\/p>\n<p><strong>Contraindicaciones y advertencias:<\/strong>\u00a0Puede ocurrir anorexia, v\u00f3mitos, letargia y diarrea en perros. Sin embargo la incidencia de estos efectos es menor al 5 %. Pueden ocurrir reacciones de hipersensibilidad secundarias a la liberaci\u00f3n de los ant\u00edgenos por la muerte de los par\u00e1sitos.<\/p>\n","protected":false},"excerpt":{"rendered":"<p><strong>Contraindicaciones y advertencias:<\/strong>\u00a0Puede ocurrir anorexia, v\u00f3mitos, letargia y diarrea en perros. Sin embargo la incidencia de estos efectos es menor al 5 %. Pueden ocurrir reacciones de hipersensibilidad secundarias a la liberaci\u00f3n de los ant\u00edgenos por la muerte de los par\u00e1sitos.<\/p>\n","protected":false},"featured_media":384,"comment_status":"open","ping_status":"closed","template":"","meta":{"_uag_custom_page_level_css":"","site-sidebar-layout":"default","site-content-layout":"","ast-site-content-layout":"default","site-content-style":"default","site-sidebar-style":"default","ast-global-header-display":"","ast-banner-title-visibility":"","ast-main-header-display":"","ast-hfb-above-header-display":"","ast-hfb-below-header-display":"","ast-hfb-mobile-header-display":"","site-post-title":"","ast-breadcrumbs-content":"","ast-featured-img":"","footer-sml-layout":"","theme-transparent-header-meta":"default","adv-header-id-meta":"","stick-header-meta":"","header-above-stick-meta":"","header-main-stick-meta":"","header-below-stick-meta":"","astra-migrate-meta-layouts":"set","ast-page-background-enabled":"default","ast-page-background-meta":{"desktop":{"background-color":"var(--ast-global-color-5)","background-image":"","background-repeat":"repeat","background-position":"center center","background-size":"auto","background-attachment":"scroll","background-type":"","background-media":"","overlay-type":"","overlay-color":"","overlay-opacity":"","overlay-gradient":""},"tablet":{"background-color":"","background-image":"","background-repeat":"repeat","background-position":"center center","background-size":"auto","background-attachment":"scroll","background-type":"","background-media":"","overlay-type":"","overlay-color":"","overlay-opacity":"","overlay-gradient":""},"mobile":{"background-color":"","background-image":"","background-repeat":"repeat","background-position":"center center","background-size":"auto","background-attachment":"scroll","background-type":"","background-media":"","overlay-type":"","overlay-color":"","overlay-opacity":"","overlay-gradient":""}},"ast-content-background-meta":{"desktop":{"background-color":"var(--ast-global-color-4)","background-image":"","background-repeat":"repeat","background-position":"center center","background-size":"auto","background-attachment":"scroll","background-type":"","background-media":"","overlay-type":"","overlay-color":"","overlay-opacity":"","overlay-gradient":""},"tablet":{"background-color":"var(--ast-global-color-4)","background-image":"","background-repeat":"repeat","background-position":"center center","background-size":"auto","background-attachment":"scroll","background-type":"","background-media":"","overlay-type":"","overlay-color":"","overlay-opacity":"","overlay-gradient":""},"mobile":{"background-color":"var(--ast-global-color-4)","background-image":"","background-repeat":"repeat","background-position":"center center","background-size":"auto","background-attachment":"scroll","background-type":"","background-media":"","overlay-type":"","overlay-color":"","overlay-opacity":"","overlay-gradient":""}},"_joinchat":[]},"product_brand":[],"product_cat":[36],"product_tag":[],"class_list":{"0":"post-383","1":"product","2":"type-product","3":"status-publish","4":"has-post-thumbnail","6":"product_cat-labrichmond","7":"desktop-align-left","8":"tablet-align-left","9":"mobile-align-left","11":"first","12":"instock","13":"shipping-taxable","14":"product-type-external"},"aioseo_notices":[],"uagb_featured_image_src":{"full":["https:\/\/importadoracristinateran.com\/wp-content\/uploads\/2025\/03\/aprax3.jpg",1013,734,false],"thumbnail":["https:\/\/importadoracristinateran.com\/wp-content\/uploads\/2025\/03\/aprax3-150x150.jpg",150,150,true],"medium":["https:\/\/importadoracristinateran.com\/wp-content\/uploads\/2025\/03\/aprax3-300x217.jpg",300,217,true],"medium_large":["https:\/\/importadoracristinateran.com\/wp-content\/uploads\/2025\/03\/aprax3-768x556.jpg",768,556,true],"large":["https:\/\/importadoracristinateran.com\/wp-content\/uploads\/2025\/03\/aprax3.jpg",1013,734,false],"1536x1536":["https:\/\/importadoracristinateran.com\/wp-content\/uploads\/2025\/03\/aprax3.jpg",1013,734,false],"2048x2048":["https:\/\/importadoracristinateran.com\/wp-content\/uploads\/2025\/03\/aprax3.jpg",1013,734,false],"woocommerce_thumbnail":["https:\/\/importadoracristinateran.com\/wp-content\/uploads\/2025\/03\/aprax3-300x300.jpg",300,300,true],"woocommerce_single":["https:\/\/importadoracristinateran.com\/wp-content\/uploads\/2025\/03\/aprax3-600x435.jpg",600,435,true],"woocommerce_gallery_thumbnail":["https:\/\/importadoracristinateran.com\/wp-content\/uploads\/2025\/03\/aprax3-100x100.jpg",100,100,true],"dgwt-wcas-product-suggestion":["https:\/\/importadoracristinateran.com\/wp-content\/uploads\/2025\/03\/aprax3-64x46.jpg",64,46,true]},"uagb_author_info":{"display_name":"mcris.import@gmail.com","author_link":"https:\/\/importadoracristinateran.com\/?author=0"},"uagb_comment_info":0,"uagb_excerpt":"Contraindicaciones y advertencias:\u00a0Puede ocurrir anorexia, v\u00f3mitos, letargia y diarrea en perros. Sin embargo la incidencia de estos efectos es menor al 5 %. Pueden ocurrir reacciones de hipersensibilidad secundarias a la liberaci\u00f3n de los ant\u00edgenos por la muerte de los par\u00e1sitos.","_links":{"self":[{"href":"https:\/\/importadoracristinateran.com\/index.php?rest_route=\/wp\/v2\/product\/383","targetHints":{"allow":["GET"]}}],"collection":[{"href":"https:\/\/importadoracristinateran.com\/index.php?rest_route=\/wp\/v2\/product"}],"about":[{"href":"https:\/\/importadoracristinateran.com\/index.php?rest_route=\/wp\/v2\/types\/product"}],"replies":[{"embeddable":true,"href":"https:\/\/importadoracristinateran.com\/index.php?rest_route=%2Fwp%2Fv2%2Fcomments&post=383"}],"wp:featuredmedia":[{"embeddable":true,"href":"https:\/\/importadoracristinateran.com\/index.php?rest_route=\/wp\/v2\/media\/384"}],"wp:attachment":[{"href":"https:\/\/importadoracristinateran.com\/index.php?rest_route=%2Fwp%2Fv2%2Fmedia&parent=383"}],"wp:term":[{"taxonomy":"product_brand","embeddable":true,"href":"https:\/\/importadoracristinateran.com\/index.php?rest_route=%2Fwp%2Fv2%2Fproduct_brand&post=383"},{"taxonomy":"product_cat","embeddable":true,"href":"https:\/\/importadoracristinateran.com\/index.php?rest_route=%2Fwp%2Fv2%2Fproduct_cat&post=383"},{"taxonomy":"product_tag","embeddable":true,"href":"https:\/\/importadoracristinateran.com\/index.php?rest_route=%2Fwp%2Fv2%2Fproduct_tag&post=383"}],"curies":[{"name":"wp","href":"https:\/\/api.w.org\/{rel}","templated":true}]}}