{"id":433,"date":"2025-03-20T00:45:35","date_gmt":"2025-03-20T00:45:35","guid":{"rendered":"https:\/\/importadoracristinateran.com\/?post_type=product&#038;p=433"},"modified":"2025-05-06T17:36:26","modified_gmt":"2025-05-06T17:36:26","slug":"endofour-40-triton","status":"publish","type":"product","link":"https:\/\/importadoracristinateran.com\/?product=endofour-40-triton","title":{"rendered":"Endofour 40 TRITON"},"content":{"rendered":"<p>ACCI\u00d3N TERAP\u00c9UTICA<br \/>\nAntiparasitario interno, preventivo de filariasis.<\/p>\n<p>COMPOSICI\u00d3N<br \/>\nFenbendazol 1000 mg \u2013 pamoato pirantel 300 mg \u2013 praziquantel 100 mg \u2013 ivermectina 12 \u00b5g \/ comprimido<\/p>\n<p>DOSIFICACI\u00d3N<br \/>\n1 comp. cada 20 Kg de peso \u2013 v\u00eda oral<\/p>\n<p>PRESENTACI\u00d3N<br \/>\nCaja de 5 comprimidos<\/p>\n<p>Endofour comprimidos es un antiparasitario interno de amplio espectro, indicado para el control de las parasitosis gastrointestinales en caninos, causadas por nematodes y cestodes.\u00a0 Endofour comprimidos tambi\u00e9n proporciona ayuda en el tratamiento del protozoo Giardia. Adicionalmente, Endofour comprimidos se comporta como microfilaricida, siendo \u00fatil en el control y prevenci\u00f3n de la filariasis. Esta indicaci\u00f3n se basa en la capacidad de la ivermectina en eliminar las larvas de D. immitis (3\u00ba y 4\u00ba estad\u00edo) en su estad\u00edo tisular, luego de una infestaci\u00f3n previa de 30 d\u00edas.<\/p>\n<p><strong>Agentes etiol\u00f3gicos susceptibles:<\/strong><br \/>\nNematodes: Toxocara canis (estad\u00edos adultos), Tox\u00e1scaris leonina, Ancylostoma caninum (estad\u00edos<br \/>\nadultos), Ancylostoma tubaeforme (estad\u00edos adultos e inmaduros), Uncinaria stenocephala (estad\u00edos<br \/>\nadultos e inmaduros); Trichuris vulpis. Dirofilaria immitis, Dirofilaria repens.<br \/>\nCestodes: Taenia spp, Dipylidium caninum.<br \/>\nProtozoos: Giardias spp.<\/p>\n<p><strong>Dosificaci\u00f3n y V\u00eda de administraci\u00f3n: Caninos<\/strong><br \/>\n1 comprimido de Endofour comprimidos 100 cada 20 Kg de peso por d\u00eda v\u00eda oral. (Comprimido de 1.850 mg)<br \/>\n1 comprimido de Endofour comprimidos 40 cada 10 Kg de peso por d\u00eda v\u00eda oral. (Comprimido de 925 mg)<\/p>\n<p>Equivalen a: Fenbendazol: 50 mg\/Kg\/d\u00eda<br \/>\nPraziquantel: 5 mg\/Kg\/d\u00eda<br \/>\nPirantel: 15 mg\/Kg\/d\u00eda<br \/>\nIvermectina: 6 \u00b5g\/Kg\/mes<\/p>\n<p>&nbsp;<\/p>\n","protected":false},"excerpt":{"rendered":"<p>Cuando el producto se emplee como antiparasitario interno contra par\u00e1sitos gastrointestinales, se recomienda administrar la dosis total calculada del producto en una sola toma. Por ejemplo, 1 comprimido de Endofour Comprimidos 40 \u00f3 Endofour Comprimidos 100 cada 10 \u00f3\u00a0 20 Kg. Repetir el tratamiento a los 15-21 d\u00edas. En caso de infestaciones severas o tratamiento contra Giardias, la dosis total correspondiente, podr\u00e1 ser repetida a las 24 y 48 hs. Este mismo esquema de dosificaci\u00f3n se deber\u00e1 repetir a los 15-21 d\u00edas.\u00a0 Cuando el producto se proponga usar como tratamiento preventivo de la dirofilariasis, Endofour comprimidos deber\u00e1 administrase cada 30 d\u00edas, de por vida.<\/p>\n","protected":false},"featured_media":434,"comment_status":"open","ping_status":"closed","template":"","meta":{"_uag_custom_page_level_css":"","site-sidebar-layout":"default","site-content-layout":"","ast-site-content-layout":"default","site-content-style":"default","site-sidebar-style":"default","ast-global-header-display":"","ast-banner-title-visibility":"","ast-main-header-display":"","ast-hfb-above-header-display":"","ast-hfb-below-header-display":"","ast-hfb-mobile-header-display":"","site-post-title":"","ast-breadcrumbs-content":"","ast-featured-img":"","footer-sml-layout":"","theme-transparent-header-meta":"default","adv-header-id-meta":"","stick-header-meta":"","header-above-stick-meta":"","header-main-stick-meta":"","header-below-stick-meta":"","astra-migrate-meta-layouts":"set","ast-page-background-enabled":"default","ast-page-background-meta":{"desktop":{"background-color":"var(--ast-global-color-5)","background-image":"","background-repeat":"repeat","background-position":"center center","background-size":"auto","background-attachment":"scroll","background-type":"","background-media":"","overlay-type":"","overlay-color":"","overlay-opacity":"","overlay-gradient":""},"tablet":{"background-color":"","background-image":"","background-repeat":"repeat","background-position":"center center","background-size":"auto","background-attachment":"scroll","background-type":"","background-media":"","overlay-type":"","overlay-color":"","overlay-opacity":"","overlay-gradient":""},"mobile":{"background-color":"","background-image":"","background-repeat":"repeat","background-position":"center center","background-size":"auto","background-attachment":"scroll","background-type":"","background-media":"","overlay-type":"","overlay-color":"","overlay-opacity":"","overlay-gradient":""}},"ast-content-background-meta":{"desktop":{"background-color":"var(--ast-global-color-4)","background-image":"","background-repeat":"repeat","background-position":"center center","background-size":"auto","background-attachment":"scroll","background-type":"","background-media":"","overlay-type":"","overlay-color":"","overlay-opacity":"","overlay-gradient":""},"tablet":{"background-color":"var(--ast-global-color-4)","background-image":"","background-repeat":"repeat","background-position":"center center","background-size":"auto","background-attachment":"scroll","background-type":"","background-media":"","overlay-type":"","overlay-color":"","overlay-opacity":"","overlay-gradient":""},"mobile":{"background-color":"var(--ast-global-color-4)","background-image":"","background-repeat":"repeat","background-position":"center center","background-size":"auto","background-attachment":"scroll","background-type":"","background-media":"","overlay-type":"","overlay-color":"","overlay-opacity":"","overlay-gradient":""}},"_joinchat":[]},"product_brand":[],"product_cat":[17],"product_tag":[95],"class_list":{"0":"post-433","1":"product","2":"type-product","3":"status-publish","4":"has-post-thumbnail","6":"product_cat-labtritonvet","7":"product_tag-comprimidos","8":"desktop-align-left","9":"tablet-align-left","10":"mobile-align-left","12":"first","13":"instock","14":"shipping-taxable","15":"product-type-external"},"aioseo_notices":[],"uagb_featured_image_src":{"full":["https:\/\/importadoracristinateran.com\/wp-content\/uploads\/2025\/03\/endofour40gde.jpg",1000,450,false],"thumbnail":["https:\/\/importadoracristinateran.com\/wp-content\/uploads\/2025\/03\/endofour40gde-150x150.jpg",150,150,true],"medium":["https:\/\/importadoracristinateran.com\/wp-content\/uploads\/2025\/03\/endofour40gde-300x135.jpg",300,135,true],"medium_large":["https:\/\/importadoracristinateran.com\/wp-content\/uploads\/2025\/03\/endofour40gde-768x346.jpg",768,346,true],"large":["https:\/\/importadoracristinateran.com\/wp-content\/uploads\/2025\/03\/endofour40gde.jpg",1000,450,false],"1536x1536":["https:\/\/importadoracristinateran.com\/wp-content\/uploads\/2025\/03\/endofour40gde.jpg",1000,450,false],"2048x2048":["https:\/\/importadoracristinateran.com\/wp-content\/uploads\/2025\/03\/endofour40gde.jpg",1000,450,false],"woocommerce_thumbnail":["https:\/\/importadoracristinateran.com\/wp-content\/uploads\/2025\/03\/endofour40gde-300x300.jpg",300,300,true],"woocommerce_single":["https:\/\/importadoracristinateran.com\/wp-content\/uploads\/2025\/03\/endofour40gde-600x270.jpg",600,270,true],"woocommerce_gallery_thumbnail":["https:\/\/importadoracristinateran.com\/wp-content\/uploads\/2025\/03\/endofour40gde-100x100.jpg",100,100,true],"dgwt-wcas-product-suggestion":["https:\/\/importadoracristinateran.com\/wp-content\/uploads\/2025\/03\/endofour40gde-64x29.jpg",64,29,true]},"uagb_author_info":{"display_name":"mcris.import@gmail.com","author_link":"https:\/\/importadoracristinateran.com\/?author=0"},"uagb_comment_info":0,"uagb_excerpt":"Cuando el producto se emplee como antiparasitario interno contra par\u00e1sitos gastrointestinales, se recomienda administrar la dosis total calculada del producto en una sola toma. Por ejemplo, 1 comprimido de Endofour Comprimidos 40 \u00f3 Endofour Comprimidos 100 cada 10 \u00f3\u00a0 20 Kg. Repetir el tratamiento a los 15-21 d\u00edas. En caso de infestaciones severas o tratamiento&hellip;","_links":{"self":[{"href":"https:\/\/importadoracristinateran.com\/index.php?rest_route=\/wp\/v2\/product\/433","targetHints":{"allow":["GET"]}}],"collection":[{"href":"https:\/\/importadoracristinateran.com\/index.php?rest_route=\/wp\/v2\/product"}],"about":[{"href":"https:\/\/importadoracristinateran.com\/index.php?rest_route=\/wp\/v2\/types\/product"}],"replies":[{"embeddable":true,"href":"https:\/\/importadoracristinateran.com\/index.php?rest_route=%2Fwp%2Fv2%2Fcomments&post=433"}],"wp:featuredmedia":[{"embeddable":true,"href":"https:\/\/importadoracristinateran.com\/index.php?rest_route=\/wp\/v2\/media\/434"}],"wp:attachment":[{"href":"https:\/\/importadoracristinateran.com\/index.php?rest_route=%2Fwp%2Fv2%2Fmedia&parent=433"}],"wp:term":[{"taxonomy":"product_brand","embeddable":true,"href":"https:\/\/importadoracristinateran.com\/index.php?rest_route=%2Fwp%2Fv2%2Fproduct_brand&post=433"},{"taxonomy":"product_cat","embeddable":true,"href":"https:\/\/importadoracristinateran.com\/index.php?rest_route=%2Fwp%2Fv2%2Fproduct_cat&post=433"},{"taxonomy":"product_tag","embeddable":true,"href":"https:\/\/importadoracristinateran.com\/index.php?rest_route=%2Fwp%2Fv2%2Fproduct_tag&post=433"}],"curies":[{"name":"wp","href":"https:\/\/api.w.org\/{rel}","templated":true}]}}