{"id":436,"date":"2025-03-20T01:02:34","date_gmt":"2025-03-20T01:02:34","guid":{"rendered":"https:\/\/importadoracristinateran.com\/?post_type=product&#038;p=436"},"modified":"2025-05-06T17:36:08","modified_gmt":"2025-05-06T17:36:08","slug":"metformina-gatos-triton","status":"publish","type":"product","link":"https:\/\/importadoracristinateran.com\/?product=metformina-gatos-triton","title":{"rendered":"Metformina Gatos TRITON"},"content":{"rendered":"<div id=\"single-product\" class=\"row\" data-variants=\"[{&quot;product_id&quot;:104248274,&quot;price_short&quot;:null,&quot;price_long&quot;:null,&quot;price_number&quot;:null,&quot;price_number_raw&quot;:null,&quot;price_with_payment_discount_short&quot;:null,&quot;compare_at_price_short&quot;:null,&quot;compare_at_price_long&quot;:null,&quot;compare_at_price_number&quot;:null,&quot;stock&quot;:null,&quot;sku&quot;:null,&quot;available&quot;:true,&quot;contact&quot;:true,&quot;option0&quot;:&quot;10 comprimidos&quot;,&quot;option1&quot;:null,&quot;option2&quot;:null,&quot;id&quot;:399135779,&quot;image&quot;:243648405,&quot;image_url&quot;:&quot;\\\/\\\/dcdn-us.mitiendanube.com\\\/stores\\\/019\\\/016\\\/products\\\/metformina_gatos_comprimidos_2021_web1-92384dcf54f8834b6116372376936222-1024-1024.webp&quot;,&quot;installments_data&quot;:&quot;[]&quot;},{&quot;product_id&quot;:104248274,&quot;price_short&quot;:null,&quot;price_long&quot;:null,&quot;price_number&quot;:null,&quot;price_number_raw&quot;:null,&quot;price_with_payment_discount_short&quot;:null,&quot;compare_at_price_short&quot;:null,&quot;compare_at_price_long&quot;:null,&quot;compare_at_price_number&quot;:null,&quot;stock&quot;:null,&quot;sku&quot;:null,&quot;available&quot;:true,&quot;contact&quot;:true,&quot;option0&quot;:&quot;100 comprimidos&quot;,&quot;option1&quot;:null,&quot;option2&quot;:null,&quot;id&quot;:399135780,&quot;image&quot;:243648405,&quot;image_url&quot;:&quot;\\\/\\\/dcdn-us.mitiendanube.com\\\/stores\\\/019\\\/016\\\/products\\\/metformina_gatos_comprimidos_2021_web1-92384dcf54f8834b6116372376936222-1024-1024.webp&quot;,&quot;installments_data&quot;:&quot;[]&quot;}]\">\n<div class=\"col-xs-12 col-sm-6 product-form-container\" data-store=\"product-info-104248274\">\n<h1 class=\"js-item-name product-name\" data-store=\"product-name-104248274\" data-component=\"product.name\" data-component-value=\"Metformina antihiperglucemiante en comprimidos para gatos diab\u00e9ticos y obesos\"><strong style=\"font-size: 16px;\">Comprimidos:<\/strong><span style=\"font-size: 16px;\"> 10 comprimidos<\/span><\/h1>\n<div>\n<form id=\"product_form\" class=\"display-when-content-ready\" action=\"https:\/\/tienda.foyel.com\/comprar\/\" method=\"post\" data-store=\"product-form-104248274\">\n<div class=\"social-widgets-mobile clear-both p-top-half p-bottom-half\">\n<h5 class=\"p-top-quarter\">Compartir:<\/h5>\n<\/div>\n<\/form>\n<\/div>\n<\/div>\n<\/div>\n<div class=\"row visible-when-content-ready\">\n<div class=\"col-xs-12 user-content m-top\" data-store=\"product-description-104248274\">\n<div class=\"description user-content\">\n<div>La\u00a0<strong>Metformina para gatos en comprimidos v\u00eda oral del Laboratorio Trit\u00f3n Vet<\/strong>\u00a0es un\u00a0<em>normoglucemiante\u00a0<\/em>para el control de\u00a0<em>obesidad\u00a0<\/em>o\u00a0<em>diabetes\u00a0<\/em>en felinos.<\/div>\n<div><\/div>\n<div>Est\u00e1 indicado para el control de la\u00a0<strong>diabetes felina tipo 2 o insulina resistente<\/strong>. Es un\u00a0<em>antihiperglucemiante oral<\/em>, coadyuvante para mejorar el control de la diabetes felina tipo 1 o insulina dependiente. La metformina\u00a0<strong>mejora la tolerancia a la glucosa<\/strong>\u00a0en pacientes con diabetes tipo 2, reduciendo la glucemia basal y postprandial.<\/div>\n<div><\/div>\n<div>La metformina\u00a0<strong>disminuye la producci\u00f3n hep\u00e1tica de glucosa<\/strong>, la absorci\u00f3n intestinal de glucosa, y mejora la sensibilidad a la insulina mediante la captaci\u00f3n y utilizaci\u00f3n de glucosa perif\u00e9rica. La metformina no produce hipoglucemia en pacientes normales o con diabetes tipo 2, y tampoco causa hiperinsulinemia. Con terapia basadas en metformina gatos, la excreci\u00f3n de insulina permanece inalterada, mientras los niveles de insulina durante el ayuno, as\u00ed como los niveles plasm\u00e1ticos diarios de insulina pueden incluso disminuir.<\/div>\n<div><\/div>\n<div><strong>Dosis<\/strong>:\u00a0<em>1 comprimido cada 10 kg de peso, cada 12 hrs. Durante 7 a 21 d\u00edas<\/em>\u00a0o seg\u00fan criterio profesional.<\/div>\n<div><strong>Formula<\/strong>: cada comprimido ranurado de metformina gatos contiene:<\/div>\n<div><\/div>\n<div><em>Metformina\u2026\u2026\u2026\u2026\u2026\u2026\u202620 mg\u00a0<\/em><\/div>\n<div><em>Excipientes c.s.p. &#8230;&#8230;&#8230;.. 160 mg<\/em><\/div>\n<div><\/div>\n<div><strong>Dosificaci\u00f3n de los principios activos<\/strong>:\u00a0<em>metformina &#8211;\u00a02 mg\/kg\/ 12 hrs.<\/em><\/div>\n<div><strong>Duraci\u00f3n de tratamiento:<\/strong><\/div>\n<div>El tratamiento puede considerarse de por vida, en tanto la administraci\u00f3n de metformina sea de utilidad en el manejo de la diabetes tipo 2 o tipo 1. De cualquier manera,<strong>\u00a0la duraci\u00f3n final del tratamiento estar\u00e1 sujeta al criterio del profesional veterinario actuante.<\/strong>\u00a0En los casos de insulino resistencia, todo paciente que padezca de sobrepeso por esta condici\u00f3n puede tratarse con metformina, debido a su acci\u00f3n sensibilizadora a la insulina, hasta alcanzar su peso normal.<\/div>\n<div><\/div>\n<div><strong>Presentaci\u00f3n<\/strong>:\u00a0 Caja de 100 comprimidos con 10 bl\u00edsteres de 10 comprimidos c\/u<\/div>\n<\/div>\n<\/div>\n<\/div>\n","protected":false},"excerpt":{"rendered":"<div>La\u00a0<strong>Metformina para gatos en comprimidos v\u00eda oral del Laboratorio Trit\u00f3n Vet<\/strong>\u00a0es un\u00a0<em>normoglucemiante\u00a0<\/em>para el control de\u00a0<em>obesidad\u00a0<\/em>o\u00a0<em>diabetes\u00a0<\/em>en felinos.<\/div>\n<div>Est\u00e1 indicado para el control de la\u00a0<strong>diabetes felina tipo 2 o insulina resistente<\/strong>. Es un\u00a0<em>antihiperglucemiante oral<\/em>, coadyuvante para mejorar el control de la diabetes felina tipo 1 o insulina dependiente. La metformina\u00a0<strong>mejora la tolerancia a la glucosa<\/strong>\u00a0en pacientes con diabetes tipo 2, reduciendo la glucemia basal y postprandial.<\/div>\n","protected":false},"featured_media":437,"comment_status":"open","ping_status":"closed","template":"","meta":{"_uag_custom_page_level_css":"","site-sidebar-layout":"default","site-content-layout":"","ast-site-content-layout":"default","site-content-style":"default","site-sidebar-style":"default","ast-global-header-display":"","ast-banner-title-visibility":"","ast-main-header-display":"","ast-hfb-above-header-display":"","ast-hfb-below-header-display":"","ast-hfb-mobile-header-display":"","site-post-title":"","ast-breadcrumbs-content":"","ast-featured-img":"","footer-sml-layout":"","theme-transparent-header-meta":"default","adv-header-id-meta":"","stick-header-meta":"","header-above-stick-meta":"","header-main-stick-meta":"","header-below-stick-meta":"","astra-migrate-meta-layouts":"set","ast-page-background-enabled":"default","ast-page-background-meta":{"desktop":{"background-color":"var(--ast-global-color-5)","background-image":"","background-repeat":"repeat","background-position":"center center","background-size":"auto","background-attachment":"scroll","background-type":"","background-media":"","overlay-type":"","overlay-color":"","overlay-opacity":"","overlay-gradient":""},"tablet":{"background-color":"","background-image":"","background-repeat":"repeat","background-position":"center center","background-size":"auto","background-attachment":"scroll","background-type":"","background-media":"","overlay-type":"","overlay-color":"","overlay-opacity":"","overlay-gradient":""},"mobile":{"background-color":"","background-image":"","background-repeat":"repeat","background-position":"center center","background-size":"auto","background-attachment":"scroll","background-type":"","background-media":"","overlay-type":"","overlay-color":"","overlay-opacity":"","overlay-gradient":""}},"ast-content-background-meta":{"desktop":{"background-color":"var(--ast-global-color-4)","background-image":"","background-repeat":"repeat","background-position":"center center","background-size":"auto","background-attachment":"scroll","background-type":"","background-media":"","overlay-type":"","overlay-color":"","overlay-opacity":"","overlay-gradient":""},"tablet":{"background-color":"var(--ast-global-color-4)","background-image":"","background-repeat":"repeat","background-position":"center center","background-size":"auto","background-attachment":"scroll","background-type":"","background-media":"","overlay-type":"","overlay-color":"","overlay-opacity":"","overlay-gradient":""},"mobile":{"background-color":"var(--ast-global-color-4)","background-image":"","background-repeat":"repeat","background-position":"center center","background-size":"auto","background-attachment":"scroll","background-type":"","background-media":"","overlay-type":"","overlay-color":"","overlay-opacity":"","overlay-gradient":""}},"_joinchat":[]},"product_brand":[],"product_cat":[17],"product_tag":[95],"class_list":{"0":"post-436","1":"product","2":"type-product","3":"status-publish","4":"has-post-thumbnail","6":"product_cat-labtritonvet","7":"product_tag-comprimidos","8":"desktop-align-left","9":"tablet-align-left","10":"mobile-align-left","12":"first","13":"instock","14":"featured","15":"shipping-taxable","16":"product-type-external"},"aioseo_notices":[],"uagb_featured_image_src":{"full":["https:\/\/importadoracristinateran.com\/wp-content\/uploads\/2025\/03\/metforminagatos.jpg",946,680,false],"thumbnail":["https:\/\/importadoracristinateran.com\/wp-content\/uploads\/2025\/03\/metforminagatos-150x150.jpg",150,150,true],"medium":["https:\/\/importadoracristinateran.com\/wp-content\/uploads\/2025\/03\/metforminagatos-300x216.jpg",300,216,true],"medium_large":["https:\/\/importadoracristinateran.com\/wp-content\/uploads\/2025\/03\/metforminagatos-768x552.jpg",768,552,true],"large":["https:\/\/importadoracristinateran.com\/wp-content\/uploads\/2025\/03\/metforminagatos.jpg",946,680,false],"1536x1536":["https:\/\/importadoracristinateran.com\/wp-content\/uploads\/2025\/03\/metforminagatos.jpg",946,680,false],"2048x2048":["https:\/\/importadoracristinateran.com\/wp-content\/uploads\/2025\/03\/metforminagatos.jpg",946,680,false],"woocommerce_thumbnail":["https:\/\/importadoracristinateran.com\/wp-content\/uploads\/2025\/03\/metforminagatos-300x300.jpg",300,300,true],"woocommerce_single":["https:\/\/importadoracristinateran.com\/wp-content\/uploads\/2025\/03\/metforminagatos-600x431.jpg",600,431,true],"woocommerce_gallery_thumbnail":["https:\/\/importadoracristinateran.com\/wp-content\/uploads\/2025\/03\/metforminagatos-100x100.jpg",100,100,true],"dgwt-wcas-product-suggestion":["https:\/\/importadoracristinateran.com\/wp-content\/uploads\/2025\/03\/metforminagatos-64x46.jpg",64,46,true]},"uagb_author_info":{"display_name":"mcris.import@gmail.com","author_link":"https:\/\/importadoracristinateran.com\/?author=0"},"uagb_comment_info":0,"uagb_excerpt":"La\u00a0Metformina para gatos en comprimidos v\u00eda oral del Laboratorio Trit\u00f3n Vet\u00a0es un\u00a0normoglucemiante\u00a0para el control de\u00a0obesidad\u00a0o\u00a0diabetes\u00a0en felinos. Est\u00e1 indicado para el control de la\u00a0diabetes felina tipo 2 o insulina resistente. Es un\u00a0antihiperglucemiante oral, coadyuvante para mejorar el control de la diabetes felina tipo 1 o insulina dependiente. La metformina\u00a0mejora la tolerancia a la glucosa\u00a0en pacientes con&hellip;","_links":{"self":[{"href":"https:\/\/importadoracristinateran.com\/index.php?rest_route=\/wp\/v2\/product\/436","targetHints":{"allow":["GET"]}}],"collection":[{"href":"https:\/\/importadoracristinateran.com\/index.php?rest_route=\/wp\/v2\/product"}],"about":[{"href":"https:\/\/importadoracristinateran.com\/index.php?rest_route=\/wp\/v2\/types\/product"}],"replies":[{"embeddable":true,"href":"https:\/\/importadoracristinateran.com\/index.php?rest_route=%2Fwp%2Fv2%2Fcomments&post=436"}],"wp:featuredmedia":[{"embeddable":true,"href":"https:\/\/importadoracristinateran.com\/index.php?rest_route=\/wp\/v2\/media\/437"}],"wp:attachment":[{"href":"https:\/\/importadoracristinateran.com\/index.php?rest_route=%2Fwp%2Fv2%2Fmedia&parent=436"}],"wp:term":[{"taxonomy":"product_brand","embeddable":true,"href":"https:\/\/importadoracristinateran.com\/index.php?rest_route=%2Fwp%2Fv2%2Fproduct_brand&post=436"},{"taxonomy":"product_cat","embeddable":true,"href":"https:\/\/importadoracristinateran.com\/index.php?rest_route=%2Fwp%2Fv2%2Fproduct_cat&post=436"},{"taxonomy":"product_tag","embeddable":true,"href":"https:\/\/importadoracristinateran.com\/index.php?rest_route=%2Fwp%2Fv2%2Fproduct_tag&post=436"}],"curies":[{"name":"wp","href":"https:\/\/api.w.org\/{rel}","templated":true}]}}