{"id":446,"date":"2025-03-20T02:26:45","date_gmt":"2025-03-20T02:26:45","guid":{"rendered":"https:\/\/importadoracristinateran.com\/?post_type=product&#038;p=446"},"modified":"2025-03-20T02:33:50","modified_gmt":"2025-03-20T02:33:50","slug":"himpyrim-liquido-himalaya","status":"publish","type":"product","link":"https:\/\/importadoracristinateran.com\/?product=himpyrim-liquido-himalaya","title":{"rendered":"Himpyrim Liquido HIMALAYA"},"content":{"rendered":"<p><strong>COMPOSICI\u00d3N<\/strong><\/p>\n<p>Cada mL de HIMPYRIN\u00ae GOTAS contiene:<br \/>\nFormulaci\u00f3n multiherbal ayurv\u00e9dica de cinco extractos de plantas.<\/p>\n<p><strong>INDICACIONES DE USO<\/strong><\/p>\n<p>\u2022Fiebre<\/p>\n<p>\u2022Dolor post-operatorio y debido a heridas.<\/p>\n<p><strong>PRESENTACI\u00d3N<\/strong><br \/>\nFrasco por 30 ml.<\/p>\n<p><strong>DOSIS<\/strong><\/p>\n<p>\u2022Perros adultos\u00a0 razas peque\u00f1as: 1 a 2 ml (c\/12h)<\/p>\n<p>\u2022Perros adultos\u00a0 razas grandes: 2 a 3 ml (c\/12h)<\/p>\n<p>\u2022Gatos adultos: 1 ml (c\/12h)<\/p>\n","protected":false},"excerpt":{"rendered":"<p>Funci\u00f3n<br \/>\n\u2022 Fiebre, pirexia inespec\u00edfica<br \/>\n\u2022 Condiciones dolorosas como lesiones y cirug\u00edas<br \/>\n\u2022 Condiciones inflamatorias<br \/>\nDosis<br \/>\n1. Perros:<br \/>\nRazas peque\u00f1as: 1-2 ml, dos veces al d\u00eda<br \/>\nRazas grandes: 2-3 ml, dos veces al d\u00eda<br \/>\n2. Gatos: 1 ml dos veces al d\u00eda<\/p>\n","protected":false},"featured_media":447,"comment_status":"open","ping_status":"closed","template":"","meta":{"_uag_custom_page_level_css":"","site-sidebar-layout":"default","site-content-layout":"","ast-site-content-layout":"default","site-content-style":"default","site-sidebar-style":"default","ast-global-header-display":"","ast-banner-title-visibility":"","ast-main-header-display":"","ast-hfb-above-header-display":"","ast-hfb-below-header-display":"","ast-hfb-mobile-header-display":"","site-post-title":"","ast-breadcrumbs-content":"","ast-featured-img":"","footer-sml-layout":"","theme-transparent-header-meta":"default","adv-header-id-meta":"","stick-header-meta":"","header-above-stick-meta":"","header-main-stick-meta":"","header-below-stick-meta":"","astra-migrate-meta-layouts":"set","ast-page-background-enabled":"default","ast-page-background-meta":{"desktop":{"background-color":"var(--ast-global-color-5)","background-image":"","background-repeat":"repeat","background-position":"center center","background-size":"auto","background-attachment":"scroll","background-type":"","background-media":"","overlay-type":"","overlay-color":"","overlay-opacity":"","overlay-gradient":""},"tablet":{"background-color":"","background-image":"","background-repeat":"repeat","background-position":"center center","background-size":"auto","background-attachment":"scroll","background-type":"","background-media":"","overlay-type":"","overlay-color":"","overlay-opacity":"","overlay-gradient":""},"mobile":{"background-color":"","background-image":"","background-repeat":"repeat","background-position":"center center","background-size":"auto","background-attachment":"scroll","background-type":"","background-media":"","overlay-type":"","overlay-color":"","overlay-opacity":"","overlay-gradient":""}},"ast-content-background-meta":{"desktop":{"background-color":"var(--ast-global-color-4)","background-image":"","background-repeat":"repeat","background-position":"center center","background-size":"auto","background-attachment":"scroll","background-type":"","background-media":"","overlay-type":"","overlay-color":"","overlay-opacity":"","overlay-gradient":""},"tablet":{"background-color":"var(--ast-global-color-4)","background-image":"","background-repeat":"repeat","background-position":"center center","background-size":"auto","background-attachment":"scroll","background-type":"","background-media":"","overlay-type":"","overlay-color":"","overlay-opacity":"","overlay-gradient":""},"mobile":{"background-color":"var(--ast-global-color-4)","background-image":"","background-repeat":"repeat","background-position":"center center","background-size":"auto","background-attachment":"scroll","background-type":"","background-media":"","overlay-type":"","overlay-color":"","overlay-opacity":"","overlay-gradient":""}},"_joinchat":[]},"product_brand":[],"product_cat":[38],"product_tag":[],"class_list":{"0":"post-446","1":"product","2":"type-product","3":"status-publish","4":"has-post-thumbnail","6":"product_cat-labmontana","7":"desktop-align-left","8":"tablet-align-left","9":"mobile-align-left","11":"first","12":"instock","13":"featured","14":"shipping-taxable","15":"product-type-external"},"aioseo_notices":[],"uagb_featured_image_src":{"full":["https:\/\/importadoracristinateran.com\/wp-content\/uploads\/2025\/03\/himpyrim.jpg",1000,1000,false],"thumbnail":["https:\/\/importadoracristinateran.com\/wp-content\/uploads\/2025\/03\/himpyrim-150x150.jpg",150,150,true],"medium":["https:\/\/importadoracristinateran.com\/wp-content\/uploads\/2025\/03\/himpyrim-300x300.jpg",300,300,true],"medium_large":["https:\/\/importadoracristinateran.com\/wp-content\/uploads\/2025\/03\/himpyrim-768x768.jpg",768,768,true],"large":["https:\/\/importadoracristinateran.com\/wp-content\/uploads\/2025\/03\/himpyrim.jpg",1000,1000,false],"1536x1536":["https:\/\/importadoracristinateran.com\/wp-content\/uploads\/2025\/03\/himpyrim.jpg",1000,1000,false],"2048x2048":["https:\/\/importadoracristinateran.com\/wp-content\/uploads\/2025\/03\/himpyrim.jpg",1000,1000,false],"woocommerce_thumbnail":["https:\/\/importadoracristinateran.com\/wp-content\/uploads\/2025\/03\/himpyrim-300x300.jpg",300,300,true],"woocommerce_single":["https:\/\/importadoracristinateran.com\/wp-content\/uploads\/2025\/03\/himpyrim-600x600.jpg",600,600,true],"woocommerce_gallery_thumbnail":["https:\/\/importadoracristinateran.com\/wp-content\/uploads\/2025\/03\/himpyrim-100x100.jpg",100,100,true],"dgwt-wcas-product-suggestion":["https:\/\/importadoracristinateran.com\/wp-content\/uploads\/2025\/03\/himpyrim-64x64.jpg",64,64,true]},"uagb_author_info":{"display_name":"mcris.import@gmail.com","author_link":"https:\/\/importadoracristinateran.com\/?author=0"},"uagb_comment_info":0,"uagb_excerpt":"Funci\u00f3n \u2022 Fiebre, pirexia inespec\u00edfica \u2022 Condiciones dolorosas como lesiones y cirug\u00edas \u2022 Condiciones inflamatorias Dosis 1. Perros: Razas peque\u00f1as: 1-2 ml, dos veces al d\u00eda Razas grandes: 2-3 ml, dos veces al d\u00eda 2. Gatos: 1 ml dos veces al d\u00eda","_links":{"self":[{"href":"https:\/\/importadoracristinateran.com\/index.php?rest_route=\/wp\/v2\/product\/446","targetHints":{"allow":["GET"]}}],"collection":[{"href":"https:\/\/importadoracristinateran.com\/index.php?rest_route=\/wp\/v2\/product"}],"about":[{"href":"https:\/\/importadoracristinateran.com\/index.php?rest_route=\/wp\/v2\/types\/product"}],"replies":[{"embeddable":true,"href":"https:\/\/importadoracristinateran.com\/index.php?rest_route=%2Fwp%2Fv2%2Fcomments&post=446"}],"wp:featuredmedia":[{"embeddable":true,"href":"https:\/\/importadoracristinateran.com\/index.php?rest_route=\/wp\/v2\/media\/447"}],"wp:attachment":[{"href":"https:\/\/importadoracristinateran.com\/index.php?rest_route=%2Fwp%2Fv2%2Fmedia&parent=446"}],"wp:term":[{"taxonomy":"product_brand","embeddable":true,"href":"https:\/\/importadoracristinateran.com\/index.php?rest_route=%2Fwp%2Fv2%2Fproduct_brand&post=446"},{"taxonomy":"product_cat","embeddable":true,"href":"https:\/\/importadoracristinateran.com\/index.php?rest_route=%2Fwp%2Fv2%2Fproduct_cat&post=446"},{"taxonomy":"product_tag","embeddable":true,"href":"https:\/\/importadoracristinateran.com\/index.php?rest_route=%2Fwp%2Fv2%2Fproduct_tag&post=446"}],"curies":[{"name":"wp","href":"https:\/\/api.w.org\/{rel}","templated":true}]}}