{"id":450,"date":"2025-03-20T02:59:38","date_gmt":"2025-03-20T02:59:38","guid":{"rendered":"https:\/\/importadoracristinateran.com\/?post_type=product&#038;p=450"},"modified":"2025-03-20T03:00:43","modified_gmt":"2025-03-20T03:00:43","slug":"effervita-amino","status":"publish","type":"product","link":"https:\/\/importadoracristinateran.com\/?product=effervita-amino","title":{"rendered":"Effervita Amino"},"content":{"rendered":"<p><strong>Composici\u00f3n:<\/strong><\/p>\n<p>Vitamina A, vitamina D3, vitamina E, vitamina B1, vitamina B2, vitamina B6, vitamina B12, vitamina C, pantotenato de calcio, vitamina K3, nicotinamida, \u00e1cido f\u00f3lico, biotina, cloruro de colina, cloruro de sodio, sulfato de sodio, sulfato de hierro, magnesio sulfato, sulfato de manganeso,<br \/>\nsulfato de zinc, cloruro de potasio, alanina, arginina, \u00e1cido asp\u00e1rtico, ciste\u00edna, \u00e1cido glut\u00e1mico, glicina, histidina, iso-leucina, leucina, lisina, metionina, fenilalanina, prolina, serina, treonina, tript\u00f3fano, tirosina, valina.<br \/>\n<strong>Modo de empleo:<\/strong><br \/>\nPara administraci\u00f3n oral directa.<\/p>\n<p><strong>Dosis:<\/strong><br \/>\n<strong>Perros<\/strong><br \/>\nMenos de 10 kgs: 1 tableta; 10-40 kg: 1-2 tabletas;<br \/>\nM\u00e1s de 40 kg: 2-3 comprimidos.<br \/>\n<strong>Gatos<\/strong><br \/>\n1 tableta<br \/>\n<strong>Aves<\/strong><br \/>\n1 tableta<br \/>\n<strong>Presentaci\u00f3n:<\/strong><br \/>\nContiene 10 blisters de 10 tabletas<\/p>\n","protected":false},"excerpt":{"rendered":"<p>Amino es una combinaci\u00f3n bien equilibrada de vitaminas, minerales y amino\u00e1cidos esenciales para las perros y gatos.<br class=\"html-br\" \/>Effervita-Amino se puede utilizar para mantener la fuerza y \u200b\u200bel rendimiento bajo estr\u00e9s.<\/p>\n","protected":false},"featured_media":451,"comment_status":"open","ping_status":"closed","template":"","meta":{"_uag_custom_page_level_css":"","site-sidebar-layout":"default","site-content-layout":"","ast-site-content-layout":"default","site-content-style":"default","site-sidebar-style":"default","ast-global-header-display":"","ast-banner-title-visibility":"","ast-main-header-display":"","ast-hfb-above-header-display":"","ast-hfb-below-header-display":"","ast-hfb-mobile-header-display":"","site-post-title":"","ast-breadcrumbs-content":"","ast-featured-img":"","footer-sml-layout":"","theme-transparent-header-meta":"default","adv-header-id-meta":"","stick-header-meta":"","header-above-stick-meta":"","header-main-stick-meta":"","header-below-stick-meta":"","astra-migrate-meta-layouts":"set","ast-page-background-enabled":"default","ast-page-background-meta":{"desktop":{"background-color":"var(--ast-global-color-5)","background-image":"","background-repeat":"repeat","background-position":"center center","background-size":"auto","background-attachment":"scroll","background-type":"","background-media":"","overlay-type":"","overlay-color":"","overlay-opacity":"","overlay-gradient":""},"tablet":{"background-color":"","background-image":"","background-repeat":"repeat","background-position":"center center","background-size":"auto","background-attachment":"scroll","background-type":"","background-media":"","overlay-type":"","overlay-color":"","overlay-opacity":"","overlay-gradient":""},"mobile":{"background-color":"","background-image":"","background-repeat":"repeat","background-position":"center center","background-size":"auto","background-attachment":"scroll","background-type":"","background-media":"","overlay-type":"","overlay-color":"","overlay-opacity":"","overlay-gradient":""}},"ast-content-background-meta":{"desktop":{"background-color":"var(--ast-global-color-4)","background-image":"","background-repeat":"repeat","background-position":"center center","background-size":"auto","background-attachment":"scroll","background-type":"","background-media":"","overlay-type":"","overlay-color":"","overlay-opacity":"","overlay-gradient":""},"tablet":{"background-color":"var(--ast-global-color-4)","background-image":"","background-repeat":"repeat","background-position":"center center","background-size":"auto","background-attachment":"scroll","background-type":"","background-media":"","overlay-type":"","overlay-color":"","overlay-opacity":"","overlay-gradient":""},"mobile":{"background-color":"var(--ast-global-color-4)","background-image":"","background-repeat":"repeat","background-position":"center center","background-size":"auto","background-attachment":"scroll","background-type":"","background-media":"","overlay-type":"","overlay-color":"","overlay-opacity":"","overlay-gradient":""}},"_joinchat":[]},"product_brand":[],"product_cat":[34],"product_tag":[],"class_list":{"0":"post-450","1":"product","2":"type-product","3":"status-publish","4":"has-post-thumbnail","6":"product_cat-lab-vemedin","7":"desktop-align-left","8":"tablet-align-left","9":"mobile-align-left","11":"first","12":"instock","13":"shipping-taxable","14":"product-type-external"},"aioseo_notices":[],"uagb_featured_image_src":{"full":["https:\/\/importadoracristinateran.com\/wp-content\/uploads\/2025\/03\/effervita.jpg",461,327,false],"thumbnail":["https:\/\/importadoracristinateran.com\/wp-content\/uploads\/2025\/03\/effervita-150x150.jpg",150,150,true],"medium":["https:\/\/importadoracristinateran.com\/wp-content\/uploads\/2025\/03\/effervita-300x213.jpg",300,213,true],"medium_large":["https:\/\/importadoracristinateran.com\/wp-content\/uploads\/2025\/03\/effervita.jpg",461,327,false],"large":["https:\/\/importadoracristinateran.com\/wp-content\/uploads\/2025\/03\/effervita.jpg",461,327,false],"1536x1536":["https:\/\/importadoracristinateran.com\/wp-content\/uploads\/2025\/03\/effervita.jpg",461,327,false],"2048x2048":["https:\/\/importadoracristinateran.com\/wp-content\/uploads\/2025\/03\/effervita.jpg",461,327,false],"woocommerce_thumbnail":["https:\/\/importadoracristinateran.com\/wp-content\/uploads\/2025\/03\/effervita-300x300.jpg",300,300,true],"woocommerce_single":["https:\/\/importadoracristinateran.com\/wp-content\/uploads\/2025\/03\/effervita.jpg",461,327,false],"woocommerce_gallery_thumbnail":["https:\/\/importadoracristinateran.com\/wp-content\/uploads\/2025\/03\/effervita-100x100.jpg",100,100,true],"dgwt-wcas-product-suggestion":["https:\/\/importadoracristinateran.com\/wp-content\/uploads\/2025\/03\/effervita-64x45.jpg",64,45,true]},"uagb_author_info":{"display_name":"mcris.import@gmail.com","author_link":"https:\/\/importadoracristinateran.com\/?author=0"},"uagb_comment_info":0,"uagb_excerpt":"Amino es una combinaci\u00f3n bien equilibrada de vitaminas, minerales y amino\u00e1cidos esenciales para las perros y gatos.Effervita-Amino se puede utilizar para mantener la fuerza y \u200b\u200bel rendimiento bajo estr\u00e9s.","_links":{"self":[{"href":"https:\/\/importadoracristinateran.com\/index.php?rest_route=\/wp\/v2\/product\/450","targetHints":{"allow":["GET"]}}],"collection":[{"href":"https:\/\/importadoracristinateran.com\/index.php?rest_route=\/wp\/v2\/product"}],"about":[{"href":"https:\/\/importadoracristinateran.com\/index.php?rest_route=\/wp\/v2\/types\/product"}],"replies":[{"embeddable":true,"href":"https:\/\/importadoracristinateran.com\/index.php?rest_route=%2Fwp%2Fv2%2Fcomments&post=450"}],"wp:featuredmedia":[{"embeddable":true,"href":"https:\/\/importadoracristinateran.com\/index.php?rest_route=\/wp\/v2\/media\/451"}],"wp:attachment":[{"href":"https:\/\/importadoracristinateran.com\/index.php?rest_route=%2Fwp%2Fv2%2Fmedia&parent=450"}],"wp:term":[{"taxonomy":"product_brand","embeddable":true,"href":"https:\/\/importadoracristinateran.com\/index.php?rest_route=%2Fwp%2Fv2%2Fproduct_brand&post=450"},{"taxonomy":"product_cat","embeddable":true,"href":"https:\/\/importadoracristinateran.com\/index.php?rest_route=%2Fwp%2Fv2%2Fproduct_cat&post=450"},{"taxonomy":"product_tag","embeddable":true,"href":"https:\/\/importadoracristinateran.com\/index.php?rest_route=%2Fwp%2Fv2%2Fproduct_tag&post=450"}],"curies":[{"name":"wp","href":"https:\/\/api.w.org\/{rel}","templated":true}]}}