{"id":523,"date":"2025-03-21T23:31:57","date_gmt":"2025-03-21T23:31:57","guid":{"rendered":"https:\/\/importadoracristinateran.com\/?post_type=product&#038;p=523"},"modified":"2025-03-25T04:06:27","modified_gmt":"2025-03-25T04:06:27","slug":"523","status":"publish","type":"product","link":"https:\/\/importadoracristinateran.com\/?product=523","title":{"rendered":"Parvo Corona"},"content":{"rendered":"<h4 class=\"heading productnamedesktop w-hidden-small w-hidden-tiny\">Vacuna Parvo-Corona<\/h4>\n<h4 class=\"heading productnamedesktop w-hidden-small w-hidden-tiny\"><span style=\"font-size: 16px;\">Indicaciones<\/span><\/h4>\n<p><strong style=\"font-size: 16px;\">Vacuna Parvo-Corona<\/strong><span style=\"font-size: 16px;\">\u00a0est\u00e1 indicada para la inmunizaci\u00f3n y prevenci\u00f3n de enfermedades causadas por parvovirus y coronavirus en caninos.<\/span><\/p>\n<div class=\"button-product button-product-compania-biologicos producttheme\">\n<p class=\"paragraphbuttonproduct\"><strong>F\u00f3rmula<\/strong><\/p>\n<\/div>\n<div id=\"formula\" class=\"div-block-formula\">\n<p>Contenido m\u00ednimo de t\u00edtulo de cada fracci\u00f3n en 1 mL:<\/p>\n<p>Virus activo modificado de Parvovirus canino Tipo-2b CPV-2, cepa cornell &#8230;.. 10<sup>3.0\u00a0<\/sup>DICT 50%<br \/>\nVirus inactivado de Coronavirus canino, cepa CCV TN449 &#8230;&#8230;. 10<sup>3.0\u00a0<\/sup>DICT 50%<\/p>\n<\/div>\n<div class=\"button-product button-product-compania-biologicos producttheme\">\n<p class=\"paragraphbuttonproduct\"><strong>Dosis y v\u00eda de administraci\u00f3n<\/strong><\/p>\n<\/div>\n<div id=\"dosis\" class=\"div-block-dosis\">\n<p>1 mL, v\u00eda subcut\u00e1nea o intramuscular.<\/p>\n<p>Agitar suavemente antes de usar. Una vez extra\u00eddo el contenido, aplicar la totalidad del vial con previa asepsia del sitio de aplicaci\u00f3n.<\/p>\n<p>Se recomienda aplicar la vacuna Parvo-Corona a partir de las 6 semanas de edad. La revacunaciones deber\u00e1n aplicarse en intervalos de 15 d\u00edas hasta cumplir el esquema que a criterio del m\u00e9dico veterinario se haya programado.<\/p>\n<\/div>\n<div class=\"button-product button-product-compania-biologicos producttheme\">\n<p class=\"paragraphbuttonproduct\"><strong>Presentaciones<\/strong><\/p>\n<\/div>\n<div id=\"presentaciones\" class=\"div-block-presentacion w-clearfix\">\n<p>Bl\u00edster con 24 dosis de 1 mL<\/p>\n<\/div>\n<div class=\"button-product button-product-compania-biologicos producttheme\">\n<p class=\"paragraphbuttonproduct\"><strong>Precauciones<\/strong><\/p>\n<\/div>\n<div id=\"precauciones\" class=\"div-block-precaucion\">\n<p>La administraci\u00f3n de cualquier biol\u00f3gico puede ocasionar reacciones anafil\u00e1cticas; ant\u00eddoto: epinefrina y\/o corticoides. Aplicar \u00fanicamente en animales sanos. Conservar fuera del alcance de ni\u00f1os y animales dom\u00e9sticos. Conservar en refrigeraci\u00f3n entre 2\u00baC y 8\u00baC. Evitar la congelaci\u00f3n y la exposici\u00f3n a la luz solar directa. Deseche el envase de acuerdo a la normativa vigente aplicable en su regi\u00f3n<\/p>\n<\/div>\n","protected":false},"excerpt":{"rendered":"<div class=\"button-product button-product-compania-biologicos producttheme\">\n<p class=\"paragraphbuttonproduct\"><strong>Dosis y v\u00eda de administraci\u00f3n<\/strong><\/p>\n<\/div>\n<div id=\"dosis\" class=\"div-block-dosis\">\n<p>1 mL, v\u00eda subcut\u00e1nea o intramuscular.<\/p>\n<p>Agitar suavemente antes de usar. Una vez extra\u00eddo el contenido, aplicar la totalidad del vial con previa asepsia del sitio de aplicaci\u00f3n.<\/p>\n<p>Se recomienda aplicar la vacuna Parvo-Corona a partir de las 6 semanas de edad. La revacunaciones deber\u00e1n aplicarse en intervalos de 15 d\u00edas hasta cumplir el esquema que a criterio del m\u00e9dico veterinario se haya programado.<\/p>\n<\/div>\n","protected":false},"featured_media":524,"comment_status":"open","ping_status":"closed","template":"","meta":{"_uag_custom_page_level_css":"","site-sidebar-layout":"default","site-content-layout":"","ast-site-content-layout":"default","site-content-style":"default","site-sidebar-style":"default","ast-global-header-display":"","ast-banner-title-visibility":"","ast-main-header-display":"","ast-hfb-above-header-display":"","ast-hfb-below-header-display":"","ast-hfb-mobile-header-display":"","site-post-title":"","ast-breadcrumbs-content":"","ast-featured-img":"","footer-sml-layout":"","theme-transparent-header-meta":"default","adv-header-id-meta":"","stick-header-meta":"","header-above-stick-meta":"","header-main-stick-meta":"","header-below-stick-meta":"","astra-migrate-meta-layouts":"set","ast-page-background-enabled":"default","ast-page-background-meta":{"desktop":{"background-color":"var(--ast-global-color-5)","background-image":"","background-repeat":"repeat","background-position":"center center","background-size":"auto","background-attachment":"scroll","background-type":"","background-media":"","overlay-type":"","overlay-color":"","overlay-opacity":"","overlay-gradient":""},"tablet":{"background-color":"","background-image":"","background-repeat":"repeat","background-position":"center center","background-size":"auto","background-attachment":"scroll","background-type":"","background-media":"","overlay-type":"","overlay-color":"","overlay-opacity":"","overlay-gradient":""},"mobile":{"background-color":"","background-image":"","background-repeat":"repeat","background-position":"center center","background-size":"auto","background-attachment":"scroll","background-type":"","background-media":"","overlay-type":"","overlay-color":"","overlay-opacity":"","overlay-gradient":""}},"ast-content-background-meta":{"desktop":{"background-color":"var(--ast-global-color-4)","background-image":"","background-repeat":"repeat","background-position":"center center","background-size":"auto","background-attachment":"scroll","background-type":"","background-media":"","overlay-type":"","overlay-color":"","overlay-opacity":"","overlay-gradient":""},"tablet":{"background-color":"var(--ast-global-color-4)","background-image":"","background-repeat":"repeat","background-position":"center center","background-size":"auto","background-attachment":"scroll","background-type":"","background-media":"","overlay-type":"","overlay-color":"","overlay-opacity":"","overlay-gradient":""},"mobile":{"background-color":"var(--ast-global-color-4)","background-image":"","background-repeat":"repeat","background-position":"center center","background-size":"auto","background-attachment":"scroll","background-type":"","background-media":"","overlay-type":"","overlay-color":"","overlay-opacity":"","overlay-gradient":""}},"_joinchat":[]},"product_brand":[],"product_cat":[41,27],"product_tag":[],"class_list":{"0":"post-523","1":"product","2":"type-product","3":"status-publish","4":"has-post-thumbnail","6":"product_cat-lab-biozoo","7":"product_cat-vacunas","8":"desktop-align-left","9":"tablet-align-left","10":"mobile-align-left","12":"first","13":"instock","14":"shipping-taxable","15":"product-type-external"},"aioseo_notices":[],"uagb_featured_image_src":{"full":["https:\/\/importadoracristinateran.com\/wp-content\/uploads\/2025\/03\/biozooo.jpg",1197,1240,false],"thumbnail":["https:\/\/importadoracristinateran.com\/wp-content\/uploads\/2025\/03\/biozooo-150x150.jpg",150,150,true],"medium":["https:\/\/importadoracristinateran.com\/wp-content\/uploads\/2025\/03\/biozooo-290x300.jpg",290,300,true],"medium_large":["https:\/\/importadoracristinateran.com\/wp-content\/uploads\/2025\/03\/biozooo-768x796.jpg",768,796,true],"large":["https:\/\/importadoracristinateran.com\/wp-content\/uploads\/2025\/03\/biozooo-988x1024.jpg",988,1024,true],"1536x1536":["https:\/\/importadoracristinateran.com\/wp-content\/uploads\/2025\/03\/biozooo.jpg",1197,1240,false],"2048x2048":["https:\/\/importadoracristinateran.com\/wp-content\/uploads\/2025\/03\/biozooo.jpg",1197,1240,false],"woocommerce_thumbnail":["https:\/\/importadoracristinateran.com\/wp-content\/uploads\/2025\/03\/biozooo-300x300.jpg",300,300,true],"woocommerce_single":["https:\/\/importadoracristinateran.com\/wp-content\/uploads\/2025\/03\/biozooo-600x622.jpg",600,622,true],"woocommerce_gallery_thumbnail":["https:\/\/importadoracristinateran.com\/wp-content\/uploads\/2025\/03\/biozooo-100x100.jpg",100,100,true],"dgwt-wcas-product-suggestion":["https:\/\/importadoracristinateran.com\/wp-content\/uploads\/2025\/03\/biozooo-64x66.jpg",64,66,true]},"uagb_author_info":{"display_name":"mcris.import@gmail.com","author_link":"https:\/\/importadoracristinateran.com\/?author=0"},"uagb_comment_info":0,"uagb_excerpt":"Dosis y v\u00eda de administraci\u00f3n 1 mL, v\u00eda subcut\u00e1nea o intramuscular. Agitar suavemente antes de usar. Una vez extra\u00eddo el contenido, aplicar la totalidad del vial con previa asepsia del sitio de aplicaci\u00f3n. Se recomienda aplicar la vacuna Parvo-Corona a partir de las 6 semanas de edad. La revacunaciones deber\u00e1n aplicarse en intervalos de 15&hellip;","_links":{"self":[{"href":"https:\/\/importadoracristinateran.com\/index.php?rest_route=\/wp\/v2\/product\/523","targetHints":{"allow":["GET"]}}],"collection":[{"href":"https:\/\/importadoracristinateran.com\/index.php?rest_route=\/wp\/v2\/product"}],"about":[{"href":"https:\/\/importadoracristinateran.com\/index.php?rest_route=\/wp\/v2\/types\/product"}],"replies":[{"embeddable":true,"href":"https:\/\/importadoracristinateran.com\/index.php?rest_route=%2Fwp%2Fv2%2Fcomments&post=523"}],"wp:featuredmedia":[{"embeddable":true,"href":"https:\/\/importadoracristinateran.com\/index.php?rest_route=\/wp\/v2\/media\/524"}],"wp:attachment":[{"href":"https:\/\/importadoracristinateran.com\/index.php?rest_route=%2Fwp%2Fv2%2Fmedia&parent=523"}],"wp:term":[{"taxonomy":"product_brand","embeddable":true,"href":"https:\/\/importadoracristinateran.com\/index.php?rest_route=%2Fwp%2Fv2%2Fproduct_brand&post=523"},{"taxonomy":"product_cat","embeddable":true,"href":"https:\/\/importadoracristinateran.com\/index.php?rest_route=%2Fwp%2Fv2%2Fproduct_cat&post=523"},{"taxonomy":"product_tag","embeddable":true,"href":"https:\/\/importadoracristinateran.com\/index.php?rest_route=%2Fwp%2Fv2%2Fproduct_tag&post=523"}],"curies":[{"name":"wp","href":"https:\/\/api.w.org\/{rel}","templated":true}]}}