{"id":526,"date":"2025-03-22T00:06:34","date_gmt":"2025-03-22T00:06:34","guid":{"rendered":"https:\/\/importadoracristinateran.com\/?post_type=product&#038;p=526"},"modified":"2025-05-09T23:31:27","modified_gmt":"2025-05-09T23:31:27","slug":"amoxivet","status":"publish","type":"product","link":"https:\/\/importadoracristinateran.com\/?product=amoxivet","title":{"rendered":"Amoxivet"},"content":{"rendered":"<p><strong>F\u00f3rmula:<\/strong>\u00a0Amoxicilina 15%.<\/p>\n<p><strong>Indicaciones:<\/strong>\u00a0Tratamiento de las enfermedades infecciosas de las v\u00edas respiratorias, urogenitales, tracto digestivo, de la piel y tejidos blandos y de todas las enfermedades producidas por microorganismos sensibles a la Amoxicilina. Prevenci\u00f3n de infecciones post operatorias.<\/p>\n<p><strong>Dosis:<\/strong>\u00a0Todas las especies: 1 ml cada 10 kg de peso (15 mg\/kg). Intervalo entre dosis: Cada 48 horas. Duraci\u00f3n del tratamiento: 3 a 5 d\u00edas.<br \/>\n<strong>V\u00eda de administraci\u00f3n:<\/strong>\u00a0Intramuscular.<br \/>\n<strong>Restricciones:<\/strong>\u00a0Pre orde\u00f1o: 48 horas.<br \/>\n<strong>Presentaci\u00f3n:<\/strong>\u00a0Frasco por 100 ml.<br \/>\n\u2022\u00a0 De f\u00e1cil disoluci\u00f3n y permite la utilizaci\u00f3n de agujas finas.<\/p>\n","protected":false},"excerpt":{"rendered":"<p><strong>Indicaciones:<\/strong>\u00a0Tratamiento de las enfermedades infecciosas de las v\u00edas respiratorias, urogenitales, tracto digestivo, de la piel y tejidos blandos y de todas las enfermedades producidas por microorganismos sensibles a la Amoxicilina. Prevenci\u00f3n de infecciones post operatorias.<\/p>\n","protected":false},"featured_media":527,"comment_status":"open","ping_status":"closed","template":"","meta":{"_uag_custom_page_level_css":"","site-sidebar-layout":"default","site-content-layout":"","ast-site-content-layout":"default","site-content-style":"default","site-sidebar-style":"default","ast-global-header-display":"","ast-banner-title-visibility":"","ast-main-header-display":"","ast-hfb-above-header-display":"","ast-hfb-below-header-display":"","ast-hfb-mobile-header-display":"","site-post-title":"","ast-breadcrumbs-content":"","ast-featured-img":"","footer-sml-layout":"","theme-transparent-header-meta":"default","adv-header-id-meta":"","stick-header-meta":"","header-above-stick-meta":"","header-main-stick-meta":"","header-below-stick-meta":"","astra-migrate-meta-layouts":"set","ast-page-background-enabled":"default","ast-page-background-meta":{"desktop":{"background-color":"var(--ast-global-color-5)","background-image":"","background-repeat":"repeat","background-position":"center center","background-size":"auto","background-attachment":"scroll","background-type":"","background-media":"","overlay-type":"","overlay-color":"","overlay-opacity":"","overlay-gradient":""},"tablet":{"background-color":"","background-image":"","background-repeat":"repeat","background-position":"center center","background-size":"auto","background-attachment":"scroll","background-type":"","background-media":"","overlay-type":"","overlay-color":"","overlay-opacity":"","overlay-gradient":""},"mobile":{"background-color":"","background-image":"","background-repeat":"repeat","background-position":"center center","background-size":"auto","background-attachment":"scroll","background-type":"","background-media":"","overlay-type":"","overlay-color":"","overlay-opacity":"","overlay-gradient":""}},"ast-content-background-meta":{"desktop":{"background-color":"var(--ast-global-color-4)","background-image":"","background-repeat":"repeat","background-position":"center center","background-size":"auto","background-attachment":"scroll","background-type":"","background-media":"","overlay-type":"","overlay-color":"","overlay-opacity":"","overlay-gradient":""},"tablet":{"background-color":"var(--ast-global-color-4)","background-image":"","background-repeat":"repeat","background-position":"center center","background-size":"auto","background-attachment":"scroll","background-type":"","background-media":"","overlay-type":"","overlay-color":"","overlay-opacity":"","overlay-gradient":""},"mobile":{"background-color":"var(--ast-global-color-4)","background-image":"","background-repeat":"repeat","background-position":"center center","background-size":"auto","background-attachment":"scroll","background-type":"","background-media":"","overlay-type":"","overlay-color":"","overlay-opacity":"","overlay-gradient":""}},"_joinchat":[]},"product_brand":[],"product_cat":[42],"product_tag":[],"class_list":{"0":"post-526","1":"product","2":"type-product","3":"status-publish","4":"has-post-thumbnail","6":"product_cat-labzoovet","7":"desktop-align-left","8":"tablet-align-left","9":"mobile-align-left","11":"first","12":"instock","13":"featured","14":"shipping-taxable","15":"product-type-external"},"aioseo_notices":[],"uagb_featured_image_src":{"full":["https:\/\/importadoracristinateran.com\/wp-content\/uploads\/2025\/03\/amoxivet.jpg",385,529,false],"thumbnail":["https:\/\/importadoracristinateran.com\/wp-content\/uploads\/2025\/03\/amoxivet-150x150.jpg",150,150,true],"medium":["https:\/\/importadoracristinateran.com\/wp-content\/uploads\/2025\/03\/amoxivet-218x300.jpg",218,300,true],"medium_large":["https:\/\/importadoracristinateran.com\/wp-content\/uploads\/2025\/03\/amoxivet.jpg",385,529,false],"large":["https:\/\/importadoracristinateran.com\/wp-content\/uploads\/2025\/03\/amoxivet.jpg",385,529,false],"1536x1536":["https:\/\/importadoracristinateran.com\/wp-content\/uploads\/2025\/03\/amoxivet.jpg",385,529,false],"2048x2048":["https:\/\/importadoracristinateran.com\/wp-content\/uploads\/2025\/03\/amoxivet.jpg",385,529,false],"woocommerce_thumbnail":["https:\/\/importadoracristinateran.com\/wp-content\/uploads\/2025\/03\/amoxivet-300x300.jpg",300,300,true],"woocommerce_single":["https:\/\/importadoracristinateran.com\/wp-content\/uploads\/2025\/03\/amoxivet.jpg",385,529,false],"woocommerce_gallery_thumbnail":["https:\/\/importadoracristinateran.com\/wp-content\/uploads\/2025\/03\/amoxivet-100x100.jpg",100,100,true],"dgwt-wcas-product-suggestion":["https:\/\/importadoracristinateran.com\/wp-content\/uploads\/2025\/03\/amoxivet-64x88.jpg",64,88,true]},"uagb_author_info":{"display_name":"mcris.import@gmail.com","author_link":"https:\/\/importadoracristinateran.com\/?author=0"},"uagb_comment_info":0,"uagb_excerpt":"Indicaciones:\u00a0Tratamiento de las enfermedades infecciosas de las v\u00edas respiratorias, urogenitales, tracto digestivo, de la piel y tejidos blandos y de todas las enfermedades producidas por microorganismos sensibles a la Amoxicilina. Prevenci\u00f3n de infecciones post operatorias.","_links":{"self":[{"href":"https:\/\/importadoracristinateran.com\/index.php?rest_route=\/wp\/v2\/product\/526","targetHints":{"allow":["GET"]}}],"collection":[{"href":"https:\/\/importadoracristinateran.com\/index.php?rest_route=\/wp\/v2\/product"}],"about":[{"href":"https:\/\/importadoracristinateran.com\/index.php?rest_route=\/wp\/v2\/types\/product"}],"replies":[{"embeddable":true,"href":"https:\/\/importadoracristinateran.com\/index.php?rest_route=%2Fwp%2Fv2%2Fcomments&post=526"}],"wp:featuredmedia":[{"embeddable":true,"href":"https:\/\/importadoracristinateran.com\/index.php?rest_route=\/wp\/v2\/media\/527"}],"wp:attachment":[{"href":"https:\/\/importadoracristinateran.com\/index.php?rest_route=%2Fwp%2Fv2%2Fmedia&parent=526"}],"wp:term":[{"taxonomy":"product_brand","embeddable":true,"href":"https:\/\/importadoracristinateran.com\/index.php?rest_route=%2Fwp%2Fv2%2Fproduct_brand&post=526"},{"taxonomy":"product_cat","embeddable":true,"href":"https:\/\/importadoracristinateran.com\/index.php?rest_route=%2Fwp%2Fv2%2Fproduct_cat&post=526"},{"taxonomy":"product_tag","embeddable":true,"href":"https:\/\/importadoracristinateran.com\/index.php?rest_route=%2Fwp%2Fv2%2Fproduct_tag&post=526"}],"curies":[{"name":"wp","href":"https:\/\/api.w.org\/{rel}","templated":true}]}}