{"id":533,"date":"2025-03-22T00:25:06","date_gmt":"2025-03-22T00:25:06","guid":{"rendered":"https:\/\/importadoracristinateran.com\/?post_type=product&#038;p=533"},"modified":"2025-03-23T16:51:10","modified_gmt":"2025-03-23T16:51:10","slug":"curavet-plata-aerosol","status":"publish","type":"product","link":"https:\/\/importadoracristinateran.com\/?product=curavet-plata-aerosol","title":{"rendered":"Curavet Plata Aerosol"},"content":{"rendered":"<p><strong>F\u00f3rmula:<\/strong>\u00a0Cada aerosol contiene: Fenitrotion 11,05 g, Clorhexidina diacetato 0,175 g, Aluminio 5 g, Excipientes y Propelente (propano\/butano) c.s.p. 267 g.<\/p>\n<p><strong>Indicaciones:<\/strong>\u00a0Prevenci\u00f3n y tratamiento de miasis, heridas traum\u00e1ticas, quir\u00fargicas o de otro tipo.<\/p>\n<p><strong>Dosis y forma de aplicaci\u00f3n:<\/strong>\u00a0Aplicar hasta cubrir la herida y aproximadamente 4 cm alrededor de la misma. Intervalo entre dosis: Cada 12 horas. Duraci\u00f3n del tratamiento: Aplicar un m\u00ednimo de 3 dosis.<\/p>\n<p><strong>V\u00eda de administraci\u00f3n:<\/strong>\u00a0Rociado t\u00f3pico.<\/p>\n<p><strong>Presentaci\u00f3n:<\/strong>\u00a0Aerosol por 267 g.<\/p>\n","protected":false},"excerpt":{"rendered":"<p>Cicatrizante, antimi\u00e1sico y antis\u00e9ptico para la prevenci\u00f3n y tratamiento de miasis, heridas traum\u00e1ticas, quir\u00fargicas o de otro tipo en, bovinos, equinos porcinos y caninos.<\/p>\n<p><b>Posolog\u00eda y modo de uso<\/b><br \/>\nAplicar hasta cubrir la herida y aproximadamente 4 cm alrededor de la misma cada 12 hs. Rociado t\u00f3pico.<\/p>\n","protected":false},"featured_media":534,"comment_status":"open","ping_status":"closed","template":"","meta":{"_uag_custom_page_level_css":"","site-sidebar-layout":"default","site-content-layout":"","ast-site-content-layout":"default","site-content-style":"default","site-sidebar-style":"default","ast-global-header-display":"","ast-banner-title-visibility":"","ast-main-header-display":"","ast-hfb-above-header-display":"","ast-hfb-below-header-display":"","ast-hfb-mobile-header-display":"","site-post-title":"","ast-breadcrumbs-content":"","ast-featured-img":"","footer-sml-layout":"","theme-transparent-header-meta":"default","adv-header-id-meta":"","stick-header-meta":"","header-above-stick-meta":"","header-main-stick-meta":"","header-below-stick-meta":"","astra-migrate-meta-layouts":"set","ast-page-background-enabled":"default","ast-page-background-meta":{"desktop":{"background-color":"var(--ast-global-color-5)","background-image":"","background-repeat":"repeat","background-position":"center center","background-size":"auto","background-attachment":"scroll","background-type":"","background-media":"","overlay-type":"","overlay-color":"","overlay-opacity":"","overlay-gradient":""},"tablet":{"background-color":"","background-image":"","background-repeat":"repeat","background-position":"center center","background-size":"auto","background-attachment":"scroll","background-type":"","background-media":"","overlay-type":"","overlay-color":"","overlay-opacity":"","overlay-gradient":""},"mobile":{"background-color":"","background-image":"","background-repeat":"repeat","background-position":"center center","background-size":"auto","background-attachment":"scroll","background-type":"","background-media":"","overlay-type":"","overlay-color":"","overlay-opacity":"","overlay-gradient":""}},"ast-content-background-meta":{"desktop":{"background-color":"var(--ast-global-color-4)","background-image":"","background-repeat":"repeat","background-position":"center center","background-size":"auto","background-attachment":"scroll","background-type":"","background-media":"","overlay-type":"","overlay-color":"","overlay-opacity":"","overlay-gradient":""},"tablet":{"background-color":"var(--ast-global-color-4)","background-image":"","background-repeat":"repeat","background-position":"center center","background-size":"auto","background-attachment":"scroll","background-type":"","background-media":"","overlay-type":"","overlay-color":"","overlay-opacity":"","overlay-gradient":""},"mobile":{"background-color":"var(--ast-global-color-4)","background-image":"","background-repeat":"repeat","background-position":"center center","background-size":"auto","background-attachment":"scroll","background-type":"","background-media":"","overlay-type":"","overlay-color":"","overlay-opacity":"","overlay-gradient":""}},"_joinchat":[]},"product_brand":[],"product_cat":[42],"product_tag":[],"class_list":{"0":"post-533","1":"product","2":"type-product","3":"status-publish","4":"has-post-thumbnail","6":"product_cat-labzoovet","7":"desktop-align-left","8":"tablet-align-left","9":"mobile-align-left","11":"first","12":"instock","13":"shipping-taxable","14":"product-type-external"},"aioseo_notices":[],"uagb_featured_image_src":{"full":["https:\/\/importadoracristinateran.com\/wp-content\/uploads\/2025\/03\/aerosol.jpg",390,488,false],"thumbnail":["https:\/\/importadoracristinateran.com\/wp-content\/uploads\/2025\/03\/aerosol-150x150.jpg",150,150,true],"medium":["https:\/\/importadoracristinateran.com\/wp-content\/uploads\/2025\/03\/aerosol-240x300.jpg",240,300,true],"medium_large":["https:\/\/importadoracristinateran.com\/wp-content\/uploads\/2025\/03\/aerosol.jpg",390,488,false],"large":["https:\/\/importadoracristinateran.com\/wp-content\/uploads\/2025\/03\/aerosol.jpg",390,488,false],"1536x1536":["https:\/\/importadoracristinateran.com\/wp-content\/uploads\/2025\/03\/aerosol.jpg",390,488,false],"2048x2048":["https:\/\/importadoracristinateran.com\/wp-content\/uploads\/2025\/03\/aerosol.jpg",390,488,false],"woocommerce_thumbnail":["https:\/\/importadoracristinateran.com\/wp-content\/uploads\/2025\/03\/aerosol-300x300.jpg",300,300,true],"woocommerce_single":["https:\/\/importadoracristinateran.com\/wp-content\/uploads\/2025\/03\/aerosol.jpg",390,488,false],"woocommerce_gallery_thumbnail":["https:\/\/importadoracristinateran.com\/wp-content\/uploads\/2025\/03\/aerosol-100x100.jpg",100,100,true],"dgwt-wcas-product-suggestion":["https:\/\/importadoracristinateran.com\/wp-content\/uploads\/2025\/03\/aerosol-64x80.jpg",64,80,true]},"uagb_author_info":{"display_name":"mcris.import@gmail.com","author_link":"https:\/\/importadoracristinateran.com\/?author=0"},"uagb_comment_info":0,"uagb_excerpt":"Cicatrizante, antimi\u00e1sico y antis\u00e9ptico para la prevenci\u00f3n y tratamiento de miasis, heridas traum\u00e1ticas, quir\u00fargicas o de otro tipo en, bovinos, equinos porcinos y caninos. Posolog\u00eda y modo de uso Aplicar hasta cubrir la herida y aproximadamente 4 cm alrededor de la misma cada 12 hs. Rociado t\u00f3pico.","_links":{"self":[{"href":"https:\/\/importadoracristinateran.com\/index.php?rest_route=\/wp\/v2\/product\/533","targetHints":{"allow":["GET"]}}],"collection":[{"href":"https:\/\/importadoracristinateran.com\/index.php?rest_route=\/wp\/v2\/product"}],"about":[{"href":"https:\/\/importadoracristinateran.com\/index.php?rest_route=\/wp\/v2\/types\/product"}],"replies":[{"embeddable":true,"href":"https:\/\/importadoracristinateran.com\/index.php?rest_route=%2Fwp%2Fv2%2Fcomments&post=533"}],"wp:featuredmedia":[{"embeddable":true,"href":"https:\/\/importadoracristinateran.com\/index.php?rest_route=\/wp\/v2\/media\/534"}],"wp:attachment":[{"href":"https:\/\/importadoracristinateran.com\/index.php?rest_route=%2Fwp%2Fv2%2Fmedia&parent=533"}],"wp:term":[{"taxonomy":"product_brand","embeddable":true,"href":"https:\/\/importadoracristinateran.com\/index.php?rest_route=%2Fwp%2Fv2%2Fproduct_brand&post=533"},{"taxonomy":"product_cat","embeddable":true,"href":"https:\/\/importadoracristinateran.com\/index.php?rest_route=%2Fwp%2Fv2%2Fproduct_cat&post=533"},{"taxonomy":"product_tag","embeddable":true,"href":"https:\/\/importadoracristinateran.com\/index.php?rest_route=%2Fwp%2Fv2%2Fproduct_tag&post=533"}],"curies":[{"name":"wp","href":"https:\/\/api.w.org\/{rel}","templated":true}]}}