{"id":606,"date":"2025-03-25T02:33:02","date_gmt":"2025-03-25T02:33:02","guid":{"rendered":"https:\/\/importadoracristinateran.com\/?post_type=product&#038;p=606"},"modified":"2025-03-25T02:52:28","modified_gmt":"2025-03-25T02:52:28","slug":"pet-amox-plus","status":"publish","type":"product","link":"https:\/\/importadoracristinateran.com\/?product=pet-amox-plus","title":{"rendered":"Pet amox plus"},"content":{"rendered":"<p><strong>Composici\u00f3n<\/strong><\/p>\n<p>Cada tableta contiene:<br \/>\nAmoxicilina (comotrihidrato &#8230;&#8230;&#8230;&#8230;&#8230;&#8230;&#8230;. 648,0 mg<br \/>\n\u00c1cido clavul\u00e1nico (como clavulanato de potasio)<br \/>\n\u2026\u2026&#8230;&#8230;&#8230;&#8230;&#8230;&#8230;&#8230;&#8230;&#8230;&#8230;&#8230;&#8230;&#8230;&#8230;&#8230;&#8230;&#8230;&#8230;&#8230;&#8230;&#8230;&#8230;&#8230;&#8230;&#8230;&#8230;&#8230;&#8230;&#8230;. 154,3 mg<br \/>\nExp. q.s. hasta \u2026\u2026\u2026\u2026\u2026&#8230;.\u2026&#8230;&#8230;&#8230;&#8230;&#8230;.\u2026\u2026.\u2026\u2026\u2026\u2026 3000 mg<br \/>\nLa reconstituci\u00f3n del polvo con 15 ml de agua proporciona una suspensi\u00f3n que contiene 10<br \/>\nmg de \u00e1cido clavul\u00e1nico y 40 mg de amoxicilina por ml.<\/p>\n<p><strong>Reconstituci\u00f3n:<\/strong><br \/>\nA\u00f1adir 15 ml de agua. Agite la botella antes de usar.<br \/>\n<strong>Administraci\u00f3n:<\/strong><br \/>\nPor v\u00eda oral.<br \/>\n<strong>Tasa de dosificaci\u00f3n:<\/strong><br \/>\n12,5 mg \/ kg de peso corporal (es decir, 0,25 ml \/ kg). Para la dosificaci\u00f3n precisa<br \/>\nde pacientes particularmente peque\u00f1os, es valioso tener en cuenta que una<br \/>\ngota de la pipeta proporcionada contiene 2,3 mg de amoxicilina potenciada con<br \/>\nclavulanato. Por lo tanto, se recomiendan como gu\u00eda 5-6 gotas \/ kg dos veces al<br \/>\nd\u00eda.<br \/>\n<strong>Frecuencia de administraci\u00f3n:<\/strong> Los perros y gatos deben recibir una dosis de 0,25<br \/>\nml de producto reconstituido por kg de peso corporal dos veces al d\u00eda.<br \/>\nPara la mayor\u00eda de las infecciones, incluidas las de la piel, el tracto urinario y el<br \/>\ntracto gastrointestinal, el r\u00e9gimen de dosificaci\u00f3n anterior es eficaz. Sin<br \/>\nembargo, los casos refractarios, en particular los del tracto respiratorio, han<br \/>\nmostrado mejores tasas de curaci\u00f3n al duplicar la dosis a 25 mg \/ kg de peso<br \/>\ncorporal, dos veces al d\u00eda (es decir, 0,5 ml de producto reconstituido dos veces al<br \/>\nd\u00eda).<\/p>\n<p><strong>Almacenamiento : <\/strong>Almacenar a temperatura ambiente.<br \/>\n<strong>Presentaci\u00f3n: <\/strong>20 ml<br \/>\n<strong>Destino Especie: <\/strong>Perros, gatos y aves.<\/p>\n","protected":false},"excerpt":{"rendered":"<p>Composici\u00f3n Cada tableta contiene: Amoxicilina (comotrihidrato &#8230;&#8230;&#8230;&#8230;&#8230;&#8230;&#8230;. 648,0 mg \u00c1cido clavul\u00e1nico (como clavulanato de potasio) \u2026\u2026&#8230;&#8230;&#8230;&#8230;&#8230;&#8230;&#8230;&#8230;&#8230;&#8230;&#8230;&#8230;&#8230;&#8230;&#8230;&#8230;&#8230;&#8230;&#8230;&#8230;&#8230;&#8230;&#8230;&#8230;&#8230;&#8230;&#8230;&#8230;&#8230;. 154,3 mg Exp. q.s. hasta \u2026\u2026\u2026\u2026\u2026&#8230;.\u2026&#8230;&#8230;&#8230;&#8230;&#8230;.\u2026\u2026.\u2026\u2026\u2026\u2026 3000 mg La reconstituci\u00f3n del polvo con 15 ml de agua proporciona una suspensi\u00f3n que contiene 10 mg de \u00e1cido clavul\u00e1nico y 40 mg de amoxicilina por ml. Reconstituci\u00f3n: A\u00f1adir 15 ml de agua. Agite la botella antes de usar. Administraci\u00f3n: Por v\u00eda oral. Tasa de dosificaci\u00f3n: 12,5 mg \/ kg de peso corporal (es decir, 0,25 ml \/ kg). Para la dosificaci\u00f3n precisa de pacientes particularmente peque\u00f1os, es valioso tener en cuenta que una gota de la pipeta proporcionada contiene 2,3 mg de amoxicilina potenciada con clavulanato. Por lo tanto, se recomiendan como gu\u00eda 5-6 gotas \/ kg dos veces al d\u00eda. Frecuencia de administraci\u00f3n: Los perros y gatos deben recibir una dosis de 0,25 ml de producto reconstituido por kg de peso corporal dos veces al d\u00eda. Para la mayor\u00eda de las infecciones, incluidas las de la piel, el tracto urinario y el tracto gastrointestinal, el r\u00e9gimen de dosificaci\u00f3n anterior es eficaz. Sin embargo, los casos refractarios, en particular los del tracto respiratorio, han mostrado mejores tasas de curaci\u00f3n al duplicar la dosis a 25 mg \/ kg de peso corporal, dos veces al d\u00eda (es decir, 0,5 ml de producto reconstituido dos veces al d\u00eda). Almacenamiento : Almacenar a temperatura ambiente. Presentaci\u00f3n: 20 ml Destino Especie: Perros, gatos y aves.<\/p>\n","protected":false},"featured_media":607,"comment_status":"open","ping_status":"closed","template":"","meta":{"_uag_custom_page_level_css":"","site-sidebar-layout":"default","site-content-layout":"","ast-site-content-layout":"default","site-content-style":"default","site-sidebar-style":"default","ast-global-header-display":"","ast-banner-title-visibility":"","ast-main-header-display":"","ast-hfb-above-header-display":"","ast-hfb-below-header-display":"","ast-hfb-mobile-header-display":"","site-post-title":"","ast-breadcrumbs-content":"","ast-featured-img":"","footer-sml-layout":"","theme-transparent-header-meta":"default","adv-header-id-meta":"","stick-header-meta":"","header-above-stick-meta":"","header-main-stick-meta":"","header-below-stick-meta":"","astra-migrate-meta-layouts":"set","ast-page-background-enabled":"default","ast-page-background-meta":{"desktop":{"background-color":"var(--ast-global-color-5)","background-image":"","background-repeat":"repeat","background-position":"center center","background-size":"auto","background-attachment":"scroll","background-type":"","background-media":"","overlay-type":"","overlay-color":"","overlay-opacity":"","overlay-gradient":""},"tablet":{"background-color":"","background-image":"","background-repeat":"repeat","background-position":"center center","background-size":"auto","background-attachment":"scroll","background-type":"","background-media":"","overlay-type":"","overlay-color":"","overlay-opacity":"","overlay-gradient":""},"mobile":{"background-color":"","background-image":"","background-repeat":"repeat","background-position":"center center","background-size":"auto","background-attachment":"scroll","background-type":"","background-media":"","overlay-type":"","overlay-color":"","overlay-opacity":"","overlay-gradient":""}},"ast-content-background-meta":{"desktop":{"background-color":"var(--ast-global-color-4)","background-image":"","background-repeat":"repeat","background-position":"center center","background-size":"auto","background-attachment":"scroll","background-type":"","background-media":"","overlay-type":"","overlay-color":"","overlay-opacity":"","overlay-gradient":""},"tablet":{"background-color":"var(--ast-global-color-4)","background-image":"","background-repeat":"repeat","background-position":"center center","background-size":"auto","background-attachment":"scroll","background-type":"","background-media":"","overlay-type":"","overlay-color":"","overlay-opacity":"","overlay-gradient":""},"mobile":{"background-color":"var(--ast-global-color-4)","background-image":"","background-repeat":"repeat","background-position":"center center","background-size":"auto","background-attachment":"scroll","background-type":"","background-media":"","overlay-type":"","overlay-color":"","overlay-opacity":"","overlay-gradient":""}},"_joinchat":[]},"product_brand":[],"product_cat":[34],"product_tag":[],"class_list":{"0":"post-606","1":"product","2":"type-product","3":"status-publish","4":"has-post-thumbnail","6":"product_cat-lab-vemedin","7":"desktop-align-left","8":"tablet-align-left","9":"mobile-align-left","11":"first","12":"instock","13":"featured","14":"shipping-taxable","15":"product-type-external"},"aioseo_notices":[],"uagb_featured_image_src":{"full":["https:\/\/importadoracristinateran.com\/wp-content\/uploads\/2025\/03\/petmaxplus.jpg",697,720,false],"thumbnail":["https:\/\/importadoracristinateran.com\/wp-content\/uploads\/2025\/03\/petmaxplus-150x150.jpg",150,150,true],"medium":["https:\/\/importadoracristinateran.com\/wp-content\/uploads\/2025\/03\/petmaxplus-290x300.jpg",290,300,true],"medium_large":["https:\/\/importadoracristinateran.com\/wp-content\/uploads\/2025\/03\/petmaxplus.jpg",697,720,false],"large":["https:\/\/importadoracristinateran.com\/wp-content\/uploads\/2025\/03\/petmaxplus.jpg",697,720,false],"1536x1536":["https:\/\/importadoracristinateran.com\/wp-content\/uploads\/2025\/03\/petmaxplus.jpg",697,720,false],"2048x2048":["https:\/\/importadoracristinateran.com\/wp-content\/uploads\/2025\/03\/petmaxplus.jpg",697,720,false],"woocommerce_thumbnail":["https:\/\/importadoracristinateran.com\/wp-content\/uploads\/2025\/03\/petmaxplus-300x300.jpg",300,300,true],"woocommerce_single":["https:\/\/importadoracristinateran.com\/wp-content\/uploads\/2025\/03\/petmaxplus-600x620.jpg",600,620,true],"woocommerce_gallery_thumbnail":["https:\/\/importadoracristinateran.com\/wp-content\/uploads\/2025\/03\/petmaxplus-100x100.jpg",100,100,true],"dgwt-wcas-product-suggestion":["https:\/\/importadoracristinateran.com\/wp-content\/uploads\/2025\/03\/petmaxplus-64x66.jpg",64,66,true]},"uagb_author_info":{"display_name":"mcris.import@gmail.com","author_link":"https:\/\/importadoracristinateran.com\/?author=0"},"uagb_comment_info":0,"uagb_excerpt":"Composici\u00f3n Cada tableta contiene: Amoxicilina (comotrihidrato &#8230;&#8230;&#8230;&#8230;&#8230;&#8230;&#8230;. 648,0 mg \u00c1cido clavul\u00e1nico (como clavulanato de potasio) \u2026\u2026&#8230;&#8230;&#8230;&#8230;&#8230;&#8230;&#8230;&#8230;&#8230;&#8230;&#8230;&#8230;&#8230;&#8230;&#8230;&#8230;&#8230;&#8230;&#8230;&#8230;&#8230;&#8230;&#8230;&#8230;&#8230;&#8230;&#8230;&#8230;&#8230;. 154,3 mg Exp. q.s. hasta \u2026\u2026\u2026\u2026\u2026&#8230;.\u2026&#8230;&#8230;&#8230;&#8230;&#8230;.\u2026\u2026.\u2026\u2026\u2026\u2026 3000 mg La reconstituci\u00f3n del polvo con 15 ml de agua proporciona una suspensi\u00f3n que contiene 10 mg de \u00e1cido clavul\u00e1nico y 40 mg de amoxicilina por ml. Reconstituci\u00f3n: A\u00f1adir 15 ml de&hellip;","_links":{"self":[{"href":"https:\/\/importadoracristinateran.com\/index.php?rest_route=\/wp\/v2\/product\/606","targetHints":{"allow":["GET"]}}],"collection":[{"href":"https:\/\/importadoracristinateran.com\/index.php?rest_route=\/wp\/v2\/product"}],"about":[{"href":"https:\/\/importadoracristinateran.com\/index.php?rest_route=\/wp\/v2\/types\/product"}],"replies":[{"embeddable":true,"href":"https:\/\/importadoracristinateran.com\/index.php?rest_route=%2Fwp%2Fv2%2Fcomments&post=606"}],"wp:featuredmedia":[{"embeddable":true,"href":"https:\/\/importadoracristinateran.com\/index.php?rest_route=\/wp\/v2\/media\/607"}],"wp:attachment":[{"href":"https:\/\/importadoracristinateran.com\/index.php?rest_route=%2Fwp%2Fv2%2Fmedia&parent=606"}],"wp:term":[{"taxonomy":"product_brand","embeddable":true,"href":"https:\/\/importadoracristinateran.com\/index.php?rest_route=%2Fwp%2Fv2%2Fproduct_brand&post=606"},{"taxonomy":"product_cat","embeddable":true,"href":"https:\/\/importadoracristinateran.com\/index.php?rest_route=%2Fwp%2Fv2%2Fproduct_cat&post=606"},{"taxonomy":"product_tag","embeddable":true,"href":"https:\/\/importadoracristinateran.com\/index.php?rest_route=%2Fwp%2Fv2%2Fproduct_tag&post=606"}],"curies":[{"name":"wp","href":"https:\/\/api.w.org\/{rel}","templated":true}]}}