{"id":608,"date":"2025-03-25T02:57:00","date_gmt":"2025-03-25T02:57:00","guid":{"rendered":"https:\/\/importadoracristinateran.com\/?post_type=product&#038;p=608"},"modified":"2025-04-02T01:51:34","modified_gmt":"2025-04-02T01:51:34","slug":"fronill-extra","status":"publish","type":"product","link":"https:\/\/importadoracristinateran.com\/?product=fronill-extra","title":{"rendered":"Fronil extra"},"content":{"rendered":"<p><strong>Cada ml contiene:<\/strong><br \/>\nFipronil\u2026\u2026\u2026\u2026\u2026\u2026\u2026\u2026\u2026\u2026&#8230;&#8230;&#8230;.\u2026\u2026&#8230;&#8230; 100 mg<br \/>\nS-metopreno\u2026\u2026\u2026\u2026\u2026&#8230;&#8230;&#8230;.\u2026\u2026\u2026\u2026&#8230; 90 mg<br \/>\nExp. q.sa\u2026\u2026\u2026\u2026\u2026\u2026\u2026\u2026&#8230;&#8230;&#8230;.\u2026\u2026\u2026..\u2026&#8230;&#8230;&#8230; 1 mL<br \/>\n<strong>Descripci\u00f3n:<\/strong><br \/>\nFronil extra para perros proporciona r\u00e1pida acci\u00f3n, larga acci\u00f3n, tratamiento al agua duradera y control de pulgas, garrapatas, piojos masticadores y \u00e1caros sarc\u00f3pticos para su uso SOLO EN PERROS y cachorros de 8 semanas o m\u00e1s.<br \/>\n<strong>Pulgas:<\/strong><br \/>\nMata pulgas, huevos de pulgas y larvas de pulgas.<br \/>\nEvita el desarrollo de todos los estadios de las pulgas (huevos, larvas, pupas).<br \/>\nDetiene la infestaci\u00f3n existente y previene el establecimiento de nuevas infestaciones.<br \/>\nMata las pulgas que pueden causar dermatitis al\u00e9rgica por pulgas.<br \/>\n<strong>Garrapatas<\/strong><br \/>\nMata todas las etapas de la vida de las garrapatas (larvas, ninfas y adultos), incluidas las garrapatas del venado (Ixodes scapularis), las garrapatas marrones del perro (Rhipicephalus sanguineus), las garrapatas del perro americano (Dermacentor variabilis) y las garrapatas estrella solitaria (Amblyomma americanum).<br \/>\nMata las garrapatas que pueden transmitir la enfermedad de Lyme, la fiebre maculosa de las Monta\u00f1as Rocosas, la ehrlichiosis, la babesiosis, la anaplasmosis y otras enfermedades transmitidas por garrapatas.<br \/>\n<strong>Piojos<\/strong><br \/>\nElimina r\u00e1pidamente las infestaciones de piojos masticadores.<br \/>\n<strong>\u00c1caros<\/strong><br \/>\nAyuda en el control de las infestaciones de sarna sarc\u00f3ptica.<br \/>\nFronil extra est\u00e1 aprobado para su uso en todos los perros, incluidos:<br \/>\nPerras reproductoras, gestantes y lactantes.<br \/>\nCachorros de tan solo 8 semanas y que pesen al menos 2 kg (5 libras).<br \/>\nTodo lo que se necesita es una aplicaci\u00f3n puntual: Fronil extra se extiende desde<br \/>\nel \u00fanico punto de aplicaci\u00f3n, cubriendo r\u00e1pidamente todo el perro y<br \/>\nlocaliz\u00e1ndose en el pelo, la superficie de la piel y las gl\u00e1ndulas seb\u00e1ceas. Estas<br \/>\ngl\u00e1ndulas act\u00faan como un dep\u00f3sito, reponiendo continuamente FRONIL Extra<br \/>\nen la piel y el pelaje, por lo que sigue funcionando incluso si el perro se moja. Las pulgas, los huevos y las larvas de pulgas, las garrapatas, los piojos masticadores y los \u00e1caros mueren r\u00e1pidamente despu\u00e9s de entrar en contacto con un perro tratado. Las pulgas y garrapatas no necesitan morder al perro para morir.<\/p>\n","protected":false},"excerpt":{"rendered":"<p><strong>Cada ml contiene:<\/strong><br \/>\nFipronil\u2026\u2026\u2026\u2026\u2026\u2026\u2026\u2026\u2026\u2026&#8230;&#8230;&#8230;.\u2026\u2026&#8230;&#8230; 100 mg<br \/>\nS-metopreno\u2026\u2026\u2026\u2026\u2026&#8230;&#8230;&#8230;.\u2026\u2026\u2026\u2026&#8230; 90 mg<br \/>\nExp. q.sa\u2026\u2026\u2026\u2026\u2026\u2026\u2026\u2026&#8230;&#8230;&#8230;.\u2026\u2026\u2026..\u2026&#8230;&#8230;&#8230; 1 mL<\/p>\n","protected":false},"featured_media":609,"comment_status":"open","ping_status":"closed","template":"","meta":{"_uag_custom_page_level_css":"","site-sidebar-layout":"default","site-content-layout":"","ast-site-content-layout":"default","site-content-style":"default","site-sidebar-style":"default","ast-global-header-display":"","ast-banner-title-visibility":"","ast-main-header-display":"","ast-hfb-above-header-display":"","ast-hfb-below-header-display":"","ast-hfb-mobile-header-display":"","site-post-title":"","ast-breadcrumbs-content":"","ast-featured-img":"","footer-sml-layout":"","theme-transparent-header-meta":"default","adv-header-id-meta":"","stick-header-meta":"","header-above-stick-meta":"","header-main-stick-meta":"","header-below-stick-meta":"","astra-migrate-meta-layouts":"set","ast-page-background-enabled":"default","ast-page-background-meta":{"desktop":{"background-color":"var(--ast-global-color-5)","background-image":"","background-repeat":"repeat","background-position":"center center","background-size":"auto","background-attachment":"scroll","background-type":"","background-media":"","overlay-type":"","overlay-color":"","overlay-opacity":"","overlay-gradient":""},"tablet":{"background-color":"","background-image":"","background-repeat":"repeat","background-position":"center center","background-size":"auto","background-attachment":"scroll","background-type":"","background-media":"","overlay-type":"","overlay-color":"","overlay-opacity":"","overlay-gradient":""},"mobile":{"background-color":"","background-image":"","background-repeat":"repeat","background-position":"center center","background-size":"auto","background-attachment":"scroll","background-type":"","background-media":"","overlay-type":"","overlay-color":"","overlay-opacity":"","overlay-gradient":""}},"ast-content-background-meta":{"desktop":{"background-color":"var(--ast-global-color-4)","background-image":"","background-repeat":"repeat","background-position":"center center","background-size":"auto","background-attachment":"scroll","background-type":"","background-media":"","overlay-type":"","overlay-color":"","overlay-opacity":"","overlay-gradient":""},"tablet":{"background-color":"var(--ast-global-color-4)","background-image":"","background-repeat":"repeat","background-position":"center center","background-size":"auto","background-attachment":"scroll","background-type":"","background-media":"","overlay-type":"","overlay-color":"","overlay-opacity":"","overlay-gradient":""},"mobile":{"background-color":"var(--ast-global-color-4)","background-image":"","background-repeat":"repeat","background-position":"center center","background-size":"auto","background-attachment":"scroll","background-type":"","background-media":"","overlay-type":"","overlay-color":"","overlay-opacity":"","overlay-gradient":""}},"_joinchat":[]},"product_brand":[],"product_cat":[34],"product_tag":[],"class_list":{"0":"post-608","1":"product","2":"type-product","3":"status-publish","4":"has-post-thumbnail","6":"product_cat-lab-vemedin","7":"desktop-align-left","8":"tablet-align-left","9":"mobile-align-left","11":"first","12":"instock","13":"shipping-taxable","14":"product-type-external"},"aioseo_notices":[],"uagb_featured_image_src":{"full":["https:\/\/importadoracristinateran.com\/wp-content\/uploads\/2025\/03\/fornill.jpg",641,500,false],"thumbnail":["https:\/\/importadoracristinateran.com\/wp-content\/uploads\/2025\/03\/fornill-150x150.jpg",150,150,true],"medium":["https:\/\/importadoracristinateran.com\/wp-content\/uploads\/2025\/03\/fornill-300x234.jpg",300,234,true],"medium_large":["https:\/\/importadoracristinateran.com\/wp-content\/uploads\/2025\/03\/fornill.jpg",641,500,false],"large":["https:\/\/importadoracristinateran.com\/wp-content\/uploads\/2025\/03\/fornill.jpg",641,500,false],"1536x1536":["https:\/\/importadoracristinateran.com\/wp-content\/uploads\/2025\/03\/fornill.jpg",641,500,false],"2048x2048":["https:\/\/importadoracristinateran.com\/wp-content\/uploads\/2025\/03\/fornill.jpg",641,500,false],"woocommerce_thumbnail":["https:\/\/importadoracristinateran.com\/wp-content\/uploads\/2025\/03\/fornill-300x300.jpg",300,300,true],"woocommerce_single":["https:\/\/importadoracristinateran.com\/wp-content\/uploads\/2025\/03\/fornill-600x468.jpg",600,468,true],"woocommerce_gallery_thumbnail":["https:\/\/importadoracristinateran.com\/wp-content\/uploads\/2025\/03\/fornill-100x100.jpg",100,100,true],"dgwt-wcas-product-suggestion":["https:\/\/importadoracristinateran.com\/wp-content\/uploads\/2025\/03\/fornill-64x50.jpg",64,50,true]},"uagb_author_info":{"display_name":"mcris.import@gmail.com","author_link":"https:\/\/importadoracristinateran.com\/?author=0"},"uagb_comment_info":0,"uagb_excerpt":"Cada ml contiene: Fipronil\u2026\u2026\u2026\u2026\u2026\u2026\u2026\u2026\u2026\u2026..........\u2026\u2026...... 100 mg S-metopreno\u2026\u2026\u2026\u2026\u2026..........\u2026\u2026\u2026\u2026... 90 mg Exp. q.sa\u2026\u2026\u2026\u2026\u2026\u2026\u2026\u2026..........\u2026\u2026\u2026..\u2026......... 1 mL","_links":{"self":[{"href":"https:\/\/importadoracristinateran.com\/index.php?rest_route=\/wp\/v2\/product\/608","targetHints":{"allow":["GET"]}}],"collection":[{"href":"https:\/\/importadoracristinateran.com\/index.php?rest_route=\/wp\/v2\/product"}],"about":[{"href":"https:\/\/importadoracristinateran.com\/index.php?rest_route=\/wp\/v2\/types\/product"}],"replies":[{"embeddable":true,"href":"https:\/\/importadoracristinateran.com\/index.php?rest_route=%2Fwp%2Fv2%2Fcomments&post=608"}],"wp:featuredmedia":[{"embeddable":true,"href":"https:\/\/importadoracristinateran.com\/index.php?rest_route=\/wp\/v2\/media\/609"}],"wp:attachment":[{"href":"https:\/\/importadoracristinateran.com\/index.php?rest_route=%2Fwp%2Fv2%2Fmedia&parent=608"}],"wp:term":[{"taxonomy":"product_brand","embeddable":true,"href":"https:\/\/importadoracristinateran.com\/index.php?rest_route=%2Fwp%2Fv2%2Fproduct_brand&post=608"},{"taxonomy":"product_cat","embeddable":true,"href":"https:\/\/importadoracristinateran.com\/index.php?rest_route=%2Fwp%2Fv2%2Fproduct_cat&post=608"},{"taxonomy":"product_tag","embeddable":true,"href":"https:\/\/importadoracristinateran.com\/index.php?rest_route=%2Fwp%2Fv2%2Fproduct_tag&post=608"}],"curies":[{"name":"wp","href":"https:\/\/api.w.org\/{rel}","templated":true}]}}