{"id":610,"date":"2025-03-25T03:04:21","date_gmt":"2025-03-25T03:04:21","guid":{"rendered":"https:\/\/importadoracristinateran.com\/?post_type=product&#038;p=610"},"modified":"2025-03-25T03:04:33","modified_gmt":"2025-03-25T03:04:33","slug":"vime-deworm","status":"publish","type":"product","link":"https:\/\/importadoracristinateran.com\/?product=vime-deworm","title":{"rendered":"Vime-Deworm"},"content":{"rendered":"<div>\n<p><strong>Tableta antihelm\u00edntica para perros<\/strong><\/p>\n<\/div>\n<div class=\"mb-3\">\n<div class=\"caption\"><strong>Composici\u00f3n :<\/strong><\/div>\n<div>\n<div>\n<p><i><strong>Cada tableta contiene:<\/strong><\/i><\/p>\n<p>Praziquantel\u2026\u2026\u2026\u2026\u2026\u2026\u2026\u2026\u2026\u2026\u2026\u2026\u2026\u2026\u2026\u2026\u2026.50 mg<\/p>\n<p>Pirantel (como embonato de pirantel)\u2026.\u2026\u2026 50 mg<\/p>\n<p>Febantel\u2026\u2026\u2026\u2026\u2026\u2026\u2026\u2026\u2026\u2026\u2026\u2026\u2026\u2026\u2026\u2026\u2026\u2026.. 150 mg<\/p>\n<\/div>\n<\/div>\n<\/div>\n<div class=\"mb-3\">\n<div class=\"caption\"><strong>Indicaciones :<\/strong><\/div>\n<div>\n<div>\n<p>Para el tratamiento de infecciones mixtas con las siguientes tenias gastrointestinales y lombrices intestinales en perros y cachorros.<\/p>\n<p>Gusanos redondos (nematodos):<\/p>\n<p>Asc\u00e1ridos: Toxocara canis, Toxascaris leonina (formas adultas e inmaduras tard\u00edas).<\/p>\n<p><i>Anquilostomas: Uncinaria stenocephala, Ancylostoma caninum<\/i>\u00a0(adultos).<\/p>\n<p><i>Tricoc\u00e9falos: Trichuris vulpis (adultos).<\/i><\/p>\n<p><i>Tenias<\/i>\u00a0(cestodos):<\/p>\n<p><i>Especies de Echinococcus (E. granulosus, E. multilocularis), especies de Taenia (T. hydatigena, T. pisiformis, T. taeniformis), Dipylidium caninum (formas adultas e inmaduras).<\/i><\/p>\n<\/div>\n<\/div>\n<\/div>\n<div class=\"mb-3\">\n<div class=\"caption\"><strong>Instrucciones de uso :<\/strong><\/div>\n<div>\n<div>\n<p>Dosis \u00fanica: solo para administraci\u00f3n oral.<\/p>\n<p>Para asegurar la administraci\u00f3n de una dosis correcta, se debe determinar el peso corporal con la mayor precisi\u00f3n posible.<\/p>\n<figure class=\"table\">\n<table>\n<tbody>\n<tr>\n<td><strong>Peso corporal (kg)<\/strong><\/td>\n<td><strong>Dosis<\/strong><\/td>\n<\/tr>\n<tr>\n<td>3 &#8211; 5<\/td>\n<td>0.5 tableta<\/td>\n<\/tr>\n<tr>\n<td>5 &#8211; 10<\/td>\n<td>1 tableta<\/td>\n<\/tr>\n<tr>\n<td>10 &#8211; 15<\/td>\n<td>1.5 tabletas<\/td>\n<\/tr>\n<tr>\n<td>15 &#8211; 20<\/td>\n<td>2 tabletas<\/td>\n<\/tr>\n<tr>\n<td>20 &#8211; 25<\/td>\n<td>2.5 tabletas<\/td>\n<\/tr>\n<tr>\n<td>25 &#8211; 30<\/td>\n<td>3 tabletas<\/td>\n<\/tr>\n<tr>\n<td>30 &#8211; 35<\/td>\n<td>3.5 tabletas<\/td>\n<\/tr>\n<tr>\n<td>35 &#8211; 40<\/td>\n<td>4 tabletas<\/td>\n<\/tr>\n<\/tbody>\n<\/table>\n<\/figure>\n<p>Los comprimidos se pueden administrar directamente al perro o disfrazados de comida. No es necesario morir de hambre antes o despu\u00e9s del tratamiento.<\/p>\n<p>No usar en perros que pesen menos de 3 kg.<\/p>\n<p>Los cachorros deben tratarse a las 2 semanas de edad y cada 2 semanas hasta las 12 semanas de edad. A partir de entonces, deben tratarse a intervalos de 3 meses.<\/p>\n<p>Es aconsejable tratar a la perra al mismo tiempo que a los cachorros. Para el control de Toxocara, las perras lactantes deben recibir la dosis 2 semanas despu\u00e9s del parto y cada dos semanas hasta el destete.<\/p>\n<p>Para el control rutinario de las lombrices, los perros adultos deben recibir tratamiento cada 3 meses.<\/p>\n<p>Para el tratamiento de rutina se recomienda una sola dosis.<\/p>\n<p>En caso de sospecha de una infestaci\u00f3n intensa de lombrices intestinales, comun\u00edquese con su veterinario para obtener recomendaciones de diagn\u00f3stico y tratamiento.<\/p>\n<\/div>\n<\/div>\n<\/div>\n<div class=\"mb-3\">\n<div class=\"caption\"><strong>Almaceniamiento :<\/strong><\/div>\n<div>\n<div>\n<p>Conservar en lugar seco no superior a 30oC. Proteger de la humedad.<\/p>\n<\/div>\n<\/div>\n<\/div>\n","protected":false},"excerpt":{"rendered":"<div>\n<p><strong>Tableta antihelm\u00edntica para perros<\/strong><\/p>\n<\/div>\n<div class=\"mb-3\">\n<div class=\"caption\">Composici\u00f3n :<\/div>\n<div>\n<div>\n<p><i><strong>Cada tableta contiene:<\/strong><\/i><\/p>\n<p>Praziquantel\u2026\u2026\u2026\u2026\u2026\u2026\u2026\u2026\u2026\u2026\u2026\u2026\u2026\u2026\u2026\u2026\u2026.50 mg<\/p>\n<p>Pirantel (como embonato de pirantel)\u2026.\u2026\u2026 50 mg<\/p>\n<p>Febantel\u2026\u2026\u2026\u2026\u2026\u2026\u2026\u2026\u2026\u2026\u2026\u2026\u2026\u2026\u2026\u2026\u2026\u2026.. 150 mg<\/p>\n<\/div>\n<\/div>\n<\/div>\n","protected":false},"featured_media":611,"comment_status":"open","ping_status":"closed","template":"","meta":{"_uag_custom_page_level_css":"","site-sidebar-layout":"default","site-content-layout":"","ast-site-content-layout":"default","site-content-style":"default","site-sidebar-style":"default","ast-global-header-display":"","ast-banner-title-visibility":"","ast-main-header-display":"","ast-hfb-above-header-display":"","ast-hfb-below-header-display":"","ast-hfb-mobile-header-display":"","site-post-title":"","ast-breadcrumbs-content":"","ast-featured-img":"","footer-sml-layout":"","theme-transparent-header-meta":"default","adv-header-id-meta":"","stick-header-meta":"","header-above-stick-meta":"","header-main-stick-meta":"","header-below-stick-meta":"","astra-migrate-meta-layouts":"set","ast-page-background-enabled":"default","ast-page-background-meta":{"desktop":{"background-color":"var(--ast-global-color-5)","background-image":"","background-repeat":"repeat","background-position":"center center","background-size":"auto","background-attachment":"scroll","background-type":"","background-media":"","overlay-type":"","overlay-color":"","overlay-opacity":"","overlay-gradient":""},"tablet":{"background-color":"","background-image":"","background-repeat":"repeat","background-position":"center center","background-size":"auto","background-attachment":"scroll","background-type":"","background-media":"","overlay-type":"","overlay-color":"","overlay-opacity":"","overlay-gradient":""},"mobile":{"background-color":"","background-image":"","background-repeat":"repeat","background-position":"center center","background-size":"auto","background-attachment":"scroll","background-type":"","background-media":"","overlay-type":"","overlay-color":"","overlay-opacity":"","overlay-gradient":""}},"ast-content-background-meta":{"desktop":{"background-color":"var(--ast-global-color-4)","background-image":"","background-repeat":"repeat","background-position":"center center","background-size":"auto","background-attachment":"scroll","background-type":"","background-media":"","overlay-type":"","overlay-color":"","overlay-opacity":"","overlay-gradient":""},"tablet":{"background-color":"var(--ast-global-color-4)","background-image":"","background-repeat":"repeat","background-position":"center center","background-size":"auto","background-attachment":"scroll","background-type":"","background-media":"","overlay-type":"","overlay-color":"","overlay-opacity":"","overlay-gradient":""},"mobile":{"background-color":"var(--ast-global-color-4)","background-image":"","background-repeat":"repeat","background-position":"center center","background-size":"auto","background-attachment":"scroll","background-type":"","background-media":"","overlay-type":"","overlay-color":"","overlay-opacity":"","overlay-gradient":""}},"_joinchat":[]},"product_brand":[],"product_cat":[34],"product_tag":[],"class_list":{"0":"post-610","1":"product","2":"type-product","3":"status-publish","4":"has-post-thumbnail","6":"product_cat-lab-vemedin","7":"desktop-align-left","8":"tablet-align-left","9":"mobile-align-left","11":"first","12":"instock","13":"shipping-taxable","14":"product-type-external"},"aioseo_notices":[],"uagb_featured_image_src":{"full":["https:\/\/importadoracristinateran.com\/wp-content\/uploads\/2025\/03\/desaprasitante.jpg",720,720,false],"thumbnail":["https:\/\/importadoracristinateran.com\/wp-content\/uploads\/2025\/03\/desaprasitante-150x150.jpg",150,150,true],"medium":["https:\/\/importadoracristinateran.com\/wp-content\/uploads\/2025\/03\/desaprasitante-300x300.jpg",300,300,true],"medium_large":["https:\/\/importadoracristinateran.com\/wp-content\/uploads\/2025\/03\/desaprasitante.jpg",720,720,false],"large":["https:\/\/importadoracristinateran.com\/wp-content\/uploads\/2025\/03\/desaprasitante.jpg",720,720,false],"1536x1536":["https:\/\/importadoracristinateran.com\/wp-content\/uploads\/2025\/03\/desaprasitante.jpg",720,720,false],"2048x2048":["https:\/\/importadoracristinateran.com\/wp-content\/uploads\/2025\/03\/desaprasitante.jpg",720,720,false],"woocommerce_thumbnail":["https:\/\/importadoracristinateran.com\/wp-content\/uploads\/2025\/03\/desaprasitante-300x300.jpg",300,300,true],"woocommerce_single":["https:\/\/importadoracristinateran.com\/wp-content\/uploads\/2025\/03\/desaprasitante-600x600.jpg",600,600,true],"woocommerce_gallery_thumbnail":["https:\/\/importadoracristinateran.com\/wp-content\/uploads\/2025\/03\/desaprasitante-100x100.jpg",100,100,true],"dgwt-wcas-product-suggestion":["https:\/\/importadoracristinateran.com\/wp-content\/uploads\/2025\/03\/desaprasitante-64x64.jpg",64,64,true]},"uagb_author_info":{"display_name":"mcris.import@gmail.com","author_link":"https:\/\/importadoracristinateran.com\/?author=0"},"uagb_comment_info":0,"uagb_excerpt":"Tableta antihelm\u00edntica para perros Composici\u00f3n : Cada tableta contiene: Praziquantel\u2026\u2026\u2026\u2026\u2026\u2026\u2026\u2026\u2026\u2026\u2026\u2026\u2026\u2026\u2026\u2026\u2026.50 mg Pirantel (como embonato de pirantel)\u2026.\u2026\u2026 50 mg Febantel\u2026\u2026\u2026\u2026\u2026\u2026\u2026\u2026\u2026\u2026\u2026\u2026\u2026\u2026\u2026\u2026\u2026\u2026.. 150 mg","_links":{"self":[{"href":"https:\/\/importadoracristinateran.com\/index.php?rest_route=\/wp\/v2\/product\/610","targetHints":{"allow":["GET"]}}],"collection":[{"href":"https:\/\/importadoracristinateran.com\/index.php?rest_route=\/wp\/v2\/product"}],"about":[{"href":"https:\/\/importadoracristinateran.com\/index.php?rest_route=\/wp\/v2\/types\/product"}],"replies":[{"embeddable":true,"href":"https:\/\/importadoracristinateran.com\/index.php?rest_route=%2Fwp%2Fv2%2Fcomments&post=610"}],"wp:featuredmedia":[{"embeddable":true,"href":"https:\/\/importadoracristinateran.com\/index.php?rest_route=\/wp\/v2\/media\/611"}],"wp:attachment":[{"href":"https:\/\/importadoracristinateran.com\/index.php?rest_route=%2Fwp%2Fv2%2Fmedia&parent=610"}],"wp:term":[{"taxonomy":"product_brand","embeddable":true,"href":"https:\/\/importadoracristinateran.com\/index.php?rest_route=%2Fwp%2Fv2%2Fproduct_brand&post=610"},{"taxonomy":"product_cat","embeddable":true,"href":"https:\/\/importadoracristinateran.com\/index.php?rest_route=%2Fwp%2Fv2%2Fproduct_cat&post=610"},{"taxonomy":"product_tag","embeddable":true,"href":"https:\/\/importadoracristinateran.com\/index.php?rest_route=%2Fwp%2Fv2%2Fproduct_tag&post=610"}],"curies":[{"name":"wp","href":"https:\/\/api.w.org\/{rel}","templated":true}]}}