{"id":612,"date":"2025-03-25T03:10:00","date_gmt":"2025-03-25T03:10:00","guid":{"rendered":"https:\/\/importadoracristinateran.com\/?post_type=product&#038;p=612"},"modified":"2025-04-29T23:02:12","modified_gmt":"2025-04-29T23:02:12","slug":"eto-modex-probisol","status":"publish","type":"product","link":"https:\/\/importadoracristinateran.com\/?product=eto-modex-probisol","title":{"rendered":"Probisol"},"content":{"rendered":"<p><strong>Ingredientes:<\/strong><\/p>\n<p>Bacillus spp (*)(m\u00edn) &#8230;&#8230;&#8230;&#8230;&#8230;&#8230;&#8230;..10\u00a0<sup>9<\/sup>\u00a0\u00a0UFC<\/p>\n<p>(B. subtilis, B. coagulans)<\/p>\n<p>Bacterias \u00e1cido l\u00e1cticas totales (Pediococcus acidilactici) (m\u00edn.)&#8230;&#8230;&#8230;&#8230;&#8230;&#8230;&#8230;&#8230;&#8230;..10\u00a0<sup>8<\/sup>\u00a0\u00a0UFC<\/p>\n<p>Xilanasa (m\u00edn.)&#8230;&#8230;&#8230;&#8230;&#8230;&#8230;&#8230;&#8230;&#8230;&#8230;&#8230;150 000 UI<\/p>\n<p>Fitasa (*)(m\u00edn)&#8230;&#8230;&#8230;&#8230;&#8230;&#8230;&#8230;&#8230;&#8230;&#8230;&#8230;35 000 UI<\/p>\n<p>Proteasa (m\u00edn.)&#8230;&#8230;&#8230;&#8230;&#8230;&#8230;&#8230;&#8230;&#8230;&#8230;..10 000 UI<\/p>\n<p>Amilasa (m\u00edn)&#8230;&#8230;&#8230;&#8230;&#8230;&#8230;&#8230;&#8230;&#8230;&#8230;&#8230;8 600 UI<\/p>\n<p>Beta glucanasa (m\u00edn)&#8230;&#8230;&#8230;&#8230;&#8230;&#8230;&#8230;..3 000 UI<\/p>\n<p>Portador (lactosa) cantidad justa\/Cantidad exp&#8230;&#8230;.1 kg<\/p>\n<p>Humedad (m\u00e1x.)&#8230;&#8230;&#8230;&#8230;&#8230;&#8230;&#8230;&#8230;&#8230;&#8230;&#8230;9 %<\/p>\n<p>Sustancias prohibidas&#8230;&#8230;&#8230;&#8230;&#8230;&#8230;&#8230;&#8230;&#8230;&#8230;&#8230; Ninguna<\/p>\n<p>(*) sustancia principal<\/p>\n<p><strong>Ingredientes:<\/strong><\/p>\n<p>subtilis, B. Coagulans, Pediococcus acidilactici, xilanasa, fitasa, proteasa, amilasa, beta glucanasa, lactosa.<\/p>\n<p><strong>Usos:<\/strong><\/p>\n<p>El producto contiene microorganismos beneficiosos y enzimas digestivas que ayudan a:<\/p>\n<p>&#8211; Estimula la digesti\u00f3n, equilibra la microflora intestinal, previene trastornos digestivos, reduce el olor fecal de las mascotas.<\/p>\n<p>&#8211; El beta-glucano ayuda a aumentar la resistencia, se puede utilizar con antibi\u00f3ticos en la prevenci\u00f3n y el tratamiento de enfermedades, se utiliza durante la vacunaci\u00f3n para aumentar la eficacia.<\/p>\n<p><strong>Dosificaci\u00f3n:<\/strong><\/p>\n<p>Mezclar regularmente con la raci\u00f3n de comida o el agua de bebida seg\u00fan la siguiente dosis:<\/p>\n<p>Cachorros (menores de 6 meses), gatos, conejos: 1\/2 paquete\/vez, 2 veces al d\u00eda.<\/p>\n<p>Perros adultos: 1 envase\/vez, 2 veces\/d\u00eda.<\/p>\n<p><strong>Preservar:<\/strong><\/p>\n<p>Conservar en lugar fresco y seco, a temperatura inferior a 25\u00a0<sup>0<\/sup>\u00a0C. Proteger de la luz y la humedad.<\/p>\n","protected":false},"excerpt":{"rendered":"<p><strong>Dosificaci\u00f3n:<\/strong><\/p>\n<p>Mezclar regularmente con la raci\u00f3n de comida o el agua de bebida seg\u00fan la siguiente dosis:<\/p>\n<p>Cachorros (menores de 6 meses), gatos, conejos: 1\/2 paquete\/vez, 2 veces al d\u00eda.<\/p>\n<p>Perros adultos: 1 envase\/vez, 2 veces\/d\u00eda.<\/p>\n","protected":false},"featured_media":613,"comment_status":"open","ping_status":"closed","template":"","meta":{"_uag_custom_page_level_css":"","site-sidebar-layout":"default","site-content-layout":"","ast-site-content-layout":"default","site-content-style":"default","site-sidebar-style":"default","ast-global-header-display":"","ast-banner-title-visibility":"","ast-main-header-display":"","ast-hfb-above-header-display":"","ast-hfb-below-header-display":"","ast-hfb-mobile-header-display":"","site-post-title":"","ast-breadcrumbs-content":"","ast-featured-img":"","footer-sml-layout":"","theme-transparent-header-meta":"default","adv-header-id-meta":"","stick-header-meta":"","header-above-stick-meta":"","header-main-stick-meta":"","header-below-stick-meta":"","astra-migrate-meta-layouts":"set","ast-page-background-enabled":"default","ast-page-background-meta":{"desktop":{"background-color":"var(--ast-global-color-5)","background-image":"","background-repeat":"repeat","background-position":"center center","background-size":"auto","background-attachment":"scroll","background-type":"","background-media":"","overlay-type":"","overlay-color":"","overlay-opacity":"","overlay-gradient":""},"tablet":{"background-color":"","background-image":"","background-repeat":"repeat","background-position":"center center","background-size":"auto","background-attachment":"scroll","background-type":"","background-media":"","overlay-type":"","overlay-color":"","overlay-opacity":"","overlay-gradient":""},"mobile":{"background-color":"","background-image":"","background-repeat":"repeat","background-position":"center center","background-size":"auto","background-attachment":"scroll","background-type":"","background-media":"","overlay-type":"","overlay-color":"","overlay-opacity":"","overlay-gradient":""}},"ast-content-background-meta":{"desktop":{"background-color":"var(--ast-global-color-4)","background-image":"","background-repeat":"repeat","background-position":"center center","background-size":"auto","background-attachment":"scroll","background-type":"","background-media":"","overlay-type":"","overlay-color":"","overlay-opacity":"","overlay-gradient":""},"tablet":{"background-color":"var(--ast-global-color-4)","background-image":"","background-repeat":"repeat","background-position":"center center","background-size":"auto","background-attachment":"scroll","background-type":"","background-media":"","overlay-type":"","overlay-color":"","overlay-opacity":"","overlay-gradient":""},"mobile":{"background-color":"var(--ast-global-color-4)","background-image":"","background-repeat":"repeat","background-position":"center center","background-size":"auto","background-attachment":"scroll","background-type":"","background-media":"","overlay-type":"","overlay-color":"","overlay-opacity":"","overlay-gradient":""}},"_joinchat":[]},"product_brand":[],"product_cat":[34],"product_tag":[],"class_list":{"0":"post-612","1":"product","2":"type-product","3":"status-publish","4":"has-post-thumbnail","6":"product_cat-lab-vemedin","7":"desktop-align-left","8":"tablet-align-left","9":"mobile-align-left","11":"first","12":"instock","13":"shipping-taxable","14":"product-type-external"},"aioseo_notices":[],"uagb_featured_image_src":{"full":["https:\/\/importadoracristinateran.com\/wp-content\/uploads\/2025\/03\/probisolpets.jpg",720,720,false],"thumbnail":["https:\/\/importadoracristinateran.com\/wp-content\/uploads\/2025\/03\/probisolpets-150x150.jpg",150,150,true],"medium":["https:\/\/importadoracristinateran.com\/wp-content\/uploads\/2025\/03\/probisolpets-300x300.jpg",300,300,true],"medium_large":["https:\/\/importadoracristinateran.com\/wp-content\/uploads\/2025\/03\/probisolpets.jpg",720,720,false],"large":["https:\/\/importadoracristinateran.com\/wp-content\/uploads\/2025\/03\/probisolpets.jpg",720,720,false],"1536x1536":["https:\/\/importadoracristinateran.com\/wp-content\/uploads\/2025\/03\/probisolpets.jpg",720,720,false],"2048x2048":["https:\/\/importadoracristinateran.com\/wp-content\/uploads\/2025\/03\/probisolpets.jpg",720,720,false],"woocommerce_thumbnail":["https:\/\/importadoracristinateran.com\/wp-content\/uploads\/2025\/03\/probisolpets-300x300.jpg",300,300,true],"woocommerce_single":["https:\/\/importadoracristinateran.com\/wp-content\/uploads\/2025\/03\/probisolpets-600x600.jpg",600,600,true],"woocommerce_gallery_thumbnail":["https:\/\/importadoracristinateran.com\/wp-content\/uploads\/2025\/03\/probisolpets-100x100.jpg",100,100,true],"dgwt-wcas-product-suggestion":["https:\/\/importadoracristinateran.com\/wp-content\/uploads\/2025\/03\/probisolpets-64x64.jpg",64,64,true]},"uagb_author_info":{"display_name":"mcris.import@gmail.com","author_link":"https:\/\/importadoracristinateran.com\/?author=0"},"uagb_comment_info":0,"uagb_excerpt":"Dosificaci\u00f3n: Mezclar regularmente con la raci\u00f3n de comida o el agua de bebida seg\u00fan la siguiente dosis: Cachorros (menores de 6 meses), gatos, conejos: 1\/2 paquete\/vez, 2 veces al d\u00eda. Perros adultos: 1 envase\/vez, 2 veces\/d\u00eda.","_links":{"self":[{"href":"https:\/\/importadoracristinateran.com\/index.php?rest_route=\/wp\/v2\/product\/612","targetHints":{"allow":["GET"]}}],"collection":[{"href":"https:\/\/importadoracristinateran.com\/index.php?rest_route=\/wp\/v2\/product"}],"about":[{"href":"https:\/\/importadoracristinateran.com\/index.php?rest_route=\/wp\/v2\/types\/product"}],"replies":[{"embeddable":true,"href":"https:\/\/importadoracristinateran.com\/index.php?rest_route=%2Fwp%2Fv2%2Fcomments&post=612"}],"wp:featuredmedia":[{"embeddable":true,"href":"https:\/\/importadoracristinateran.com\/index.php?rest_route=\/wp\/v2\/media\/613"}],"wp:attachment":[{"href":"https:\/\/importadoracristinateran.com\/index.php?rest_route=%2Fwp%2Fv2%2Fmedia&parent=612"}],"wp:term":[{"taxonomy":"product_brand","embeddable":true,"href":"https:\/\/importadoracristinateran.com\/index.php?rest_route=%2Fwp%2Fv2%2Fproduct_brand&post=612"},{"taxonomy":"product_cat","embeddable":true,"href":"https:\/\/importadoracristinateran.com\/index.php?rest_route=%2Fwp%2Fv2%2Fproduct_cat&post=612"},{"taxonomy":"product_tag","embeddable":true,"href":"https:\/\/importadoracristinateran.com\/index.php?rest_route=%2Fwp%2Fv2%2Fproduct_tag&post=612"}],"curies":[{"name":"wp","href":"https:\/\/api.w.org\/{rel}","templated":true}]}}