{"id":614,"date":"2025-03-25T03:19:50","date_gmt":"2025-03-25T03:19:50","guid":{"rendered":"https:\/\/importadoracristinateran.com\/?post_type=product&#038;p=614"},"modified":"2025-03-28T02:15:28","modified_gmt":"2025-03-28T02:15:28","slug":"puppy-grow","status":"publish","type":"product","link":"https:\/\/importadoracristinateran.com\/?product=puppy-grow","title":{"rendered":"Puppy Grow"},"content":{"rendered":"<div class=\"mb-3\">\n<div class=\"caption\"><strong>Composici\u00f3n:<\/strong><\/div>\n<div>\n<div>\n<p>Crude protein (min)&#8230;&#8230;&#8230;&#8230;&#8230;.\u2026\u2026\u2026&#8230;&#8230;&#8230;&#8230;&#8230;. 30 %<\/p>\n<p>Crude lipid (min)&#8230;&#8230;&#8230;&#8230;&#8230;&#8230;&#8230;&#8230;&#8230;&#8230;&#8230;&#8230;&#8230;&#8230;&#8230;.. 27 %<\/p>\n<p>Crude fiber (max)&#8230;&#8230;&#8230;&#8230;&#8230;&#8230;.\u2026&#8230;&#8230;&#8230;..\u2026&#8230;&#8230;.. 0.2 %<\/p>\n<p>Moisture (max)&#8230;&#8230;&#8230;&#8230;&#8230;&#8230;&#8230;&#8230;&#8230;.\u2026\u2026\u2026..\u2026\u2026\u2026&#8230;. 9 %<\/p>\n<p>Calcium (min-max)\u2026\u2026\u2026\u2026\u2026\u2026\u2026\u2026\u2026\u2026..0.99% -1.21%<\/p>\n<p>Phosphorus (min -max)\u2026\u2026\u2026\u2026\u2026\u2026\u2026\u2026\u2026 0.72% -0.88%<\/p>\n<p>Vitamin A\u2026\u2026\u2026\u2026\u2026\u2026\u2026\u2026\u2026\u2026\u2026\u2026\u2026\u2026\u2026\u2026\u2026\u202625 000 IU<\/p>\n<p>Vitamin D3\u2026\u2026\u2026\u2026\u2026\u2026\u2026\u2026\u2026\u2026\u2026..\u2026\u2026\u2026\u2026\u2026.. 1000 IU<\/p>\n<p>Vitamin E\u2026\u2026\u2026\u2026\u2026\u2026\u2026\u2026\u2026\u2026\u2026\u2026\u2026.\u2026\u2026\u2026\u2026\u2026. 160mg<\/p>\n<p>Vitamin B1\u2026\u2026\u2026\u2026\u2026\u2026\u2026\u2026\u2026\u2026\u2026\u2026\u2026\u2026\u2026\u2026\u2026\u2026 22 mg<\/p>\n<p>Vitamin B2\u2026\u2026\u2026\u2026\u2026\u2026\u2026\u2026\u2026\u2026\u2026\u2026..\u2026\u2026\u2026\u2026\u2026 34 mg<\/p>\n<p>Vitamin B6\u2026\u2026\u2026\u2026\u2026\u2026\u2026\u2026\u2026\u2026\u2026\u2026\u2026\u2026\u2026\u2026\u2026\u2026 16mg<\/p>\n<p>Vitamin B12\u2026\u2026\u2026\u2026\u2026\u2026\u2026\u2026\u2026\u2026\u2026\u2026\u2026\u2026\u2026\u2026.. 0.3 mg<\/p>\n<p>Vitamin K3\u2026\u2026\u2026\u2026\u2026\u2026\u2026\u2026\u2026\u2026\u2026\u2026.\u2026\u2026\u2026\u2026\u20260. 8 mg<\/p>\n<p>Vitamin C\u2026\u2026\u2026\u2026\u2026\u2026\u2026\u2026\u2026\u2026\u2026\u2026\u2026\u2026..\u2026\u2026\u2026\u2026 10mg<\/p>\n<p>Taurine\u2026\u2026\u2026\u2026\u2026\u2026\u2026\u2026\u2026\u2026\u2026\u2026\u2026\u2026\u2026\u2026\u2026\u2026 2000 mg<\/p>\n<p>Carrier (milk powder)\u2026\u2026\u2026\u2026\u2026\u2026\u2026\u2026\u2026\u2026..\u2026\u2026\u20261kg<\/p>\n<\/div>\n<\/div>\n<\/div>\n<div class=\"mb-3\"><\/div>\n<div class=\"mb-3\">\n<div>\n<div>\n<p dir=\"ltr\" data-placeholder=\"Traducci\u00f3n\" data-ved=\"2ahUKEwinvMnroaSMAxU7SDABHSwRByoQ3ewLegQICBAV\" aria-label=\"Texto traducido: PUPPY GROW es un sustituto de leche nutricionalmente completo que aporta los componentes esenciales de la leche materna a cachorros hu\u00e9rfanos o puede usarse como suplemento nutricional en caso de una camada numerosa o baja producci\u00f3n de leche. Sus ingredientes de alta calidad, enriquecidos con vitaminas, son f\u00e1ciles de digerir para favorecer un crecimiento normal. Puede administrarse como leche reconstituida a partir del primer d\u00eda de vida.\"><strong>Indicaciones<\/strong><\/p>\n<p id=\"tw-target-text\" class=\"tw-data-text tw-text-large tw-ta\" dir=\"ltr\" data-placeholder=\"Traducci\u00f3n\" data-ved=\"2ahUKEwinvMnroaSMAxU7SDABHSwRByoQ3ewLegQICBAV\" aria-label=\"Texto traducido: PUPPY GROW es un sustituto de leche nutricionalmente completo que aporta los componentes esenciales de la leche materna a cachorros hu\u00e9rfanos o puede usarse como suplemento nutricional en caso de una camada numerosa o baja producci\u00f3n de leche. Sus ingredientes de alta calidad, enriquecidos con vitaminas, son f\u00e1ciles de digerir para favorecer un crecimiento normal. Puede administrarse como leche reconstituida a partir del primer d\u00eda de vida.\"><span class=\"Y2IQFc\" lang=\"es\">PUPPY GROW es un sustituto de leche nutricionalmente completo que aporta los componentes esenciales de la leche materna a cachorros hu\u00e9rfanos o puede usarse como suplemento nutricional en caso de una camada numerosa o baja producci\u00f3n de leche. Sus ingredientes de alta calidad, enriquecidos con vitaminas, son f\u00e1ciles de digerir para favorecer un crecimiento normal. Puede administrarse como leche reconstituida a partir del primer d\u00eda de vida.<\/span><\/p>\n<p class=\"tw-data-text tw-text-large tw-ta\" dir=\"ltr\" data-placeholder=\"Traducci\u00f3n\" data-ved=\"2ahUKEwinvMnroaSMAxU7SDABHSwRByoQ3ewLegQICBAV\" aria-label=\"Texto traducido: DOSIS: INSTRUCCIONES DE MEZCLA: Agregue primero el agua y luego la leche en polvo. Mezcle 1 parte de leche en polvo con 2 partes de agua tibia (1 parte de agua hervida fr\u00eda\/1 parte de agua hirviendo). Remueva o agite bien para asegurar una mezcla homog\u00e9nea. No mezcle m\u00e1s de la cantidad que pueda consumir en 24 horas.\"><span class=\"Y2IQFc\" lang=\"es\"><strong>Dosis: <\/strong>\u00a0Agregue primero el agua y luego la leche en polvo. Mezcle 1 parte de leche en polvo con 2 partes de agua tibia (1 parte de agua hervida fr\u00eda\/1 parte de agua hirviendo). Remueva o agite bien para asegurar una mezcla homog\u00e9nea. No mezcle m\u00e1s de la cantidad que pueda consumir en 24 horas.<br \/>\n<\/span><\/p>\n<p id=\"tw-target-text\" class=\"tw-data-text tw-text-large tw-ta\" dir=\"ltr\" data-placeholder=\"Traducci\u00f3n\" data-ved=\"2ahUKEwinvMnroaSMAxU7SDABHSwRByoQ3ewLegQICBAV\" aria-label=\"Texto traducido: INSTRUCCIONES DE ALIMENTACI\u00d3N: El cachorro debe ser alimentado con calostro de la madre durante al menos 2 d\u00edas despu\u00e9s del nacimiento. Alimentar a los cachorros m\u00e1s j\u00f3venes (a partir de 1 d\u00eda de vida) cada 3-4 horas. Alimentar a los cachorros mayores (a partir de 4 semanas de vida) cada 5 horas. El volumen diario promedio es de 23 ml\/100 g de peso corporal. El volumen diario var\u00eda entre 18 y 28 ml\/100 g de peso corporal. PRECAUCIONES: No mezclar m\u00e1s del volumen que se pueda consumir en 24 horas. ALMACENAMIENTO: Conservar a temperatura ambiente y proteger de la luz. Una vez abierto, el polvo debe conservarse en un lugar fresco y seco, o refrigerado, hasta 1 mes. Una vez reconstituido, debe conservarse refrigerado hasta 24 horas.\"><span class=\"Y2IQFc\" lang=\"es\"><strong>Instrucciones de alimentaci\u00f3n<\/strong>: El cachorro debe ser alimentado con calostro de la madre durante al menos 2 d\u00edas despu\u00e9s del nacimiento. Alimentar a los cachorros m\u00e1s j\u00f3venes (a partir de 1 d\u00eda de vida) cada 3-4 horas. Alimentar a los cachorros mayores (a partir de 4 semanas de vida) cada 5 horas. El volumen diario promedio es de 23 ml\/100 g de peso corporal. El volumen diario var\u00eda entre 18 y 28 ml\/100 g de peso corporal. PRECAUCIONES: No mezclar m\u00e1s del volumen que se pueda consumir en 24 horas. ALMACENAMIENTO: Conservar a temperatura ambiente y proteger de la luz. Una vez abierto, el polvo debe conservarse en un lugar fresco y seco, o refrigerado, hasta 1 mes. Una vez reconstituido, debe conservarse refrigerado hasta 24 horas.<\/span><\/p>\n<p id=\"tw-target-text\" class=\"tw-data-text tw-text-large tw-ta\" dir=\"ltr\" data-placeholder=\"Traducci\u00f3n\" data-ved=\"2ahUKEwinvMnroaSMAxU7SDABHSwRByoQ3ewLegQICBAV\" aria-label=\"Texto traducido: DOSIS: INSTRUCCIONES DE MEZCLA: Agregue primero el agua y luego la leche en polvo. Mezcle 1 parte de leche en polvo con 2 partes de agua tibia (1 parte de agua hervida fr\u00eda\/1 parte de agua hirviendo). Remueva o agite bien para asegurar una mezcla homog\u00e9nea. No mezcle m\u00e1s de la cantidad que pueda consumir en 24 horas.\"><span class=\"Y2IQFc\" lang=\"es\">\u00a0<\/span><\/p>\n<\/div>\n<\/div>\n<\/div>\n","protected":false},"excerpt":{"rendered":"<p><span class=\"Y2IQFc\" lang=\"es\">PUPPY GROW es un sustituto de leche nutricionalmente completo que aporta los componentes esenciales de la leche materna a cachorros hu\u00e9rfanos o puede usarse como suplemento nutricional en caso de una camada numerosa o baja producci\u00f3n de leche. Sus ingredientes de alta calidad, enriquecidos con vitaminas, son f\u00e1ciles de digerir para favorecer un crecimiento normal. Puede administrarse como leche reconstituida a partir del primer d\u00eda de vida.<\/span><\/p>\n","protected":false},"featured_media":615,"comment_status":"open","ping_status":"closed","template":"","meta":{"_uag_custom_page_level_css":"","site-sidebar-layout":"default","site-content-layout":"","ast-site-content-layout":"default","site-content-style":"default","site-sidebar-style":"default","ast-global-header-display":"","ast-banner-title-visibility":"","ast-main-header-display":"","ast-hfb-above-header-display":"","ast-hfb-below-header-display":"","ast-hfb-mobile-header-display":"","site-post-title":"","ast-breadcrumbs-content":"","ast-featured-img":"","footer-sml-layout":"","theme-transparent-header-meta":"default","adv-header-id-meta":"","stick-header-meta":"","header-above-stick-meta":"","header-main-stick-meta":"","header-below-stick-meta":"","astra-migrate-meta-layouts":"set","ast-page-background-enabled":"default","ast-page-background-meta":{"desktop":{"background-color":"var(--ast-global-color-5)","background-image":"","background-repeat":"repeat","background-position":"center center","background-size":"auto","background-attachment":"scroll","background-type":"","background-media":"","overlay-type":"","overlay-color":"","overlay-opacity":"","overlay-gradient":""},"tablet":{"background-color":"","background-image":"","background-repeat":"repeat","background-position":"center center","background-size":"auto","background-attachment":"scroll","background-type":"","background-media":"","overlay-type":"","overlay-color":"","overlay-opacity":"","overlay-gradient":""},"mobile":{"background-color":"","background-image":"","background-repeat":"repeat","background-position":"center center","background-size":"auto","background-attachment":"scroll","background-type":"","background-media":"","overlay-type":"","overlay-color":"","overlay-opacity":"","overlay-gradient":""}},"ast-content-background-meta":{"desktop":{"background-color":"var(--ast-global-color-4)","background-image":"","background-repeat":"repeat","background-position":"center center","background-size":"auto","background-attachment":"scroll","background-type":"","background-media":"","overlay-type":"","overlay-color":"","overlay-opacity":"","overlay-gradient":""},"tablet":{"background-color":"var(--ast-global-color-4)","background-image":"","background-repeat":"repeat","background-position":"center center","background-size":"auto","background-attachment":"scroll","background-type":"","background-media":"","overlay-type":"","overlay-color":"","overlay-opacity":"","overlay-gradient":""},"mobile":{"background-color":"var(--ast-global-color-4)","background-image":"","background-repeat":"repeat","background-position":"center center","background-size":"auto","background-attachment":"scroll","background-type":"","background-media":"","overlay-type":"","overlay-color":"","overlay-opacity":"","overlay-gradient":""}},"_joinchat":[]},"product_brand":[],"product_cat":[34],"product_tag":[],"class_list":{"0":"post-614","1":"product","2":"type-product","3":"status-publish","4":"has-post-thumbnail","6":"product_cat-lab-vemedin","7":"desktop-align-left","8":"tablet-align-left","9":"mobile-align-left","11":"first","12":"instock","13":"shipping-taxable","14":"product-type-simple"},"aioseo_notices":[],"uagb_featured_image_src":{"full":["https:\/\/importadoracristinateran.com\/wp-content\/uploads\/2025\/03\/pupygrow.jpg",606,825,false],"thumbnail":["https:\/\/importadoracristinateran.com\/wp-content\/uploads\/2025\/03\/pupygrow-150x150.jpg",150,150,true],"medium":["https:\/\/importadoracristinateran.com\/wp-content\/uploads\/2025\/03\/pupygrow-220x300.jpg",220,300,true],"medium_large":["https:\/\/importadoracristinateran.com\/wp-content\/uploads\/2025\/03\/pupygrow.jpg",606,825,false],"large":["https:\/\/importadoracristinateran.com\/wp-content\/uploads\/2025\/03\/pupygrow.jpg",606,825,false],"1536x1536":["https:\/\/importadoracristinateran.com\/wp-content\/uploads\/2025\/03\/pupygrow.jpg",606,825,false],"2048x2048":["https:\/\/importadoracristinateran.com\/wp-content\/uploads\/2025\/03\/pupygrow.jpg",606,825,false],"woocommerce_thumbnail":["https:\/\/importadoracristinateran.com\/wp-content\/uploads\/2025\/03\/pupygrow-300x300.jpg",300,300,true],"woocommerce_single":["https:\/\/importadoracristinateran.com\/wp-content\/uploads\/2025\/03\/pupygrow-600x817.jpg",600,817,true],"woocommerce_gallery_thumbnail":["https:\/\/importadoracristinateran.com\/wp-content\/uploads\/2025\/03\/pupygrow-100x100.jpg",100,100,true],"dgwt-wcas-product-suggestion":["https:\/\/importadoracristinateran.com\/wp-content\/uploads\/2025\/03\/pupygrow-64x87.jpg",64,87,true]},"uagb_author_info":{"display_name":"mcris.import@gmail.com","author_link":"https:\/\/importadoracristinateran.com\/?author=0"},"uagb_comment_info":0,"uagb_excerpt":"PUPPY GROW es un sustituto de leche nutricionalmente completo que aporta los componentes esenciales de la leche materna a cachorros hu\u00e9rfanos o puede usarse como suplemento nutricional en caso de una camada numerosa o baja producci\u00f3n de leche. Sus ingredientes de alta calidad, enriquecidos con vitaminas, son f\u00e1ciles de digerir para favorecer un crecimiento normal.&hellip;","_links":{"self":[{"href":"https:\/\/importadoracristinateran.com\/index.php?rest_route=\/wp\/v2\/product\/614","targetHints":{"allow":["GET"]}}],"collection":[{"href":"https:\/\/importadoracristinateran.com\/index.php?rest_route=\/wp\/v2\/product"}],"about":[{"href":"https:\/\/importadoracristinateran.com\/index.php?rest_route=\/wp\/v2\/types\/product"}],"replies":[{"embeddable":true,"href":"https:\/\/importadoracristinateran.com\/index.php?rest_route=%2Fwp%2Fv2%2Fcomments&post=614"}],"wp:featuredmedia":[{"embeddable":true,"href":"https:\/\/importadoracristinateran.com\/index.php?rest_route=\/wp\/v2\/media\/615"}],"wp:attachment":[{"href":"https:\/\/importadoracristinateran.com\/index.php?rest_route=%2Fwp%2Fv2%2Fmedia&parent=614"}],"wp:term":[{"taxonomy":"product_brand","embeddable":true,"href":"https:\/\/importadoracristinateran.com\/index.php?rest_route=%2Fwp%2Fv2%2Fproduct_brand&post=614"},{"taxonomy":"product_cat","embeddable":true,"href":"https:\/\/importadoracristinateran.com\/index.php?rest_route=%2Fwp%2Fv2%2Fproduct_cat&post=614"},{"taxonomy":"product_tag","embeddable":true,"href":"https:\/\/importadoracristinateran.com\/index.php?rest_route=%2Fwp%2Fv2%2Fproduct_tag&post=614"}],"curies":[{"name":"wp","href":"https:\/\/api.w.org\/{rel}","templated":true}]}}