{"id":656,"date":"2025-03-25T20:59:36","date_gmt":"2025-03-25T20:59:36","guid":{"rendered":"https:\/\/importadoracristinateran.com\/?post_type=product&#038;p=656"},"modified":"2025-05-20T15:39:56","modified_gmt":"2025-05-20T15:39:56","slug":"sazonador-extra-sabor","status":"publish","type":"product","link":"https:\/\/importadoracristinateran.com\/?product=sazonador-extra-sabor","title":{"rendered":"Sazonador extra sabor."},"content":{"rendered":"<p>Sazonador de comida para mascotas rojo de textura tipo carnitas molidas con sabor a RES y POLLO. Ideal para perros de todas las razas y tama\u00f1os. Medidas del empaque: 5 x 11.5 x 5 cm. Peso: 0.08 kg. MIMMA<\/p>\n<table>\n<tbody>\n<tr>\n<th colspan=\"2\">Sazonador 60g.<\/th>\n<\/tr>\n<tr>\n<th>Tama\u00f1o de la mascota<\/th>\n<th>Porci\u00f3n m\u00e1xima<\/th>\n<\/tr>\n<tr>\n<td>Toy (hasta 4 kg.)<\/td>\n<td>1 cucharadita (10 g.)<\/td>\n<\/tr>\n<tr>\n<td>Mini (de 4.1 a 7 kg.)<\/td>\n<td>\n<div><span lang=\"ES-EC\">1,5 cucharaditas (15 g.)<\/span><\/div>\n<\/td>\n<\/tr>\n<tr>\n<td>Muy peque\u00f1o (de 7.1 a 10 kg.)<\/td>\n<td>\n<div><span lang=\"ES-EC\">2 cucharaditas (20 g.)<\/span><\/div>\n<\/td>\n<\/tr>\n<tr>\n<td>Peque\u00f1o (de 10.1 a 15 kg.)<\/td>\n<td>\n<div><span lang=\"ES-EC\">3 cucharaditas (30 g.)<\/span><\/div>\n<\/td>\n<\/tr>\n<tr>\n<td>Mediano (de 15.1 a 25 kg.)<\/td>\n<td>\n<div><span lang=\"ES-EC\">4 cucharaditas (40 g.)<\/span><\/div>\n<\/td>\n<\/tr>\n<tr>\n<td>Grande (de 25.1 a 50 kg.)<\/td>\n<td>\n<div><span lang=\"ES-EC\">7 cucharaditas (70 g.)<\/span><\/div>\n<\/td>\n<\/tr>\n<tr>\n<td>Extra grande (m\u00e1s de 50.1 kg.)<\/td>\n<td>\n<div><span lang=\"ES-EC\">10 cucharaditas (100 g.)<\/span><\/div>\n<\/td>\n<\/tr>\n<\/tbody>\n<\/table>\n<p>Presentaci\u00f3n: 60gr<\/p>\n","protected":false},"excerpt":{"rendered":"<p>Ideal para realzar el sabor de sus comidas.<br \/>\nSin colorantes artificiales, grasas a\u00f1adidas ni desperdicios, a\u00f1ade Extra sabor para sus comidas.<\/p>\n<p>Presentaci\u00f3n: 60gr<\/p>\n","protected":false},"featured_media":1165,"comment_status":"open","ping_status":"closed","template":"","meta":{"_uag_custom_page_level_css":"","site-sidebar-layout":"default","site-content-layout":"","ast-site-content-layout":"default","site-content-style":"default","site-sidebar-style":"default","ast-global-header-display":"","ast-banner-title-visibility":"","ast-main-header-display":"","ast-hfb-above-header-display":"","ast-hfb-below-header-display":"","ast-hfb-mobile-header-display":"","site-post-title":"","ast-breadcrumbs-content":"","ast-featured-img":"","footer-sml-layout":"","theme-transparent-header-meta":"default","adv-header-id-meta":"","stick-header-meta":"","header-above-stick-meta":"","header-main-stick-meta":"","header-below-stick-meta":"","astra-migrate-meta-layouts":"set","ast-page-background-enabled":"default","ast-page-background-meta":{"desktop":{"background-color":"var(--ast-global-color-5)","background-image":"","background-repeat":"repeat","background-position":"center center","background-size":"auto","background-attachment":"scroll","background-type":"","background-media":"","overlay-type":"","overlay-color":"","overlay-opacity":"","overlay-gradient":""},"tablet":{"background-color":"","background-image":"","background-repeat":"repeat","background-position":"center center","background-size":"auto","background-attachment":"scroll","background-type":"","background-media":"","overlay-type":"","overlay-color":"","overlay-opacity":"","overlay-gradient":""},"mobile":{"background-color":"","background-image":"","background-repeat":"repeat","background-position":"center center","background-size":"auto","background-attachment":"scroll","background-type":"","background-media":"","overlay-type":"","overlay-color":"","overlay-opacity":"","overlay-gradient":""}},"ast-content-background-meta":{"desktop":{"background-color":"var(--ast-global-color-4)","background-image":"","background-repeat":"repeat","background-position":"center center","background-size":"auto","background-attachment":"scroll","background-type":"","background-media":"","overlay-type":"","overlay-color":"","overlay-opacity":"","overlay-gradient":""},"tablet":{"background-color":"var(--ast-global-color-4)","background-image":"","background-repeat":"repeat","background-position":"center center","background-size":"auto","background-attachment":"scroll","background-type":"","background-media":"","overlay-type":"","overlay-color":"","overlay-opacity":"","overlay-gradient":""},"mobile":{"background-color":"var(--ast-global-color-4)","background-image":"","background-repeat":"repeat","background-position":"center center","background-size":"auto","background-attachment":"scroll","background-type":"","background-media":"","overlay-type":"","overlay-color":"","overlay-opacity":"","overlay-gradient":""}},"_joinchat":[]},"product_brand":[],"product_cat":[46],"product_tag":[102],"class_list":{"0":"post-656","1":"product","2":"type-product","3":"status-publish","4":"has-post-thumbnail","6":"product_cat-labmima","7":"product_tag-sazonador","8":"desktop-align-left","9":"tablet-align-left","10":"mobile-align-left","12":"first","13":"instock","14":"shipping-taxable","15":"product-type-external"},"aioseo_notices":[],"uagb_featured_image_src":{"full":["https:\/\/importadoracristinateran.com\/wp-content\/uploads\/2025\/03\/carnitasssazonador.jpg",1080,1080,false],"thumbnail":["https:\/\/importadoracristinateran.com\/wp-content\/uploads\/2025\/03\/carnitasssazonador-150x150.jpg",150,150,true],"medium":["https:\/\/importadoracristinateran.com\/wp-content\/uploads\/2025\/03\/carnitasssazonador-300x300.jpg",300,300,true],"medium_large":["https:\/\/importadoracristinateran.com\/wp-content\/uploads\/2025\/03\/carnitasssazonador-768x768.jpg",768,768,true],"large":["https:\/\/importadoracristinateran.com\/wp-content\/uploads\/2025\/03\/carnitasssazonador-1024x1024.jpg",1024,1024,true],"1536x1536":["https:\/\/importadoracristinateran.com\/wp-content\/uploads\/2025\/03\/carnitasssazonador.jpg",1080,1080,false],"2048x2048":["https:\/\/importadoracristinateran.com\/wp-content\/uploads\/2025\/03\/carnitasssazonador.jpg",1080,1080,false],"woocommerce_thumbnail":["https:\/\/importadoracristinateran.com\/wp-content\/uploads\/2025\/03\/carnitasssazonador-300x300.jpg",300,300,true],"woocommerce_single":["https:\/\/importadoracristinateran.com\/wp-content\/uploads\/2025\/03\/carnitasssazonador-600x600.jpg",600,600,true],"woocommerce_gallery_thumbnail":["https:\/\/importadoracristinateran.com\/wp-content\/uploads\/2025\/03\/carnitasssazonador-100x100.jpg",100,100,true],"dgwt-wcas-product-suggestion":["https:\/\/importadoracristinateran.com\/wp-content\/uploads\/2025\/03\/carnitasssazonador-64x64.jpg",64,64,true]},"uagb_author_info":{"display_name":"mcris.import@gmail.com","author_link":"https:\/\/importadoracristinateran.com\/?author=0"},"uagb_comment_info":0,"uagb_excerpt":"Ideal para realzar el sabor de sus comidas. Sin colorantes artificiales, grasas a\u00f1adidas ni desperdicios, a\u00f1ade Extra sabor para sus comidas. Presentaci\u00f3n: 60gr","_links":{"self":[{"href":"https:\/\/importadoracristinateran.com\/index.php?rest_route=\/wp\/v2\/product\/656","targetHints":{"allow":["GET"]}}],"collection":[{"href":"https:\/\/importadoracristinateran.com\/index.php?rest_route=\/wp\/v2\/product"}],"about":[{"href":"https:\/\/importadoracristinateran.com\/index.php?rest_route=\/wp\/v2\/types\/product"}],"replies":[{"embeddable":true,"href":"https:\/\/importadoracristinateran.com\/index.php?rest_route=%2Fwp%2Fv2%2Fcomments&post=656"}],"wp:featuredmedia":[{"embeddable":true,"href":"https:\/\/importadoracristinateran.com\/index.php?rest_route=\/wp\/v2\/media\/1165"}],"wp:attachment":[{"href":"https:\/\/importadoracristinateran.com\/index.php?rest_route=%2Fwp%2Fv2%2Fmedia&parent=656"}],"wp:term":[{"taxonomy":"product_brand","embeddable":true,"href":"https:\/\/importadoracristinateran.com\/index.php?rest_route=%2Fwp%2Fv2%2Fproduct_brand&post=656"},{"taxonomy":"product_cat","embeddable":true,"href":"https:\/\/importadoracristinateran.com\/index.php?rest_route=%2Fwp%2Fv2%2Fproduct_cat&post=656"},{"taxonomy":"product_tag","embeddable":true,"href":"https:\/\/importadoracristinateran.com\/index.php?rest_route=%2Fwp%2Fv2%2Fproduct_tag&post=656"}],"curies":[{"name":"wp","href":"https:\/\/api.w.org\/{rel}","templated":true}]}}