{"id":658,"date":"2025-03-25T21:36:39","date_gmt":"2025-03-25T21:36:39","guid":{"rendered":"https:\/\/importadoracristinateran.com\/?post_type=product&#038;p=658"},"modified":"2025-05-20T15:40:22","modified_gmt":"2025-05-20T15:40:22","slug":"galletas-sabor-a-arroz-con-carne","status":"publish","type":"product","link":"https:\/\/importadoracristinateran.com\/?product=galletas-sabor-a-arroz-con-carne","title":{"rendered":"Galletas sabor a arroz con carne"},"content":{"rendered":"<h5><span style=\"font-weight: 400;\">Alto contenido de prote\u00edna, cada galleta contiene un m\u00ednimo de 15 % de prote\u00edna alta biodisponibilidad, altamente asimilable por la mascota.<\/span><\/h5>\n<h5><span style=\"font-weight: 400;\">Contiene fibra insoluble que mejora la digesti\u00f3n y la calidad y consistencia de las heces.<\/span><\/h5>\n<h5><span style=\"font-weight: 400;\">Contiene la dosis ideal de vitaminas y minerales que ayuda a la mascota a crecer y mantenerse saludable.<\/span><\/h5>\n<h5><span style=\"font-weight: 400;\">HUESITOS est\u00e1 dise\u00f1ada para tener una mordida dura, su consistencia es adecuada para realizar una limpieza mec\u00e1nica de los dientes.<\/span><\/h5>\n<h5><span style=\"font-weight: 400;\">No representa un aporte cal\u00f3rico significativo.<\/span><\/h5>\n<h5><span style=\"font-weight: 400;\">Cumple con alt\u00edsimos est\u00e1ndares de calidad, asegurando la inocuidad del producto.<\/span><\/h5>\n<p>Presentaciones:<\/p>\n<p>80 gr.<\/p>\n<p>500 gr<\/p>\n","protected":false},"excerpt":{"rendered":"<p>Divertidas galletas en forma de huesitos de colores con un delicioso sabor a arroz con carne.<br \/>\nContiene vitaminas y minerales ayudando a que la mascota se mantenga fuerte y saludable;<br \/>\nIncluye fibra insoluble que mejora la digesti\u00f3n, 15% de prote\u00edna. Mejora la consistencia de las heces.<\/p>\n<p>Presentaciones:<\/p>\n<p>80 gr.<\/p>\n<p>500 gr<\/p>\n","protected":false},"featured_media":659,"comment_status":"open","ping_status":"closed","template":"","meta":{"_uag_custom_page_level_css":"","site-sidebar-layout":"default","site-content-layout":"","ast-site-content-layout":"default","site-content-style":"default","site-sidebar-style":"default","ast-global-header-display":"","ast-banner-title-visibility":"","ast-main-header-display":"","ast-hfb-above-header-display":"","ast-hfb-below-header-display":"","ast-hfb-mobile-header-display":"","site-post-title":"","ast-breadcrumbs-content":"","ast-featured-img":"","footer-sml-layout":"","theme-transparent-header-meta":"default","adv-header-id-meta":"","stick-header-meta":"","header-above-stick-meta":"","header-main-stick-meta":"","header-below-stick-meta":"","astra-migrate-meta-layouts":"set","ast-page-background-enabled":"default","ast-page-background-meta":{"desktop":{"background-color":"var(--ast-global-color-5)","background-image":"","background-repeat":"repeat","background-position":"center center","background-size":"auto","background-attachment":"scroll","background-type":"","background-media":"","overlay-type":"","overlay-color":"","overlay-opacity":"","overlay-gradient":""},"tablet":{"background-color":"","background-image":"","background-repeat":"repeat","background-position":"center center","background-size":"auto","background-attachment":"scroll","background-type":"","background-media":"","overlay-type":"","overlay-color":"","overlay-opacity":"","overlay-gradient":""},"mobile":{"background-color":"","background-image":"","background-repeat":"repeat","background-position":"center center","background-size":"auto","background-attachment":"scroll","background-type":"","background-media":"","overlay-type":"","overlay-color":"","overlay-opacity":"","overlay-gradient":""}},"ast-content-background-meta":{"desktop":{"background-color":"var(--ast-global-color-4)","background-image":"","background-repeat":"repeat","background-position":"center center","background-size":"auto","background-attachment":"scroll","background-type":"","background-media":"","overlay-type":"","overlay-color":"","overlay-opacity":"","overlay-gradient":""},"tablet":{"background-color":"var(--ast-global-color-4)","background-image":"","background-repeat":"repeat","background-position":"center center","background-size":"auto","background-attachment":"scroll","background-type":"","background-media":"","overlay-type":"","overlay-color":"","overlay-opacity":"","overlay-gradient":""},"mobile":{"background-color":"var(--ast-global-color-4)","background-image":"","background-repeat":"repeat","background-position":"center center","background-size":"auto","background-attachment":"scroll","background-type":"","background-media":"","overlay-type":"","overlay-color":"","overlay-opacity":"","overlay-gradient":""}},"_joinchat":[]},"product_brand":[],"product_cat":[46],"product_tag":[100],"class_list":{"0":"post-658","1":"product","2":"type-product","3":"status-publish","4":"has-post-thumbnail","6":"product_cat-labmima","7":"product_tag-snacks","8":"desktop-align-left","9":"tablet-align-left","10":"mobile-align-left","12":"first","13":"instock","14":"shipping-taxable","15":"product-type-external"},"aioseo_notices":[],"uagb_featured_image_src":{"full":["https:\/\/importadoracristinateran.com\/wp-content\/uploads\/2025\/03\/huestiossnack.jpg",404,411,false],"thumbnail":["https:\/\/importadoracristinateran.com\/wp-content\/uploads\/2025\/03\/huestiossnack-150x150.jpg",150,150,true],"medium":["https:\/\/importadoracristinateran.com\/wp-content\/uploads\/2025\/03\/huestiossnack-295x300.jpg",295,300,true],"medium_large":["https:\/\/importadoracristinateran.com\/wp-content\/uploads\/2025\/03\/huestiossnack.jpg",404,411,false],"large":["https:\/\/importadoracristinateran.com\/wp-content\/uploads\/2025\/03\/huestiossnack.jpg",404,411,false],"1536x1536":["https:\/\/importadoracristinateran.com\/wp-content\/uploads\/2025\/03\/huestiossnack.jpg",404,411,false],"2048x2048":["https:\/\/importadoracristinateran.com\/wp-content\/uploads\/2025\/03\/huestiossnack.jpg",404,411,false],"woocommerce_thumbnail":["https:\/\/importadoracristinateran.com\/wp-content\/uploads\/2025\/03\/huestiossnack-300x300.jpg",300,300,true],"woocommerce_single":["https:\/\/importadoracristinateran.com\/wp-content\/uploads\/2025\/03\/huestiossnack.jpg",404,411,false],"woocommerce_gallery_thumbnail":["https:\/\/importadoracristinateran.com\/wp-content\/uploads\/2025\/03\/huestiossnack-100x100.jpg",100,100,true],"dgwt-wcas-product-suggestion":["https:\/\/importadoracristinateran.com\/wp-content\/uploads\/2025\/03\/huestiossnack-64x65.jpg",64,65,true]},"uagb_author_info":{"display_name":"mcris.import@gmail.com","author_link":"https:\/\/importadoracristinateran.com\/?author=0"},"uagb_comment_info":0,"uagb_excerpt":"Divertidas galletas en forma de huesitos de colores con un delicioso sabor a arroz con carne. Contiene vitaminas y minerales ayudando a que la mascota se mantenga fuerte y saludable; Incluye fibra insoluble que mejora la digesti\u00f3n, 15% de prote\u00edna. Mejora la consistencia de las heces. Presentaciones: 80 gr. 500 gr","_links":{"self":[{"href":"https:\/\/importadoracristinateran.com\/index.php?rest_route=\/wp\/v2\/product\/658","targetHints":{"allow":["GET"]}}],"collection":[{"href":"https:\/\/importadoracristinateran.com\/index.php?rest_route=\/wp\/v2\/product"}],"about":[{"href":"https:\/\/importadoracristinateran.com\/index.php?rest_route=\/wp\/v2\/types\/product"}],"replies":[{"embeddable":true,"href":"https:\/\/importadoracristinateran.com\/index.php?rest_route=%2Fwp%2Fv2%2Fcomments&post=658"}],"wp:featuredmedia":[{"embeddable":true,"href":"https:\/\/importadoracristinateran.com\/index.php?rest_route=\/wp\/v2\/media\/659"}],"wp:attachment":[{"href":"https:\/\/importadoracristinateran.com\/index.php?rest_route=%2Fwp%2Fv2%2Fmedia&parent=658"}],"wp:term":[{"taxonomy":"product_brand","embeddable":true,"href":"https:\/\/importadoracristinateran.com\/index.php?rest_route=%2Fwp%2Fv2%2Fproduct_brand&post=658"},{"taxonomy":"product_cat","embeddable":true,"href":"https:\/\/importadoracristinateran.com\/index.php?rest_route=%2Fwp%2Fv2%2Fproduct_cat&post=658"},{"taxonomy":"product_tag","embeddable":true,"href":"https:\/\/importadoracristinateran.com\/index.php?rest_route=%2Fwp%2Fv2%2Fproduct_tag&post=658"}],"curies":[{"name":"wp","href":"https:\/\/api.w.org\/{rel}","templated":true}]}}