{"id":665,"date":"2025-03-25T22:14:49","date_gmt":"2025-03-25T22:14:49","guid":{"rendered":"https:\/\/importadoracristinateran.com\/?post_type=product&#038;p=665"},"modified":"2025-05-20T15:27:40","modified_gmt":"2025-05-20T15:27:40","slug":"galleta-funcional-de-oregano-ideal-para-la-salud-intestinal","status":"publish","type":"product","link":"https:\/\/importadoracristinateran.com\/?product=galleta-funcional-de-oregano-ideal-para-la-salud-intestinal","title":{"rendered":"Galleta funcional de or\u00e9gano ideal para la salud intestinal."},"content":{"rendered":"<h4>Descripci\u00f3n:<\/h4>\n<p>Galletas funcionales formuladas espec\u00edficamente para mejorar la funci\u00f3n gastrointestinal de la mascota, contiene probi\u00f3ticos y prebi\u00f3ticos que mejoran el desarrollo de la flora intestinal.<\/p>\n<h4>Beneficios:<\/h4>\n<ul>\n<li>La consistencia de las galletas permite realizar una limpieza mec\u00e1nica de los dientes.<\/li>\n<li>Su consumo peri\u00f3dico reduce los gases y la inflamaci\u00f3n intestinal por lo que mejora el estado de \u00e1nimo, hace que la mascota este m\u00e1s activa y feliz. Una buena digesti\u00f3n se refleja en el estado general del perro.<\/li>\n<li>La consistencia de las galletas permite realizar una limpieza mec\u00e1nica de los dientes.<\/li>\n<\/ul>\n<h4>\u00bfPara qu\u00e9 sirve?<\/h4>\n<p>Snack para perros Crookies Oregano, para que su mascota \u00e9ste siempre saludable, Crookies Or\u00e9gano, son deliciosas galletas que lo mantienen m\u00e1s activo y lleno de energ\u00eda.<\/p>\n<h4>Modo de Uso:<\/h4>\n<p>Producto para consumo de perros.<\/p>\n<p><strong>Presentaci\u00f3n.<\/strong><\/p>\n<p>200g.<\/p>\n","protected":false},"excerpt":{"rendered":"<p>Galleta funcional de or\u00e9gano ideal para la salud intestinal.<br \/>\nDisminuye la formaci\u00f3n de gases y la hinchaz\u00f3n estomacal de la mascota.<br \/>\nContine prebi\u00f3ticos y probi\u00f3ticos que contribuyen al desarrollo de la flora y mejoran la salud intestinal.<br \/>\nHeces consistentes y con menos olores; f\u00e1ciles de recoger.<\/p>\n<p><strong>Presentaci\u00f3n.<\/strong><\/p>\n<p>200g.<\/p>\n","protected":false},"featured_media":1160,"comment_status":"open","ping_status":"closed","template":"","meta":{"_uag_custom_page_level_css":"","site-sidebar-layout":"default","site-content-layout":"","ast-site-content-layout":"default","site-content-style":"default","site-sidebar-style":"default","ast-global-header-display":"","ast-banner-title-visibility":"","ast-main-header-display":"","ast-hfb-above-header-display":"","ast-hfb-below-header-display":"","ast-hfb-mobile-header-display":"","site-post-title":"","ast-breadcrumbs-content":"","ast-featured-img":"","footer-sml-layout":"","theme-transparent-header-meta":"default","adv-header-id-meta":"","stick-header-meta":"","header-above-stick-meta":"","header-main-stick-meta":"","header-below-stick-meta":"","astra-migrate-meta-layouts":"set","ast-page-background-enabled":"default","ast-page-background-meta":{"desktop":{"background-color":"var(--ast-global-color-5)","background-image":"","background-repeat":"repeat","background-position":"center center","background-size":"auto","background-attachment":"scroll","background-type":"","background-media":"","overlay-type":"","overlay-color":"","overlay-opacity":"","overlay-gradient":""},"tablet":{"background-color":"","background-image":"","background-repeat":"repeat","background-position":"center center","background-size":"auto","background-attachment":"scroll","background-type":"","background-media":"","overlay-type":"","overlay-color":"","overlay-opacity":"","overlay-gradient":""},"mobile":{"background-color":"","background-image":"","background-repeat":"repeat","background-position":"center center","background-size":"auto","background-attachment":"scroll","background-type":"","background-media":"","overlay-type":"","overlay-color":"","overlay-opacity":"","overlay-gradient":""}},"ast-content-background-meta":{"desktop":{"background-color":"var(--ast-global-color-4)","background-image":"","background-repeat":"repeat","background-position":"center center","background-size":"auto","background-attachment":"scroll","background-type":"","background-media":"","overlay-type":"","overlay-color":"","overlay-opacity":"","overlay-gradient":""},"tablet":{"background-color":"var(--ast-global-color-4)","background-image":"","background-repeat":"repeat","background-position":"center center","background-size":"auto","background-attachment":"scroll","background-type":"","background-media":"","overlay-type":"","overlay-color":"","overlay-opacity":"","overlay-gradient":""},"mobile":{"background-color":"var(--ast-global-color-4)","background-image":"","background-repeat":"repeat","background-position":"center center","background-size":"auto","background-attachment":"scroll","background-type":"","background-media":"","overlay-type":"","overlay-color":"","overlay-opacity":"","overlay-gradient":""}},"_joinchat":[]},"product_brand":[],"product_cat":[46],"product_tag":[100],"class_list":{"0":"post-665","1":"product","2":"type-product","3":"status-publish","4":"has-post-thumbnail","6":"product_cat-labmima","7":"product_tag-snacks","8":"desktop-align-left","9":"tablet-align-left","10":"mobile-align-left","12":"first","13":"instock","14":"shipping-taxable","15":"product-type-external"},"aioseo_notices":[],"uagb_featured_image_src":{"full":["https:\/\/importadoracristinateran.com\/wp-content\/uploads\/2025\/03\/crokies11.jpg",1080,1080,false],"thumbnail":["https:\/\/importadoracristinateran.com\/wp-content\/uploads\/2025\/03\/crokies11-150x150.jpg",150,150,true],"medium":["https:\/\/importadoracristinateran.com\/wp-content\/uploads\/2025\/03\/crokies11-300x300.jpg",300,300,true],"medium_large":["https:\/\/importadoracristinateran.com\/wp-content\/uploads\/2025\/03\/crokies11-768x768.jpg",768,768,true],"large":["https:\/\/importadoracristinateran.com\/wp-content\/uploads\/2025\/03\/crokies11-1024x1024.jpg",1024,1024,true],"1536x1536":["https:\/\/importadoracristinateran.com\/wp-content\/uploads\/2025\/03\/crokies11.jpg",1080,1080,false],"2048x2048":["https:\/\/importadoracristinateran.com\/wp-content\/uploads\/2025\/03\/crokies11.jpg",1080,1080,false],"woocommerce_thumbnail":["https:\/\/importadoracristinateran.com\/wp-content\/uploads\/2025\/03\/crokies11-300x300.jpg",300,300,true],"woocommerce_single":["https:\/\/importadoracristinateran.com\/wp-content\/uploads\/2025\/03\/crokies11-600x600.jpg",600,600,true],"woocommerce_gallery_thumbnail":["https:\/\/importadoracristinateran.com\/wp-content\/uploads\/2025\/03\/crokies11-100x100.jpg",100,100,true],"dgwt-wcas-product-suggestion":["https:\/\/importadoracristinateran.com\/wp-content\/uploads\/2025\/03\/crokies11-64x64.jpg",64,64,true]},"uagb_author_info":{"display_name":"mcris.import@gmail.com","author_link":"https:\/\/importadoracristinateran.com\/?author=0"},"uagb_comment_info":0,"uagb_excerpt":"Galleta funcional de or\u00e9gano ideal para la salud intestinal. Disminuye la formaci\u00f3n de gases y la hinchaz\u00f3n estomacal de la mascota. Contine prebi\u00f3ticos y probi\u00f3ticos que contribuyen al desarrollo de la flora y mejoran la salud intestinal. Heces consistentes y con menos olores; f\u00e1ciles de recoger. Presentaci\u00f3n. 200g.","_links":{"self":[{"href":"https:\/\/importadoracristinateran.com\/index.php?rest_route=\/wp\/v2\/product\/665","targetHints":{"allow":["GET"]}}],"collection":[{"href":"https:\/\/importadoracristinateran.com\/index.php?rest_route=\/wp\/v2\/product"}],"about":[{"href":"https:\/\/importadoracristinateran.com\/index.php?rest_route=\/wp\/v2\/types\/product"}],"replies":[{"embeddable":true,"href":"https:\/\/importadoracristinateran.com\/index.php?rest_route=%2Fwp%2Fv2%2Fcomments&post=665"}],"wp:featuredmedia":[{"embeddable":true,"href":"https:\/\/importadoracristinateran.com\/index.php?rest_route=\/wp\/v2\/media\/1160"}],"wp:attachment":[{"href":"https:\/\/importadoracristinateran.com\/index.php?rest_route=%2Fwp%2Fv2%2Fmedia&parent=665"}],"wp:term":[{"taxonomy":"product_brand","embeddable":true,"href":"https:\/\/importadoracristinateran.com\/index.php?rest_route=%2Fwp%2Fv2%2Fproduct_brand&post=665"},{"taxonomy":"product_cat","embeddable":true,"href":"https:\/\/importadoracristinateran.com\/index.php?rest_route=%2Fwp%2Fv2%2Fproduct_cat&post=665"},{"taxonomy":"product_tag","embeddable":true,"href":"https:\/\/importadoracristinateran.com\/index.php?rest_route=%2Fwp%2Fv2%2Fproduct_tag&post=665"}],"curies":[{"name":"wp","href":"https:\/\/api.w.org\/{rel}","templated":true}]}}