{"id":673,"date":"2025-03-25T22:57:42","date_gmt":"2025-03-25T22:57:42","guid":{"rendered":"https:\/\/importadoracristinateran.com\/?post_type=product&#038;p=673"},"modified":"2025-05-20T15:10:19","modified_gmt":"2025-05-20T15:10:19","slug":"trocitos-en-salsa-perro-cerdo-salmon","status":"publish","type":"product","link":"https:\/\/importadoracristinateran.com\/?product=trocitos-en-salsa-perro-cerdo-salmon","title":{"rendered":"Trocitos en salsa perro. Cerdo Salm\u00f3n"},"content":{"rendered":"<p><b>Carnitas H\u00fameda Trocitos en Salsa Cerdo y Salm\u00f3n 20 x 100 g<\/b><\/p>\n<p>Disfruta de una experiencia culinaria excepcional para tu mascota con las Carnitas H\u00famedas de trocitos en salsa de cerdo y salm\u00f3n. Este paquete de 20 unidades, cada una de 100 gramos, ofrece una combinaci\u00f3n deliciosa de prote\u00edna magra de cerdo y los beneficios nutricionales del salm\u00f3n. Los trocitos suaves en salsa aseguran una experiencia gastron\u00f3mica irresistible para tu compa\u00f1ero peludo.<\/p>\n<p><strong>Presentaci\u00f3n.<\/strong><\/p>\n<p>100 g.<\/p>\n","protected":false},"excerpt":{"rendered":"<p>Trocitos en salsa perro. Cerdo Salm\u00f3n<br \/>\nFuentes saludables, balance correcto de amino\u00e1cidos esenciales y no esenciales.<br \/>\nOfrecen una correcta palatabilidad.<br \/>\nMaterias primas seleccionadas de acuerdo con las preferencias de la mascota.<\/p>\n<p><strong>Presentaci\u00f3n.<\/strong><\/p>\n<p>100 g.<\/p>\n","protected":false},"featured_media":674,"comment_status":"open","ping_status":"closed","template":"","meta":{"_uag_custom_page_level_css":"","site-sidebar-layout":"default","site-content-layout":"","ast-site-content-layout":"default","site-content-style":"default","site-sidebar-style":"default","ast-global-header-display":"","ast-banner-title-visibility":"","ast-main-header-display":"","ast-hfb-above-header-display":"","ast-hfb-below-header-display":"","ast-hfb-mobile-header-display":"","site-post-title":"","ast-breadcrumbs-content":"","ast-featured-img":"","footer-sml-layout":"","ast-disable-related-posts":"","theme-transparent-header-meta":"default","adv-header-id-meta":"","stick-header-meta":"","header-above-stick-meta":"","header-main-stick-meta":"","header-below-stick-meta":"","astra-migrate-meta-layouts":"set","ast-page-background-enabled":"default","ast-page-background-meta":{"desktop":{"background-color":"var(--ast-global-color-5)","background-image":"","background-repeat":"repeat","background-position":"center center","background-size":"auto","background-attachment":"scroll","background-type":"","background-media":"","overlay-type":"","overlay-color":"","overlay-opacity":"","overlay-gradient":""},"tablet":{"background-color":"","background-image":"","background-repeat":"repeat","background-position":"center center","background-size":"auto","background-attachment":"scroll","background-type":"","background-media":"","overlay-type":"","overlay-color":"","overlay-opacity":"","overlay-gradient":""},"mobile":{"background-color":"","background-image":"","background-repeat":"repeat","background-position":"center center","background-size":"auto","background-attachment":"scroll","background-type":"","background-media":"","overlay-type":"","overlay-color":"","overlay-opacity":"","overlay-gradient":""}},"ast-content-background-meta":{"desktop":{"background-color":"var(--ast-global-color-4)","background-image":"","background-repeat":"repeat","background-position":"center center","background-size":"auto","background-attachment":"scroll","background-type":"","background-media":"","overlay-type":"","overlay-color":"","overlay-opacity":"","overlay-gradient":""},"tablet":{"background-color":"var(--ast-global-color-4)","background-image":"","background-repeat":"repeat","background-position":"center center","background-size":"auto","background-attachment":"scroll","background-type":"","background-media":"","overlay-type":"","overlay-color":"","overlay-opacity":"","overlay-gradient":""},"mobile":{"background-color":"var(--ast-global-color-4)","background-image":"","background-repeat":"repeat","background-position":"center center","background-size":"auto","background-attachment":"scroll","background-type":"","background-media":"","overlay-type":"","overlay-color":"","overlay-opacity":"","overlay-gradient":""}},"_joinchat":[]},"product_brand":[],"product_cat":[46],"product_tag":[98,99],"class_list":{"0":"post-673","1":"product","2":"type-product","3":"status-publish","4":"has-post-thumbnail","6":"product_cat-labmima","7":"product_tag-bocaditos","8":"product_tag-carnitas","9":"desktop-align-left","10":"tablet-align-left","11":"mobile-align-left","13":"first","14":"instock","15":"shipping-taxable","16":"product-type-external"},"aioseo_notices":[],"uagb_featured_image_src":{"full":["https:\/\/importadoracristinateran.com\/wp-content\/uploads\/2025\/03\/carnistacerdosalmon.jpg",287,380,false],"thumbnail":["https:\/\/importadoracristinateran.com\/wp-content\/uploads\/2025\/03\/carnistacerdosalmon-150x150.jpg",150,150,true],"medium":["https:\/\/importadoracristinateran.com\/wp-content\/uploads\/2025\/03\/carnistacerdosalmon-227x300.jpg",227,300,true],"medium_large":["https:\/\/importadoracristinateran.com\/wp-content\/uploads\/2025\/03\/carnistacerdosalmon.jpg",287,380,false],"large":["https:\/\/importadoracristinateran.com\/wp-content\/uploads\/2025\/03\/carnistacerdosalmon.jpg",287,380,false],"1536x1536":["https:\/\/importadoracristinateran.com\/wp-content\/uploads\/2025\/03\/carnistacerdosalmon.jpg",287,380,false],"2048x2048":["https:\/\/importadoracristinateran.com\/wp-content\/uploads\/2025\/03\/carnistacerdosalmon.jpg",287,380,false],"woocommerce_thumbnail":["https:\/\/importadoracristinateran.com\/wp-content\/uploads\/2025\/03\/carnistacerdosalmon-287x300.jpg",287,300,true],"woocommerce_single":["https:\/\/importadoracristinateran.com\/wp-content\/uploads\/2025\/03\/carnistacerdosalmon.jpg",287,380,false],"woocommerce_gallery_thumbnail":["https:\/\/importadoracristinateran.com\/wp-content\/uploads\/2025\/03\/carnistacerdosalmon-100x100.jpg",100,100,true],"dgwt-wcas-product-suggestion":["https:\/\/importadoracristinateran.com\/wp-content\/uploads\/2025\/03\/carnistacerdosalmon-64x85.jpg",64,85,true]},"uagb_author_info":{"display_name":"mcris.import@gmail.com","author_link":"https:\/\/importadoracristinateran.com\/?author=0"},"uagb_comment_info":0,"uagb_excerpt":"Trocitos en salsa perro. Cerdo Salm\u00f3n Fuentes saludables, balance correcto de amino\u00e1cidos esenciales y no esenciales. Ofrecen una correcta palatabilidad. Materias primas seleccionadas de acuerdo con las preferencias de la mascota. Presentaci\u00f3n. 100 g.","_links":{"self":[{"href":"https:\/\/importadoracristinateran.com\/index.php?rest_route=\/wp\/v2\/product\/673","targetHints":{"allow":["GET"]}}],"collection":[{"href":"https:\/\/importadoracristinateran.com\/index.php?rest_route=\/wp\/v2\/product"}],"about":[{"href":"https:\/\/importadoracristinateran.com\/index.php?rest_route=\/wp\/v2\/types\/product"}],"replies":[{"embeddable":true,"href":"https:\/\/importadoracristinateran.com\/index.php?rest_route=%2Fwp%2Fv2%2Fcomments&post=673"}],"wp:featuredmedia":[{"embeddable":true,"href":"https:\/\/importadoracristinateran.com\/index.php?rest_route=\/wp\/v2\/media\/674"}],"wp:attachment":[{"href":"https:\/\/importadoracristinateran.com\/index.php?rest_route=%2Fwp%2Fv2%2Fmedia&parent=673"}],"wp:term":[{"taxonomy":"product_brand","embeddable":true,"href":"https:\/\/importadoracristinateran.com\/index.php?rest_route=%2Fwp%2Fv2%2Fproduct_brand&post=673"},{"taxonomy":"product_cat","embeddable":true,"href":"https:\/\/importadoracristinateran.com\/index.php?rest_route=%2Fwp%2Fv2%2Fproduct_cat&post=673"},{"taxonomy":"product_tag","embeddable":true,"href":"https:\/\/importadoracristinateran.com\/index.php?rest_route=%2Fwp%2Fv2%2Fproduct_tag&post=673"}],"curies":[{"name":"wp","href":"https:\/\/api.w.org\/{rel}","templated":true}]}}