{"id":689,"date":"2025-03-26T00:05:11","date_gmt":"2025-03-26T00:05:11","guid":{"rendered":"https:\/\/importadoracristinateran.com\/?post_type=product&#038;p=689"},"modified":"2025-05-20T14:42:36","modified_gmt":"2025-05-20T14:42:36","slug":"trocitos-en-salsa-gato-pollo-cerdo","status":"publish","type":"product","link":"https:\/\/importadoracristinateran.com\/?product=trocitos-en-salsa-gato-pollo-cerdo","title":{"rendered":"Trocitos en salsa gato. Pollo Cerdo"},"content":{"rendered":"<p>Alimento h\u00famedo para gato CARNITAS premium con sabor a Pollo &#8211; Cerdo con trocitos en salsa. Alimento delicioso, completo y balanceado para mantener a los gatos; sanos y llenos de energ\u00eda. Beneficios clave: Con Omega 3 y Taurina: Favorece una visi\u00f3n saludable, un coraz\u00f3n fuerte y un pelaje brillante. Vitaminas y Minerales (E, B, A): Refuerza sus defensas naturales, mejora el metabolismo y cuida su piel. Textura y sabor irresistibles: Suaves trocitos ba\u00f1ados en salsa que estimulan su apetito y lo hacen ronronear de gusto. Medidas del producto (Alt+Anch+Prof): 14 x 9,5 x 2 cm MIMMA<\/p>\n","protected":false},"excerpt":{"rendered":"<p>Trocitos en salsa gato. Pollo Cerdo<\/p>\n<p>Fuentes saludables, balance correcto de amino\u00e1cidos esenciales y no esenciales.<\/p>\n<p>Materias primas seleccionadas de acuerdo a las preferencias de gato.<\/p>\n<p><strong>Presentaci\u00f3n.<\/strong><\/p>\n<p>85g<\/p>\n","protected":false},"featured_media":690,"comment_status":"open","ping_status":"closed","template":"","meta":{"_uag_custom_page_level_css":"","site-sidebar-layout":"default","site-content-layout":"","ast-site-content-layout":"default","site-content-style":"default","site-sidebar-style":"default","ast-global-header-display":"","ast-banner-title-visibility":"","ast-main-header-display":"","ast-hfb-above-header-display":"","ast-hfb-below-header-display":"","ast-hfb-mobile-header-display":"","site-post-title":"","ast-breadcrumbs-content":"","ast-featured-img":"","footer-sml-layout":"","theme-transparent-header-meta":"default","adv-header-id-meta":"","stick-header-meta":"","header-above-stick-meta":"","header-main-stick-meta":"","header-below-stick-meta":"","astra-migrate-meta-layouts":"set","ast-page-background-enabled":"default","ast-page-background-meta":{"desktop":{"background-color":"var(--ast-global-color-5)","background-image":"","background-repeat":"repeat","background-position":"center center","background-size":"auto","background-attachment":"scroll","background-type":"","background-media":"","overlay-type":"","overlay-color":"","overlay-opacity":"","overlay-gradient":""},"tablet":{"background-color":"","background-image":"","background-repeat":"repeat","background-position":"center center","background-size":"auto","background-attachment":"scroll","background-type":"","background-media":"","overlay-type":"","overlay-color":"","overlay-opacity":"","overlay-gradient":""},"mobile":{"background-color":"","background-image":"","background-repeat":"repeat","background-position":"center center","background-size":"auto","background-attachment":"scroll","background-type":"","background-media":"","overlay-type":"","overlay-color":"","overlay-opacity":"","overlay-gradient":""}},"ast-content-background-meta":{"desktop":{"background-color":"var(--ast-global-color-4)","background-image":"","background-repeat":"repeat","background-position":"center center","background-size":"auto","background-attachment":"scroll","background-type":"","background-media":"","overlay-type":"","overlay-color":"","overlay-opacity":"","overlay-gradient":""},"tablet":{"background-color":"var(--ast-global-color-4)","background-image":"","background-repeat":"repeat","background-position":"center center","background-size":"auto","background-attachment":"scroll","background-type":"","background-media":"","overlay-type":"","overlay-color":"","overlay-opacity":"","overlay-gradient":""},"mobile":{"background-color":"var(--ast-global-color-4)","background-image":"","background-repeat":"repeat","background-position":"center center","background-size":"auto","background-attachment":"scroll","background-type":"","background-media":"","overlay-type":"","overlay-color":"","overlay-opacity":"","overlay-gradient":""}},"_joinchat":[]},"product_brand":[],"product_cat":[46],"product_tag":[98,99],"class_list":{"0":"post-689","1":"product","2":"type-product","3":"status-publish","4":"has-post-thumbnail","6":"product_cat-labmima","7":"product_tag-bocaditos","8":"product_tag-carnitas","9":"desktop-align-left","10":"tablet-align-left","11":"mobile-align-left","13":"first","14":"instock","15":"shipping-taxable","16":"product-type-external"},"aioseo_notices":[],"uagb_featured_image_src":{"full":["https:\/\/importadoracristinateran.com\/wp-content\/uploads\/2025\/03\/snackpollogatos.jpg",294,368,false],"thumbnail":["https:\/\/importadoracristinateran.com\/wp-content\/uploads\/2025\/03\/snackpollogatos-150x150.jpg",150,150,true],"medium":["https:\/\/importadoracristinateran.com\/wp-content\/uploads\/2025\/03\/snackpollogatos-240x300.jpg",240,300,true],"medium_large":["https:\/\/importadoracristinateran.com\/wp-content\/uploads\/2025\/03\/snackpollogatos.jpg",294,368,false],"large":["https:\/\/importadoracristinateran.com\/wp-content\/uploads\/2025\/03\/snackpollogatos.jpg",294,368,false],"1536x1536":["https:\/\/importadoracristinateran.com\/wp-content\/uploads\/2025\/03\/snackpollogatos.jpg",294,368,false],"2048x2048":["https:\/\/importadoracristinateran.com\/wp-content\/uploads\/2025\/03\/snackpollogatos.jpg",294,368,false],"woocommerce_thumbnail":["https:\/\/importadoracristinateran.com\/wp-content\/uploads\/2025\/03\/snackpollogatos-294x300.jpg",294,300,true],"woocommerce_single":["https:\/\/importadoracristinateran.com\/wp-content\/uploads\/2025\/03\/snackpollogatos.jpg",294,368,false],"woocommerce_gallery_thumbnail":["https:\/\/importadoracristinateran.com\/wp-content\/uploads\/2025\/03\/snackpollogatos-100x100.jpg",100,100,true],"dgwt-wcas-product-suggestion":["https:\/\/importadoracristinateran.com\/wp-content\/uploads\/2025\/03\/snackpollogatos-64x80.jpg",64,80,true]},"uagb_author_info":{"display_name":"mcris.import@gmail.com","author_link":"https:\/\/importadoracristinateran.com\/?author=0"},"uagb_comment_info":0,"uagb_excerpt":"Trocitos en salsa gato. Pollo Cerdo Fuentes saludables, balance correcto de amino\u00e1cidos esenciales y no esenciales. Materias primas seleccionadas de acuerdo a las preferencias de gato. Presentaci\u00f3n. 85g","_links":{"self":[{"href":"https:\/\/importadoracristinateran.com\/index.php?rest_route=\/wp\/v2\/product\/689","targetHints":{"allow":["GET"]}}],"collection":[{"href":"https:\/\/importadoracristinateran.com\/index.php?rest_route=\/wp\/v2\/product"}],"about":[{"href":"https:\/\/importadoracristinateran.com\/index.php?rest_route=\/wp\/v2\/types\/product"}],"replies":[{"embeddable":true,"href":"https:\/\/importadoracristinateran.com\/index.php?rest_route=%2Fwp%2Fv2%2Fcomments&post=689"}],"wp:featuredmedia":[{"embeddable":true,"href":"https:\/\/importadoracristinateran.com\/index.php?rest_route=\/wp\/v2\/media\/690"}],"wp:attachment":[{"href":"https:\/\/importadoracristinateran.com\/index.php?rest_route=%2Fwp%2Fv2%2Fmedia&parent=689"}],"wp:term":[{"taxonomy":"product_brand","embeddable":true,"href":"https:\/\/importadoracristinateran.com\/index.php?rest_route=%2Fwp%2Fv2%2Fproduct_brand&post=689"},{"taxonomy":"product_cat","embeddable":true,"href":"https:\/\/importadoracristinateran.com\/index.php?rest_route=%2Fwp%2Fv2%2Fproduct_cat&post=689"},{"taxonomy":"product_tag","embeddable":true,"href":"https:\/\/importadoracristinateran.com\/index.php?rest_route=%2Fwp%2Fv2%2Fproduct_tag&post=689"}],"curies":[{"name":"wp","href":"https:\/\/api.w.org\/{rel}","templated":true}]}}