{"id":694,"date":"2025-03-26T00:45:05","date_gmt":"2025-03-26T00:45:05","guid":{"rendered":"https:\/\/importadoracristinateran.com\/?post_type=product&#038;p=694"},"modified":"2025-05-10T00:30:43","modified_gmt":"2025-05-10T00:30:43","slug":"alapiel","status":"publish","type":"product","link":"https:\/\/importadoracristinateran.com\/?product=alapiel","title":{"rendered":"Alapiel"},"content":{"rendered":"<h2>Descripci\u00f3n<\/h2>\n<h5>Composici\u00f3n:<\/h5>\n<p>Cada 100 g de\u00a0<strong>ALAPIEL<\/strong>\u00a0crema contiene:<\/p>\n<ul>\n<li>\n<ul>\n<li>Betametasona (valerato) 0,5g<\/li>\n<li>Clotrimazol 1g<\/li>\n<li>Neomicina (sulfato)0,5g<\/li>\n<li>Veh\u00edculo c. s. p. 100g<\/li>\n<\/ul>\n<\/li>\n<\/ul>\n<h5>Propiedades:<\/h5>\n<p><strong>Betametasona<\/strong>: antiinflamatorio esteroidal sint\u00e9tico de segunda generaci\u00f3n. Evita la alergia y el prurito, impide que los animales se automutilen. Neutraliza los signos cardinales de la inflamaci\u00f3n (dolor, calor, rubor, tumefacci\u00f3n y p\u00e9rdida de la funci\u00f3n). Tratamiento de elecci\u00f3n en quemaduras y en lesiones por rayos solares. Mecanismo de acci\u00f3n: Estabiliza membranas, bloquea a la lipooxigenasa y evita la s\u00edntesis de prostaglandinas.<\/p>\n<p><strong>Clotrimazol<\/strong>: antimic\u00f3tico imidazolico de amplio espectro. Mecanismo de acci\u00f3n: se une a la enzima citocromo P450, necesaria para la s\u00edntesis de ergosterol, altera la permeabilidad de pared celular y membranas de los organelos intracelulares, bloquea la capacidad de divisi\u00f3n celular y la formaci\u00f3n de la pared de la c\u00e9lula del hongo. Inhibe la actividad enzim\u00e1tica, acumula esteroles an\u00f3malos y contribuye a la fragilidad y muerte celular. Promueve la p\u00e9rdida de compuestos de F\u00f3sforo, produce la descomposici\u00f3n de los \u00e1cidos nucleicos celulares y causa aceleraci\u00f3n en la salida de Potasio.<\/p>\n<p><strong>Neomicina<\/strong>: Bactericida aminoguc\u00f3sido de amplio espectro. Mecanismo de acci\u00f3n: Entra a la bacteria y se une irreversiblemente a receptores presentes en la subunidad 30S ribosomal. Esta uni\u00f3n interfiere el complejo de iniciaci\u00f3n entre el ARN mensajero (ARNm) y la subunidad 30 S. Debido a la mala interpretaci\u00f3n del ADN bacteriano, se forman prote\u00ednas anormales no funcionales.<\/p>\n<p><strong>Alanto\u00edna<\/strong>: es uno de los excipientes del producto y act\u00faa como regenerador epitelial porque estimula la reparaci\u00f3n de la piel. La alanto\u00edna es un agente queratol\u00edtico suave; disuelve el cemento intercelular que une los corneocitos, destruye los detritos celulares y facilita la penetraci\u00f3n de todos los principios activos. Estimula la proliferaci\u00f3n celular, promueve la regeneraci\u00f3n del epitelio da\u00f1ado y acelera la cicatrizaci\u00f3n de las heridas. Tiene efecto humectante que da elasticidad al tejido resultado de la capacidad para incrementar la retenci\u00f3n de agua en la matriz intercelular y la queratina, suaviza la piel y evita grietas y heridas. Tiene efecto calmante y protector por la capacidad para formar complejos que neutralizan agentes irritantes y sensibilizantes.<\/p>\n<h5>Indicaciones:<\/h5>\n<p>Dermatitis causadas por g\u00e9rmenes sensibles al Clotrimazol y a la Neomicina, tales como Hongos: Trichophyton verrucosum, T. rubrum, Epidermophyton flocosum, Microsporum canis y C\u00e1ndida albicans, Bacterias Gram positivas y Gram negativas: Escherichia coli, Staphylococcus epidermidis, S. aureus, Klebsiella sp, Corynebacterium sp, Escherichia coli, Enterobacter aerogenes, Proteus sp., Streptococcus sp. y Enterococcus faecalis.<\/p>\n<p>Tratamiento de elecci\u00f3n en dermatitis recurrentes causadas por infecciones de dermatofitos, levaduras, mohos y otros hongos. Tambi\u00e9n en eczemas por contacto, at\u00f3pico, seborreico y en dermatitis neur\u00f3genas.<\/p>\n<h5>Dosis y v\u00eda de administraci\u00f3n:<\/h5>\n<p>Aplicar sobre el \u00e1rea afectada una capa generosa de crema 2 a 3 veces al d\u00eda, durante 8 d\u00edas en caso de dermatitis bacterianas y durante 60 d\u00edas en caso de infecciones por hongos, con el objetivo de lograr una completa recuperaci\u00f3n y sin repetici\u00f3n de la enfermedad.<\/p>\n<h5>Presentaci\u00f3n:<\/h5>\n<p>Tubo colapsible de 35 gramos.<\/p>\n<h5>Reg ICA:<\/h5>\n<p>8738-MV<\/p>\n<h5>Uso en:<\/h5>\n<p>Bovinos, Caninos, Equinos, Gatos, Ovinos y Porcinos.<\/p>\n<p>&nbsp;<\/p>\n<hr \/>\n<p><em>*La informaci\u00f3n sobre este producto es de car\u00e1cter informativo, para su uso consultar con su m\u00e9dico veterinario.\u00a0<\/em><\/p>\n","protected":false},"excerpt":{"rendered":"<h5>Composici\u00f3n:<\/h5>\n<p>Cada 100 g de\u00a0<strong>ALAPIEL<\/strong>\u00a0crema contiene:<\/p>\n<ul>\n<li>\n<ul>\n<li>Betametasona (valerato) 0,5g<\/li>\n<li>Clotrimazol 1g<\/li>\n<li>Neomicina (sulfato)0,5g<\/li>\n<li>Veh\u00edculo c. s. p. 100g<\/li>\n<\/ul>\n<\/li>\n<\/ul>\n<h5>Propiedades:<\/h5>\n<p><strong>Betametasona<\/strong>: antiinflamatorio esteroidal sint\u00e9tico de segunda generaci\u00f3n. Evita la alergia y el prurito, impide que los animales se automutilen. Neutraliza los signos cardinales de la inflamaci\u00f3n (dolor, calor, rubor, tumefacci\u00f3n y p\u00e9rdida de la funci\u00f3n). Tratamiento de elecci\u00f3n en quemaduras y en lesiones por rayos solares. Mecanismo de acci\u00f3n: Estabiliza membranas, bloquea a la lipooxigenasa y evita la s\u00edntesis de prostaglandinas.<\/p>\n","protected":false},"featured_media":695,"comment_status":"open","ping_status":"closed","template":"","meta":{"_uag_custom_page_level_css":"","site-sidebar-layout":"default","site-content-layout":"","ast-site-content-layout":"default","site-content-style":"default","site-sidebar-style":"default","ast-global-header-display":"","ast-banner-title-visibility":"","ast-main-header-display":"","ast-hfb-above-header-display":"","ast-hfb-below-header-display":"","ast-hfb-mobile-header-display":"","site-post-title":"","ast-breadcrumbs-content":"","ast-featured-img":"","footer-sml-layout":"","theme-transparent-header-meta":"default","adv-header-id-meta":"","stick-header-meta":"","header-above-stick-meta":"","header-main-stick-meta":"","header-below-stick-meta":"","astra-migrate-meta-layouts":"set","ast-page-background-enabled":"default","ast-page-background-meta":{"desktop":{"background-color":"var(--ast-global-color-5)","background-image":"","background-repeat":"repeat","background-position":"center center","background-size":"auto","background-attachment":"scroll","background-type":"","background-media":"","overlay-type":"","overlay-color":"","overlay-opacity":"","overlay-gradient":""},"tablet":{"background-color":"","background-image":"","background-repeat":"repeat","background-position":"center center","background-size":"auto","background-attachment":"scroll","background-type":"","background-media":"","overlay-type":"","overlay-color":"","overlay-opacity":"","overlay-gradient":""},"mobile":{"background-color":"","background-image":"","background-repeat":"repeat","background-position":"center center","background-size":"auto","background-attachment":"scroll","background-type":"","background-media":"","overlay-type":"","overlay-color":"","overlay-opacity":"","overlay-gradient":""}},"ast-content-background-meta":{"desktop":{"background-color":"var(--ast-global-color-4)","background-image":"","background-repeat":"repeat","background-position":"center center","background-size":"auto","background-attachment":"scroll","background-type":"","background-media":"","overlay-type":"","overlay-color":"","overlay-opacity":"","overlay-gradient":""},"tablet":{"background-color":"var(--ast-global-color-4)","background-image":"","background-repeat":"repeat","background-position":"center center","background-size":"auto","background-attachment":"scroll","background-type":"","background-media":"","overlay-type":"","overlay-color":"","overlay-opacity":"","overlay-gradient":""},"mobile":{"background-color":"var(--ast-global-color-4)","background-image":"","background-repeat":"repeat","background-position":"center center","background-size":"auto","background-attachment":"scroll","background-type":"","background-media":"","overlay-type":"","overlay-color":"","overlay-opacity":"","overlay-gradient":""}},"_joinchat":[]},"product_brand":[],"product_cat":[51],"product_tag":[],"class_list":{"0":"post-694","1":"product","2":"type-product","3":"status-publish","4":"has-post-thumbnail","6":"product_cat-labermasa","7":"desktop-align-left","8":"tablet-align-left","9":"mobile-align-left","11":"first","12":"instock","13":"shipping-taxable","14":"product-type-external"},"aioseo_notices":[],"uagb_featured_image_src":{"full":["https:\/\/importadoracristinateran.com\/wp-content\/uploads\/2025\/03\/alapiel.jpg",1080,1080,false],"thumbnail":["https:\/\/importadoracristinateran.com\/wp-content\/uploads\/2025\/03\/alapiel-150x150.jpg",150,150,true],"medium":["https:\/\/importadoracristinateran.com\/wp-content\/uploads\/2025\/03\/alapiel-300x300.jpg",300,300,true],"medium_large":["https:\/\/importadoracristinateran.com\/wp-content\/uploads\/2025\/03\/alapiel-768x768.jpg",768,768,true],"large":["https:\/\/importadoracristinateran.com\/wp-content\/uploads\/2025\/03\/alapiel-1024x1024.jpg",1024,1024,true],"1536x1536":["https:\/\/importadoracristinateran.com\/wp-content\/uploads\/2025\/03\/alapiel.jpg",1080,1080,false],"2048x2048":["https:\/\/importadoracristinateran.com\/wp-content\/uploads\/2025\/03\/alapiel.jpg",1080,1080,false],"woocommerce_thumbnail":["https:\/\/importadoracristinateran.com\/wp-content\/uploads\/2025\/03\/alapiel-300x300.jpg",300,300,true],"woocommerce_single":["https:\/\/importadoracristinateran.com\/wp-content\/uploads\/2025\/03\/alapiel-600x600.jpg",600,600,true],"woocommerce_gallery_thumbnail":["https:\/\/importadoracristinateran.com\/wp-content\/uploads\/2025\/03\/alapiel-100x100.jpg",100,100,true],"dgwt-wcas-product-suggestion":["https:\/\/importadoracristinateran.com\/wp-content\/uploads\/2025\/03\/alapiel-64x64.jpg",64,64,true]},"uagb_author_info":{"display_name":"mcris.import@gmail.com","author_link":"https:\/\/importadoracristinateran.com\/?author=0"},"uagb_comment_info":0,"uagb_excerpt":"Composici\u00f3n: Cada 100 g de\u00a0ALAPIEL\u00a0crema contiene: Betametasona (valerato) 0,5g Clotrimazol 1g Neomicina (sulfato)0,5g Veh\u00edculo c. s. p. 100g Propiedades: Betametasona: antiinflamatorio esteroidal sint\u00e9tico de segunda generaci\u00f3n. Evita la alergia y el prurito, impide que los animales se automutilen. Neutraliza los signos cardinales de la inflamaci\u00f3n (dolor, calor, rubor, tumefacci\u00f3n y p\u00e9rdida de la funci\u00f3n). Tratamiento&hellip;","_links":{"self":[{"href":"https:\/\/importadoracristinateran.com\/index.php?rest_route=\/wp\/v2\/product\/694","targetHints":{"allow":["GET"]}}],"collection":[{"href":"https:\/\/importadoracristinateran.com\/index.php?rest_route=\/wp\/v2\/product"}],"about":[{"href":"https:\/\/importadoracristinateran.com\/index.php?rest_route=\/wp\/v2\/types\/product"}],"replies":[{"embeddable":true,"href":"https:\/\/importadoracristinateran.com\/index.php?rest_route=%2Fwp%2Fv2%2Fcomments&post=694"}],"wp:featuredmedia":[{"embeddable":true,"href":"https:\/\/importadoracristinateran.com\/index.php?rest_route=\/wp\/v2\/media\/695"}],"wp:attachment":[{"href":"https:\/\/importadoracristinateran.com\/index.php?rest_route=%2Fwp%2Fv2%2Fmedia&parent=694"}],"wp:term":[{"taxonomy":"product_brand","embeddable":true,"href":"https:\/\/importadoracristinateran.com\/index.php?rest_route=%2Fwp%2Fv2%2Fproduct_brand&post=694"},{"taxonomy":"product_cat","embeddable":true,"href":"https:\/\/importadoracristinateran.com\/index.php?rest_route=%2Fwp%2Fv2%2Fproduct_cat&post=694"},{"taxonomy":"product_tag","embeddable":true,"href":"https:\/\/importadoracristinateran.com\/index.php?rest_route=%2Fwp%2Fv2%2Fproduct_tag&post=694"}],"curies":[{"name":"wp","href":"https:\/\/api.w.org\/{rel}","templated":true}]}}