{"id":696,"date":"2025-03-26T00:51:34","date_gmt":"2025-03-26T00:51:34","guid":{"rendered":"https:\/\/importadoracristinateran.com\/?post_type=product&#038;p=696"},"modified":"2025-10-08T20:18:36","modified_gmt":"2025-10-08T20:18:36","slug":"696","status":"publish","type":"product","link":"https:\/\/importadoracristinateran.com\/?product=696","title":{"rendered":"Atropina 10ml"},"content":{"rendered":"<h2>Descripci\u00f3n<\/h2>\n<h5>Composici\u00f3n:<\/h5>\n<p>Cada mL de ATROPINA-Erma\u00ae contiene: Atropina sulfato 1mg<\/p>\n<h5>Propiedades:<\/h5>\n<p><strong>Anticolin\u00e9rgico:<\/strong>\u00a0Reduce o anula los efectos de la Acetil Colina por inhibici\u00f3n competitiva antimuscar\u00ednica. Los receptores muscar\u00ednicos se encuentran principalmente en: m\u00fasculo liso, gl\u00e1ndulas, coraz\u00f3n, pulm\u00f3n y sistema nervioso central (SNC).<\/p>\n<p><strong>Preantest\u00e9sico:<\/strong>\u00a0disminuye el peristaltismo gastrointestinal generado por los reflejos vagales por la manipulaci\u00f3n del intestino; mantiene estable la funci\u00f3n card\u00edaca y disminuye las secreciones bronquiales y salivales. Evita la broncoconstricci\u00f3n inducida por anest\u00e9sicos generales inhalados.<\/p>\n<p><strong>Cardiovascular:<\/strong>\u00a0Mantiene la frecuencia card\u00edaca y la presi\u00f3n arterial durante la anestesia cuando la estimulaci\u00f3n vagal por la manipulaci\u00f3n quir\u00fargica causa disminuci\u00f3n en la frecuencia de pulso y de la actividad card\u00edaca. Evita el s\u00edncope vagal y la bradicardia grave.<\/p>\n<p><strong>Genitourinario:<\/strong>\u00a0Relaja la musculatura lisa uretral.<\/p>\n<p><strong>Ant\u00eddoto:<\/strong>\u00a0En intoxicaciones con agonistas colin\u00e9rgicos \u2013 inhibidores de la acetil colinesterasa conocidos como anticolinesterasas, tales como organofosforados, carbamatos y muscarina. Bloquea los receptores de acetil colina para evitar las convulsiones, evita la bradicardia y disminuye las secreciones bronquiales y salivales que impiden el intercambio de Oxigeno por gas carb\u00f3nico (la respiraci\u00f3n). Disminuye el peristaltismo gastrointestinal y la diarrea.<\/p>\n<p><strong>Oftalmolog\u00eda:<\/strong>\u00a0Dilata la pupila (midri\u00e1tico) por par\u00e1lisis del esf\u00ednter del iris inervado por fibras colin\u00e9rgicas del nervio motor ocular com\u00fan. \u00datil para examen de las estructuras oculares internas \u2013 fondo del ojo.<\/p>\n<h5>Indicaciones:<\/h5>\n<p>Parasimpaticol\u00edtico, antimuscar\u00ednico y anticolin\u00e9rgico.<\/p>\n<h5>Dosis y V\u00edas de Administraci\u00f3n:<\/h5>\n<p>BOVINOS, EQUINOS, OVINOS, PORCINOS, CANINOS Y GATOS<\/p>\n<p>Como preanest\u00e9sico 0,044 mg\/kg es decir : 1,1 mL por cada 25 kilos de peso vivo. Como ant\u00eddoto en intoxicaciones 0,2 mg\/kg de peso vivo (1\/4 de la dosis v\u00eda IV y 3\/4 v\u00eda IM o SC).<\/p>\n<table width=\"694\">\n<tbody>\n<tr>\n<td width=\"112\">ESPECIE<\/td>\n<td width=\"112\">EJEMPLO DE PESO<\/td>\n<td width=\"112\">DOSIS COMO PREANEST\u00c9SICO<\/td>\n<td width=\"112\">DOSIS COMO ANT\u00cdDOTO POR INTOXICACI\u00d3N<\/td>\n<\/tr>\n<tr>\n<td width=\"112\">BOVINO<\/td>\n<td width=\"112\">100 KILOS<\/td>\n<td width=\"112\">4,4 mL<\/td>\n<td width=\"112\">25 mL<\/td>\n<\/tr>\n<tr>\n<td width=\"112\">OVINOS Y CAPRINOS<\/td>\n<td width=\"112\">20 KILOS<\/td>\n<td width=\"112\">0,8 mL<\/td>\n<td width=\"112\">5 mL<\/td>\n<\/tr>\n<tr>\n<td width=\"112\">CANINOS Y GATOS<\/td>\n<td width=\"112\">10 KILOS<\/td>\n<td width=\"112\">0,4 mL<\/td>\n<td width=\"112\">2,5 mL<\/td>\n<\/tr>\n<\/tbody>\n<\/table>\n<h5>Contraindicaciones y Precauciones:<\/h5>\n<p>No utilizar en animales con glaucoma debido a que bloquea el drenaje de los l\u00edquidos oculares por el conducto de Schlemm y causa aumento en la presi\u00f3n intraocular. Ante la necesidad inminente, usar con toda precauci\u00f3n en equinos por el riesgo de \u00edleo paral\u00edtico. Usar con precauci\u00f3n en pacientes geri\u00e1tricos.<\/p>\n<p><strong>EFECTOS SECUNDARIOS:<\/strong>\u00a0Sequedad de la boca, garganta, disfagia (dificultad para tragar), estre\u00f1imiento, taquicardia, fotofobia, problemas visuales, depresi\u00f3n, par\u00e1lisis, broncodilataci\u00f3n, excitaci\u00f3n, convulsiones y aumento de la presi\u00f3n arterial.<\/p>\n<h5>Presentaci\u00f3n:<\/h5>\n<p>Frasco de 10 mL y frasco de 50 mL.<\/p>\n<h5>Reg ICA:<\/h5>\n<p>2017 D.B.<\/p>\n<h5>Uso en:<\/h5>\n<p>Bovinos, Caninos, Gatos, Ovinos y Porcinos<\/p>\n<p>&nbsp;<\/p>\n<hr \/>\n<p><em>*La informaci\u00f3n sobre este producto es de car\u00e1cter informativo, para su uso consultar con su m\u00e9dico veterinario.\u00a0<\/em><\/p>\n","protected":false},"excerpt":{"rendered":"<h5>Composici\u00f3n:<\/h5>\n<p>Cada mL de ATROPINA-Erma\u00ae contiene: Atropina sulfato 1mg<\/p>\n<h5>Propiedades:<\/h5>\n<p><strong>Anticolin\u00e9rgico:<\/strong>\u00a0Reduce o anula los efectos de la Acetil Colina por inhibici\u00f3n competitiva antimuscar\u00ednica. Los receptores muscar\u00ednicos se encuentran principalmente en: m\u00fasculo liso, gl\u00e1ndulas, coraz\u00f3n, pulm\u00f3n y sistema nervioso central (SNC).<\/p>\n<p><strong>Preantest\u00e9sico:<\/strong>\u00a0disminuye el peristaltismo gastrointestinal generado por los reflejos vagales por la manipulaci\u00f3n del intestino; mantiene estable la funci\u00f3n card\u00edaca y disminuye las secreciones bronquiales y salivales. Evita la broncoconstricci\u00f3n inducida por anest\u00e9sicos generales inhalados.<\/p>\n","protected":false},"featured_media":697,"comment_status":"open","ping_status":"closed","template":"","meta":{"_uag_custom_page_level_css":"","site-sidebar-layout":"default","site-content-layout":"","ast-site-content-layout":"default","site-content-style":"default","site-sidebar-style":"default","ast-global-header-display":"","ast-banner-title-visibility":"","ast-main-header-display":"","ast-hfb-above-header-display":"","ast-hfb-below-header-display":"","ast-hfb-mobile-header-display":"","site-post-title":"","ast-breadcrumbs-content":"","ast-featured-img":"","footer-sml-layout":"","theme-transparent-header-meta":"default","adv-header-id-meta":"","stick-header-meta":"","header-above-stick-meta":"","header-main-stick-meta":"","header-below-stick-meta":"","astra-migrate-meta-layouts":"set","ast-page-background-enabled":"default","ast-page-background-meta":{"desktop":{"background-color":"var(--ast-global-color-5)","background-image":"","background-repeat":"repeat","background-position":"center center","background-size":"auto","background-attachment":"scroll","background-type":"","background-media":"","overlay-type":"","overlay-color":"","overlay-opacity":"","overlay-gradient":""},"tablet":{"background-color":"","background-image":"","background-repeat":"repeat","background-position":"center center","background-size":"auto","background-attachment":"scroll","background-type":"","background-media":"","overlay-type":"","overlay-color":"","overlay-opacity":"","overlay-gradient":""},"mobile":{"background-color":"","background-image":"","background-repeat":"repeat","background-position":"center center","background-size":"auto","background-attachment":"scroll","background-type":"","background-media":"","overlay-type":"","overlay-color":"","overlay-opacity":"","overlay-gradient":""}},"ast-content-background-meta":{"desktop":{"background-color":"var(--ast-global-color-4)","background-image":"","background-repeat":"repeat","background-position":"center center","background-size":"auto","background-attachment":"scroll","background-type":"","background-media":"","overlay-type":"","overlay-color":"","overlay-opacity":"","overlay-gradient":""},"tablet":{"background-color":"var(--ast-global-color-4)","background-image":"","background-repeat":"repeat","background-position":"center center","background-size":"auto","background-attachment":"scroll","background-type":"","background-media":"","overlay-type":"","overlay-color":"","overlay-opacity":"","overlay-gradient":""},"mobile":{"background-color":"var(--ast-global-color-4)","background-image":"","background-repeat":"repeat","background-position":"center center","background-size":"auto","background-attachment":"scroll","background-type":"","background-media":"","overlay-type":"","overlay-color":"","overlay-opacity":"","overlay-gradient":""}},"_joinchat":[]},"product_brand":[],"product_cat":[51],"product_tag":[],"class_list":{"0":"post-696","1":"product","2":"type-product","3":"status-publish","4":"has-post-thumbnail","6":"product_cat-labermasa","7":"desktop-align-left","8":"tablet-align-left","9":"mobile-align-left","11":"first","12":"instock","13":"shipping-taxable","14":"product-type-external"},"aioseo_notices":[],"uagb_featured_image_src":{"full":["https:\/\/importadoracristinateran.com\/wp-content\/uploads\/2025\/03\/P-Web-Atropina-10.jpg",1080,1080,false],"thumbnail":["https:\/\/importadoracristinateran.com\/wp-content\/uploads\/2025\/03\/P-Web-Atropina-10-150x150.jpg",150,150,true],"medium":["https:\/\/importadoracristinateran.com\/wp-content\/uploads\/2025\/03\/P-Web-Atropina-10-300x300.jpg",300,300,true],"medium_large":["https:\/\/importadoracristinateran.com\/wp-content\/uploads\/2025\/03\/P-Web-Atropina-10-768x768.jpg",768,768,true],"large":["https:\/\/importadoracristinateran.com\/wp-content\/uploads\/2025\/03\/P-Web-Atropina-10-1024x1024.jpg",1024,1024,true],"1536x1536":["https:\/\/importadoracristinateran.com\/wp-content\/uploads\/2025\/03\/P-Web-Atropina-10.jpg",1080,1080,false],"2048x2048":["https:\/\/importadoracristinateran.com\/wp-content\/uploads\/2025\/03\/P-Web-Atropina-10.jpg",1080,1080,false],"woocommerce_thumbnail":["https:\/\/importadoracristinateran.com\/wp-content\/uploads\/2025\/03\/P-Web-Atropina-10-300x300.jpg",300,300,true],"woocommerce_single":["https:\/\/importadoracristinateran.com\/wp-content\/uploads\/2025\/03\/P-Web-Atropina-10-600x600.jpg",600,600,true],"woocommerce_gallery_thumbnail":["https:\/\/importadoracristinateran.com\/wp-content\/uploads\/2025\/03\/P-Web-Atropina-10-100x100.jpg",100,100,true],"dgwt-wcas-product-suggestion":["https:\/\/importadoracristinateran.com\/wp-content\/uploads\/2025\/03\/P-Web-Atropina-10-64x64.jpg",64,64,true]},"uagb_author_info":{"display_name":"mcris.import@gmail.com","author_link":"https:\/\/importadoracristinateran.com\/?author=0"},"uagb_comment_info":0,"uagb_excerpt":"Composici\u00f3n: Cada mL de ATROPINA-Erma\u00ae contiene: Atropina sulfato 1mg Propiedades: Anticolin\u00e9rgico:\u00a0Reduce o anula los efectos de la Acetil Colina por inhibici\u00f3n competitiva antimuscar\u00ednica. Los receptores muscar\u00ednicos se encuentran principalmente en: m\u00fasculo liso, gl\u00e1ndulas, coraz\u00f3n, pulm\u00f3n y sistema nervioso central (SNC). Preantest\u00e9sico:\u00a0disminuye el peristaltismo gastrointestinal generado por los reflejos vagales por la manipulaci\u00f3n del intestino; mantiene&hellip;","_links":{"self":[{"href":"https:\/\/importadoracristinateran.com\/index.php?rest_route=\/wp\/v2\/product\/696","targetHints":{"allow":["GET"]}}],"collection":[{"href":"https:\/\/importadoracristinateran.com\/index.php?rest_route=\/wp\/v2\/product"}],"about":[{"href":"https:\/\/importadoracristinateran.com\/index.php?rest_route=\/wp\/v2\/types\/product"}],"replies":[{"embeddable":true,"href":"https:\/\/importadoracristinateran.com\/index.php?rest_route=%2Fwp%2Fv2%2Fcomments&post=696"}],"wp:featuredmedia":[{"embeddable":true,"href":"https:\/\/importadoracristinateran.com\/index.php?rest_route=\/wp\/v2\/media\/697"}],"wp:attachment":[{"href":"https:\/\/importadoracristinateran.com\/index.php?rest_route=%2Fwp%2Fv2%2Fmedia&parent=696"}],"wp:term":[{"taxonomy":"product_brand","embeddable":true,"href":"https:\/\/importadoracristinateran.com\/index.php?rest_route=%2Fwp%2Fv2%2Fproduct_brand&post=696"},{"taxonomy":"product_cat","embeddable":true,"href":"https:\/\/importadoracristinateran.com\/index.php?rest_route=%2Fwp%2Fv2%2Fproduct_cat&post=696"},{"taxonomy":"product_tag","embeddable":true,"href":"https:\/\/importadoracristinateran.com\/index.php?rest_route=%2Fwp%2Fv2%2Fproduct_tag&post=696"}],"curies":[{"name":"wp","href":"https:\/\/api.w.org\/{rel}","templated":true}]}}