{"id":700,"date":"2025-03-26T01:06:11","date_gmt":"2025-03-26T01:06:11","guid":{"rendered":"https:\/\/importadoracristinateran.com\/?post_type=product&#038;p=700"},"modified":"2025-10-08T21:48:18","modified_gmt":"2025-10-08T21:48:18","slug":"dextromin-b-500ml","status":"publish","type":"product","link":"https:\/\/importadoracristinateran.com\/?product=dextromin-b-500ml","title":{"rendered":"Dextromin B 500ML"},"content":{"rendered":"<h2>Descripci\u00f3n<\/h2>\n<h5>Composici\u00f3n:<\/h5>\n<p>Cada 100 ml. contienen: Sodio acetato, 125 mg.; Sodio cloruro, 125 mg.; Calcio Cloruro, 20 mg.; Potasio cloruro 25 mg.; Magnesio sulfato 20 mg.; Dextrosa, 5g. Tiamina clorhidrato, 6 mg.; Riboflavina 5, Fosfato de sodio, 7mg.; Cianocobalamina 5 mcg.; piridoxina clorhidrato, 10 mg.; Sodio pantetonato, 5mg.; Niacinamida, 100 mg.; Glutamato monos\u00f3dico, 5mg. L- Metionina, 3,5 mg.; L-Tript\u00f3fano, 3.0 mg.; L-Treonina 4,5 mg., L-Isoleucina, 5 mg.; L-Fenilalanina, 6.5 mg.; L-lisina, 10 mg.; L-Valina, 7.5 mg.; L-leucina, 12 mg.; L-histidina, 7 mg.; preservativos y agua Destilada, c.s.<\/p>\n<h5>Propiedades:<\/h5>\n<p>Reactiva el metabolismo celular y contribuye en la recuperaci\u00f3n de la anemia. Coadyuvante en el tratamiento y recuperaci\u00f3n de anaplasmosis y babesiosis. Terapia de glucosa y de hidrataci\u00f3n, en donde se necesita recuperar tejidos y equilibrar la energ\u00eda muscular, en casos de animales cansados, enfermos o en shock. Estimula de la formaci\u00f3n de anticuerpos y controla la formaci\u00f3n de radicales libres.<\/p>\n<p>DEXTROMIN B es \u00fatil en estados pre y postoperatorios, anorexia, quemaduras, aclimataci\u00f3n del ganado, diarrea, inanici\u00f3n, convalecencia de enfermedades infecciosas agudas y cr\u00f3nicas, p\u00e9rdida del apetito o imposibilidad para comer.<\/p>\n<h5>Indicaciones:<\/h5>\n<p>Acetonemia, hipoglicemia, coadyuvante en el tratamiento de enfermedades infecciosas, parasitarias y en procesos que ocasionan deshidrataci\u00f3n.<\/p>\n<h5>Dosis y v\u00eda de Administraci\u00f3n:<\/h5>\n<p>Intravenosa.<\/p>\n<h5>DOSIS:<\/h5>\n<p><strong>Bovinos y equinos:<\/strong><br \/>\n1000 mL por cada 100Kg de peso (equivalente a 10 mL\/Kg).<br \/>\nAplicar m\u00ednimo 2.000 mL diarios por animal.<\/p>\n<p><strong>Terneros y potros:<\/strong><br \/>\n1000 mL por cada 100 Kg de peso (equivalente a 10 mL\/kg).<\/p>\n<p><strong>Perros<\/strong>:<br \/>\n200 mL por cada 10 kg de peso (equivalente a 20 mL\/Kg).<\/p>\n<p>En casos graves el tratamiento debe realizarse diariamente durante 5 d\u00edas seguidoscomo m\u00ednimo.<\/p>\n<p>El volumen diario puede aumentarse de acuerdo al criterio del m\u00e9dico veterinario. Hacer el tratamiento durante 5 d\u00edas seguidos y prolongarse de acuerdo al requerimiento del animal y al criterio del m\u00e9dico veterinario.<\/p>\n<h5>Presentaci\u00f3n:<\/h5>\n<p>Bolsa x 500 mL, caja x 6 bolsas x 500 mL. Bolsa x 1 L.<\/p>\n<h5>Reg ICA:<\/h5>\n<p>1702 DB<\/p>\n<h5>Uso en:<\/h5>\n<p>Bovinos, Caninos y Equinos<\/p>\n<hr \/>\n<p><em>*La informaci\u00f3n sobre este producto es de car\u00e1cter informativo, para su uso consultar con su m\u00e9dico veterinario.\u00a0<\/em><\/p>\n","protected":false},"excerpt":{"rendered":"<h5>Composici\u00f3n:<\/h5>\n<p>Cada 100 ml. contienen: Sodio acetato, 125 mg.; Sodio cloruro, 125 mg.; Calcio Cloruro, 20 mg.; Potasio cloruro 25 mg.; Magnesio sulfato 20 mg.; Dextrosa, 5g. Tiamina clorhidrato, 6 mg.; Riboflavina 5, Fosfato de sodio, 7mg.; Cianocobalamina 5 mcg.; piridoxina clorhidrato, 10 mg.; Sodio pantetonato, 5mg.; Niacinamida, 100 mg.; Glutamato monos\u00f3dico, 5mg. L- Metionina, 3,5 mg.; L-Tript\u00f3fano, 3.0 mg.; L-Treonina 4,5 mg., L-Isoleucina, 5 mg.; L-Fenilalanina, 6.5 mg.; L-lisina, 10 mg.; L-Valina, 7.5 mg.; L-leucina, 12 mg.; L-histidina, 7 mg.; preservativos y agua Destilada, c.s.<\/p>\n","protected":false},"featured_media":701,"comment_status":"open","ping_status":"closed","template":"","meta":{"_uag_custom_page_level_css":"","site-sidebar-layout":"default","site-content-layout":"","ast-site-content-layout":"default","site-content-style":"default","site-sidebar-style":"default","ast-global-header-display":"","ast-banner-title-visibility":"","ast-main-header-display":"","ast-hfb-above-header-display":"","ast-hfb-below-header-display":"","ast-hfb-mobile-header-display":"","site-post-title":"","ast-breadcrumbs-content":"","ast-featured-img":"","footer-sml-layout":"","theme-transparent-header-meta":"default","adv-header-id-meta":"","stick-header-meta":"","header-above-stick-meta":"","header-main-stick-meta":"","header-below-stick-meta":"","astra-migrate-meta-layouts":"set","ast-page-background-enabled":"default","ast-page-background-meta":{"desktop":{"background-color":"var(--ast-global-color-5)","background-image":"","background-repeat":"repeat","background-position":"center center","background-size":"auto","background-attachment":"scroll","background-type":"","background-media":"","overlay-type":"","overlay-color":"","overlay-opacity":"","overlay-gradient":""},"tablet":{"background-color":"","background-image":"","background-repeat":"repeat","background-position":"center center","background-size":"auto","background-attachment":"scroll","background-type":"","background-media":"","overlay-type":"","overlay-color":"","overlay-opacity":"","overlay-gradient":""},"mobile":{"background-color":"","background-image":"","background-repeat":"repeat","background-position":"center center","background-size":"auto","background-attachment":"scroll","background-type":"","background-media":"","overlay-type":"","overlay-color":"","overlay-opacity":"","overlay-gradient":""}},"ast-content-background-meta":{"desktop":{"background-color":"var(--ast-global-color-4)","background-image":"","background-repeat":"repeat","background-position":"center center","background-size":"auto","background-attachment":"scroll","background-type":"","background-media":"","overlay-type":"","overlay-color":"","overlay-opacity":"","overlay-gradient":""},"tablet":{"background-color":"var(--ast-global-color-4)","background-image":"","background-repeat":"repeat","background-position":"center center","background-size":"auto","background-attachment":"scroll","background-type":"","background-media":"","overlay-type":"","overlay-color":"","overlay-opacity":"","overlay-gradient":""},"mobile":{"background-color":"var(--ast-global-color-4)","background-image":"","background-repeat":"repeat","background-position":"center center","background-size":"auto","background-attachment":"scroll","background-type":"","background-media":"","overlay-type":"","overlay-color":"","overlay-opacity":"","overlay-gradient":""}},"_joinchat":[]},"product_brand":[],"product_cat":[51],"product_tag":[],"class_list":{"0":"post-700","1":"product","2":"type-product","3":"status-publish","4":"has-post-thumbnail","6":"product_cat-labermasa","7":"desktop-align-left","8":"tablet-align-left","9":"mobile-align-left","11":"first","12":"instock","13":"shipping-taxable","14":"product-type-external"},"aioseo_notices":[],"uagb_featured_image_src":{"full":["https:\/\/importadoracristinateran.com\/wp-content\/uploads\/2025\/03\/P-Web-DextrominB-500.jpg",1080,1080,false],"thumbnail":["https:\/\/importadoracristinateran.com\/wp-content\/uploads\/2025\/03\/P-Web-DextrominB-500-150x150.jpg",150,150,true],"medium":["https:\/\/importadoracristinateran.com\/wp-content\/uploads\/2025\/03\/P-Web-DextrominB-500-300x300.jpg",300,300,true],"medium_large":["https:\/\/importadoracristinateran.com\/wp-content\/uploads\/2025\/03\/P-Web-DextrominB-500-768x768.jpg",768,768,true],"large":["https:\/\/importadoracristinateran.com\/wp-content\/uploads\/2025\/03\/P-Web-DextrominB-500-1024x1024.jpg",1024,1024,true],"1536x1536":["https:\/\/importadoracristinateran.com\/wp-content\/uploads\/2025\/03\/P-Web-DextrominB-500.jpg",1080,1080,false],"2048x2048":["https:\/\/importadoracristinateran.com\/wp-content\/uploads\/2025\/03\/P-Web-DextrominB-500.jpg",1080,1080,false],"woocommerce_thumbnail":["https:\/\/importadoracristinateran.com\/wp-content\/uploads\/2025\/03\/P-Web-DextrominB-500-300x300.jpg",300,300,true],"woocommerce_single":["https:\/\/importadoracristinateran.com\/wp-content\/uploads\/2025\/03\/P-Web-DextrominB-500-600x600.jpg",600,600,true],"woocommerce_gallery_thumbnail":["https:\/\/importadoracristinateran.com\/wp-content\/uploads\/2025\/03\/P-Web-DextrominB-500-100x100.jpg",100,100,true],"dgwt-wcas-product-suggestion":["https:\/\/importadoracristinateran.com\/wp-content\/uploads\/2025\/03\/P-Web-DextrominB-500-64x64.jpg",64,64,true]},"uagb_author_info":{"display_name":"mcris.import@gmail.com","author_link":"https:\/\/importadoracristinateran.com\/?author=0"},"uagb_comment_info":0,"uagb_excerpt":"Composici\u00f3n: Cada 100 ml. contienen: Sodio acetato, 125 mg.; Sodio cloruro, 125 mg.; Calcio Cloruro, 20 mg.; Potasio cloruro 25 mg.; Magnesio sulfato 20 mg.; Dextrosa, 5g. Tiamina clorhidrato, 6 mg.; Riboflavina 5, Fosfato de sodio, 7mg.; Cianocobalamina 5 mcg.; piridoxina clorhidrato, 10 mg.; Sodio pantetonato, 5mg.; Niacinamida, 100 mg.; Glutamato monos\u00f3dico, 5mg. L- Metionina,&hellip;","_links":{"self":[{"href":"https:\/\/importadoracristinateran.com\/index.php?rest_route=\/wp\/v2\/product\/700","targetHints":{"allow":["GET"]}}],"collection":[{"href":"https:\/\/importadoracristinateran.com\/index.php?rest_route=\/wp\/v2\/product"}],"about":[{"href":"https:\/\/importadoracristinateran.com\/index.php?rest_route=\/wp\/v2\/types\/product"}],"replies":[{"embeddable":true,"href":"https:\/\/importadoracristinateran.com\/index.php?rest_route=%2Fwp%2Fv2%2Fcomments&post=700"}],"wp:featuredmedia":[{"embeddable":true,"href":"https:\/\/importadoracristinateran.com\/index.php?rest_route=\/wp\/v2\/media\/701"}],"wp:attachment":[{"href":"https:\/\/importadoracristinateran.com\/index.php?rest_route=%2Fwp%2Fv2%2Fmedia&parent=700"}],"wp:term":[{"taxonomy":"product_brand","embeddable":true,"href":"https:\/\/importadoracristinateran.com\/index.php?rest_route=%2Fwp%2Fv2%2Fproduct_brand&post=700"},{"taxonomy":"product_cat","embeddable":true,"href":"https:\/\/importadoracristinateran.com\/index.php?rest_route=%2Fwp%2Fv2%2Fproduct_cat&post=700"},{"taxonomy":"product_tag","embeddable":true,"href":"https:\/\/importadoracristinateran.com\/index.php?rest_route=%2Fwp%2Fv2%2Fproduct_tag&post=700"}],"curies":[{"name":"wp","href":"https:\/\/api.w.org\/{rel}","templated":true}]}}